{"id":984,"date":"2022-02-02T13:14:12","date_gmt":"2022-02-02T12:14:12","guid":{"rendered":"https:\/\/naturyoga.com\/?post_type=product&#038;p=984"},"modified":"2026-03-29T21:36:08","modified_gmt":"2026-03-29T19:36:08","slug":"silla-de-yoga-iyengar","status":"publish","type":"product","link":"https:\/\/naturyoga.com\/en\/product\/silla-de-yoga-iyengar\/","title":{"rendered":"Yoga chair"},"content":{"rendered":"<p data-start=\"1798\" data-end=\"2083\">Descubre la silla de yoga, un accesorio indispensable en el<strong> Iyengar Yoga<\/strong> y en pr\u00e1cticas <strong>restaurativas<\/strong>. Dise\u00f1ada para ayudarte a mejorar tu alineaci\u00f3n, profundizar en cada asana y disfrutar de una experiencia de yoga m\u00e1s consciente, sin importar tu nivel.<\/p>\n<p data-start=\"2085\" data-end=\"2127\"><strong>Beneficios de la Silla de Yoga:<\/strong><\/p>\n<ul data-start=\"2128\" data-end=\"2575\">\n<li data-start=\"2128\" data-end=\"2207\">\n<p data-start=\"2130\" data-end=\"2207\">Soporte y alineaci\u00f3n: facilita la correcta postura en asanas complejas.<\/p>\n<\/li>\n<li data-start=\"2208\" data-end=\"2340\">\n<p data-start=\"2210\" data-end=\"2340\">Pr\u00e1ctica restaurativa y terap\u00e9utica: ideal para yoga restaurativo, aliviando tensiones y ayudando en la recuperaci\u00f3n f\u00edsica.<\/p>\n<\/li>\n<li data-start=\"2341\" data-end=\"2473\">\n<p data-start=\"2343\" data-end=\"2473\">Apta para todos los niveles: principiantes y avanzados pueden adaptar las posturas a su flexibilidad y limitaciones f\u00edsicas.<\/p>\n<\/li>\n<li data-start=\"2474\" data-end=\"2575\">\n<p data-start=\"2476\" data-end=\"2575\">Mayor conexi\u00f3n cuerpo-mente: fomenta la pr\u00e1ctica consciente y una profunda relajaci\u00f3n mental.<\/p>\n<\/li>\n<\/ul>\n<p data-start=\"2577\" data-end=\"2862\"><strong>\u00bfPor qu\u00e9 elegir una silla de yoga?\u00a0<\/strong><br data-start=\"2621\" data-end=\"2624\" \/>A diferencia de otros accesorios, la silla es vers\u00e1til y permite una pr\u00e1ctica m\u00e1s segura y c\u00f3moda. Con ella podr\u00e1s explorar variaciones de posturas que normalmente ser\u00edan inaccesibles, ganando confianza y progresando sesi\u00f3n tras sesi\u00f3n.<\/p>\n<p data-start=\"2864\" data-end=\"3125\"><strong>Ideal para tu pr\u00e1ctica diaria:<\/strong><br data-start=\"2903\" data-end=\"2906\" \/>Ya sea que practiques yoga en casa o en un estudio, esta silla es el complemento perfecto para mejorar la calidad de tu pr\u00e1ctica. Su uso frecuente te ayudar\u00e1 a experimentar una evoluci\u00f3n f\u00edsica y mental constante.<\/p>\n<p data-start=\"2864\" data-end=\"3125\">Lleva tu pr\u00e1ctica de yoga al siguiente nivel con esta silla de yoga. Haz tu pedido ahora y transforma cada sesi\u00f3n en una experiencia m\u00e1s profunda, restaurativa y consciente.<\/p>\n<hr \/>\n<p>Medidas: 47cm x 44.5cm x 79cm<\/p>\n<p>Peso: aproximadamente 3.50 kg<\/p>\n<blockquote class=\"wp-embedded-content\" data-secret=\"cilnc7VETx\"><p><a href=\"https:\/\/naturyoga.com\/en\/politica-de-uso-y-limpieza-de-materiales\/\">Pol\u00edtica de uso y limpieza de materiales<\/a><\/p><\/blockquote>\n<p><iframe class=\"wp-embedded-content\" sandbox=\"allow-scripts\" security=\"restricted\" style=\"position: absolute; visibility: hidden;\" title=\"\u00abPol\u00edtica de uso y limpieza de materiales\u00bb \u2014 Naturyoga\" src=\"https:\/\/naturyoga.com\/politica-de-uso-y-limpieza-de-materiales\/embed\/#?secret=JCDZeKnfCP#?secret=cilnc7VETx\" data-secret=\"cilnc7VETx\" width=\"600\" height=\"338\" frameborder=\"0\" marginwidth=\"0\" marginheight=\"0\" scrolling=\"no\"><\/iframe><\/p>","protected":false},"excerpt":{"rendered":"<p>Descubre la silla de yoga, un accesorio indispensable en el Iyengar Yoga y en pr\u00e1cticas restaurativas. Dise\u00f1ada para ayudarte a mejorar tu alineaci\u00f3n, profundizar en cada asana y disfrutar de una experiencia de yoga m\u00e1s consciente, sin importar tu nivel. Beneficios de la Silla de Yoga: Soporte y alineaci\u00f3n: facilita la correcta postura en asanas [&hellip;]<\/p>\n","protected":false},"featured_media":5732,"template":"","meta":[],"product_brand":[],"product_cat":[36],"product_tag":[],"class_list":{"0":"post-984","1":"product","2":"type-product","3":"status-publish","4":"has-post-thumbnail","6":"product_cat-accesorios-yoga","8":"first","9":"instock","10":"sale","11":"taxable","12":"shipping-taxable","13":"purchasable","14":"product-type-simple"},"yoast_head":"<!-- This site is optimized with the Yoast SEO plugin v27.3 - https:\/\/yoast.com\/product\/yoast-seo-wordpress\/ -->\n<title>Silla de Yoga Iyengar - Naturyoga<\/title>\n<meta name=\"description\" content=\"Silla de Yoga Iyengar es una herramienta cl\u00e1sica en tu pr\u00e1ctica si practicas el estilo Iyengar o yoga restaurativo. Tienda online de materiales de yoga.\" \/>\n<meta name=\"robots\" content=\"index, follow, max-snippet:-1, max-image-preview:large, max-video-preview:-1\" \/>\n<link rel=\"canonical\" href=\"https:\/\/naturyoga.com\/en\/product\/silla-de-yoga-iyengar\/\" \/>\n<meta property=\"og:locale\" content=\"en_GB\" \/>\n<meta property=\"og:type\" content=\"article\" \/>\n<meta property=\"og:title\" content=\"Silla de Yoga Iyengar - Naturyoga\" \/>\n<meta property=\"og:description\" content=\"Silla de Yoga Iyengar es una herramienta cl\u00e1sica en tu pr\u00e1ctica si practicas el estilo Iyengar o yoga restaurativo. Tienda online de materiales de yoga.\" \/>\n<meta property=\"og:url\" content=\"https:\/\/naturyoga.com\/en\/product\/silla-de-yoga-iyengar\/\" \/>\n<meta property=\"og:site_name\" content=\"Naturyoga\" \/>\n<meta property=\"article:modified_time\" content=\"2026-03-29T19:36:08+00:00\" \/>\n<meta property=\"og:image\" content=\"https:\/\/naturyoga.com\/wp-content\/uploads\/Silla-de-Yoga-Nueva-Naturyoga.png\" \/>\n\t<meta property=\"og:image:width\" content=\"1080\" \/>\n\t<meta property=\"og:image:height\" content=\"1080\" \/>\n\t<meta property=\"og:image:type\" content=\"image\/png\" \/>\n<meta name=\"twitter:card\" content=\"summary_large_image\" \/>\n<meta name=\"twitter:label1\" content=\"Estimated reading time\" \/>\n\t<meta name=\"twitter:data1\" content=\"2 minutes\" \/>\n<script type=\"application\/ld+json\" class=\"yoast-schema-graph\">{\"@context\":\"https:\\\/\\\/schema.org\",\"@graph\":[{\"@type\":\"WebPage\",\"@id\":\"https:\\\/\\\/naturyoga.com\\\/producto\\\/silla-de-yoga-iyengar\\\/\",\"url\":\"https:\\\/\\\/naturyoga.com\\\/producto\\\/silla-de-yoga-iyengar\\\/\",\"name\":\"Silla de Yoga Iyengar - Naturyoga\",\"isPartOf\":{\"@id\":\"https:\\\/\\\/naturyoga.com\\\/#website\"},\"primaryImageOfPage\":{\"@id\":\"https:\\\/\\\/naturyoga.com\\\/producto\\\/silla-de-yoga-iyengar\\\/#primaryimage\"},\"image\":{\"@id\":\"https:\\\/\\\/naturyoga.com\\\/producto\\\/silla-de-yoga-iyengar\\\/#primaryimage\"},\"thumbnailUrl\":\"https:\\\/\\\/naturyoga.com\\\/wp-content\\\/uploads\\\/Silla-de-Yoga-Nueva-Naturyoga.png\",\"datePublished\":\"2022-02-02T12:14:12+00:00\",\"dateModified\":\"2026-03-29T19:36:08+00:00\",\"description\":\"Silla de Yoga Iyengar es una herramienta cl\u00e1sica en tu pr\u00e1ctica si practicas el estilo Iyengar o yoga restaurativo. Tienda online de materiales de yoga.\",\"breadcrumb\":{\"@id\":\"https:\\\/\\\/naturyoga.com\\\/producto\\\/silla-de-yoga-iyengar\\\/#breadcrumb\"},\"inLanguage\":\"en-GB\",\"potentialAction\":[{\"@type\":\"ReadAction\",\"target\":[\"https:\\\/\\\/naturyoga.com\\\/producto\\\/silla-de-yoga-iyengar\\\/\"]}]},{\"@type\":\"ImageObject\",\"inLanguage\":\"en-GB\",\"@id\":\"https:\\\/\\\/naturyoga.com\\\/producto\\\/silla-de-yoga-iyengar\\\/#primaryimage\",\"url\":\"https:\\\/\\\/naturyoga.com\\\/wp-content\\\/uploads\\\/Silla-de-Yoga-Nueva-Naturyoga.png\",\"contentUrl\":\"https:\\\/\\\/naturyoga.com\\\/wp-content\\\/uploads\\\/Silla-de-Yoga-Nueva-Naturyoga.png\",\"width\":1080,\"height\":1080,\"caption\":\"silla-de-yoga-iyengar\"},{\"@type\":\"BreadcrumbList\",\"@id\":\"https:\\\/\\\/naturyoga.com\\\/producto\\\/silla-de-yoga-iyengar\\\/#breadcrumb\",\"itemListElement\":[{\"@type\":\"ListItem\",\"position\":1,\"name\":\"Portada\",\"item\":\"https:\\\/\\\/naturyoga.com\\\/\"},{\"@type\":\"ListItem\",\"position\":2,\"name\":\"Tienda\",\"item\":\"https:\\\/\\\/naturyoga.com\\\/tienda\\\/\"},{\"@type\":\"ListItem\",\"position\":3,\"name\":\"Silla de Yoga\"}]},{\"@type\":\"WebSite\",\"@id\":\"https:\\\/\\\/naturyoga.com\\\/#website\",\"url\":\"https:\\\/\\\/naturyoga.com\\\/\",\"name\":\"Naturyoga\",\"description\":\"Productos de Yoga: esterillas, bloques, silla Iyengar, rueda de Yoga, mantas\",\"publisher\":{\"@id\":\"https:\\\/\\\/naturyoga.com\\\/#organization\"},\"potentialAction\":[{\"@type\":\"SearchAction\",\"target\":{\"@type\":\"EntryPoint\",\"urlTemplate\":\"https:\\\/\\\/naturyoga.com\\\/?s={search_term_string}\"},\"query-input\":{\"@type\":\"PropertyValueSpecification\",\"valueRequired\":true,\"valueName\":\"search_term_string\"}}],\"inLanguage\":\"en-GB\"},{\"@type\":\"Organization\",\"@id\":\"https:\\\/\\\/naturyoga.com\\\/#organization\",\"name\":\"naturyoga\",\"url\":\"https:\\\/\\\/naturyoga.com\\\/\",\"logo\":{\"@type\":\"ImageObject\",\"inLanguage\":\"en-GB\",\"@id\":\"https:\\\/\\\/naturyoga.com\\\/#\\\/schema\\\/logo\\\/image\\\/\",\"url\":\"https:\\\/\\\/naturyoga.com\\\/wp-content\\\/uploads\\\/Logo-small.png\",\"contentUrl\":\"https:\\\/\\\/naturyoga.com\\\/wp-content\\\/uploads\\\/Logo-small.png\",\"width\":128,\"height\":48,\"caption\":\"naturyoga\"},\"image\":{\"@id\":\"https:\\\/\\\/naturyoga.com\\\/#\\\/schema\\\/logo\\\/image\\\/\"}}]}<\/script>\n<!-- \/ Yoast SEO plugin. -->","yoast_head_json":{"title":"Silla de Yoga Iyengar - Naturyoga","description":"Silla de Yoga Iyengar es una herramienta cl\u00e1sica en tu pr\u00e1ctica si practicas el estilo Iyengar o yoga restaurativo. Tienda online de materiales de yoga.","robots":{"index":"index","follow":"follow","max-snippet":"max-snippet:-1","max-image-preview":"max-image-preview:large","max-video-preview":"max-video-preview:-1"},"canonical":"https:\/\/naturyoga.com\/en\/product\/silla-de-yoga-iyengar\/","og_locale":"en_GB","og_type":"article","og_title":"Silla de Yoga Iyengar - Naturyoga","og_description":"Silla de Yoga Iyengar es una herramienta cl\u00e1sica en tu pr\u00e1ctica si practicas el estilo Iyengar o yoga restaurativo. Tienda online de materiales de yoga.","og_url":"https:\/\/naturyoga.com\/en\/product\/silla-de-yoga-iyengar\/","og_site_name":"Naturyoga","article_modified_time":"2026-03-29T19:36:08+00:00","og_image":[{"width":1080,"height":1080,"url":"https:\/\/naturyoga.com\/wp-content\/uploads\/Silla-de-Yoga-Nueva-Naturyoga.png","type":"image\/png"}],"twitter_card":"summary_large_image","twitter_misc":{"Estimated reading time":"2 minutes"},"schema":{"@context":"https:\/\/schema.org","@graph":[{"@type":"WebPage","@id":"https:\/\/naturyoga.com\/producto\/silla-de-yoga-iyengar\/","url":"https:\/\/naturyoga.com\/producto\/silla-de-yoga-iyengar\/","name":"Silla de Yoga Iyengar - Naturyoga","isPartOf":{"@id":"https:\/\/naturyoga.com\/#website"},"primaryImageOfPage":{"@id":"https:\/\/naturyoga.com\/producto\/silla-de-yoga-iyengar\/#primaryimage"},"image":{"@id":"https:\/\/naturyoga.com\/producto\/silla-de-yoga-iyengar\/#primaryimage"},"thumbnailUrl":"https:\/\/naturyoga.com\/wp-content\/uploads\/Silla-de-Yoga-Nueva-Naturyoga.png","datePublished":"2022-02-02T12:14:12+00:00","dateModified":"2026-03-29T19:36:08+00:00","description":"Silla de Yoga Iyengar es una herramienta cl\u00e1sica en tu pr\u00e1ctica si practicas el estilo Iyengar o yoga restaurativo. Tienda online de materiales de yoga.","breadcrumb":{"@id":"https:\/\/naturyoga.com\/producto\/silla-de-yoga-iyengar\/#breadcrumb"},"inLanguage":"en-GB","potentialAction":[{"@type":"ReadAction","target":["https:\/\/naturyoga.com\/producto\/silla-de-yoga-iyengar\/"]}]},{"@type":"ImageObject","inLanguage":"en-GB","@id":"https:\/\/naturyoga.com\/producto\/silla-de-yoga-iyengar\/#primaryimage","url":"https:\/\/naturyoga.com\/wp-content\/uploads\/Silla-de-Yoga-Nueva-Naturyoga.png","contentUrl":"https:\/\/naturyoga.com\/wp-content\/uploads\/Silla-de-Yoga-Nueva-Naturyoga.png","width":1080,"height":1080,"caption":"silla-de-yoga-iyengar"},{"@type":"BreadcrumbList","@id":"https:\/\/naturyoga.com\/producto\/silla-de-yoga-iyengar\/#breadcrumb","itemListElement":[{"@type":"ListItem","position":1,"name":"Portada","item":"https:\/\/naturyoga.com\/"},{"@type":"ListItem","position":2,"name":"Tienda","item":"https:\/\/naturyoga.com\/tienda\/"},{"@type":"ListItem","position":3,"name":"Silla de Yoga"}]},{"@type":"WebSite","@id":"https:\/\/naturyoga.com\/#website","url":"https:\/\/naturyoga.com\/","name":"Naturyoga","description":"Productos de Yoga: esterillas, bloques, silla Iyengar, rueda de Yoga, mantas","publisher":{"@id":"https:\/\/naturyoga.com\/#organization"},"potentialAction":[{"@type":"SearchAction","target":{"@type":"EntryPoint","urlTemplate":"https:\/\/naturyoga.com\/?s={search_term_string}"},"query-input":{"@type":"PropertyValueSpecification","valueRequired":true,"valueName":"search_term_string"}}],"inLanguage":"en-GB"},{"@type":"Organization","@id":"https:\/\/naturyoga.com\/#organization","name":"naturyoga","url":"https:\/\/naturyoga.com\/","logo":{"@type":"ImageObject","inLanguage":"en-GB","@id":"https:\/\/naturyoga.com\/#\/schema\/logo\/image\/","url":"https:\/\/naturyoga.com\/wp-content\/uploads\/Logo-small.png","contentUrl":"https:\/\/naturyoga.com\/wp-content\/uploads\/Logo-small.png","width":128,"height":48,"caption":"naturyoga"},"image":{"@id":"https:\/\/naturyoga.com\/#\/schema\/logo\/image\/"}}]}},"jetpack_sharing_enabled":true,"_links":{"self":[{"href":"https:\/\/naturyoga.com\/en\/wp-json\/wp\/v2\/product\/984","targetHints":{"allow":["GET"]}}],"collection":[{"href":"https:\/\/naturyoga.com\/en\/wp-json\/wp\/v2\/product"}],"about":[{"href":"https:\/\/naturyoga.com\/en\/wp-json\/wp\/v2\/types\/product"}],"wp:featuredmedia":[{"embeddable":true,"href":"https:\/\/naturyoga.com\/en\/wp-json\/wp\/v2\/media\/5732"}],"wp:attachment":[{"href":"https:\/\/naturyoga.com\/en\/wp-json\/wp\/v2\/media?parent=984"}],"wp:term":[{"taxonomy":"product_brand","embeddable":true,"href":"https:\/\/naturyoga.com\/en\/wp-json\/wp\/v2\/product_brand?post=984"},{"taxonomy":"product_cat","embeddable":true,"href":"https:\/\/naturyoga.com\/en\/wp-json\/wp\/v2\/product_cat?post=984"},{"taxonomy":"product_tag","embeddable":true,"href":"https:\/\/naturyoga.com\/en\/wp-json\/wp\/v2\/product_tag?post=984"}],"curies":[{"name":"wp","href":"https:\/\/api.w.org\/{rel}","templated":true}]}}