{"id":979,"date":"2022-02-02T12:28:51","date_gmt":"2022-02-02T11:28:51","guid":{"rendered":"https:\/\/naturyoga.com\/?post_type=product&#038;p=979"},"modified":"2025-02-11T12:07:28","modified_gmt":"2025-02-11T11:07:28","slug":"bloque-pino","status":"publish","type":"product","link":"https:\/\/naturyoga.com\/en\/product\/bloque-pino\/","title":{"rendered":"pine blocks"},"content":{"rendered":"<p class=\"translation-block\">Yoga blocks made of 100% natural pine. Ensure good balance in all poses. Highly recommended for <strong>Iyengar yoga.<\/strong><\/p>\n<p class=\"translation-block\">Gain <strong>stability<\/strong> in your daily practice with our blocks made of 100% natural pine. Their density ensures perfect stability throughout your practice. This block is a great ally to improve your balance since it <strong>provides very firm support.<\/strong><\/p>\n<p>We\u2019re improving one of the most popular yoga accessories: the pine block.<\/p>\n<p>Thanks to the solidity of pine, you\u2019ll feel safer and more comfortable in your practice. It can act as an extension of your hands in different poses if you\u2019re just starting out. Or, it can deepen your perception of the alignment of your head, back and hips if you\u2019re already a seasoned yogi.\n\n<strong>Pine is also a natural, sustainable and environmentally friendly material.<\/strong><br \/>\nAdem\u00e1s el pino es un\u00a0<strong>material natural<\/strong>, sostenible y respetuoso con el medioambiente.<\/p>\n<p class=\"translation-block\">Highly recommended for <strong>restorative yoga<\/strong>, since it will help you maintain the correct form during <strong>passive stretches.<\/strong><\/p>\n<p class=\"translation-block\">Use it with <span style=\"color: #3366ff\"><strong><a style=\"color: #3366ff\" href=\"https:\/\/naturyoga.com\/en\/product\/silla-iyengar\/\" target=\"_self\">Yoga Chair<\/a><\/strong><\/span><\/p>\n<hr \/>\n<p class=\"translation-block\">Dimensions: 23 cm x 7 cm x 11 cm <br>\nWeight: 930 g <br>\nMaterial: 100% natural pine <br><\/p>\n<blockquote class=\"wp-embedded-content\" data-secret=\"hb7UHCtsiV\"><p><a href=\"https:\/\/naturyoga.com\/en\/politica-de-uso-y-limpieza-de-materiales\/\">Pol\u00edtica de uso y limpieza de materiales<\/a><\/p><\/blockquote>\n<p><iframe class=\"wp-embedded-content\" sandbox=\"allow-scripts\" security=\"restricted\" style=\"position: absolute; visibility: hidden;\" title=\"\u00abPol\u00edtica de uso y limpieza de materiales\u00bb \u2014 Naturyoga\" src=\"https:\/\/naturyoga.com\/politica-de-uso-y-limpieza-de-materiales\/embed\/#?secret=xjow1tkRIh#?secret=hb7UHCtsiV\" data-secret=\"hb7UHCtsiV\" width=\"600\" height=\"338\" frameborder=\"0\" marginwidth=\"0\" marginheight=\"0\" scrolling=\"no\"><\/iframe><\/p>","protected":false},"excerpt":{"rendered":"<p>Bloque de yoga 100% de madera de pino natural. Asegura un buen equilibrio en todas las posturas. Altamente recomendado en la pr\u00e1ctica de yoga Iyengar. Gana estabilidad en tu pr\u00e1ctica diaria con nuestros bloques 100% de pino natural. Su densidad asegura una estabilidad perfecta durante toda la pr\u00e1ctica. Es un gran aliado para mejorar tu [&hellip;]<\/p>\n","protected":false},"featured_media":1887,"template":"","meta":[],"product_brand":[],"product_cat":[36,122],"product_tag":[],"class_list":{"0":"post-979","1":"product","2":"type-product","3":"status-publish","4":"has-post-thumbnail","6":"product_cat-accesorios-yoga","7":"product_cat-bloques-de-yoga","9":"first","10":"instock","11":"sale","12":"taxable","13":"shipping-taxable","14":"purchasable","15":"product-type-simple"},"yoast_head":"<!-- This site is optimized with the Yoast SEO plugin v27.4 - https:\/\/yoast.com\/product\/yoast-seo-wordpress\/ -->\n<title>Bloque de Yoga Iyengar, hecho de madera de pino<\/title>\n<meta name=\"description\" content=\"Bloque de yoga Iyengar 100% de madera pino natural est\u00e1 concebido para aportarte mucho m\u00e1s en asanas de tu pr\u00e1ctica diaria de Yoga.\" \/>\n<meta name=\"robots\" content=\"index, follow, max-snippet:-1, max-image-preview:large, max-video-preview:-1\" \/>\n<link rel=\"canonical\" href=\"https:\/\/naturyoga.com\/en\/product\/bloque-pino\/\" \/>\n<meta property=\"og:locale\" content=\"en_GB\" \/>\n<meta property=\"og:type\" content=\"article\" \/>\n<meta property=\"og:title\" content=\"Bloque de Yoga Iyengar, hecho de madera de pino\" \/>\n<meta property=\"og:description\" content=\"Bloque de yoga Iyengar 100% de madera pino natural est\u00e1 concebido para aportarte mucho m\u00e1s en asanas de tu pr\u00e1ctica diaria de Yoga.\" \/>\n<meta property=\"og:url\" content=\"https:\/\/naturyoga.com\/en\/product\/bloque-pino\/\" \/>\n<meta property=\"og:site_name\" content=\"Naturyoga\" \/>\n<meta property=\"article:modified_time\" content=\"2025-02-11T11:07:28+00:00\" \/>\n<meta property=\"og:image\" content=\"https:\/\/naturyoga.com\/wp-content\/uploads\/DSC_0375-scaled.jpg\" \/>\n\t<meta property=\"og:image:width\" content=\"2560\" \/>\n\t<meta property=\"og:image:height\" content=\"1709\" \/>\n\t<meta property=\"og:image:type\" content=\"image\/jpeg\" \/>\n<meta name=\"twitter:card\" content=\"summary_large_image\" \/>\n<meta name=\"twitter:label1\" content=\"Estimated reading time\" \/>\n\t<meta name=\"twitter:data1\" content=\"2 minutes\" \/>\n<script type=\"application\/ld+json\" class=\"yoast-schema-graph\">{\"@context\":\"https:\\\/\\\/schema.org\",\"@graph\":[{\"@type\":\"WebPage\",\"@id\":\"https:\\\/\\\/naturyoga.com\\\/producto\\\/bloque-pino\\\/\",\"url\":\"https:\\\/\\\/naturyoga.com\\\/producto\\\/bloque-pino\\\/\",\"name\":\"Bloque de Yoga Iyengar, hecho de madera de pino\",\"isPartOf\":{\"@id\":\"https:\\\/\\\/naturyoga.com\\\/#website\"},\"primaryImageOfPage\":{\"@id\":\"https:\\\/\\\/naturyoga.com\\\/producto\\\/bloque-pino\\\/#primaryimage\"},\"image\":{\"@id\":\"https:\\\/\\\/naturyoga.com\\\/producto\\\/bloque-pino\\\/#primaryimage\"},\"thumbnailUrl\":\"https:\\\/\\\/naturyoga.com\\\/wp-content\\\/uploads\\\/DSC_0375-scaled.jpg\",\"datePublished\":\"2022-02-02T11:28:51+00:00\",\"dateModified\":\"2025-02-11T11:07:28+00:00\",\"description\":\"Bloque de yoga Iyengar 100% de madera pino natural est\u00e1 concebido para aportarte mucho m\u00e1s en asanas de tu pr\u00e1ctica diaria de Yoga.\",\"breadcrumb\":{\"@id\":\"https:\\\/\\\/naturyoga.com\\\/producto\\\/bloque-pino\\\/#breadcrumb\"},\"inLanguage\":\"en-GB\",\"potentialAction\":[{\"@type\":\"ReadAction\",\"target\":[\"https:\\\/\\\/naturyoga.com\\\/producto\\\/bloque-pino\\\/\"]}]},{\"@type\":\"ImageObject\",\"inLanguage\":\"en-GB\",\"@id\":\"https:\\\/\\\/naturyoga.com\\\/producto\\\/bloque-pino\\\/#primaryimage\",\"url\":\"https:\\\/\\\/naturyoga.com\\\/wp-content\\\/uploads\\\/DSC_0375-scaled.jpg\",\"contentUrl\":\"https:\\\/\\\/naturyoga.com\\\/wp-content\\\/uploads\\\/DSC_0375-scaled.jpg\",\"width\":2560,\"height\":1709,\"caption\":\"bloque-pino-iyengar-yoga\"},{\"@type\":\"BreadcrumbList\",\"@id\":\"https:\\\/\\\/naturyoga.com\\\/producto\\\/bloque-pino\\\/#breadcrumb\",\"itemListElement\":[{\"@type\":\"ListItem\",\"position\":1,\"name\":\"Portada\",\"item\":\"https:\\\/\\\/naturyoga.com\\\/\"},{\"@type\":\"ListItem\",\"position\":2,\"name\":\"Tienda\",\"item\":\"https:\\\/\\\/naturyoga.com\\\/tienda\\\/\"},{\"@type\":\"ListItem\",\"position\":3,\"name\":\"Bloque de pino\"}]},{\"@type\":\"WebSite\",\"@id\":\"https:\\\/\\\/naturyoga.com\\\/#website\",\"url\":\"https:\\\/\\\/naturyoga.com\\\/\",\"name\":\"Naturyoga\",\"description\":\"Productos de Yoga: esterillas, bloques, silla Iyengar, rueda de Yoga, mantas\",\"publisher\":{\"@id\":\"https:\\\/\\\/naturyoga.com\\\/#organization\"},\"potentialAction\":[{\"@type\":\"SearchAction\",\"target\":{\"@type\":\"EntryPoint\",\"urlTemplate\":\"https:\\\/\\\/naturyoga.com\\\/?s={search_term_string}\"},\"query-input\":{\"@type\":\"PropertyValueSpecification\",\"valueRequired\":true,\"valueName\":\"search_term_string\"}}],\"inLanguage\":\"en-GB\"},{\"@type\":\"Organization\",\"@id\":\"https:\\\/\\\/naturyoga.com\\\/#organization\",\"name\":\"naturyoga\",\"url\":\"https:\\\/\\\/naturyoga.com\\\/\",\"logo\":{\"@type\":\"ImageObject\",\"inLanguage\":\"en-GB\",\"@id\":\"https:\\\/\\\/naturyoga.com\\\/#\\\/schema\\\/logo\\\/image\\\/\",\"url\":\"https:\\\/\\\/naturyoga.com\\\/wp-content\\\/uploads\\\/Logo-small.png\",\"contentUrl\":\"https:\\\/\\\/naturyoga.com\\\/wp-content\\\/uploads\\\/Logo-small.png\",\"width\":128,\"height\":48,\"caption\":\"naturyoga\"},\"image\":{\"@id\":\"https:\\\/\\\/naturyoga.com\\\/#\\\/schema\\\/logo\\\/image\\\/\"}}]}<\/script>\n<!-- \/ Yoast SEO plugin. -->","yoast_head_json":{"title":"Bloque de Yoga Iyengar, hecho de madera de pino","description":"Bloque de yoga Iyengar 100% de madera pino natural est\u00e1 concebido para aportarte mucho m\u00e1s en asanas de tu pr\u00e1ctica diaria de Yoga.","robots":{"index":"index","follow":"follow","max-snippet":"max-snippet:-1","max-image-preview":"max-image-preview:large","max-video-preview":"max-video-preview:-1"},"canonical":"https:\/\/naturyoga.com\/en\/product\/bloque-pino\/","og_locale":"en_GB","og_type":"article","og_title":"Bloque de Yoga Iyengar, hecho de madera de pino","og_description":"Bloque de yoga Iyengar 100% de madera pino natural est\u00e1 concebido para aportarte mucho m\u00e1s en asanas de tu pr\u00e1ctica diaria de Yoga.","og_url":"https:\/\/naturyoga.com\/en\/product\/bloque-pino\/","og_site_name":"Naturyoga","article_modified_time":"2025-02-11T11:07:28+00:00","og_image":[{"width":2560,"height":1709,"url":"https:\/\/naturyoga.com\/wp-content\/uploads\/DSC_0375-scaled.jpg","type":"image\/jpeg"}],"twitter_card":"summary_large_image","twitter_misc":{"Estimated reading time":"2 minutes"},"schema":{"@context":"https:\/\/schema.org","@graph":[{"@type":"WebPage","@id":"https:\/\/naturyoga.com\/producto\/bloque-pino\/","url":"https:\/\/naturyoga.com\/producto\/bloque-pino\/","name":"Bloque de Yoga Iyengar, hecho de madera de pino","isPartOf":{"@id":"https:\/\/naturyoga.com\/#website"},"primaryImageOfPage":{"@id":"https:\/\/naturyoga.com\/producto\/bloque-pino\/#primaryimage"},"image":{"@id":"https:\/\/naturyoga.com\/producto\/bloque-pino\/#primaryimage"},"thumbnailUrl":"https:\/\/naturyoga.com\/wp-content\/uploads\/DSC_0375-scaled.jpg","datePublished":"2022-02-02T11:28:51+00:00","dateModified":"2025-02-11T11:07:28+00:00","description":"Bloque de yoga Iyengar 100% de madera pino natural est\u00e1 concebido para aportarte mucho m\u00e1s en asanas de tu pr\u00e1ctica diaria de Yoga.","breadcrumb":{"@id":"https:\/\/naturyoga.com\/producto\/bloque-pino\/#breadcrumb"},"inLanguage":"en-GB","potentialAction":[{"@type":"ReadAction","target":["https:\/\/naturyoga.com\/producto\/bloque-pino\/"]}]},{"@type":"ImageObject","inLanguage":"en-GB","@id":"https:\/\/naturyoga.com\/producto\/bloque-pino\/#primaryimage","url":"https:\/\/naturyoga.com\/wp-content\/uploads\/DSC_0375-scaled.jpg","contentUrl":"https:\/\/naturyoga.com\/wp-content\/uploads\/DSC_0375-scaled.jpg","width":2560,"height":1709,"caption":"bloque-pino-iyengar-yoga"},{"@type":"BreadcrumbList","@id":"https:\/\/naturyoga.com\/producto\/bloque-pino\/#breadcrumb","itemListElement":[{"@type":"ListItem","position":1,"name":"Portada","item":"https:\/\/naturyoga.com\/"},{"@type":"ListItem","position":2,"name":"Tienda","item":"https:\/\/naturyoga.com\/tienda\/"},{"@type":"ListItem","position":3,"name":"Bloque de pino"}]},{"@type":"WebSite","@id":"https:\/\/naturyoga.com\/#website","url":"https:\/\/naturyoga.com\/","name":"Naturyoga","description":"Productos de Yoga: esterillas, bloques, silla Iyengar, rueda de Yoga, mantas","publisher":{"@id":"https:\/\/naturyoga.com\/#organization"},"potentialAction":[{"@type":"SearchAction","target":{"@type":"EntryPoint","urlTemplate":"https:\/\/naturyoga.com\/?s={search_term_string}"},"query-input":{"@type":"PropertyValueSpecification","valueRequired":true,"valueName":"search_term_string"}}],"inLanguage":"en-GB"},{"@type":"Organization","@id":"https:\/\/naturyoga.com\/#organization","name":"naturyoga","url":"https:\/\/naturyoga.com\/","logo":{"@type":"ImageObject","inLanguage":"en-GB","@id":"https:\/\/naturyoga.com\/#\/schema\/logo\/image\/","url":"https:\/\/naturyoga.com\/wp-content\/uploads\/Logo-small.png","contentUrl":"https:\/\/naturyoga.com\/wp-content\/uploads\/Logo-small.png","width":128,"height":48,"caption":"naturyoga"},"image":{"@id":"https:\/\/naturyoga.com\/#\/schema\/logo\/image\/"}}]}},"jetpack_sharing_enabled":true,"_links":{"self":[{"href":"https:\/\/naturyoga.com\/en\/wp-json\/wp\/v2\/product\/979","targetHints":{"allow":["GET"]}}],"collection":[{"href":"https:\/\/naturyoga.com\/en\/wp-json\/wp\/v2\/product"}],"about":[{"href":"https:\/\/naturyoga.com\/en\/wp-json\/wp\/v2\/types\/product"}],"wp:featuredmedia":[{"embeddable":true,"href":"https:\/\/naturyoga.com\/en\/wp-json\/wp\/v2\/media\/1887"}],"wp:attachment":[{"href":"https:\/\/naturyoga.com\/en\/wp-json\/wp\/v2\/media?parent=979"}],"wp:term":[{"taxonomy":"product_brand","embeddable":true,"href":"https:\/\/naturyoga.com\/en\/wp-json\/wp\/v2\/product_brand?post=979"},{"taxonomy":"product_cat","embeddable":true,"href":"https:\/\/naturyoga.com\/en\/wp-json\/wp\/v2\/product_cat?post=979"},{"taxonomy":"product_tag","embeddable":true,"href":"https:\/\/naturyoga.com\/en\/wp-json\/wp\/v2\/product_tag?post=979"}],"curies":[{"name":"wp","href":"https:\/\/api.w.org\/{rel}","templated":true}]}}