{"id":2728,"date":"2023-06-15T08:58:10","date_gmt":"2023-06-15T07:58:10","guid":{"rendered":"https:\/\/naturyoga.com\/?post_type=product&#038;p=2728"},"modified":"2025-04-25T12:14:30","modified_gmt":"2025-04-25T11:14:30","slug":"limpiador-de-esterillas-de-yoga","status":"publish","type":"product","link":"https:\/\/naturyoga.com\/en\/product\/limpiador-de-esterillas-de-yoga\/","title":{"rendered":"Limpiador de esterillas de yoga"},"content":{"rendered":"<p>Presentamos nuestro <strong>limpiador<\/strong> de calidad para <strong>esterillas de yoga profesionales<\/strong>.<\/p>\n<p>Eleva tus sesiones de yoga manteniendo una esterilla higi\u00e9nica y fresca con facilidad.<\/p>\n<p>Conf\u00eda en las propiedades antibacterianas, la f\u00f3rmula libre de fosfatos, la capacidad para eliminar la grasa y las pruebas dermatol\u00f3gicas de nuestro limpiador para disfrutar de una experiencia de limpieza realmente excepcional.<\/p>\n<p>Este limpiador ha sido especialmente dise\u00f1ado para satisfacer las necesidades de los yoguis m\u00e1s exigentes. Con <strong>propiedades antibacterianas y libres de fosfatos<\/strong>, garantizamos una limpieza eficaz y profunda para tus esterillas de yoga.<\/p>\n<p>Este enfoque respetuoso con el medio ambiente no solo <strong>protege tu esterilla<\/strong>, sino que tambi\u00e9n contribuye a un planeta m\u00e1s saludable.<\/p>\n<p>Nuestro limpiador ha sido especialmente dise\u00f1ado para eliminar y <strong>repeler la grasa<\/strong>, dejando tu esterilla de yoga impecable y lista para tu pr\u00f3xima sesi\u00f3n. Ya sea sudor, suciedad de las pr\u00e1cticas al aire libre u otros residuos, nuestro limpiador los elimina eficazmente, asegurando una superficie limpia y fresca cada vez que desenrolles tu esterilla.<\/p>\n<p>Adem\u00e1s, nos preocupamos por <strong>tu bienestar<\/strong>. Nuestro limpiador ha sido sometido a rigurosas <strong>pruebas dermatol\u00f3gicas<\/strong> para garantizar su <strong>seguridad<\/strong> en contacto con tu piel. Sabemos que la pr\u00e1ctica de yoga implica un contacto directo con la esterilla, por lo que hemos cuidado especialmente la creaci\u00f3n de un producto suave para tu piel y, al mismo tiempo, eficaz en la limpieza de tu esterilla.<\/p>\n<p>Experimenta el equilibrio perfecto entre limpieza y comodidad con nuestro limpiador de esterillas de yoga de calidad profesional.<\/p>\n<blockquote class=\"wp-embedded-content\" data-secret=\"h6pq5h59Zh\"><p><a href=\"https:\/\/naturyoga.com\/en\/politica-de-uso-y-limpieza-de-materiales\/\">Pol\u00edtica de uso y limpieza de materiales<\/a><\/p><\/blockquote>\n<p><iframe class=\"wp-embedded-content\" sandbox=\"allow-scripts\" security=\"restricted\" style=\"position: absolute; visibility: hidden;\" title=\"\u00abPol\u00edtica de uso y limpieza de materiales\u00bb \u2014 Naturyoga\" src=\"https:\/\/naturyoga.com\/politica-de-uso-y-limpieza-de-materiales\/embed\/#?secret=Pk3uabpayf#?secret=h6pq5h59Zh\" data-secret=\"h6pq5h59Zh\" width=\"600\" height=\"338\" frameborder=\"0\" marginwidth=\"0\" marginheight=\"0\" scrolling=\"no\"><\/iframe><\/p>\n<hr \/>\n<p>Tama\u00f1o: 160 ml<\/p>\n<p>&nbsp;<\/p>\n<p>&nbsp;<\/p>\n<p>&nbsp;<\/p>","protected":false},"excerpt":{"rendered":"<p>Presentamos nuestro limpiador de calidad para esterillas de yoga profesionales. Eleva tus sesiones de yoga manteniendo una esterilla higi\u00e9nica y fresca con facilidad. Conf\u00eda en las propiedades antibacterianas, la f\u00f3rmula libre de fosfatos, la capacidad para eliminar la grasa y las pruebas dermatol\u00f3gicas de nuestro limpiador para disfrutar de una experiencia de limpieza realmente excepcional. [&hellip;]<\/p>\n","protected":false},"featured_media":5316,"template":"","meta":[],"product_brand":[],"product_cat":[36],"product_tag":[],"class_list":{"0":"post-2728","1":"product","2":"type-product","3":"status-publish","4":"has-post-thumbnail","6":"product_cat-accesorios-yoga","8":"first","9":"instock","10":"sale","11":"taxable","12":"shipping-taxable","13":"purchasable","14":"product-type-simple"},"yoast_head":"<!-- This site is optimized with the Yoast SEO plugin v27.4 - https:\/\/yoast.com\/product\/yoast-seo-wordpress\/ -->\n<title>Limpiador de esterillas de yoga - Naturyoga<\/title>\n<meta name=\"description\" content=\"Limpiador de esterillas de yoga con efecto antibacteriano y sin fosfatos. Quita y repele la grasa. Testado dermatol\u00f3gicamente.\" \/>\n<meta name=\"robots\" content=\"index, follow, max-snippet:-1, max-image-preview:large, max-video-preview:-1\" \/>\n<link rel=\"canonical\" href=\"https:\/\/naturyoga.com\/en\/product\/limpiador-de-esterillas-de-yoga\/\" \/>\n<meta property=\"og:locale\" content=\"en_GB\" \/>\n<meta property=\"og:type\" content=\"article\" \/>\n<meta property=\"og:title\" content=\"Limpiador de esterillas de yoga - Naturyoga\" \/>\n<meta property=\"og:description\" content=\"Limpiador de esterillas de yoga con efecto antibacteriano y sin fosfatos. Quita y repele la grasa. Testado dermatol\u00f3gicamente.\" \/>\n<meta property=\"og:url\" content=\"https:\/\/naturyoga.com\/en\/product\/limpiador-de-esterillas-de-yoga\/\" \/>\n<meta property=\"og:site_name\" content=\"Naturyoga\" \/>\n<meta property=\"article:modified_time\" content=\"2025-04-25T11:14:30+00:00\" \/>\n<meta property=\"og:image\" content=\"https:\/\/naturyoga.com\/wp-content\/uploads\/LIMPIADOR-Fotos-de-Productos-estilo-Amazon.png\" \/>\n\t<meta property=\"og:image:width\" content=\"1080\" \/>\n\t<meta property=\"og:image:height\" content=\"1080\" \/>\n\t<meta property=\"og:image:type\" content=\"image\/png\" \/>\n<meta name=\"twitter:card\" content=\"summary_large_image\" \/>\n<meta name=\"twitter:label1\" content=\"Estimated reading time\" \/>\n\t<meta name=\"twitter:data1\" content=\"2 minutes\" \/>\n<script type=\"application\/ld+json\" class=\"yoast-schema-graph\">{\"@context\":\"https:\\\/\\\/schema.org\",\"@graph\":[{\"@type\":\"WebPage\",\"@id\":\"https:\\\/\\\/naturyoga.com\\\/producto\\\/limpiador-de-esterillas-de-yoga\\\/\",\"url\":\"https:\\\/\\\/naturyoga.com\\\/producto\\\/limpiador-de-esterillas-de-yoga\\\/\",\"name\":\"Limpiador de esterillas de yoga - Naturyoga\",\"isPartOf\":{\"@id\":\"https:\\\/\\\/naturyoga.com\\\/#website\"},\"primaryImageOfPage\":{\"@id\":\"https:\\\/\\\/naturyoga.com\\\/producto\\\/limpiador-de-esterillas-de-yoga\\\/#primaryimage\"},\"image\":{\"@id\":\"https:\\\/\\\/naturyoga.com\\\/producto\\\/limpiador-de-esterillas-de-yoga\\\/#primaryimage\"},\"thumbnailUrl\":\"https:\\\/\\\/naturyoga.com\\\/wp-content\\\/uploads\\\/LIMPIADOR-Fotos-de-Productos-estilo-Amazon.png\",\"datePublished\":\"2023-06-15T07:58:10+00:00\",\"dateModified\":\"2025-04-25T11:14:30+00:00\",\"description\":\"Limpiador de esterillas de yoga con efecto antibacteriano y sin fosfatos. Quita y repele la grasa. Testado dermatol\u00f3gicamente.\",\"breadcrumb\":{\"@id\":\"https:\\\/\\\/naturyoga.com\\\/producto\\\/limpiador-de-esterillas-de-yoga\\\/#breadcrumb\"},\"inLanguage\":\"en-GB\",\"potentialAction\":[{\"@type\":\"ReadAction\",\"target\":[\"https:\\\/\\\/naturyoga.com\\\/producto\\\/limpiador-de-esterillas-de-yoga\\\/\"]}]},{\"@type\":\"ImageObject\",\"inLanguage\":\"en-GB\",\"@id\":\"https:\\\/\\\/naturyoga.com\\\/producto\\\/limpiador-de-esterillas-de-yoga\\\/#primaryimage\",\"url\":\"https:\\\/\\\/naturyoga.com\\\/wp-content\\\/uploads\\\/LIMPIADOR-Fotos-de-Productos-estilo-Amazon.png\",\"contentUrl\":\"https:\\\/\\\/naturyoga.com\\\/wp-content\\\/uploads\\\/LIMPIADOR-Fotos-de-Productos-estilo-Amazon.png\",\"width\":1080,\"height\":1080},{\"@type\":\"BreadcrumbList\",\"@id\":\"https:\\\/\\\/naturyoga.com\\\/producto\\\/limpiador-de-esterillas-de-yoga\\\/#breadcrumb\",\"itemListElement\":[{\"@type\":\"ListItem\",\"position\":1,\"name\":\"Portada\",\"item\":\"https:\\\/\\\/naturyoga.com\\\/\"},{\"@type\":\"ListItem\",\"position\":2,\"name\":\"Tienda\",\"item\":\"https:\\\/\\\/naturyoga.com\\\/tienda\\\/\"},{\"@type\":\"ListItem\",\"position\":3,\"name\":\"Limpiador de esterillas de yoga\"}]},{\"@type\":\"WebSite\",\"@id\":\"https:\\\/\\\/naturyoga.com\\\/#website\",\"url\":\"https:\\\/\\\/naturyoga.com\\\/\",\"name\":\"Naturyoga\",\"description\":\"Productos de Yoga: esterillas, bloques, silla Iyengar, rueda de Yoga, mantas\",\"publisher\":{\"@id\":\"https:\\\/\\\/naturyoga.com\\\/#organization\"},\"potentialAction\":[{\"@type\":\"SearchAction\",\"target\":{\"@type\":\"EntryPoint\",\"urlTemplate\":\"https:\\\/\\\/naturyoga.com\\\/?s={search_term_string}\"},\"query-input\":{\"@type\":\"PropertyValueSpecification\",\"valueRequired\":true,\"valueName\":\"search_term_string\"}}],\"inLanguage\":\"en-GB\"},{\"@type\":\"Organization\",\"@id\":\"https:\\\/\\\/naturyoga.com\\\/#organization\",\"name\":\"naturyoga\",\"url\":\"https:\\\/\\\/naturyoga.com\\\/\",\"logo\":{\"@type\":\"ImageObject\",\"inLanguage\":\"en-GB\",\"@id\":\"https:\\\/\\\/naturyoga.com\\\/#\\\/schema\\\/logo\\\/image\\\/\",\"url\":\"https:\\\/\\\/naturyoga.com\\\/wp-content\\\/uploads\\\/Logo-small.png\",\"contentUrl\":\"https:\\\/\\\/naturyoga.com\\\/wp-content\\\/uploads\\\/Logo-small.png\",\"width\":128,\"height\":48,\"caption\":\"naturyoga\"},\"image\":{\"@id\":\"https:\\\/\\\/naturyoga.com\\\/#\\\/schema\\\/logo\\\/image\\\/\"}}]}<\/script>\n<!-- \/ Yoast SEO plugin. -->","yoast_head_json":{"title":"Limpiador de esterillas de yoga - Naturyoga","description":"Limpiador de esterillas de yoga con efecto antibacteriano y sin fosfatos. Quita y repele la grasa. Testado dermatol\u00f3gicamente.","robots":{"index":"index","follow":"follow","max-snippet":"max-snippet:-1","max-image-preview":"max-image-preview:large","max-video-preview":"max-video-preview:-1"},"canonical":"https:\/\/naturyoga.com\/en\/product\/limpiador-de-esterillas-de-yoga\/","og_locale":"en_GB","og_type":"article","og_title":"Limpiador de esterillas de yoga - Naturyoga","og_description":"Limpiador de esterillas de yoga con efecto antibacteriano y sin fosfatos. Quita y repele la grasa. Testado dermatol\u00f3gicamente.","og_url":"https:\/\/naturyoga.com\/en\/product\/limpiador-de-esterillas-de-yoga\/","og_site_name":"Naturyoga","article_modified_time":"2025-04-25T11:14:30+00:00","og_image":[{"width":1080,"height":1080,"url":"https:\/\/naturyoga.com\/wp-content\/uploads\/LIMPIADOR-Fotos-de-Productos-estilo-Amazon.png","type":"image\/png"}],"twitter_card":"summary_large_image","twitter_misc":{"Estimated reading time":"2 minutes"},"schema":{"@context":"https:\/\/schema.org","@graph":[{"@type":"WebPage","@id":"https:\/\/naturyoga.com\/producto\/limpiador-de-esterillas-de-yoga\/","url":"https:\/\/naturyoga.com\/producto\/limpiador-de-esterillas-de-yoga\/","name":"Limpiador de esterillas de yoga - Naturyoga","isPartOf":{"@id":"https:\/\/naturyoga.com\/#website"},"primaryImageOfPage":{"@id":"https:\/\/naturyoga.com\/producto\/limpiador-de-esterillas-de-yoga\/#primaryimage"},"image":{"@id":"https:\/\/naturyoga.com\/producto\/limpiador-de-esterillas-de-yoga\/#primaryimage"},"thumbnailUrl":"https:\/\/naturyoga.com\/wp-content\/uploads\/LIMPIADOR-Fotos-de-Productos-estilo-Amazon.png","datePublished":"2023-06-15T07:58:10+00:00","dateModified":"2025-04-25T11:14:30+00:00","description":"Limpiador de esterillas de yoga con efecto antibacteriano y sin fosfatos. Quita y repele la grasa. Testado dermatol\u00f3gicamente.","breadcrumb":{"@id":"https:\/\/naturyoga.com\/producto\/limpiador-de-esterillas-de-yoga\/#breadcrumb"},"inLanguage":"en-GB","potentialAction":[{"@type":"ReadAction","target":["https:\/\/naturyoga.com\/producto\/limpiador-de-esterillas-de-yoga\/"]}]},{"@type":"ImageObject","inLanguage":"en-GB","@id":"https:\/\/naturyoga.com\/producto\/limpiador-de-esterillas-de-yoga\/#primaryimage","url":"https:\/\/naturyoga.com\/wp-content\/uploads\/LIMPIADOR-Fotos-de-Productos-estilo-Amazon.png","contentUrl":"https:\/\/naturyoga.com\/wp-content\/uploads\/LIMPIADOR-Fotos-de-Productos-estilo-Amazon.png","width":1080,"height":1080},{"@type":"BreadcrumbList","@id":"https:\/\/naturyoga.com\/producto\/limpiador-de-esterillas-de-yoga\/#breadcrumb","itemListElement":[{"@type":"ListItem","position":1,"name":"Portada","item":"https:\/\/naturyoga.com\/"},{"@type":"ListItem","position":2,"name":"Tienda","item":"https:\/\/naturyoga.com\/tienda\/"},{"@type":"ListItem","position":3,"name":"Limpiador de esterillas de yoga"}]},{"@type":"WebSite","@id":"https:\/\/naturyoga.com\/#website","url":"https:\/\/naturyoga.com\/","name":"Naturyoga","description":"Productos de Yoga: esterillas, bloques, silla Iyengar, rueda de Yoga, mantas","publisher":{"@id":"https:\/\/naturyoga.com\/#organization"},"potentialAction":[{"@type":"SearchAction","target":{"@type":"EntryPoint","urlTemplate":"https:\/\/naturyoga.com\/?s={search_term_string}"},"query-input":{"@type":"PropertyValueSpecification","valueRequired":true,"valueName":"search_term_string"}}],"inLanguage":"en-GB"},{"@type":"Organization","@id":"https:\/\/naturyoga.com\/#organization","name":"naturyoga","url":"https:\/\/naturyoga.com\/","logo":{"@type":"ImageObject","inLanguage":"en-GB","@id":"https:\/\/naturyoga.com\/#\/schema\/logo\/image\/","url":"https:\/\/naturyoga.com\/wp-content\/uploads\/Logo-small.png","contentUrl":"https:\/\/naturyoga.com\/wp-content\/uploads\/Logo-small.png","width":128,"height":48,"caption":"naturyoga"},"image":{"@id":"https:\/\/naturyoga.com\/#\/schema\/logo\/image\/"}}]}},"jetpack_sharing_enabled":true,"_links":{"self":[{"href":"https:\/\/naturyoga.com\/en\/wp-json\/wp\/v2\/product\/2728","targetHints":{"allow":["GET"]}}],"collection":[{"href":"https:\/\/naturyoga.com\/en\/wp-json\/wp\/v2\/product"}],"about":[{"href":"https:\/\/naturyoga.com\/en\/wp-json\/wp\/v2\/types\/product"}],"wp:featuredmedia":[{"embeddable":true,"href":"https:\/\/naturyoga.com\/en\/wp-json\/wp\/v2\/media\/5316"}],"wp:attachment":[{"href":"https:\/\/naturyoga.com\/en\/wp-json\/wp\/v2\/media?parent=2728"}],"wp:term":[{"taxonomy":"product_brand","embeddable":true,"href":"https:\/\/naturyoga.com\/en\/wp-json\/wp\/v2\/product_brand?post=2728"},{"taxonomy":"product_cat","embeddable":true,"href":"https:\/\/naturyoga.com\/en\/wp-json\/wp\/v2\/product_cat?post=2728"},{"taxonomy":"product_tag","embeddable":true,"href":"https:\/\/naturyoga.com\/en\/wp-json\/wp\/v2\/product_tag?post=2728"}],"curies":[{"name":"wp","href":"https:\/\/api.w.org\/{rel}","templated":true}]}}