{"id":203,"date":"2022-01-11T21:24:58","date_gmt":"2022-01-11T20:24:58","guid":{"rendered":"http:\/\/naturyoga.com\/?post_type=product&#038;p=203"},"modified":"2025-02-11T12:08:52","modified_gmt":"2025-02-11T11:08:52","slug":"bloque-de-corcho","status":"publish","type":"product","link":"https:\/\/naturyoga.com\/en\/product\/bloque-de-corcho\/","title":{"rendered":"CORK BLOCK"},"content":{"rendered":"<p>Yoga block made of 100% natural cork. The perfect ally for a firm and stable session.<\/p>\n<p>Perfect, improve and go further in your daily practice.<\/p>\n<p>This yoga block made of 100% natural cork is designed to enhance your asanas.<\/p>\n<p class=\"translation-block\">Thanks to its firmness, it can improve your stability while you practise, given that it doesn\u2019t get compressed with bodyweight and makes you feel secure in your poses. Not to mention its lightness.<\/p>\n<p class=\"translation-block\">You can use it in several poses, both vertical and horizontal, and it provides great support if you\u2019re <strong>a beginner<\/strong>. This being said, however, it can also offer extra support in more <strong>advanced sessions<\/strong>, helping you to reach higher or to connect with the ground in a complex pose. Put its stability to the test in all three positions and see how far you can reach with this block that, thanks to the <strong>range of support <\/strong>it can offer, will become your greatest ally.<\/p>\n<p>Altamente recomendados en la pr\u00e1ctica de <strong>yoga restaurativo<\/strong>, ya que te ayudar\u00e1n a mantenerte en la forma correcta durante <strong>estiramientos pasivos<\/strong>.<\/p>\n<p class=\"translation-block\">Use it with a <span style=\"color: #3366ff\"><strong><a style=\"color: #3366ff\" href=\"https:\/\/naturyoga.com\/en\/product\/rueda-de-yoga\/\" target=\"_self\">Yoga Wheel<\/a><\/strong><\/span>.<\/p>\n<p>&nbsp;<\/p>\n<hr \/>\n<p class=\"translation-block\">Dimensions: 7.6 cm x 15.2 cm x 22.8 cm<br>\nWeight: 650-700g <br>\nMaterial: 100% natural cork<\/p>\n<blockquote class=\"wp-embedded-content\" data-secret=\"lQ5dOfFqni\"><p><a href=\"https:\/\/naturyoga.com\/en\/politica-de-uso-y-limpieza-de-materiales\/\">Pol\u00edtica de uso y limpieza de materiales<\/a><\/p><\/blockquote>\n<p><iframe class=\"wp-embedded-content\" sandbox=\"allow-scripts\" security=\"restricted\" style=\"position: absolute; visibility: hidden;\" title=\"\u00abPol\u00edtica de uso y limpieza de materiales\u00bb \u2014 Naturyoga\" src=\"https:\/\/naturyoga.com\/politica-de-uso-y-limpieza-de-materiales\/embed\/#?secret=Phr8Gg6Tk0#?secret=lQ5dOfFqni\" data-secret=\"lQ5dOfFqni\" width=\"600\" height=\"338\" frameborder=\"0\" marginwidth=\"0\" marginheight=\"0\" scrolling=\"no\"><\/iframe><\/p>","protected":false},"excerpt":{"rendered":"<p>Bloque de yoga de corcho 100% natural. El aliado perfecto para una pr\u00e1ctica firme y estable. Perfecciona, sup\u00e9rate, ve m\u00e1s all\u00e1 en tu pr\u00e1ctica diaria. Este bloque de yoga de corcho 100% natural est\u00e1 concebido para aportarte mucho m\u00e1s en tus asanas. Gracias a su firmeza consigue mejorar tu estabilidad durante la pr\u00e1ctica, puesto que [&hellip;]<\/p>\n","protected":false},"featured_media":1053,"template":"","meta":[],"product_brand":[],"product_cat":[36,122],"product_tag":[40,41,42],"class_list":{"0":"post-203","1":"product","2":"type-product","3":"status-publish","4":"has-post-thumbnail","6":"product_cat-accesorios-yoga","7":"product_cat-bloques-de-yoga","8":"product_tag-bloque","9":"product_tag-corcho","10":"product_tag-natural","12":"first","13":"instock","14":"sale","15":"taxable","16":"shipping-taxable","17":"purchasable","18":"product-type-simple"},"yoast_head":"<!-- This site is optimized with the Yoast SEO plugin v27.4 - https:\/\/yoast.com\/product\/yoast-seo-wordpress\/ -->\n<title>Bloque de corcho de yoga- Naturyoga<\/title>\n<meta name=\"description\" content=\"Gracias a la firmeza del bloque de corcho consigue mejorar tu estabilidad durante tu pr\u00e1ctica diaria de Yoga.\" \/>\n<meta name=\"robots\" content=\"index, follow, max-snippet:-1, max-image-preview:large, max-video-preview:-1\" \/>\n<link rel=\"canonical\" href=\"https:\/\/naturyoga.com\/en\/product\/bloque-de-corcho\/\" \/>\n<meta property=\"og:locale\" content=\"en_GB\" \/>\n<meta property=\"og:type\" content=\"article\" \/>\n<meta property=\"og:title\" content=\"Bloque de corcho de yoga- Naturyoga\" \/>\n<meta property=\"og:description\" content=\"Gracias a la firmeza del bloque de corcho consigue mejorar tu estabilidad durante tu pr\u00e1ctica diaria de Yoga.\" \/>\n<meta property=\"og:url\" content=\"https:\/\/naturyoga.com\/en\/product\/bloque-de-corcho\/\" \/>\n<meta property=\"og:site_name\" content=\"Naturyoga\" \/>\n<meta property=\"article:modified_time\" content=\"2025-02-11T11:08:52+00:00\" \/>\n<meta property=\"og:image\" content=\"https:\/\/naturyoga.com\/wp-content\/uploads\/NT-SB002_5.jpg\" \/>\n\t<meta property=\"og:image:width\" content=\"1004\" \/>\n\t<meta property=\"og:image:height\" content=\"1000\" \/>\n\t<meta property=\"og:image:type\" content=\"image\/jpeg\" \/>\n<meta name=\"twitter:card\" content=\"summary_large_image\" \/>\n<meta name=\"twitter:label1\" content=\"Estimated reading time\" \/>\n\t<meta name=\"twitter:data1\" content=\"2 minutes\" \/>\n<script type=\"application\/ld+json\" class=\"yoast-schema-graph\">{\"@context\":\"https:\\\/\\\/schema.org\",\"@graph\":[{\"@type\":\"WebPage\",\"@id\":\"https:\\\/\\\/naturyoga.com\\\/producto\\\/bloque-de-corcho\\\/\",\"url\":\"https:\\\/\\\/naturyoga.com\\\/producto\\\/bloque-de-corcho\\\/\",\"name\":\"Bloque de corcho de yoga- Naturyoga\",\"isPartOf\":{\"@id\":\"https:\\\/\\\/naturyoga.com\\\/#website\"},\"primaryImageOfPage\":{\"@id\":\"https:\\\/\\\/naturyoga.com\\\/producto\\\/bloque-de-corcho\\\/#primaryimage\"},\"image\":{\"@id\":\"https:\\\/\\\/naturyoga.com\\\/producto\\\/bloque-de-corcho\\\/#primaryimage\"},\"thumbnailUrl\":\"https:\\\/\\\/naturyoga.com\\\/wp-content\\\/uploads\\\/NT-SB002_5.jpg\",\"datePublished\":\"2022-01-11T20:24:58+00:00\",\"dateModified\":\"2025-02-11T11:08:52+00:00\",\"description\":\"Gracias a la firmeza del bloque de corcho consigue mejorar tu estabilidad durante tu pr\u00e1ctica diaria de Yoga.\",\"breadcrumb\":{\"@id\":\"https:\\\/\\\/naturyoga.com\\\/producto\\\/bloque-de-corcho\\\/#breadcrumb\"},\"inLanguage\":\"en-GB\",\"potentialAction\":[{\"@type\":\"ReadAction\",\"target\":[\"https:\\\/\\\/naturyoga.com\\\/producto\\\/bloque-de-corcho\\\/\"]}]},{\"@type\":\"ImageObject\",\"inLanguage\":\"en-GB\",\"@id\":\"https:\\\/\\\/naturyoga.com\\\/producto\\\/bloque-de-corcho\\\/#primaryimage\",\"url\":\"https:\\\/\\\/naturyoga.com\\\/wp-content\\\/uploads\\\/NT-SB002_5.jpg\",\"contentUrl\":\"https:\\\/\\\/naturyoga.com\\\/wp-content\\\/uploads\\\/NT-SB002_5.jpg\",\"width\":1004,\"height\":1000,\"caption\":\"bloque-corcho-yoga\"},{\"@type\":\"BreadcrumbList\",\"@id\":\"https:\\\/\\\/naturyoga.com\\\/producto\\\/bloque-de-corcho\\\/#breadcrumb\",\"itemListElement\":[{\"@type\":\"ListItem\",\"position\":1,\"name\":\"Portada\",\"item\":\"https:\\\/\\\/naturyoga.com\\\/\"},{\"@type\":\"ListItem\",\"position\":2,\"name\":\"Tienda\",\"item\":\"https:\\\/\\\/naturyoga.com\\\/tienda\\\/\"},{\"@type\":\"ListItem\",\"position\":3,\"name\":\"Bloque de corcho\"}]},{\"@type\":\"WebSite\",\"@id\":\"https:\\\/\\\/naturyoga.com\\\/#website\",\"url\":\"https:\\\/\\\/naturyoga.com\\\/\",\"name\":\"Naturyoga\",\"description\":\"Productos de Yoga: esterillas, bloques, silla Iyengar, rueda de Yoga, mantas\",\"publisher\":{\"@id\":\"https:\\\/\\\/naturyoga.com\\\/#organization\"},\"potentialAction\":[{\"@type\":\"SearchAction\",\"target\":{\"@type\":\"EntryPoint\",\"urlTemplate\":\"https:\\\/\\\/naturyoga.com\\\/?s={search_term_string}\"},\"query-input\":{\"@type\":\"PropertyValueSpecification\",\"valueRequired\":true,\"valueName\":\"search_term_string\"}}],\"inLanguage\":\"en-GB\"},{\"@type\":\"Organization\",\"@id\":\"https:\\\/\\\/naturyoga.com\\\/#organization\",\"name\":\"naturyoga\",\"url\":\"https:\\\/\\\/naturyoga.com\\\/\",\"logo\":{\"@type\":\"ImageObject\",\"inLanguage\":\"en-GB\",\"@id\":\"https:\\\/\\\/naturyoga.com\\\/#\\\/schema\\\/logo\\\/image\\\/\",\"url\":\"https:\\\/\\\/naturyoga.com\\\/wp-content\\\/uploads\\\/Logo-small.png\",\"contentUrl\":\"https:\\\/\\\/naturyoga.com\\\/wp-content\\\/uploads\\\/Logo-small.png\",\"width\":128,\"height\":48,\"caption\":\"naturyoga\"},\"image\":{\"@id\":\"https:\\\/\\\/naturyoga.com\\\/#\\\/schema\\\/logo\\\/image\\\/\"}}]}<\/script>\n<!-- \/ Yoast SEO plugin. -->","yoast_head_json":{"title":"Bloque de corcho de yoga- Naturyoga","description":"Gracias a la firmeza del bloque de corcho consigue mejorar tu estabilidad durante tu pr\u00e1ctica diaria de Yoga.","robots":{"index":"index","follow":"follow","max-snippet":"max-snippet:-1","max-image-preview":"max-image-preview:large","max-video-preview":"max-video-preview:-1"},"canonical":"https:\/\/naturyoga.com\/en\/product\/bloque-de-corcho\/","og_locale":"en_GB","og_type":"article","og_title":"Bloque de corcho de yoga- Naturyoga","og_description":"Gracias a la firmeza del bloque de corcho consigue mejorar tu estabilidad durante tu pr\u00e1ctica diaria de Yoga.","og_url":"https:\/\/naturyoga.com\/en\/product\/bloque-de-corcho\/","og_site_name":"Naturyoga","article_modified_time":"2025-02-11T11:08:52+00:00","og_image":[{"width":1004,"height":1000,"url":"https:\/\/naturyoga.com\/wp-content\/uploads\/NT-SB002_5.jpg","type":"image\/jpeg"}],"twitter_card":"summary_large_image","twitter_misc":{"Estimated reading time":"2 minutes"},"schema":{"@context":"https:\/\/schema.org","@graph":[{"@type":"WebPage","@id":"https:\/\/naturyoga.com\/producto\/bloque-de-corcho\/","url":"https:\/\/naturyoga.com\/producto\/bloque-de-corcho\/","name":"Bloque de corcho de yoga- Naturyoga","isPartOf":{"@id":"https:\/\/naturyoga.com\/#website"},"primaryImageOfPage":{"@id":"https:\/\/naturyoga.com\/producto\/bloque-de-corcho\/#primaryimage"},"image":{"@id":"https:\/\/naturyoga.com\/producto\/bloque-de-corcho\/#primaryimage"},"thumbnailUrl":"https:\/\/naturyoga.com\/wp-content\/uploads\/NT-SB002_5.jpg","datePublished":"2022-01-11T20:24:58+00:00","dateModified":"2025-02-11T11:08:52+00:00","description":"Gracias a la firmeza del bloque de corcho consigue mejorar tu estabilidad durante tu pr\u00e1ctica diaria de Yoga.","breadcrumb":{"@id":"https:\/\/naturyoga.com\/producto\/bloque-de-corcho\/#breadcrumb"},"inLanguage":"en-GB","potentialAction":[{"@type":"ReadAction","target":["https:\/\/naturyoga.com\/producto\/bloque-de-corcho\/"]}]},{"@type":"ImageObject","inLanguage":"en-GB","@id":"https:\/\/naturyoga.com\/producto\/bloque-de-corcho\/#primaryimage","url":"https:\/\/naturyoga.com\/wp-content\/uploads\/NT-SB002_5.jpg","contentUrl":"https:\/\/naturyoga.com\/wp-content\/uploads\/NT-SB002_5.jpg","width":1004,"height":1000,"caption":"bloque-corcho-yoga"},{"@type":"BreadcrumbList","@id":"https:\/\/naturyoga.com\/producto\/bloque-de-corcho\/#breadcrumb","itemListElement":[{"@type":"ListItem","position":1,"name":"Portada","item":"https:\/\/naturyoga.com\/"},{"@type":"ListItem","position":2,"name":"Tienda","item":"https:\/\/naturyoga.com\/tienda\/"},{"@type":"ListItem","position":3,"name":"Bloque de corcho"}]},{"@type":"WebSite","@id":"https:\/\/naturyoga.com\/#website","url":"https:\/\/naturyoga.com\/","name":"Naturyoga","description":"Productos de Yoga: esterillas, bloques, silla Iyengar, rueda de Yoga, mantas","publisher":{"@id":"https:\/\/naturyoga.com\/#organization"},"potentialAction":[{"@type":"SearchAction","target":{"@type":"EntryPoint","urlTemplate":"https:\/\/naturyoga.com\/?s={search_term_string}"},"query-input":{"@type":"PropertyValueSpecification","valueRequired":true,"valueName":"search_term_string"}}],"inLanguage":"en-GB"},{"@type":"Organization","@id":"https:\/\/naturyoga.com\/#organization","name":"naturyoga","url":"https:\/\/naturyoga.com\/","logo":{"@type":"ImageObject","inLanguage":"en-GB","@id":"https:\/\/naturyoga.com\/#\/schema\/logo\/image\/","url":"https:\/\/naturyoga.com\/wp-content\/uploads\/Logo-small.png","contentUrl":"https:\/\/naturyoga.com\/wp-content\/uploads\/Logo-small.png","width":128,"height":48,"caption":"naturyoga"},"image":{"@id":"https:\/\/naturyoga.com\/#\/schema\/logo\/image\/"}}]}},"jetpack_sharing_enabled":true,"_links":{"self":[{"href":"https:\/\/naturyoga.com\/en\/wp-json\/wp\/v2\/product\/203","targetHints":{"allow":["GET"]}}],"collection":[{"href":"https:\/\/naturyoga.com\/en\/wp-json\/wp\/v2\/product"}],"about":[{"href":"https:\/\/naturyoga.com\/en\/wp-json\/wp\/v2\/types\/product"}],"wp:featuredmedia":[{"embeddable":true,"href":"https:\/\/naturyoga.com\/en\/wp-json\/wp\/v2\/media\/1053"}],"wp:attachment":[{"href":"https:\/\/naturyoga.com\/en\/wp-json\/wp\/v2\/media?parent=203"}],"wp:term":[{"taxonomy":"product_brand","embeddable":true,"href":"https:\/\/naturyoga.com\/en\/wp-json\/wp\/v2\/product_brand?post=203"},{"taxonomy":"product_cat","embeddable":true,"href":"https:\/\/naturyoga.com\/en\/wp-json\/wp\/v2\/product_cat?post=203"},{"taxonomy":"product_tag","embeddable":true,"href":"https:\/\/naturyoga.com\/en\/wp-json\/wp\/v2\/product_tag?post=203"}],"curies":[{"name":"wp","href":"https:\/\/api.w.org\/{rel}","templated":true}]}}