{"id":197,"date":"2022-01-11T21:25:31","date_gmt":"2022-01-11T20:25:31","guid":{"rendered":"http:\/\/naturyoga.com\/?post_type=product&#038;p=197"},"modified":"2025-12-26T12:36:09","modified_gmt":"2025-12-26T11:36:09","slug":"rueda-de-yoga","status":"publish","type":"product","link":"https:\/\/naturyoga.com\/en\/product\/rueda-de-yoga\/","title":{"rendered":"YOGA WHEEL"},"content":{"rendered":"<p class=\"translation-block\">A <strong>Yoga wheel <\/strong>to reach all levels: from beginners to the most advanced, mastering all yoga practices.<\/p>\n<p class=\"translation-block\">Find out what a truly versatile session feels like thanks to our wheel. Take your daily practice to another level and see for yourself how this tool will help you improve your <strong>stretches and extensions.<\/strong><\/p>\n<p class=\"translation-block\">No matter your level, the wheel adapts to you. Coated with a soft and thin layer of slip-resistant foam, it will support you in<strong> back, shoulder, hip, abdomen and chest stretches.<\/strong><\/p>\n<p>It is, without a doubt, one of the most \u201cmulti-use\u201d tools available in the world of yoga, and with it you will progressively improve your flexibility, since it offers endless possibilities during your practice, whether it be static, dynamic or restorative.<\/p>\n<p class=\"translation-block\">The wheel\u2019s possibilities are practically<strong> infinite<\/strong> and it will help you to connect with your body on a level you can\u2019t even begin to imagine if you still haven\u2019t tried it.<\/p>\n<p>Experiment and have fun during your practice while it massages your body, helps your muscles to relax and improves your flexibility and balance day after day.<\/p>\n<p>&nbsp;<\/p>\n<hr \/>\n<p class=\"translation-block\">Dimensions: 32 cm x 13 cm\n <br>\nWith 6 mm of TPE<\/p>\n<blockquote class=\"wp-embedded-content\" data-secret=\"L1LpAxTssY\"><p><a href=\"https:\/\/naturyoga.com\/en\/politica-de-uso-y-limpieza-de-materiales\/\">Pol\u00edtica de uso y limpieza de materiales<\/a><\/p><\/blockquote>\n<p><iframe class=\"wp-embedded-content\" sandbox=\"allow-scripts\" security=\"restricted\" style=\"position: absolute; visibility: hidden;\" title=\"\u00abPol\u00edtica de uso y limpieza de materiales\u00bb \u2014 Naturyoga\" src=\"https:\/\/naturyoga.com\/politica-de-uso-y-limpieza-de-materiales\/embed\/#?secret=tteaopshBb#?secret=L1LpAxTssY\" data-secret=\"L1LpAxTssY\" width=\"600\" height=\"338\" frameborder=\"0\" marginwidth=\"0\" marginheight=\"0\" scrolling=\"no\"><\/iframe><\/p>","protected":false},"excerpt":{"rendered":"<p>Rueda de Yoga para llegar a todos los niveles; desde iniciaci\u00f3n hasta el m\u00e1s avanzado y conquistar todas las pr\u00e1cticas de yoga. Descubre c\u00f3mo es una pr\u00e1ctica verdaderamente vers\u00e1til gracias a nuestra rueda. Ve m\u00e1s all\u00e1 en tu pr\u00e1ctica diaria y comprueba c\u00f3mo esta herramienta te ayuda a mejorar en tus estiramientos y extensiones. No [&hellip;]<\/p>\n","protected":false},"featured_media":3249,"template":"","meta":[],"product_brand":[],"product_cat":[36],"product_tag":[29,39,38],"class_list":{"0":"post-197","1":"product","2":"type-product","3":"status-publish","4":"has-post-thumbnail","6":"product_cat-accesorios-yoga","7":"product_tag-antideslizante","8":"product_tag-estiramientos","9":"product_tag-rueda","11":"first","12":"outofstock","13":"sale","14":"taxable","15":"shipping-taxable","16":"purchasable","17":"product-type-simple"},"yoast_head":"<!-- This site is optimized with the Yoast SEO plugin v27.4 - https:\/\/yoast.com\/product\/yoast-seo-wordpress\/ -->\n<title>Rueda de yoga - Naturyoga<\/title>\n<meta name=\"description\" content=\"Rueda o aro de Yoga para llegar a todos los niveles; desde iniciaci\u00f3n hasta el m\u00e1s avanzado y conquistar todas las pr\u00e1cticas de yoga.\" \/>\n<meta name=\"robots\" content=\"index, follow, max-snippet:-1, max-image-preview:large, max-video-preview:-1\" \/>\n<link rel=\"canonical\" href=\"https:\/\/naturyoga.com\/en\/product\/rueda-de-yoga\/\" \/>\n<meta property=\"og:locale\" content=\"en_GB\" \/>\n<meta property=\"og:type\" content=\"article\" \/>\n<meta property=\"og:title\" content=\"Rueda de yoga - Naturyoga\" \/>\n<meta property=\"og:description\" content=\"Rueda o aro de Yoga para llegar a todos los niveles; desde iniciaci\u00f3n hasta el m\u00e1s avanzado y conquistar todas las pr\u00e1cticas de yoga.\" \/>\n<meta property=\"og:url\" content=\"https:\/\/naturyoga.com\/en\/product\/rueda-de-yoga\/\" \/>\n<meta property=\"og:site_name\" content=\"Naturyoga\" \/>\n<meta property=\"article:modified_time\" content=\"2025-12-26T11:36:09+00:00\" \/>\n<meta property=\"og:image\" content=\"https:\/\/naturyoga.com\/wp-content\/uploads\/4-4.png\" \/>\n\t<meta property=\"og:image:width\" content=\"1080\" \/>\n\t<meta property=\"og:image:height\" content=\"1080\" \/>\n\t<meta property=\"og:image:type\" content=\"image\/png\" \/>\n<meta name=\"twitter:card\" content=\"summary_large_image\" \/>\n<meta name=\"twitter:label1\" content=\"Estimated reading time\" \/>\n\t<meta name=\"twitter:data1\" content=\"2 minutes\" \/>\n<script type=\"application\/ld+json\" class=\"yoast-schema-graph\">{\"@context\":\"https:\\\/\\\/schema.org\",\"@graph\":[{\"@type\":\"WebPage\",\"@id\":\"https:\\\/\\\/naturyoga.com\\\/producto\\\/rueda-de-yoga\\\/\",\"url\":\"https:\\\/\\\/naturyoga.com\\\/producto\\\/rueda-de-yoga\\\/\",\"name\":\"Rueda de yoga - Naturyoga\",\"isPartOf\":{\"@id\":\"https:\\\/\\\/naturyoga.com\\\/#website\"},\"primaryImageOfPage\":{\"@id\":\"https:\\\/\\\/naturyoga.com\\\/producto\\\/rueda-de-yoga\\\/#primaryimage\"},\"image\":{\"@id\":\"https:\\\/\\\/naturyoga.com\\\/producto\\\/rueda-de-yoga\\\/#primaryimage\"},\"thumbnailUrl\":\"https:\\\/\\\/naturyoga.com\\\/wp-content\\\/uploads\\\/4-4.png\",\"datePublished\":\"2022-01-11T20:25:31+00:00\",\"dateModified\":\"2025-12-26T11:36:09+00:00\",\"description\":\"Rueda o aro de Yoga para llegar a todos los niveles; desde iniciaci\u00f3n hasta el m\u00e1s avanzado y conquistar todas las pr\u00e1cticas de yoga.\",\"breadcrumb\":{\"@id\":\"https:\\\/\\\/naturyoga.com\\\/producto\\\/rueda-de-yoga\\\/#breadcrumb\"},\"inLanguage\":\"en-GB\",\"potentialAction\":[{\"@type\":\"ReadAction\",\"target\":[\"https:\\\/\\\/naturyoga.com\\\/producto\\\/rueda-de-yoga\\\/\"]}]},{\"@type\":\"ImageObject\",\"inLanguage\":\"en-GB\",\"@id\":\"https:\\\/\\\/naturyoga.com\\\/producto\\\/rueda-de-yoga\\\/#primaryimage\",\"url\":\"https:\\\/\\\/naturyoga.com\\\/wp-content\\\/uploads\\\/4-4.png\",\"contentUrl\":\"https:\\\/\\\/naturyoga.com\\\/wp-content\\\/uploads\\\/4-4.png\",\"width\":1080,\"height\":1080,\"caption\":\"rueda-yoga-aro\"},{\"@type\":\"BreadcrumbList\",\"@id\":\"https:\\\/\\\/naturyoga.com\\\/producto\\\/rueda-de-yoga\\\/#breadcrumb\",\"itemListElement\":[{\"@type\":\"ListItem\",\"position\":1,\"name\":\"Portada\",\"item\":\"https:\\\/\\\/naturyoga.com\\\/\"},{\"@type\":\"ListItem\",\"position\":2,\"name\":\"Tienda\",\"item\":\"https:\\\/\\\/naturyoga.com\\\/tienda\\\/\"},{\"@type\":\"ListItem\",\"position\":3,\"name\":\"Rueda de yoga\"}]},{\"@type\":\"WebSite\",\"@id\":\"https:\\\/\\\/naturyoga.com\\\/#website\",\"url\":\"https:\\\/\\\/naturyoga.com\\\/\",\"name\":\"Naturyoga\",\"description\":\"Productos de Yoga: esterillas, bloques, silla Iyengar, rueda de Yoga, mantas\",\"publisher\":{\"@id\":\"https:\\\/\\\/naturyoga.com\\\/#organization\"},\"potentialAction\":[{\"@type\":\"SearchAction\",\"target\":{\"@type\":\"EntryPoint\",\"urlTemplate\":\"https:\\\/\\\/naturyoga.com\\\/?s={search_term_string}\"},\"query-input\":{\"@type\":\"PropertyValueSpecification\",\"valueRequired\":true,\"valueName\":\"search_term_string\"}}],\"inLanguage\":\"en-GB\"},{\"@type\":\"Organization\",\"@id\":\"https:\\\/\\\/naturyoga.com\\\/#organization\",\"name\":\"naturyoga\",\"url\":\"https:\\\/\\\/naturyoga.com\\\/\",\"logo\":{\"@type\":\"ImageObject\",\"inLanguage\":\"en-GB\",\"@id\":\"https:\\\/\\\/naturyoga.com\\\/#\\\/schema\\\/logo\\\/image\\\/\",\"url\":\"https:\\\/\\\/naturyoga.com\\\/wp-content\\\/uploads\\\/Logo-small.png\",\"contentUrl\":\"https:\\\/\\\/naturyoga.com\\\/wp-content\\\/uploads\\\/Logo-small.png\",\"width\":128,\"height\":48,\"caption\":\"naturyoga\"},\"image\":{\"@id\":\"https:\\\/\\\/naturyoga.com\\\/#\\\/schema\\\/logo\\\/image\\\/\"}}]}<\/script>\n<!-- \/ Yoast SEO plugin. -->","yoast_head_json":{"title":"Rueda de yoga - Naturyoga","description":"Rueda o aro de Yoga para llegar a todos los niveles; desde iniciaci\u00f3n hasta el m\u00e1s avanzado y conquistar todas las pr\u00e1cticas de yoga.","robots":{"index":"index","follow":"follow","max-snippet":"max-snippet:-1","max-image-preview":"max-image-preview:large","max-video-preview":"max-video-preview:-1"},"canonical":"https:\/\/naturyoga.com\/en\/product\/rueda-de-yoga\/","og_locale":"en_GB","og_type":"article","og_title":"Rueda de yoga - Naturyoga","og_description":"Rueda o aro de Yoga para llegar a todos los niveles; desde iniciaci\u00f3n hasta el m\u00e1s avanzado y conquistar todas las pr\u00e1cticas de yoga.","og_url":"https:\/\/naturyoga.com\/en\/product\/rueda-de-yoga\/","og_site_name":"Naturyoga","article_modified_time":"2025-12-26T11:36:09+00:00","og_image":[{"width":1080,"height":1080,"url":"https:\/\/naturyoga.com\/wp-content\/uploads\/4-4.png","type":"image\/png"}],"twitter_card":"summary_large_image","twitter_misc":{"Estimated reading time":"2 minutes"},"schema":{"@context":"https:\/\/schema.org","@graph":[{"@type":"WebPage","@id":"https:\/\/naturyoga.com\/producto\/rueda-de-yoga\/","url":"https:\/\/naturyoga.com\/producto\/rueda-de-yoga\/","name":"Rueda de yoga - Naturyoga","isPartOf":{"@id":"https:\/\/naturyoga.com\/#website"},"primaryImageOfPage":{"@id":"https:\/\/naturyoga.com\/producto\/rueda-de-yoga\/#primaryimage"},"image":{"@id":"https:\/\/naturyoga.com\/producto\/rueda-de-yoga\/#primaryimage"},"thumbnailUrl":"https:\/\/naturyoga.com\/wp-content\/uploads\/4-4.png","datePublished":"2022-01-11T20:25:31+00:00","dateModified":"2025-12-26T11:36:09+00:00","description":"Rueda o aro de Yoga para llegar a todos los niveles; desde iniciaci\u00f3n hasta el m\u00e1s avanzado y conquistar todas las pr\u00e1cticas de yoga.","breadcrumb":{"@id":"https:\/\/naturyoga.com\/producto\/rueda-de-yoga\/#breadcrumb"},"inLanguage":"en-GB","potentialAction":[{"@type":"ReadAction","target":["https:\/\/naturyoga.com\/producto\/rueda-de-yoga\/"]}]},{"@type":"ImageObject","inLanguage":"en-GB","@id":"https:\/\/naturyoga.com\/producto\/rueda-de-yoga\/#primaryimage","url":"https:\/\/naturyoga.com\/wp-content\/uploads\/4-4.png","contentUrl":"https:\/\/naturyoga.com\/wp-content\/uploads\/4-4.png","width":1080,"height":1080,"caption":"rueda-yoga-aro"},{"@type":"BreadcrumbList","@id":"https:\/\/naturyoga.com\/producto\/rueda-de-yoga\/#breadcrumb","itemListElement":[{"@type":"ListItem","position":1,"name":"Portada","item":"https:\/\/naturyoga.com\/"},{"@type":"ListItem","position":2,"name":"Tienda","item":"https:\/\/naturyoga.com\/tienda\/"},{"@type":"ListItem","position":3,"name":"Rueda de yoga"}]},{"@type":"WebSite","@id":"https:\/\/naturyoga.com\/#website","url":"https:\/\/naturyoga.com\/","name":"Naturyoga","description":"Productos de Yoga: esterillas, bloques, silla Iyengar, rueda de Yoga, mantas","publisher":{"@id":"https:\/\/naturyoga.com\/#organization"},"potentialAction":[{"@type":"SearchAction","target":{"@type":"EntryPoint","urlTemplate":"https:\/\/naturyoga.com\/?s={search_term_string}"},"query-input":{"@type":"PropertyValueSpecification","valueRequired":true,"valueName":"search_term_string"}}],"inLanguage":"en-GB"},{"@type":"Organization","@id":"https:\/\/naturyoga.com\/#organization","name":"naturyoga","url":"https:\/\/naturyoga.com\/","logo":{"@type":"ImageObject","inLanguage":"en-GB","@id":"https:\/\/naturyoga.com\/#\/schema\/logo\/image\/","url":"https:\/\/naturyoga.com\/wp-content\/uploads\/Logo-small.png","contentUrl":"https:\/\/naturyoga.com\/wp-content\/uploads\/Logo-small.png","width":128,"height":48,"caption":"naturyoga"},"image":{"@id":"https:\/\/naturyoga.com\/#\/schema\/logo\/image\/"}}]}},"jetpack_sharing_enabled":true,"_links":{"self":[{"href":"https:\/\/naturyoga.com\/en\/wp-json\/wp\/v2\/product\/197","targetHints":{"allow":["GET"]}}],"collection":[{"href":"https:\/\/naturyoga.com\/en\/wp-json\/wp\/v2\/product"}],"about":[{"href":"https:\/\/naturyoga.com\/en\/wp-json\/wp\/v2\/types\/product"}],"wp:featuredmedia":[{"embeddable":true,"href":"https:\/\/naturyoga.com\/en\/wp-json\/wp\/v2\/media\/3249"}],"wp:attachment":[{"href":"https:\/\/naturyoga.com\/en\/wp-json\/wp\/v2\/media?parent=197"}],"wp:term":[{"taxonomy":"product_brand","embeddable":true,"href":"https:\/\/naturyoga.com\/en\/wp-json\/wp\/v2\/product_brand?post=197"},{"taxonomy":"product_cat","embeddable":true,"href":"https:\/\/naturyoga.com\/en\/wp-json\/wp\/v2\/product_cat?post=197"},{"taxonomy":"product_tag","embeddable":true,"href":"https:\/\/naturyoga.com\/en\/wp-json\/wp\/v2\/product_tag?post=197"}],"curies":[{"name":"wp","href":"https:\/\/api.w.org\/{rel}","templated":true}]}}