{"id":1946,"date":"2022-09-15T23:50:03","date_gmt":"2022-09-15T22:50:03","guid":{"rendered":"https:\/\/naturyoga.com\/?post_type=product&#038;p=1946"},"modified":"2025-04-25T12:37:28","modified_gmt":"2025-04-25T11:37:28","slug":"cinturon-de-yoga","status":"publish","type":"product","link":"https:\/\/naturyoga.com\/en\/product\/cinturon-de-yoga\/","title":{"rendered":"YOGA BELT"},"content":{"rendered":"<p>We give you the most useful Yoga tool \u2013 the yoga belt!<\/p>\n<p>The Yoga belt is an essential tool for every yogi, since it can adapt the poses for beginners, make advanced students feel certain movements more deeply and also adjust certain relaxation poses.<\/p>\n<p class=\"translation-block\">Use it with a bamboo block \u2013<span style=\"color: #0000ff\"><strong><a style=\"color: #0000ff\" href=\"https:\/\/naturyoga.com\/en\/product\/bloque-de-bambu\/\" target=\"_self\"> click here<\/a><\/strong><\/span>.<\/p>\n<hr \/>\n<p>Lenght - 3m<\/p>\n<p>Width \u2013 3.8 cm<\/p>\n<p>Material: metal, cotton.<\/p>\n<blockquote class=\"wp-embedded-content\" data-secret=\"nSNe8QMD6q\"><p><a href=\"https:\/\/naturyoga.com\/en\/politica-de-uso-y-limpieza-de-materiales\/\">Pol\u00edtica de uso y limpieza de materiales<\/a><\/p><\/blockquote>\n<p><iframe class=\"wp-embedded-content\" sandbox=\"allow-scripts\" security=\"restricted\" style=\"position: absolute; visibility: hidden;\" title=\"\u00abPol\u00edtica de uso y limpieza de materiales\u00bb \u2014 Naturyoga\" src=\"https:\/\/naturyoga.com\/politica-de-uso-y-limpieza-de-materiales\/embed\/#?secret=OVvZg3HMck#?secret=nSNe8QMD6q\" data-secret=\"nSNe8QMD6q\" width=\"600\" height=\"338\" frameborder=\"0\" marginwidth=\"0\" marginheight=\"0\" scrolling=\"no\"><\/iframe><\/p>","protected":false},"excerpt":{"rendered":"<p>Os presentamos la herramienta m\u00e1s utilizable que existe en Yoga &#8211; un cintur\u00f3n de yoga! El cintur\u00f3n de Yoga es una parte imprescindible para cada Yoguis, al pesar que puede adaptar las posturas para principiantes, hacer sentir unas partes m\u00e1s profundas para alumnos avanzados y adem\u00e1s ajustar unas posturas de relajaci\u00f3n. Util\u00edzalo junto con los [&hellip;]<\/p>\n","protected":false},"featured_media":5324,"template":"","meta":[],"product_brand":[],"product_cat":[36,119],"product_tag":[],"class_list":{"0":"post-1946","1":"product","2":"type-product","3":"status-publish","4":"has-post-thumbnail","6":"product_cat-accesorios-yoga","7":"product_cat-producto-de-regalo","9":"first","10":"instock","11":"sale","12":"taxable","13":"shipping-taxable","14":"purchasable","15":"product-type-simple"},"yoast_head":"<!-- This site is optimized with the Yoast SEO plugin v27.4 - https:\/\/yoast.com\/product\/yoast-seo-wordpress\/ -->\n<title>Cintur\u00f3n de yoga Iyengar, largo de 3 metros - naturyoga<\/title>\n<meta name=\"description\" content=\"Cintur\u00f3n de yoga con la medida Iyengar de 3 metros, con hebilla y la goma de sujeci\u00f3n del mismo. Herramienta imprescindible para cada Yoguis.\" \/>\n<meta name=\"robots\" content=\"index, follow, max-snippet:-1, max-image-preview:large, max-video-preview:-1\" \/>\n<link rel=\"canonical\" href=\"https:\/\/naturyoga.com\/en\/product\/cinturon-de-yoga\/\" \/>\n<meta property=\"og:locale\" content=\"en_GB\" \/>\n<meta property=\"og:type\" content=\"article\" \/>\n<meta property=\"og:title\" content=\"Cintur\u00f3n de yoga Iyengar, largo de 3 metros - naturyoga\" \/>\n<meta property=\"og:description\" content=\"Cintur\u00f3n de yoga con la medida Iyengar de 3 metros, con hebilla y la goma de sujeci\u00f3n del mismo. Herramienta imprescindible para cada Yoguis.\" \/>\n<meta property=\"og:url\" content=\"https:\/\/naturyoga.com\/en\/product\/cinturon-de-yoga\/\" \/>\n<meta property=\"og:site_name\" content=\"Naturyoga\" \/>\n<meta property=\"article:modified_time\" content=\"2025-04-25T11:37:28+00:00\" \/>\n<meta property=\"og:image\" content=\"https:\/\/naturyoga.com\/wp-content\/uploads\/1-23-1024x1024.png\" \/>\n\t<meta property=\"og:image:width\" content=\"1024\" \/>\n\t<meta property=\"og:image:height\" content=\"1024\" \/>\n\t<meta property=\"og:image:type\" content=\"image\/png\" \/>\n<meta name=\"twitter:card\" content=\"summary_large_image\" \/>\n<meta name=\"twitter:label1\" content=\"Estimated reading time\" \/>\n\t<meta name=\"twitter:data1\" content=\"1 minute\" \/>\n<script type=\"application\/ld+json\" class=\"yoast-schema-graph\">{\"@context\":\"https:\\\/\\\/schema.org\",\"@graph\":[{\"@type\":\"WebPage\",\"@id\":\"https:\\\/\\\/naturyoga.com\\\/producto\\\/cinturon-de-yoga\\\/\",\"url\":\"https:\\\/\\\/naturyoga.com\\\/producto\\\/cinturon-de-yoga\\\/\",\"name\":\"Cintur\u00f3n de yoga Iyengar, largo de 3 metros - naturyoga\",\"isPartOf\":{\"@id\":\"https:\\\/\\\/naturyoga.com\\\/#website\"},\"primaryImageOfPage\":{\"@id\":\"https:\\\/\\\/naturyoga.com\\\/producto\\\/cinturon-de-yoga\\\/#primaryimage\"},\"image\":{\"@id\":\"https:\\\/\\\/naturyoga.com\\\/producto\\\/cinturon-de-yoga\\\/#primaryimage\"},\"thumbnailUrl\":\"https:\\\/\\\/naturyoga.com\\\/wp-content\\\/uploads\\\/1-23.png\",\"datePublished\":\"2022-09-15T22:50:03+00:00\",\"dateModified\":\"2025-04-25T11:37:28+00:00\",\"description\":\"Cintur\u00f3n de yoga con la medida Iyengar de 3 metros, con hebilla y la goma de sujeci\u00f3n del mismo. Herramienta imprescindible para cada Yoguis.\",\"breadcrumb\":{\"@id\":\"https:\\\/\\\/naturyoga.com\\\/producto\\\/cinturon-de-yoga\\\/#breadcrumb\"},\"inLanguage\":\"en-GB\",\"potentialAction\":[{\"@type\":\"ReadAction\",\"target\":[\"https:\\\/\\\/naturyoga.com\\\/producto\\\/cinturon-de-yoga\\\/\"]}]},{\"@type\":\"ImageObject\",\"inLanguage\":\"en-GB\",\"@id\":\"https:\\\/\\\/naturyoga.com\\\/producto\\\/cinturon-de-yoga\\\/#primaryimage\",\"url\":\"https:\\\/\\\/naturyoga.com\\\/wp-content\\\/uploads\\\/1-23.png\",\"contentUrl\":\"https:\\\/\\\/naturyoga.com\\\/wp-content\\\/uploads\\\/1-23.png\",\"width\":1080,\"height\":1080,\"caption\":\"CINTURON-YOGA\"},{\"@type\":\"BreadcrumbList\",\"@id\":\"https:\\\/\\\/naturyoga.com\\\/producto\\\/cinturon-de-yoga\\\/#breadcrumb\",\"itemListElement\":[{\"@type\":\"ListItem\",\"position\":1,\"name\":\"Portada\",\"item\":\"https:\\\/\\\/naturyoga.com\\\/\"},{\"@type\":\"ListItem\",\"position\":2,\"name\":\"Tienda\",\"item\":\"https:\\\/\\\/naturyoga.com\\\/tienda\\\/\"},{\"@type\":\"ListItem\",\"position\":3,\"name\":\"Cintur\u00f3n de Yoga\"}]},{\"@type\":\"WebSite\",\"@id\":\"https:\\\/\\\/naturyoga.com\\\/#website\",\"url\":\"https:\\\/\\\/naturyoga.com\\\/\",\"name\":\"Naturyoga\",\"description\":\"Productos de Yoga: esterillas, bloques, silla Iyengar, rueda de Yoga, mantas\",\"publisher\":{\"@id\":\"https:\\\/\\\/naturyoga.com\\\/#organization\"},\"potentialAction\":[{\"@type\":\"SearchAction\",\"target\":{\"@type\":\"EntryPoint\",\"urlTemplate\":\"https:\\\/\\\/naturyoga.com\\\/?s={search_term_string}\"},\"query-input\":{\"@type\":\"PropertyValueSpecification\",\"valueRequired\":true,\"valueName\":\"search_term_string\"}}],\"inLanguage\":\"en-GB\"},{\"@type\":\"Organization\",\"@id\":\"https:\\\/\\\/naturyoga.com\\\/#organization\",\"name\":\"naturyoga\",\"url\":\"https:\\\/\\\/naturyoga.com\\\/\",\"logo\":{\"@type\":\"ImageObject\",\"inLanguage\":\"en-GB\",\"@id\":\"https:\\\/\\\/naturyoga.com\\\/#\\\/schema\\\/logo\\\/image\\\/\",\"url\":\"https:\\\/\\\/naturyoga.com\\\/wp-content\\\/uploads\\\/Logo-small.png\",\"contentUrl\":\"https:\\\/\\\/naturyoga.com\\\/wp-content\\\/uploads\\\/Logo-small.png\",\"width\":128,\"height\":48,\"caption\":\"naturyoga\"},\"image\":{\"@id\":\"https:\\\/\\\/naturyoga.com\\\/#\\\/schema\\\/logo\\\/image\\\/\"}}]}<\/script>\n<!-- \/ Yoast SEO plugin. -->","yoast_head_json":{"title":"Cintur\u00f3n de yoga Iyengar, largo de 3 metros - naturyoga","description":"Cintur\u00f3n de yoga con la medida Iyengar de 3 metros, con hebilla y la goma de sujeci\u00f3n del mismo. Herramienta imprescindible para cada Yoguis.","robots":{"index":"index","follow":"follow","max-snippet":"max-snippet:-1","max-image-preview":"max-image-preview:large","max-video-preview":"max-video-preview:-1"},"canonical":"https:\/\/naturyoga.com\/en\/product\/cinturon-de-yoga\/","og_locale":"en_GB","og_type":"article","og_title":"Cintur\u00f3n de yoga Iyengar, largo de 3 metros - naturyoga","og_description":"Cintur\u00f3n de yoga con la medida Iyengar de 3 metros, con hebilla y la goma de sujeci\u00f3n del mismo. Herramienta imprescindible para cada Yoguis.","og_url":"https:\/\/naturyoga.com\/en\/product\/cinturon-de-yoga\/","og_site_name":"Naturyoga","article_modified_time":"2025-04-25T11:37:28+00:00","og_image":[{"width":1024,"height":1024,"url":"https:\/\/naturyoga.com\/wp-content\/uploads\/1-23-1024x1024.png","type":"image\/png"}],"twitter_card":"summary_large_image","twitter_misc":{"Estimated reading time":"1 minute"},"schema":{"@context":"https:\/\/schema.org","@graph":[{"@type":"WebPage","@id":"https:\/\/naturyoga.com\/producto\/cinturon-de-yoga\/","url":"https:\/\/naturyoga.com\/producto\/cinturon-de-yoga\/","name":"Cintur\u00f3n de yoga Iyengar, largo de 3 metros - naturyoga","isPartOf":{"@id":"https:\/\/naturyoga.com\/#website"},"primaryImageOfPage":{"@id":"https:\/\/naturyoga.com\/producto\/cinturon-de-yoga\/#primaryimage"},"image":{"@id":"https:\/\/naturyoga.com\/producto\/cinturon-de-yoga\/#primaryimage"},"thumbnailUrl":"https:\/\/naturyoga.com\/wp-content\/uploads\/1-23.png","datePublished":"2022-09-15T22:50:03+00:00","dateModified":"2025-04-25T11:37:28+00:00","description":"Cintur\u00f3n de yoga con la medida Iyengar de 3 metros, con hebilla y la goma de sujeci\u00f3n del mismo. Herramienta imprescindible para cada Yoguis.","breadcrumb":{"@id":"https:\/\/naturyoga.com\/producto\/cinturon-de-yoga\/#breadcrumb"},"inLanguage":"en-GB","potentialAction":[{"@type":"ReadAction","target":["https:\/\/naturyoga.com\/producto\/cinturon-de-yoga\/"]}]},{"@type":"ImageObject","inLanguage":"en-GB","@id":"https:\/\/naturyoga.com\/producto\/cinturon-de-yoga\/#primaryimage","url":"https:\/\/naturyoga.com\/wp-content\/uploads\/1-23.png","contentUrl":"https:\/\/naturyoga.com\/wp-content\/uploads\/1-23.png","width":1080,"height":1080,"caption":"CINTURON-YOGA"},{"@type":"BreadcrumbList","@id":"https:\/\/naturyoga.com\/producto\/cinturon-de-yoga\/#breadcrumb","itemListElement":[{"@type":"ListItem","position":1,"name":"Portada","item":"https:\/\/naturyoga.com\/"},{"@type":"ListItem","position":2,"name":"Tienda","item":"https:\/\/naturyoga.com\/tienda\/"},{"@type":"ListItem","position":3,"name":"Cintur\u00f3n de Yoga"}]},{"@type":"WebSite","@id":"https:\/\/naturyoga.com\/#website","url":"https:\/\/naturyoga.com\/","name":"Naturyoga","description":"Productos de Yoga: esterillas, bloques, silla Iyengar, rueda de Yoga, mantas","publisher":{"@id":"https:\/\/naturyoga.com\/#organization"},"potentialAction":[{"@type":"SearchAction","target":{"@type":"EntryPoint","urlTemplate":"https:\/\/naturyoga.com\/?s={search_term_string}"},"query-input":{"@type":"PropertyValueSpecification","valueRequired":true,"valueName":"search_term_string"}}],"inLanguage":"en-GB"},{"@type":"Organization","@id":"https:\/\/naturyoga.com\/#organization","name":"naturyoga","url":"https:\/\/naturyoga.com\/","logo":{"@type":"ImageObject","inLanguage":"en-GB","@id":"https:\/\/naturyoga.com\/#\/schema\/logo\/image\/","url":"https:\/\/naturyoga.com\/wp-content\/uploads\/Logo-small.png","contentUrl":"https:\/\/naturyoga.com\/wp-content\/uploads\/Logo-small.png","width":128,"height":48,"caption":"naturyoga"},"image":{"@id":"https:\/\/naturyoga.com\/#\/schema\/logo\/image\/"}}]}},"jetpack_sharing_enabled":true,"_links":{"self":[{"href":"https:\/\/naturyoga.com\/en\/wp-json\/wp\/v2\/product\/1946","targetHints":{"allow":["GET"]}}],"collection":[{"href":"https:\/\/naturyoga.com\/en\/wp-json\/wp\/v2\/product"}],"about":[{"href":"https:\/\/naturyoga.com\/en\/wp-json\/wp\/v2\/types\/product"}],"wp:featuredmedia":[{"embeddable":true,"href":"https:\/\/naturyoga.com\/en\/wp-json\/wp\/v2\/media\/5324"}],"wp:attachment":[{"href":"https:\/\/naturyoga.com\/en\/wp-json\/wp\/v2\/media?parent=1946"}],"wp:term":[{"taxonomy":"product_brand","embeddable":true,"href":"https:\/\/naturyoga.com\/en\/wp-json\/wp\/v2\/product_brand?post=1946"},{"taxonomy":"product_cat","embeddable":true,"href":"https:\/\/naturyoga.com\/en\/wp-json\/wp\/v2\/product_cat?post=1946"},{"taxonomy":"product_tag","embeddable":true,"href":"https:\/\/naturyoga.com\/en\/wp-json\/wp\/v2\/product_tag?post=1946"}],"curies":[{"name":"wp","href":"https:\/\/api.w.org\/{rel}","templated":true}]}}