{"id":192,"date":"2022-01-11T21:25:41","date_gmt":"2022-01-11T20:25:41","guid":{"rendered":"http:\/\/naturyoga.com\/?post_type=product&#038;p=192"},"modified":"2026-05-15T10:14:28","modified_gmt":"2026-05-15T08:14:28","slug":"manta-de-yoga","status":"publish","type":"product","link":"https:\/\/naturyoga.com\/en\/product\/manta-de-yoga\/","title":{"rendered":"Manta De Yoga"},"content":{"rendered":"<p>Get the most out of its versatility and use it however you need.<\/p>\n<p class=\"translation-block\">The Yoga Blanket <strong>aligns your pose <\/strong>thanks to the firmness and stability it will bring to your asanas. Use it for <strong>Iyengar<\/strong> or <strong>restorative yoga.<\/strong><\/p>\n<p>It\u2019s not just a blanket. It is simple, without a doubt, but it\u2019s sure not basic.<\/p>\n<p class=\"translation-block\">A soft support to <\/strong>protect your bones and joints<\/strong>, without compromising the firmness and stability you need in your asanas. Highly recommended for practising <strong>Iyengar Yoga<\/strong>. It will support your poses and, whether you use it rolled up or folded, it will act as a soft block or support for your shoulders and back.<\/p>\n<p class=\"translation-block\">It will offer you <strong>great support<\/strong> during your practice from beginning to end, acting as a soft object. It is also useful during Savasana. During the relaxation phase, it is essential to maintain your body heat in order to help your body to fully relax.<\/p>\n<p class=\"translation-block\">Our blanket will help you get the most out of your practice, allowing you to finish by entering a <strong>deep state of relaxation<\/strong> and maintaining your body\u2019s balance.<\/p>\n<p class=\"translation-block\">Use it with  <a href=\"https:\/\/naturyoga.com\/en\/product\/bloque-pino\/\" target=\"_self\"><span style=\"color: #3366ff\">pine blocks<\/span><\/a>.<\/p>\n<blockquote class=\"wp-embedded-content\" data-secret=\"wgvB1mVVOW\"><p><a href=\"https:\/\/naturyoga.com\/en\/politica-de-uso-y-limpieza-de-materiales\/\">Pol\u00edtica de uso y limpieza de materiales<\/a><\/p><\/blockquote>\n<p><iframe class=\"wp-embedded-content\" sandbox=\"allow-scripts\" security=\"restricted\" style=\"position: absolute; visibility: hidden;\" title=\"\u00abPol\u00edtica de uso y limpieza de materiales\u00bb \u2014 Naturyoga\" src=\"https:\/\/naturyoga.com\/politica-de-uso-y-limpieza-de-materiales\/embed\/#?secret=r1rUDqx26c#?secret=wgvB1mVVOW\" data-secret=\"wgvB1mVVOW\" width=\"600\" height=\"338\" frameborder=\"0\" marginwidth=\"0\" marginheight=\"0\" scrolling=\"no\"><\/iframe><\/p>\n<hr \/>\n<p>El color de las l\u00edneas de las mantas <strong>puede variar<\/strong>, ya que est\u00e1n hechas de las fibras recicladas.<\/p>\n<p>Fibras recicladas 100%<\/p>\n<p>90% acr\u00edlico 10% poliester<\/p>\n<p>Tama\u00f1o: 140 cm x 200 cm<\/p>\n<p>Peso: 1.5kg<\/p>","protected":false},"excerpt":{"rendered":"<p>S\u00e1cale m\u00e1ximo partido a su versatilidad y \u00fasala como necesites. Manta de Yoga alinea tu postura gracias a la firmeza y estabilidad que proporcionar\u00e1 a tus asanas. Utilizala en estilo Iyengar o en yoga restaurativo. No es solo una manta. Es sencilla, sin duda, pero para nada simple. Un apoyo suave para proteger tus huesos [&hellip;]<\/p>\n","protected":false},"featured_media":4983,"template":"","meta":[],"product_brand":[],"product_cat":[36],"product_tag":[37],"class_list":{"0":"post-192","1":"product","2":"type-product","3":"status-publish","4":"has-post-thumbnail","6":"product_cat-accesorios-yoga","7":"product_tag-manta","9":"first","10":"instock","11":"sale","12":"taxable","13":"shipping-taxable","14":"purchasable","15":"product-type-variable"},"yoast_head":"<!-- This site is optimized with the Yoast SEO plugin v27.6 - https:\/\/yoast.com\/product\/yoast-seo-wordpress\/ -->\n<title>Manta de Yoga para estilo Iyengar o yoga restaurativo<\/title>\n<meta name=\"description\" content=\"S\u00e1cale m\u00e1ximo partido a su versatilidad y \u00fasala como necesites. Utiliza la manta de yoga en estilo Iyengar o en yoga restaurativo.\" \/>\n<meta name=\"robots\" content=\"index, follow, max-snippet:-1, max-image-preview:large, max-video-preview:-1\" \/>\n<link rel=\"canonical\" href=\"https:\/\/naturyoga.com\/en\/product\/manta-de-yoga\/\" \/>\n<meta property=\"og:locale\" content=\"en_GB\" \/>\n<meta property=\"og:type\" content=\"article\" \/>\n<meta property=\"og:title\" content=\"Manta de Yoga para estilo Iyengar o yoga restaurativo\" \/>\n<meta property=\"og:description\" content=\"S\u00e1cale m\u00e1ximo partido a su versatilidad y \u00fasala como necesites. Utiliza la manta de yoga en estilo Iyengar o en yoga restaurativo.\" \/>\n<meta property=\"og:url\" content=\"https:\/\/naturyoga.com\/en\/product\/manta-de-yoga\/\" \/>\n<meta property=\"og:site_name\" content=\"Naturyoga\" \/>\n<meta property=\"article:modified_time\" content=\"2026-05-15T08:14:28+00:00\" \/>\n<meta property=\"og:image\" content=\"https:\/\/naturyoga.com\/wp-content\/uploads\/1-15-1024x1024.png\" \/>\n\t<meta property=\"og:image:width\" content=\"1024\" \/>\n\t<meta property=\"og:image:height\" content=\"1024\" \/>\n\t<meta property=\"og:image:type\" content=\"image\/png\" \/>\n<meta name=\"twitter:card\" content=\"summary_large_image\" \/>\n<meta name=\"twitter:label1\" content=\"Estimated reading time\" \/>\n\t<meta name=\"twitter:data1\" content=\"2 minutes\" \/>\n<script type=\"application\/ld+json\" class=\"yoast-schema-graph\">{\"@context\":\"https:\\\/\\\/schema.org\",\"@graph\":[{\"@type\":\"WebPage\",\"@id\":\"https:\\\/\\\/naturyoga.com\\\/producto\\\/manta-de-yoga\\\/\",\"url\":\"https:\\\/\\\/naturyoga.com\\\/producto\\\/manta-de-yoga\\\/\",\"name\":\"Manta de Yoga para estilo Iyengar o yoga restaurativo\",\"isPartOf\":{\"@id\":\"https:\\\/\\\/naturyoga.com\\\/#website\"},\"primaryImageOfPage\":{\"@id\":\"https:\\\/\\\/naturyoga.com\\\/producto\\\/manta-de-yoga\\\/#primaryimage\"},\"image\":{\"@id\":\"https:\\\/\\\/naturyoga.com\\\/producto\\\/manta-de-yoga\\\/#primaryimage\"},\"thumbnailUrl\":\"https:\\\/\\\/naturyoga.com\\\/wp-content\\\/uploads\\\/1-15.png\",\"datePublished\":\"2022-01-11T20:25:41+00:00\",\"dateModified\":\"2026-05-15T08:14:28+00:00\",\"description\":\"S\u00e1cale m\u00e1ximo partido a su versatilidad y \u00fasala como necesites. Utiliza la manta de yoga en estilo Iyengar o en yoga restaurativo.\",\"breadcrumb\":{\"@id\":\"https:\\\/\\\/naturyoga.com\\\/producto\\\/manta-de-yoga\\\/#breadcrumb\"},\"inLanguage\":\"en-GB\",\"potentialAction\":[{\"@type\":\"ReadAction\",\"target\":[\"https:\\\/\\\/naturyoga.com\\\/producto\\\/manta-de-yoga\\\/\"]}]},{\"@type\":\"ImageObject\",\"inLanguage\":\"en-GB\",\"@id\":\"https:\\\/\\\/naturyoga.com\\\/producto\\\/manta-de-yoga\\\/#primaryimage\",\"url\":\"https:\\\/\\\/naturyoga.com\\\/wp-content\\\/uploads\\\/1-15.png\",\"contentUrl\":\"https:\\\/\\\/naturyoga.com\\\/wp-content\\\/uploads\\\/1-15.png\",\"width\":1080,\"height\":1080,\"caption\":\"manta-de-yoga\"},{\"@type\":\"BreadcrumbList\",\"@id\":\"https:\\\/\\\/naturyoga.com\\\/producto\\\/manta-de-yoga\\\/#breadcrumb\",\"itemListElement\":[{\"@type\":\"ListItem\",\"position\":1,\"name\":\"Portada\",\"item\":\"https:\\\/\\\/naturyoga.com\\\/\"},{\"@type\":\"ListItem\",\"position\":2,\"name\":\"Tienda\",\"item\":\"https:\\\/\\\/naturyoga.com\\\/tienda\\\/\"},{\"@type\":\"ListItem\",\"position\":3,\"name\":\"Manta De Yoga\"}]},{\"@type\":\"WebSite\",\"@id\":\"https:\\\/\\\/naturyoga.com\\\/#website\",\"url\":\"https:\\\/\\\/naturyoga.com\\\/\",\"name\":\"Naturyoga\",\"description\":\"Productos de Yoga: esterillas, bloques, silla Iyengar, rueda de Yoga, mantas\",\"publisher\":{\"@id\":\"https:\\\/\\\/naturyoga.com\\\/#organization\"},\"potentialAction\":[{\"@type\":\"SearchAction\",\"target\":{\"@type\":\"EntryPoint\",\"urlTemplate\":\"https:\\\/\\\/naturyoga.com\\\/?s={search_term_string}\"},\"query-input\":{\"@type\":\"PropertyValueSpecification\",\"valueRequired\":true,\"valueName\":\"search_term_string\"}}],\"inLanguage\":\"en-GB\"},{\"@type\":\"Organization\",\"@id\":\"https:\\\/\\\/naturyoga.com\\\/#organization\",\"name\":\"naturyoga\",\"url\":\"https:\\\/\\\/naturyoga.com\\\/\",\"logo\":{\"@type\":\"ImageObject\",\"inLanguage\":\"en-GB\",\"@id\":\"https:\\\/\\\/naturyoga.com\\\/#\\\/schema\\\/logo\\\/image\\\/\",\"url\":\"https:\\\/\\\/naturyoga.com\\\/wp-content\\\/uploads\\\/Logo-small.png\",\"contentUrl\":\"https:\\\/\\\/naturyoga.com\\\/wp-content\\\/uploads\\\/Logo-small.png\",\"width\":128,\"height\":48,\"caption\":\"naturyoga\"},\"image\":{\"@id\":\"https:\\\/\\\/naturyoga.com\\\/#\\\/schema\\\/logo\\\/image\\\/\"}}]}<\/script>\n<!-- \/ Yoast SEO plugin. -->","yoast_head_json":{"title":"Manta de Yoga para estilo Iyengar o yoga restaurativo","description":"S\u00e1cale m\u00e1ximo partido a su versatilidad y \u00fasala como necesites. Utiliza la manta de yoga en estilo Iyengar o en yoga restaurativo.","robots":{"index":"index","follow":"follow","max-snippet":"max-snippet:-1","max-image-preview":"max-image-preview:large","max-video-preview":"max-video-preview:-1"},"canonical":"https:\/\/naturyoga.com\/en\/product\/manta-de-yoga\/","og_locale":"en_GB","og_type":"article","og_title":"Manta de Yoga para estilo Iyengar o yoga restaurativo","og_description":"S\u00e1cale m\u00e1ximo partido a su versatilidad y \u00fasala como necesites. Utiliza la manta de yoga en estilo Iyengar o en yoga restaurativo.","og_url":"https:\/\/naturyoga.com\/en\/product\/manta-de-yoga\/","og_site_name":"Naturyoga","article_modified_time":"2026-05-15T08:14:28+00:00","og_image":[{"width":1024,"height":1024,"url":"https:\/\/naturyoga.com\/wp-content\/uploads\/1-15-1024x1024.png","type":"image\/png"}],"twitter_card":"summary_large_image","twitter_misc":{"Estimated reading time":"2 minutes"},"schema":{"@context":"https:\/\/schema.org","@graph":[{"@type":"WebPage","@id":"https:\/\/naturyoga.com\/producto\/manta-de-yoga\/","url":"https:\/\/naturyoga.com\/producto\/manta-de-yoga\/","name":"Manta de Yoga para estilo Iyengar o yoga restaurativo","isPartOf":{"@id":"https:\/\/naturyoga.com\/#website"},"primaryImageOfPage":{"@id":"https:\/\/naturyoga.com\/producto\/manta-de-yoga\/#primaryimage"},"image":{"@id":"https:\/\/naturyoga.com\/producto\/manta-de-yoga\/#primaryimage"},"thumbnailUrl":"https:\/\/naturyoga.com\/wp-content\/uploads\/1-15.png","datePublished":"2022-01-11T20:25:41+00:00","dateModified":"2026-05-15T08:14:28+00:00","description":"S\u00e1cale m\u00e1ximo partido a su versatilidad y \u00fasala como necesites. Utiliza la manta de yoga en estilo Iyengar o en yoga restaurativo.","breadcrumb":{"@id":"https:\/\/naturyoga.com\/producto\/manta-de-yoga\/#breadcrumb"},"inLanguage":"en-GB","potentialAction":[{"@type":"ReadAction","target":["https:\/\/naturyoga.com\/producto\/manta-de-yoga\/"]}]},{"@type":"ImageObject","inLanguage":"en-GB","@id":"https:\/\/naturyoga.com\/producto\/manta-de-yoga\/#primaryimage","url":"https:\/\/naturyoga.com\/wp-content\/uploads\/1-15.png","contentUrl":"https:\/\/naturyoga.com\/wp-content\/uploads\/1-15.png","width":1080,"height":1080,"caption":"manta-de-yoga"},{"@type":"BreadcrumbList","@id":"https:\/\/naturyoga.com\/producto\/manta-de-yoga\/#breadcrumb","itemListElement":[{"@type":"ListItem","position":1,"name":"Portada","item":"https:\/\/naturyoga.com\/"},{"@type":"ListItem","position":2,"name":"Tienda","item":"https:\/\/naturyoga.com\/tienda\/"},{"@type":"ListItem","position":3,"name":"Manta De Yoga"}]},{"@type":"WebSite","@id":"https:\/\/naturyoga.com\/#website","url":"https:\/\/naturyoga.com\/","name":"Naturyoga","description":"Productos de Yoga: esterillas, bloques, silla Iyengar, rueda de Yoga, mantas","publisher":{"@id":"https:\/\/naturyoga.com\/#organization"},"potentialAction":[{"@type":"SearchAction","target":{"@type":"EntryPoint","urlTemplate":"https:\/\/naturyoga.com\/?s={search_term_string}"},"query-input":{"@type":"PropertyValueSpecification","valueRequired":true,"valueName":"search_term_string"}}],"inLanguage":"en-GB"},{"@type":"Organization","@id":"https:\/\/naturyoga.com\/#organization","name":"naturyoga","url":"https:\/\/naturyoga.com\/","logo":{"@type":"ImageObject","inLanguage":"en-GB","@id":"https:\/\/naturyoga.com\/#\/schema\/logo\/image\/","url":"https:\/\/naturyoga.com\/wp-content\/uploads\/Logo-small.png","contentUrl":"https:\/\/naturyoga.com\/wp-content\/uploads\/Logo-small.png","width":128,"height":48,"caption":"naturyoga"},"image":{"@id":"https:\/\/naturyoga.com\/#\/schema\/logo\/image\/"}}]}},"jetpack_sharing_enabled":true,"_links":{"self":[{"href":"https:\/\/naturyoga.com\/en\/wp-json\/wp\/v2\/product\/192","targetHints":{"allow":["GET"]}}],"collection":[{"href":"https:\/\/naturyoga.com\/en\/wp-json\/wp\/v2\/product"}],"about":[{"href":"https:\/\/naturyoga.com\/en\/wp-json\/wp\/v2\/types\/product"}],"wp:featuredmedia":[{"embeddable":true,"href":"https:\/\/naturyoga.com\/en\/wp-json\/wp\/v2\/media\/4983"}],"wp:attachment":[{"href":"https:\/\/naturyoga.com\/en\/wp-json\/wp\/v2\/media?parent=192"}],"wp:term":[{"taxonomy":"product_brand","embeddable":true,"href":"https:\/\/naturyoga.com\/en\/wp-json\/wp\/v2\/product_brand?post=192"},{"taxonomy":"product_cat","embeddable":true,"href":"https:\/\/naturyoga.com\/en\/wp-json\/wp\/v2\/product_cat?post=192"},{"taxonomy":"product_tag","embeddable":true,"href":"https:\/\/naturyoga.com\/en\/wp-json\/wp\/v2\/product_tag?post=192"}],"curies":[{"name":"wp","href":"https:\/\/api.w.org\/{rel}","templated":true}]}}