{"id":179,"date":"2022-01-11T21:26:45","date_gmt":"2022-01-11T20:26:45","guid":{"rendered":"http:\/\/naturyoga.com\/?post_type=product&#038;p=179"},"modified":"2026-01-28T13:13:00","modified_gmt":"2026-01-28T12:13:00","slug":"esterilla-sand-karmandala","status":"publish","type":"product","link":"https:\/\/naturyoga.com\/en\/product\/esterilla-sand-karmandala\/","title":{"rendered":"Esterilla De Yoga Sand Karmandala"},"content":{"rendered":"<p data-start=\"2969\" data-end=\"3232\">Nuestra esterilla de <strong data-start=\"2990\" data-end=\"3016\">corcho natural de 4 mm<\/strong>, disponible en <strong data-start=\"3032\" data-end=\"3058\">dos dise\u00f1os exclusivos<\/strong>, combina sostenibilidad, agarre y est\u00e9tica. El corcho es un material <strong data-start=\"3128\" data-end=\"3167\">natural, antibacteriano y ecol\u00f3gico<\/strong>, ideal para una pr\u00e1ctica consciente y respetuosa con el entorno.<\/p>\n<p data-start=\"3234\" data-end=\"3424\">A mayor humedad, <strong data-start=\"3251\" data-end=\"3267\">mejor agarre<\/strong>, lo que la hace perfecta para yoga suave o din\u00e1mico. Su base ofrece estabilidad y el grosor de 4 mm proporciona una amortiguaci\u00f3n c\u00f3moda sin perder firmeza.<\/p>\n<p data-start=\"3426\" data-end=\"3458\"><strong data-start=\"3426\" data-end=\"3458\">Caracter\u00edsticas principales:<\/strong><\/p>\n<ul data-start=\"3459\" data-end=\"3629\">\n<li data-start=\"3459\" data-end=\"3506\">\n<p data-start=\"3461\" data-end=\"3506\">Superficie de corcho natural antibacteriano<\/p>\n<\/li>\n<li data-start=\"3507\" data-end=\"3547\">\n<p data-start=\"3509\" data-end=\"3547\">Buen agarre, que mejora con el sudor<\/p>\n<\/li>\n<li data-start=\"3548\" data-end=\"3587\">\n<p data-start=\"3550\" data-end=\"3587\">Grosor de 4 mm equilibrado y c\u00f3modo<\/p>\n<\/li>\n<li data-start=\"3548\" data-end=\"3587\">Aislante de fr\u00edo y calor del suelo<\/li>\n<li data-start=\"3588\" data-end=\"3629\">\n<p data-start=\"3590\" data-end=\"3629\">Dise\u00f1o cuidado y materiales sostenibles<\/p>\n<\/li>\n<\/ul>\n<p data-start=\"3631\" data-end=\"3767\">Ideal para quienes buscan una esterilla <strong data-start=\"3671\" data-end=\"3702\">natural, bonita y funcional<\/strong>, con un tacto agradable y una est\u00e9tica que acompa\u00f1a la pr\u00e1ctica.<\/p>\n<hr \/>\n<p class=\"translation-block\">Dimensions: 183 cm x 61 cm x 0.4 cm<br>\nWeight: 2.7 kg<br>\nMaterial: Cork with natural rubber on the bottom<\/p>\n<p><span style=\"color: #ffffff;\">&lt;linkrel=\u00bbcanonical\u00bbhref=\u00bbhttps:\/\/naturyoga.com\/producto\/esterilla-line-karmandala\/\u00bb\/&gt;<\/span><\/p>\n<blockquote class=\"wp-embedded-content\" data-secret=\"DuzNUpte6x\"><p><a href=\"https:\/\/naturyoga.com\/en\/politica-de-uso-y-limpieza-de-materiales\/\">Pol\u00edtica de uso y limpieza de materiales<\/a><\/p><\/blockquote>\n<p><iframe class=\"wp-embedded-content\" sandbox=\"allow-scripts\" security=\"restricted\" style=\"position: absolute; visibility: hidden;\" title=\"\u00abPol\u00edtica de uso y limpieza de materiales\u00bb \u2014 Naturyoga\" src=\"https:\/\/naturyoga.com\/politica-de-uso-y-limpieza-de-materiales\/embed\/#?secret=5ya0wXBvL1#?secret=DuzNUpte6x\" data-secret=\"DuzNUpte6x\" width=\"600\" height=\"338\" frameborder=\"0\" marginwidth=\"0\" marginheight=\"0\" scrolling=\"no\"><\/iframe><\/p>","protected":false},"excerpt":{"rendered":"<p>Nuestra esterilla de corcho natural de 4 mm, disponible en dos dise\u00f1os exclusivos, combina sostenibilidad, agarre y est\u00e9tica. El corcho es un material natural, antibacteriano y ecol\u00f3gico, ideal para una pr\u00e1ctica consciente y respetuosa con el entorno. A mayor humedad, mejor agarre, lo que la hace perfecta para yoga suave o din\u00e1mico. Su base ofrece [&hellip;]<\/p>\n","protected":false},"featured_media":185,"template":"","meta":[],"product_brand":[],"product_cat":[15],"product_tag":[29,26,34],"class_list":{"0":"post-179","1":"product","2":"type-product","3":"status-publish","4":"has-post-thumbnail","6":"product_cat-esterilla-yoga","7":"product_tag-antideslizante","8":"product_tag-esterilla","9":"product_tag-sostenible","11":"first","12":"instock","13":"sale","14":"taxable","15":"shipping-taxable","16":"purchasable","17":"product-type-simple"},"yoast_head":"<!-- This site is optimized with the Yoast SEO plugin v27.4 - https:\/\/yoast.com\/product\/yoast-seo-wordpress\/ -->\n<title>Esterilla de Corcho - Naturyoga<\/title>\n<meta name=\"description\" content=\"Esterilla Sand Karmandala est\u00e1 hecha de corcho natural. Tiene los dise\u00f1os de los chakras para asegurar una postura correcta.\" \/>\n<meta name=\"robots\" content=\"index, follow, max-snippet:-1, max-image-preview:large, max-video-preview:-1\" \/>\n<link rel=\"canonical\" href=\"https:\/\/naturyoga.com\/en\/product\/esterilla-sand-karmandala\/\" \/>\n<meta property=\"og:locale\" content=\"en_GB\" \/>\n<meta property=\"og:type\" content=\"article\" \/>\n<meta property=\"og:title\" content=\"Esterilla de Corcho - Naturyoga\" \/>\n<meta property=\"og:description\" content=\"Esterilla Sand Karmandala est\u00e1 hecha de corcho natural. Tiene los dise\u00f1os de los chakras para asegurar una postura correcta.\" \/>\n<meta property=\"og:url\" content=\"https:\/\/naturyoga.com\/en\/product\/esterilla-sand-karmandala\/\" \/>\n<meta property=\"og:site_name\" content=\"Naturyoga\" \/>\n<meta property=\"article:modified_time\" content=\"2026-01-28T12:13:00+00:00\" \/>\n<meta property=\"og:image\" content=\"https:\/\/naturyoga.com\/wp-content\/uploads\/NT-SE005_6.jpg\" \/>\n\t<meta property=\"og:image:width\" content=\"1000\" \/>\n\t<meta property=\"og:image:height\" content=\"1007\" \/>\n\t<meta property=\"og:image:type\" content=\"image\/jpeg\" \/>\n<meta name=\"twitter:card\" content=\"summary_large_image\" \/>\n<meta name=\"twitter:label1\" content=\"Estimated reading time\" \/>\n\t<meta name=\"twitter:data1\" content=\"1 minute\" \/>\n<script type=\"application\/ld+json\" class=\"yoast-schema-graph\">{\"@context\":\"https:\\\/\\\/schema.org\",\"@graph\":[{\"@type\":\"WebPage\",\"@id\":\"https:\\\/\\\/naturyoga.com\\\/producto\\\/esterilla-sand-karmandala\\\/\",\"url\":\"https:\\\/\\\/naturyoga.com\\\/producto\\\/esterilla-sand-karmandala\\\/\",\"name\":\"Esterilla de Corcho - Naturyoga\",\"isPartOf\":{\"@id\":\"https:\\\/\\\/naturyoga.com\\\/#website\"},\"primaryImageOfPage\":{\"@id\":\"https:\\\/\\\/naturyoga.com\\\/producto\\\/esterilla-sand-karmandala\\\/#primaryimage\"},\"image\":{\"@id\":\"https:\\\/\\\/naturyoga.com\\\/producto\\\/esterilla-sand-karmandala\\\/#primaryimage\"},\"thumbnailUrl\":\"https:\\\/\\\/naturyoga.com\\\/wp-content\\\/uploads\\\/NT-SE005_6.jpg\",\"datePublished\":\"2022-01-11T20:26:45+00:00\",\"dateModified\":\"2026-01-28T12:13:00+00:00\",\"description\":\"Esterilla Sand Karmandala est\u00e1 hecha de corcho natural. Tiene los dise\u00f1os de los chakras para asegurar una postura correcta.\",\"breadcrumb\":{\"@id\":\"https:\\\/\\\/naturyoga.com\\\/producto\\\/esterilla-sand-karmandala\\\/#breadcrumb\"},\"inLanguage\":\"en-GB\",\"potentialAction\":[{\"@type\":\"ReadAction\",\"target\":[\"https:\\\/\\\/naturyoga.com\\\/producto\\\/esterilla-sand-karmandala\\\/\"]}]},{\"@type\":\"ImageObject\",\"inLanguage\":\"en-GB\",\"@id\":\"https:\\\/\\\/naturyoga.com\\\/producto\\\/esterilla-sand-karmandala\\\/#primaryimage\",\"url\":\"https:\\\/\\\/naturyoga.com\\\/wp-content\\\/uploads\\\/NT-SE005_6.jpg\",\"contentUrl\":\"https:\\\/\\\/naturyoga.com\\\/wp-content\\\/uploads\\\/NT-SE005_6.jpg\",\"width\":1000,\"height\":1007,\"caption\":\"esterilla-yoga-antideslizante-corcho\"},{\"@type\":\"BreadcrumbList\",\"@id\":\"https:\\\/\\\/naturyoga.com\\\/producto\\\/esterilla-sand-karmandala\\\/#breadcrumb\",\"itemListElement\":[{\"@type\":\"ListItem\",\"position\":1,\"name\":\"Portada\",\"item\":\"https:\\\/\\\/naturyoga.com\\\/\"},{\"@type\":\"ListItem\",\"position\":2,\"name\":\"Tienda\",\"item\":\"https:\\\/\\\/naturyoga.com\\\/tienda\\\/\"},{\"@type\":\"ListItem\",\"position\":3,\"name\":\"Esterilla De Yoga Sand Karmandala\"}]},{\"@type\":\"WebSite\",\"@id\":\"https:\\\/\\\/naturyoga.com\\\/#website\",\"url\":\"https:\\\/\\\/naturyoga.com\\\/\",\"name\":\"Naturyoga\",\"description\":\"Productos de Yoga: esterillas, bloques, silla Iyengar, rueda de Yoga, mantas\",\"publisher\":{\"@id\":\"https:\\\/\\\/naturyoga.com\\\/#organization\"},\"potentialAction\":[{\"@type\":\"SearchAction\",\"target\":{\"@type\":\"EntryPoint\",\"urlTemplate\":\"https:\\\/\\\/naturyoga.com\\\/?s={search_term_string}\"},\"query-input\":{\"@type\":\"PropertyValueSpecification\",\"valueRequired\":true,\"valueName\":\"search_term_string\"}}],\"inLanguage\":\"en-GB\"},{\"@type\":\"Organization\",\"@id\":\"https:\\\/\\\/naturyoga.com\\\/#organization\",\"name\":\"naturyoga\",\"url\":\"https:\\\/\\\/naturyoga.com\\\/\",\"logo\":{\"@type\":\"ImageObject\",\"inLanguage\":\"en-GB\",\"@id\":\"https:\\\/\\\/naturyoga.com\\\/#\\\/schema\\\/logo\\\/image\\\/\",\"url\":\"https:\\\/\\\/naturyoga.com\\\/wp-content\\\/uploads\\\/Logo-small.png\",\"contentUrl\":\"https:\\\/\\\/naturyoga.com\\\/wp-content\\\/uploads\\\/Logo-small.png\",\"width\":128,\"height\":48,\"caption\":\"naturyoga\"},\"image\":{\"@id\":\"https:\\\/\\\/naturyoga.com\\\/#\\\/schema\\\/logo\\\/image\\\/\"}}]}<\/script>\n<!-- \/ Yoast SEO plugin. -->","yoast_head_json":{"title":"Esterilla de Corcho - Naturyoga","description":"Esterilla Sand Karmandala est\u00e1 hecha de corcho natural. Tiene los dise\u00f1os de los chakras para asegurar una postura correcta.","robots":{"index":"index","follow":"follow","max-snippet":"max-snippet:-1","max-image-preview":"max-image-preview:large","max-video-preview":"max-video-preview:-1"},"canonical":"https:\/\/naturyoga.com\/en\/product\/esterilla-sand-karmandala\/","og_locale":"en_GB","og_type":"article","og_title":"Esterilla de Corcho - Naturyoga","og_description":"Esterilla Sand Karmandala est\u00e1 hecha de corcho natural. Tiene los dise\u00f1os de los chakras para asegurar una postura correcta.","og_url":"https:\/\/naturyoga.com\/en\/product\/esterilla-sand-karmandala\/","og_site_name":"Naturyoga","article_modified_time":"2026-01-28T12:13:00+00:00","og_image":[{"width":1000,"height":1007,"url":"https:\/\/naturyoga.com\/wp-content\/uploads\/NT-SE005_6.jpg","type":"image\/jpeg"}],"twitter_card":"summary_large_image","twitter_misc":{"Estimated reading time":"1 minute"},"schema":{"@context":"https:\/\/schema.org","@graph":[{"@type":"WebPage","@id":"https:\/\/naturyoga.com\/producto\/esterilla-sand-karmandala\/","url":"https:\/\/naturyoga.com\/producto\/esterilla-sand-karmandala\/","name":"Esterilla de Corcho - Naturyoga","isPartOf":{"@id":"https:\/\/naturyoga.com\/#website"},"primaryImageOfPage":{"@id":"https:\/\/naturyoga.com\/producto\/esterilla-sand-karmandala\/#primaryimage"},"image":{"@id":"https:\/\/naturyoga.com\/producto\/esterilla-sand-karmandala\/#primaryimage"},"thumbnailUrl":"https:\/\/naturyoga.com\/wp-content\/uploads\/NT-SE005_6.jpg","datePublished":"2022-01-11T20:26:45+00:00","dateModified":"2026-01-28T12:13:00+00:00","description":"Esterilla Sand Karmandala est\u00e1 hecha de corcho natural. Tiene los dise\u00f1os de los chakras para asegurar una postura correcta.","breadcrumb":{"@id":"https:\/\/naturyoga.com\/producto\/esterilla-sand-karmandala\/#breadcrumb"},"inLanguage":"en-GB","potentialAction":[{"@type":"ReadAction","target":["https:\/\/naturyoga.com\/producto\/esterilla-sand-karmandala\/"]}]},{"@type":"ImageObject","inLanguage":"en-GB","@id":"https:\/\/naturyoga.com\/producto\/esterilla-sand-karmandala\/#primaryimage","url":"https:\/\/naturyoga.com\/wp-content\/uploads\/NT-SE005_6.jpg","contentUrl":"https:\/\/naturyoga.com\/wp-content\/uploads\/NT-SE005_6.jpg","width":1000,"height":1007,"caption":"esterilla-yoga-antideslizante-corcho"},{"@type":"BreadcrumbList","@id":"https:\/\/naturyoga.com\/producto\/esterilla-sand-karmandala\/#breadcrumb","itemListElement":[{"@type":"ListItem","position":1,"name":"Portada","item":"https:\/\/naturyoga.com\/"},{"@type":"ListItem","position":2,"name":"Tienda","item":"https:\/\/naturyoga.com\/tienda\/"},{"@type":"ListItem","position":3,"name":"Esterilla De Yoga Sand Karmandala"}]},{"@type":"WebSite","@id":"https:\/\/naturyoga.com\/#website","url":"https:\/\/naturyoga.com\/","name":"Naturyoga","description":"Productos de Yoga: esterillas, bloques, silla Iyengar, rueda de Yoga, mantas","publisher":{"@id":"https:\/\/naturyoga.com\/#organization"},"potentialAction":[{"@type":"SearchAction","target":{"@type":"EntryPoint","urlTemplate":"https:\/\/naturyoga.com\/?s={search_term_string}"},"query-input":{"@type":"PropertyValueSpecification","valueRequired":true,"valueName":"search_term_string"}}],"inLanguage":"en-GB"},{"@type":"Organization","@id":"https:\/\/naturyoga.com\/#organization","name":"naturyoga","url":"https:\/\/naturyoga.com\/","logo":{"@type":"ImageObject","inLanguage":"en-GB","@id":"https:\/\/naturyoga.com\/#\/schema\/logo\/image\/","url":"https:\/\/naturyoga.com\/wp-content\/uploads\/Logo-small.png","contentUrl":"https:\/\/naturyoga.com\/wp-content\/uploads\/Logo-small.png","width":128,"height":48,"caption":"naturyoga"},"image":{"@id":"https:\/\/naturyoga.com\/#\/schema\/logo\/image\/"}}]}},"jetpack_sharing_enabled":true,"_links":{"self":[{"href":"https:\/\/naturyoga.com\/en\/wp-json\/wp\/v2\/product\/179","targetHints":{"allow":["GET"]}}],"collection":[{"href":"https:\/\/naturyoga.com\/en\/wp-json\/wp\/v2\/product"}],"about":[{"href":"https:\/\/naturyoga.com\/en\/wp-json\/wp\/v2\/types\/product"}],"wp:featuredmedia":[{"embeddable":true,"href":"https:\/\/naturyoga.com\/en\/wp-json\/wp\/v2\/media\/185"}],"wp:attachment":[{"href":"https:\/\/naturyoga.com\/en\/wp-json\/wp\/v2\/media?parent=179"}],"wp:term":[{"taxonomy":"product_brand","embeddable":true,"href":"https:\/\/naturyoga.com\/en\/wp-json\/wp\/v2\/product_brand?post=179"},{"taxonomy":"product_cat","embeddable":true,"href":"https:\/\/naturyoga.com\/en\/wp-json\/wp\/v2\/product_cat?post=179"},{"taxonomy":"product_tag","embeddable":true,"href":"https:\/\/naturyoga.com\/en\/wp-json\/wp\/v2\/product_tag?post=179"}],"curies":[{"name":"wp","href":"https:\/\/api.w.org\/{rel}","templated":true}]}}