{"id":173,"date":"2022-01-11T21:27:41","date_gmt":"2022-01-11T20:27:41","guid":{"rendered":"http:\/\/naturyoga.com\/?post_type=product&#038;p=173"},"modified":"2025-06-27T12:10:14","modified_gmt":"2025-06-27T11:10:14","slug":"esterilla-universe-karmandala","status":"publish","type":"product","link":"https:\/\/naturyoga.com\/en\/product\/esterilla-universe-karmandala\/","title":{"rendered":"Esterilla De Yoga Universe Karmandala"},"content":{"rendered":"<p class=\"translation-block\">Our best efforts to care for the planet transformed into a yoga mat. Sustainability, versatility and a trusty travel partner. Light and slip-resistant.<\/p>\n<p>Una esterilla de yoga ligera, antideslizante y respetuosa con el medioambiente.<\/p>\n<h3>WEIGHT<\/h3>\n<p class=\"translation-block\">A <strong>slip-resistant <\/strong>, environmentally friendly mat that is comfortable and truly light. Thanks to its composition and thickness, Universe Karmandala allows you to take it wherever you like and practise in the heart of nature. Place your feet on the ground and feel its pleasant touch that enables a full connection between your body, soul and surroundings.<\/p>\n<h3>SUSTAINABILITY<\/h3>\n<p><strong>Sustainability<\/strong> and our desire to care for the environment are two traits that define us as a brand. All our products have been produced sustainably, and our efforts to create a healthier, purer world are reflected in this <strong>yoga mat.<\/strong><\/p>\n<p class=\"translation-block\">Manufactured with natural polyurethane rubber, it is the result of an intense search for more sustainable mats. This material is derived from plant oils that come from elements such as soya beans, castor oil plants, cottonseeds and neem trees.<\/p>\n<p>Renewable sources that allow this <strong>slip-resistant yoga mat<\/strong> to reach you in a clean way and without depleting Earth\u2019s resources.<\/p>\n<p>However, once its service life comes to an end, it will break down in one to five years. In this way, it doesn\u2019t contribute to the generation of mass waste and the destruction of the environment.<\/p>\n<h3>ALIGNMENT<\/h3>\n<p class=\"translation-block\">Its designs will help you to keep your body perfectly aligned, contributing to the prevention of injuries. What\u2019s more, the fact that it is highly slip-resistant and adherent means that it is even more suitable for those intense sessions that involve difficult asanas.<\/p>\n<p class=\"translation-block\">.<\/p>\n<h3>CLEANING<\/h3>\n<p>Easy to clean for the longest possible service life.<\/p>\n<p class=\"translation-block\">Use it with <a href=\"https:\/\/naturyoga.com\/en\/product\/funda-para-esterilla\/\" target=\"_self\"><span style=\"color: #3366ff\"><strong>a bag for yoga mat<\/strong><\/span><\/a>.<\/p>\n<hr \/>\n<p>Dimensions: 183 cm x 61 cm x 0.2 cm<br \/>\nWeight: 1.8 kg<br \/>\nMaterial: Polyurethane and natural rubber on the bottom<\/p>\n<blockquote class=\"wp-embedded-content\" data-secret=\"KdPfq61bzZ\"><p><a href=\"https:\/\/naturyoga.com\/en\/politica-de-uso-y-limpieza-de-materiales\/\">Pol\u00edtica de uso y limpieza de materiales<\/a><\/p><\/blockquote>\n<p><iframe class=\"wp-embedded-content\" sandbox=\"allow-scripts\" security=\"restricted\" style=\"position: absolute; visibility: hidden;\" title=\"\u00abPol\u00edtica de uso y limpieza de materiales\u00bb \u2014 Naturyoga\" src=\"https:\/\/naturyoga.com\/politica-de-uso-y-limpieza-de-materiales\/embed\/#?secret=sdw6ucAeAK#?secret=KdPfq61bzZ\" data-secret=\"KdPfq61bzZ\" width=\"600\" height=\"338\" frameborder=\"0\" marginwidth=\"0\" marginheight=\"0\" scrolling=\"no\"><\/iframe><\/p>","protected":false},"excerpt":{"rendered":"<p>Nuestro m\u00e1ximo esfuerzo por cuidar el medioambiente convertido en una esterilla de yoga ligera y antideslizante. Sostenibilidad, versatilidad y fiel compa\u00f1era de viaje. Una esterilla de yoga ligera, antideslizante y respetuosa con el medioambiente. PESO Gracias a su composici\u00f3n y grosor, Universe Karmandala permite que la lleves contigo a cualquier lugar y as\u00ed practicar tus [&hellip;]<\/p>\n","protected":false},"featured_media":178,"template":"","meta":[],"product_brand":[],"product_cat":[15,95],"product_tag":[33,29,35,26,32,34,27],"class_list":{"0":"post-173","1":"product","2":"type-product","3":"status-publish","4":"has-post-thumbnail","6":"product_cat-esterilla-yoga","7":"product_cat-antideslizantes","8":"product_tag-aire-libre","9":"product_tag-antideslizante","10":"product_tag-caucho","11":"product_tag-esterilla","12":"product_tag-negro","13":"product_tag-sostenible","14":"product_tag-viaje","16":"first","17":"outofstock","18":"sale","19":"taxable","20":"shipping-taxable","21":"purchasable","22":"product-type-simple"},"yoast_head":"<!-- This site is optimized with the Yoast SEO plugin v27.4 - https:\/\/yoast.com\/product\/yoast-seo-wordpress\/ -->\n<title>Esterilla de yoga ligera y antideslizante<\/title>\n<meta name=\"description\" content=\"Esterilla de yoga ligera y antideslizante te acompa\u00f1ar\u00e1 en tu pr\u00e1ctica diaria. Sostenibilidad, versatilidad y fiel compa\u00f1era de viaje.\" \/>\n<meta name=\"robots\" content=\"index, follow, max-snippet:-1, max-image-preview:large, max-video-preview:-1\" \/>\n<link rel=\"canonical\" href=\"https:\/\/naturyoga.com\/en\/product\/esterilla-universe-karmandala\/\" \/>\n<meta property=\"og:locale\" content=\"en_GB\" \/>\n<meta property=\"og:type\" content=\"article\" \/>\n<meta property=\"og:title\" content=\"Esterilla de yoga ligera y antideslizante\" \/>\n<meta property=\"og:description\" content=\"Esterilla de yoga ligera y antideslizante te acompa\u00f1ar\u00e1 en tu pr\u00e1ctica diaria. Sostenibilidad, versatilidad y fiel compa\u00f1era de viaje.\" \/>\n<meta property=\"og:url\" content=\"https:\/\/naturyoga.com\/en\/product\/esterilla-universe-karmandala\/\" \/>\n<meta property=\"og:site_name\" content=\"Naturyoga\" \/>\n<meta property=\"article:modified_time\" content=\"2025-06-27T11:10:14+00:00\" \/>\n<meta property=\"og:image\" content=\"https:\/\/naturyoga.com\/wp-content\/uploads\/NT-SE004_5.jpg\" \/>\n\t<meta property=\"og:image:width\" content=\"1003\" \/>\n\t<meta property=\"og:image:height\" content=\"1000\" \/>\n\t<meta property=\"og:image:type\" content=\"image\/jpeg\" \/>\n<meta name=\"twitter:card\" content=\"summary_large_image\" \/>\n<meta name=\"twitter:label1\" content=\"Estimated reading time\" \/>\n\t<meta name=\"twitter:data1\" content=\"2 minutes\" \/>\n<script type=\"application\/ld+json\" class=\"yoast-schema-graph\">{\"@context\":\"https:\\\/\\\/schema.org\",\"@graph\":[{\"@type\":\"WebPage\",\"@id\":\"https:\\\/\\\/naturyoga.com\\\/producto\\\/esterilla-universe-karmandala\\\/\",\"url\":\"https:\\\/\\\/naturyoga.com\\\/producto\\\/esterilla-universe-karmandala\\\/\",\"name\":\"Esterilla de yoga ligera y antideslizante\",\"isPartOf\":{\"@id\":\"https:\\\/\\\/naturyoga.com\\\/#website\"},\"primaryImageOfPage\":{\"@id\":\"https:\\\/\\\/naturyoga.com\\\/producto\\\/esterilla-universe-karmandala\\\/#primaryimage\"},\"image\":{\"@id\":\"https:\\\/\\\/naturyoga.com\\\/producto\\\/esterilla-universe-karmandala\\\/#primaryimage\"},\"thumbnailUrl\":\"https:\\\/\\\/naturyoga.com\\\/wp-content\\\/uploads\\\/NT-SE004_5.jpg\",\"datePublished\":\"2022-01-11T20:27:41+00:00\",\"dateModified\":\"2025-06-27T11:10:14+00:00\",\"description\":\"Esterilla de yoga ligera y antideslizante te acompa\u00f1ar\u00e1 en tu pr\u00e1ctica diaria. Sostenibilidad, versatilidad y fiel compa\u00f1era de viaje.\",\"breadcrumb\":{\"@id\":\"https:\\\/\\\/naturyoga.com\\\/producto\\\/esterilla-universe-karmandala\\\/#breadcrumb\"},\"inLanguage\":\"en-GB\",\"potentialAction\":[{\"@type\":\"ReadAction\",\"target\":[\"https:\\\/\\\/naturyoga.com\\\/producto\\\/esterilla-universe-karmandala\\\/\"]}]},{\"@type\":\"ImageObject\",\"inLanguage\":\"en-GB\",\"@id\":\"https:\\\/\\\/naturyoga.com\\\/producto\\\/esterilla-universe-karmandala\\\/#primaryimage\",\"url\":\"https:\\\/\\\/naturyoga.com\\\/wp-content\\\/uploads\\\/NT-SE004_5.jpg\",\"contentUrl\":\"https:\\\/\\\/naturyoga.com\\\/wp-content\\\/uploads\\\/NT-SE004_5.jpg\",\"width\":1003,\"height\":1000,\"caption\":\"esterilla-yoga-antideslizante\"},{\"@type\":\"BreadcrumbList\",\"@id\":\"https:\\\/\\\/naturyoga.com\\\/producto\\\/esterilla-universe-karmandala\\\/#breadcrumb\",\"itemListElement\":[{\"@type\":\"ListItem\",\"position\":1,\"name\":\"Portada\",\"item\":\"https:\\\/\\\/naturyoga.com\\\/\"},{\"@type\":\"ListItem\",\"position\":2,\"name\":\"Tienda\",\"item\":\"https:\\\/\\\/naturyoga.com\\\/tienda\\\/\"},{\"@type\":\"ListItem\",\"position\":3,\"name\":\"Esterilla De Yoga Universe Karmandala\"}]},{\"@type\":\"WebSite\",\"@id\":\"https:\\\/\\\/naturyoga.com\\\/#website\",\"url\":\"https:\\\/\\\/naturyoga.com\\\/\",\"name\":\"Naturyoga\",\"description\":\"Productos de Yoga: esterillas, bloques, silla Iyengar, rueda de Yoga, mantas\",\"publisher\":{\"@id\":\"https:\\\/\\\/naturyoga.com\\\/#organization\"},\"potentialAction\":[{\"@type\":\"SearchAction\",\"target\":{\"@type\":\"EntryPoint\",\"urlTemplate\":\"https:\\\/\\\/naturyoga.com\\\/?s={search_term_string}\"},\"query-input\":{\"@type\":\"PropertyValueSpecification\",\"valueRequired\":true,\"valueName\":\"search_term_string\"}}],\"inLanguage\":\"en-GB\"},{\"@type\":\"Organization\",\"@id\":\"https:\\\/\\\/naturyoga.com\\\/#organization\",\"name\":\"naturyoga\",\"url\":\"https:\\\/\\\/naturyoga.com\\\/\",\"logo\":{\"@type\":\"ImageObject\",\"inLanguage\":\"en-GB\",\"@id\":\"https:\\\/\\\/naturyoga.com\\\/#\\\/schema\\\/logo\\\/image\\\/\",\"url\":\"https:\\\/\\\/naturyoga.com\\\/wp-content\\\/uploads\\\/Logo-small.png\",\"contentUrl\":\"https:\\\/\\\/naturyoga.com\\\/wp-content\\\/uploads\\\/Logo-small.png\",\"width\":128,\"height\":48,\"caption\":\"naturyoga\"},\"image\":{\"@id\":\"https:\\\/\\\/naturyoga.com\\\/#\\\/schema\\\/logo\\\/image\\\/\"}}]}<\/script>\n<!-- \/ Yoast SEO plugin. -->","yoast_head_json":{"title":"Esterilla de yoga ligera y antideslizante","description":"Esterilla de yoga ligera y antideslizante te acompa\u00f1ar\u00e1 en tu pr\u00e1ctica diaria. Sostenibilidad, versatilidad y fiel compa\u00f1era de viaje.","robots":{"index":"index","follow":"follow","max-snippet":"max-snippet:-1","max-image-preview":"max-image-preview:large","max-video-preview":"max-video-preview:-1"},"canonical":"https:\/\/naturyoga.com\/en\/product\/esterilla-universe-karmandala\/","og_locale":"en_GB","og_type":"article","og_title":"Esterilla de yoga ligera y antideslizante","og_description":"Esterilla de yoga ligera y antideslizante te acompa\u00f1ar\u00e1 en tu pr\u00e1ctica diaria. Sostenibilidad, versatilidad y fiel compa\u00f1era de viaje.","og_url":"https:\/\/naturyoga.com\/en\/product\/esterilla-universe-karmandala\/","og_site_name":"Naturyoga","article_modified_time":"2025-06-27T11:10:14+00:00","og_image":[{"width":1003,"height":1000,"url":"https:\/\/naturyoga.com\/wp-content\/uploads\/NT-SE004_5.jpg","type":"image\/jpeg"}],"twitter_card":"summary_large_image","twitter_misc":{"Estimated reading time":"2 minutes"},"schema":{"@context":"https:\/\/schema.org","@graph":[{"@type":"WebPage","@id":"https:\/\/naturyoga.com\/producto\/esterilla-universe-karmandala\/","url":"https:\/\/naturyoga.com\/producto\/esterilla-universe-karmandala\/","name":"Esterilla de yoga ligera y antideslizante","isPartOf":{"@id":"https:\/\/naturyoga.com\/#website"},"primaryImageOfPage":{"@id":"https:\/\/naturyoga.com\/producto\/esterilla-universe-karmandala\/#primaryimage"},"image":{"@id":"https:\/\/naturyoga.com\/producto\/esterilla-universe-karmandala\/#primaryimage"},"thumbnailUrl":"https:\/\/naturyoga.com\/wp-content\/uploads\/NT-SE004_5.jpg","datePublished":"2022-01-11T20:27:41+00:00","dateModified":"2025-06-27T11:10:14+00:00","description":"Esterilla de yoga ligera y antideslizante te acompa\u00f1ar\u00e1 en tu pr\u00e1ctica diaria. Sostenibilidad, versatilidad y fiel compa\u00f1era de viaje.","breadcrumb":{"@id":"https:\/\/naturyoga.com\/producto\/esterilla-universe-karmandala\/#breadcrumb"},"inLanguage":"en-GB","potentialAction":[{"@type":"ReadAction","target":["https:\/\/naturyoga.com\/producto\/esterilla-universe-karmandala\/"]}]},{"@type":"ImageObject","inLanguage":"en-GB","@id":"https:\/\/naturyoga.com\/producto\/esterilla-universe-karmandala\/#primaryimage","url":"https:\/\/naturyoga.com\/wp-content\/uploads\/NT-SE004_5.jpg","contentUrl":"https:\/\/naturyoga.com\/wp-content\/uploads\/NT-SE004_5.jpg","width":1003,"height":1000,"caption":"esterilla-yoga-antideslizante"},{"@type":"BreadcrumbList","@id":"https:\/\/naturyoga.com\/producto\/esterilla-universe-karmandala\/#breadcrumb","itemListElement":[{"@type":"ListItem","position":1,"name":"Portada","item":"https:\/\/naturyoga.com\/"},{"@type":"ListItem","position":2,"name":"Tienda","item":"https:\/\/naturyoga.com\/tienda\/"},{"@type":"ListItem","position":3,"name":"Esterilla De Yoga Universe Karmandala"}]},{"@type":"WebSite","@id":"https:\/\/naturyoga.com\/#website","url":"https:\/\/naturyoga.com\/","name":"Naturyoga","description":"Productos de Yoga: esterillas, bloques, silla Iyengar, rueda de Yoga, mantas","publisher":{"@id":"https:\/\/naturyoga.com\/#organization"},"potentialAction":[{"@type":"SearchAction","target":{"@type":"EntryPoint","urlTemplate":"https:\/\/naturyoga.com\/?s={search_term_string}"},"query-input":{"@type":"PropertyValueSpecification","valueRequired":true,"valueName":"search_term_string"}}],"inLanguage":"en-GB"},{"@type":"Organization","@id":"https:\/\/naturyoga.com\/#organization","name":"naturyoga","url":"https:\/\/naturyoga.com\/","logo":{"@type":"ImageObject","inLanguage":"en-GB","@id":"https:\/\/naturyoga.com\/#\/schema\/logo\/image\/","url":"https:\/\/naturyoga.com\/wp-content\/uploads\/Logo-small.png","contentUrl":"https:\/\/naturyoga.com\/wp-content\/uploads\/Logo-small.png","width":128,"height":48,"caption":"naturyoga"},"image":{"@id":"https:\/\/naturyoga.com\/#\/schema\/logo\/image\/"}}]}},"jetpack_sharing_enabled":true,"_links":{"self":[{"href":"https:\/\/naturyoga.com\/en\/wp-json\/wp\/v2\/product\/173","targetHints":{"allow":["GET"]}}],"collection":[{"href":"https:\/\/naturyoga.com\/en\/wp-json\/wp\/v2\/product"}],"about":[{"href":"https:\/\/naturyoga.com\/en\/wp-json\/wp\/v2\/types\/product"}],"wp:featuredmedia":[{"embeddable":true,"href":"https:\/\/naturyoga.com\/en\/wp-json\/wp\/v2\/media\/178"}],"wp:attachment":[{"href":"https:\/\/naturyoga.com\/en\/wp-json\/wp\/v2\/media?parent=173"}],"wp:term":[{"taxonomy":"product_brand","embeddable":true,"href":"https:\/\/naturyoga.com\/en\/wp-json\/wp\/v2\/product_brand?post=173"},{"taxonomy":"product_cat","embeddable":true,"href":"https:\/\/naturyoga.com\/en\/wp-json\/wp\/v2\/product_cat?post=173"},{"taxonomy":"product_tag","embeddable":true,"href":"https:\/\/naturyoga.com\/en\/wp-json\/wp\/v2\/product_tag?post=173"}],"curies":[{"name":"wp","href":"https:\/\/api.w.org\/{rel}","templated":true}]}}