{"id":160,"date":"2022-01-11T21:27:54","date_gmt":"2022-01-11T20:27:54","guid":{"rendered":"http:\/\/naturyoga.com\/?post_type=product&#038;p=160"},"modified":"2026-01-28T13:15:38","modified_gmt":"2026-01-28T12:15:38","slug":"esterilla-black-panther","status":"publish","type":"product","link":"https:\/\/naturyoga.com\/en\/product\/esterilla-black-panther\/","title":{"rendered":"Esterilla De Yoga Black Panther"},"content":{"rendered":"<p data-start=\"3830\" data-end=\"4061\">Esta esterilla de <strong data-start=\"3848\" data-end=\"3889\">PVC de alta densidad y 5 mm de grosor<\/strong> es una opci\u00f3n resistente, duradera y muy c\u00f3moda. Ofrece una <strong data-start=\"3950\" data-end=\"3977\">excelente amortiguaci\u00f3n<\/strong>, ideal para proteger rodillas y articulaciones en pr\u00e1cticas largas o m\u00e1s est\u00e1ticas.<\/p>\n<p data-start=\"4063\" data-end=\"4179\">Su material est\u00e1 pensado para un uso frecuente, siendo una gran elecci\u00f3n tanto para casa como para estudios de yoga.<\/p>\n<p data-start=\"4181\" data-end=\"4213\"><strong data-start=\"4181\" data-end=\"4213\">Caracter\u00edsticas principales:<\/strong><\/p>\n<ul data-start=\"4214\" data-end=\"4347\">\n<li data-start=\"4214\" data-end=\"4251\">\n<p data-start=\"4216\" data-end=\"4251\">PVC resistente y de alta densidad<\/p>\n<\/li>\n<li data-start=\"4252\" data-end=\"4289\">\n<p data-start=\"4254\" data-end=\"4289\">Grosor de 5 mm para mayor confort<\/p>\n<\/li>\n<li data-start=\"4290\" data-end=\"4325\">\n<p data-start=\"4292\" data-end=\"4325\">Buena durabilidad y estabilidad<\/p>\n<\/li>\n<li data-start=\"4326\" data-end=\"4347\">\n<p data-start=\"4328\" data-end=\"4347\">F\u00e1cil mantenimiento<\/p>\n<\/li>\n<\/ul>\n<p data-start=\"4349\" data-end=\"4445\">Una esterilla vers\u00e1til y fiable para quienes buscan <strong data-start=\"4401\" data-end=\"4428\">comodidad y resistencia<\/strong> en su d\u00eda a d\u00eda.<\/p>\n<hr \/>\n<p>Dimensions: 173 cm x 61 cm x 0.5 cm<\/p>\n<p>Peso: aprox. 2.10kg<br \/>\nMaterial: PVC de alta densidad<\/p>\n<blockquote class=\"wp-embedded-content\" data-secret=\"0HQ9eZf8pF\"><p><a href=\"https:\/\/naturyoga.com\/en\/politica-de-uso-y-limpieza-de-materiales\/\">Pol\u00edtica de uso y limpieza de materiales<\/a><\/p><\/blockquote>\n<p><iframe class=\"wp-embedded-content\" sandbox=\"allow-scripts\" security=\"restricted\" style=\"position: absolute; visibility: hidden;\" title=\"\u00abPol\u00edtica de uso y limpieza de materiales\u00bb \u2014 Naturyoga\" src=\"https:\/\/naturyoga.com\/politica-de-uso-y-limpieza-de-materiales\/embed\/#?secret=eDueUAapEC#?secret=0HQ9eZf8pF\" data-secret=\"0HQ9eZf8pF\" width=\"600\" height=\"338\" frameborder=\"0\" marginwidth=\"0\" marginheight=\"0\" scrolling=\"no\"><\/iframe><\/p>","protected":false},"excerpt":{"rendered":"<p>Esta esterilla de PVC de alta densidad y 5 mm de grosor es una opci\u00f3n resistente, duradera y muy c\u00f3moda. Ofrece una excelente amortiguaci\u00f3n, ideal para proteger rodillas y articulaciones en pr\u00e1cticas largas o m\u00e1s est\u00e1ticas. Su material est\u00e1 pensado para un uso frecuente, siendo una gran elecci\u00f3n tanto para casa como para estudios de [&hellip;]<\/p>\n","protected":false},"featured_media":3653,"template":"","meta":[],"product_brand":[],"product_cat":[15],"product_tag":[33,29,26,32,30,27],"class_list":{"0":"post-160","1":"product","2":"type-product","3":"status-publish","4":"has-post-thumbnail","6":"product_cat-esterilla-yoga","7":"product_tag-aire-libre","8":"product_tag-antideslizante","9":"product_tag-esterilla","10":"product_tag-negro","11":"product_tag-pvc","12":"product_tag-viaje","14":"first","15":"instock","16":"sale","17":"taxable","18":"shipping-taxable","19":"purchasable","20":"product-type-simple"},"yoast_head":"<!-- This site is optimized with the Yoast SEO plugin v27.4 - https:\/\/yoast.com\/product\/yoast-seo-wordpress\/ -->\n<title>Esterilla de Yoga gruesa, firme y antideslizante<\/title>\n<meta name=\"description\" content=\"La mejor opci\u00f3n para conseguir la estabilidad perfecta en cualquier superficie. Esterilla de yoga gruesa, firme y antideslizante.\" \/>\n<meta name=\"robots\" content=\"index, follow, max-snippet:-1, max-image-preview:large, max-video-preview:-1\" \/>\n<link rel=\"canonical\" href=\"https:\/\/naturyoga.com\/en\/product\/esterilla-black-panther\/\" \/>\n<meta property=\"og:locale\" content=\"en_GB\" \/>\n<meta property=\"og:type\" content=\"article\" \/>\n<meta property=\"og:title\" content=\"Esterilla de Yoga gruesa, firme y antideslizante\" \/>\n<meta property=\"og:description\" content=\"La mejor opci\u00f3n para conseguir la estabilidad perfecta en cualquier superficie. Esterilla de yoga gruesa, firme y antideslizante.\" \/>\n<meta property=\"og:url\" content=\"https:\/\/naturyoga.com\/en\/product\/esterilla-black-panther\/\" \/>\n<meta property=\"og:site_name\" content=\"Naturyoga\" \/>\n<meta property=\"article:modified_time\" content=\"2026-01-28T12:15:38+00:00\" \/>\n<meta property=\"og:image\" content=\"https:\/\/naturyoga.com\/wp-content\/uploads\/11.png\" \/>\n\t<meta property=\"og:image:width\" content=\"1080\" \/>\n\t<meta property=\"og:image:height\" content=\"1080\" \/>\n\t<meta property=\"og:image:type\" content=\"image\/png\" \/>\n<meta name=\"twitter:card\" content=\"summary_large_image\" \/>\n<meta name=\"twitter:label1\" content=\"Estimated reading time\" \/>\n\t<meta name=\"twitter:data1\" content=\"1 minute\" \/>\n<script type=\"application\/ld+json\" class=\"yoast-schema-graph\">{\"@context\":\"https:\\\/\\\/schema.org\",\"@graph\":[{\"@type\":\"WebPage\",\"@id\":\"https:\\\/\\\/naturyoga.com\\\/producto\\\/esterilla-black-panther\\\/\",\"url\":\"https:\\\/\\\/naturyoga.com\\\/producto\\\/esterilla-black-panther\\\/\",\"name\":\"Esterilla de Yoga gruesa, firme y antideslizante\",\"isPartOf\":{\"@id\":\"https:\\\/\\\/naturyoga.com\\\/#website\"},\"primaryImageOfPage\":{\"@id\":\"https:\\\/\\\/naturyoga.com\\\/producto\\\/esterilla-black-panther\\\/#primaryimage\"},\"image\":{\"@id\":\"https:\\\/\\\/naturyoga.com\\\/producto\\\/esterilla-black-panther\\\/#primaryimage\"},\"thumbnailUrl\":\"https:\\\/\\\/naturyoga.com\\\/wp-content\\\/uploads\\\/11.png\",\"datePublished\":\"2022-01-11T20:27:54+00:00\",\"dateModified\":\"2026-01-28T12:15:38+00:00\",\"description\":\"La mejor opci\u00f3n para conseguir la estabilidad perfecta en cualquier superficie. Esterilla de yoga gruesa, firme y antideslizante.\",\"breadcrumb\":{\"@id\":\"https:\\\/\\\/naturyoga.com\\\/producto\\\/esterilla-black-panther\\\/#breadcrumb\"},\"inLanguage\":\"en-GB\",\"potentialAction\":[{\"@type\":\"ReadAction\",\"target\":[\"https:\\\/\\\/naturyoga.com\\\/producto\\\/esterilla-black-panther\\\/\"]}]},{\"@type\":\"ImageObject\",\"inLanguage\":\"en-GB\",\"@id\":\"https:\\\/\\\/naturyoga.com\\\/producto\\\/esterilla-black-panther\\\/#primaryimage\",\"url\":\"https:\\\/\\\/naturyoga.com\\\/wp-content\\\/uploads\\\/11.png\",\"contentUrl\":\"https:\\\/\\\/naturyoga.com\\\/wp-content\\\/uploads\\\/11.png\",\"width\":1080,\"height\":1080,\"caption\":\"esterilla-yoga\"},{\"@type\":\"BreadcrumbList\",\"@id\":\"https:\\\/\\\/naturyoga.com\\\/producto\\\/esterilla-black-panther\\\/#breadcrumb\",\"itemListElement\":[{\"@type\":\"ListItem\",\"position\":1,\"name\":\"Portada\",\"item\":\"https:\\\/\\\/naturyoga.com\\\/\"},{\"@type\":\"ListItem\",\"position\":2,\"name\":\"Tienda\",\"item\":\"https:\\\/\\\/naturyoga.com\\\/tienda\\\/\"},{\"@type\":\"ListItem\",\"position\":3,\"name\":\"Esterilla De Yoga Black Panther\"}]},{\"@type\":\"WebSite\",\"@id\":\"https:\\\/\\\/naturyoga.com\\\/#website\",\"url\":\"https:\\\/\\\/naturyoga.com\\\/\",\"name\":\"Naturyoga\",\"description\":\"Productos de Yoga: esterillas, bloques, silla Iyengar, rueda de Yoga, mantas\",\"publisher\":{\"@id\":\"https:\\\/\\\/naturyoga.com\\\/#organization\"},\"potentialAction\":[{\"@type\":\"SearchAction\",\"target\":{\"@type\":\"EntryPoint\",\"urlTemplate\":\"https:\\\/\\\/naturyoga.com\\\/?s={search_term_string}\"},\"query-input\":{\"@type\":\"PropertyValueSpecification\",\"valueRequired\":true,\"valueName\":\"search_term_string\"}}],\"inLanguage\":\"en-GB\"},{\"@type\":\"Organization\",\"@id\":\"https:\\\/\\\/naturyoga.com\\\/#organization\",\"name\":\"naturyoga\",\"url\":\"https:\\\/\\\/naturyoga.com\\\/\",\"logo\":{\"@type\":\"ImageObject\",\"inLanguage\":\"en-GB\",\"@id\":\"https:\\\/\\\/naturyoga.com\\\/#\\\/schema\\\/logo\\\/image\\\/\",\"url\":\"https:\\\/\\\/naturyoga.com\\\/wp-content\\\/uploads\\\/Logo-small.png\",\"contentUrl\":\"https:\\\/\\\/naturyoga.com\\\/wp-content\\\/uploads\\\/Logo-small.png\",\"width\":128,\"height\":48,\"caption\":\"naturyoga\"},\"image\":{\"@id\":\"https:\\\/\\\/naturyoga.com\\\/#\\\/schema\\\/logo\\\/image\\\/\"}}]}<\/script>\n<!-- \/ Yoast SEO plugin. -->","yoast_head_json":{"title":"Esterilla de Yoga gruesa, firme y antideslizante","description":"La mejor opci\u00f3n para conseguir la estabilidad perfecta en cualquier superficie. Esterilla de yoga gruesa, firme y antideslizante.","robots":{"index":"index","follow":"follow","max-snippet":"max-snippet:-1","max-image-preview":"max-image-preview:large","max-video-preview":"max-video-preview:-1"},"canonical":"https:\/\/naturyoga.com\/en\/product\/esterilla-black-panther\/","og_locale":"en_GB","og_type":"article","og_title":"Esterilla de Yoga gruesa, firme y antideslizante","og_description":"La mejor opci\u00f3n para conseguir la estabilidad perfecta en cualquier superficie. Esterilla de yoga gruesa, firme y antideslizante.","og_url":"https:\/\/naturyoga.com\/en\/product\/esterilla-black-panther\/","og_site_name":"Naturyoga","article_modified_time":"2026-01-28T12:15:38+00:00","og_image":[{"width":1080,"height":1080,"url":"https:\/\/naturyoga.com\/wp-content\/uploads\/11.png","type":"image\/png"}],"twitter_card":"summary_large_image","twitter_misc":{"Estimated reading time":"1 minute"},"schema":{"@context":"https:\/\/schema.org","@graph":[{"@type":"WebPage","@id":"https:\/\/naturyoga.com\/producto\/esterilla-black-panther\/","url":"https:\/\/naturyoga.com\/producto\/esterilla-black-panther\/","name":"Esterilla de Yoga gruesa, firme y antideslizante","isPartOf":{"@id":"https:\/\/naturyoga.com\/#website"},"primaryImageOfPage":{"@id":"https:\/\/naturyoga.com\/producto\/esterilla-black-panther\/#primaryimage"},"image":{"@id":"https:\/\/naturyoga.com\/producto\/esterilla-black-panther\/#primaryimage"},"thumbnailUrl":"https:\/\/naturyoga.com\/wp-content\/uploads\/11.png","datePublished":"2022-01-11T20:27:54+00:00","dateModified":"2026-01-28T12:15:38+00:00","description":"La mejor opci\u00f3n para conseguir la estabilidad perfecta en cualquier superficie. Esterilla de yoga gruesa, firme y antideslizante.","breadcrumb":{"@id":"https:\/\/naturyoga.com\/producto\/esterilla-black-panther\/#breadcrumb"},"inLanguage":"en-GB","potentialAction":[{"@type":"ReadAction","target":["https:\/\/naturyoga.com\/producto\/esterilla-black-panther\/"]}]},{"@type":"ImageObject","inLanguage":"en-GB","@id":"https:\/\/naturyoga.com\/producto\/esterilla-black-panther\/#primaryimage","url":"https:\/\/naturyoga.com\/wp-content\/uploads\/11.png","contentUrl":"https:\/\/naturyoga.com\/wp-content\/uploads\/11.png","width":1080,"height":1080,"caption":"esterilla-yoga"},{"@type":"BreadcrumbList","@id":"https:\/\/naturyoga.com\/producto\/esterilla-black-panther\/#breadcrumb","itemListElement":[{"@type":"ListItem","position":1,"name":"Portada","item":"https:\/\/naturyoga.com\/"},{"@type":"ListItem","position":2,"name":"Tienda","item":"https:\/\/naturyoga.com\/tienda\/"},{"@type":"ListItem","position":3,"name":"Esterilla De Yoga Black Panther"}]},{"@type":"WebSite","@id":"https:\/\/naturyoga.com\/#website","url":"https:\/\/naturyoga.com\/","name":"Naturyoga","description":"Productos de Yoga: esterillas, bloques, silla Iyengar, rueda de Yoga, mantas","publisher":{"@id":"https:\/\/naturyoga.com\/#organization"},"potentialAction":[{"@type":"SearchAction","target":{"@type":"EntryPoint","urlTemplate":"https:\/\/naturyoga.com\/?s={search_term_string}"},"query-input":{"@type":"PropertyValueSpecification","valueRequired":true,"valueName":"search_term_string"}}],"inLanguage":"en-GB"},{"@type":"Organization","@id":"https:\/\/naturyoga.com\/#organization","name":"naturyoga","url":"https:\/\/naturyoga.com\/","logo":{"@type":"ImageObject","inLanguage":"en-GB","@id":"https:\/\/naturyoga.com\/#\/schema\/logo\/image\/","url":"https:\/\/naturyoga.com\/wp-content\/uploads\/Logo-small.png","contentUrl":"https:\/\/naturyoga.com\/wp-content\/uploads\/Logo-small.png","width":128,"height":48,"caption":"naturyoga"},"image":{"@id":"https:\/\/naturyoga.com\/#\/schema\/logo\/image\/"}}]}},"jetpack_sharing_enabled":true,"_links":{"self":[{"href":"https:\/\/naturyoga.com\/en\/wp-json\/wp\/v2\/product\/160","targetHints":{"allow":["GET"]}}],"collection":[{"href":"https:\/\/naturyoga.com\/en\/wp-json\/wp\/v2\/product"}],"about":[{"href":"https:\/\/naturyoga.com\/en\/wp-json\/wp\/v2\/types\/product"}],"wp:featuredmedia":[{"embeddable":true,"href":"https:\/\/naturyoga.com\/en\/wp-json\/wp\/v2\/media\/3653"}],"wp:attachment":[{"href":"https:\/\/naturyoga.com\/en\/wp-json\/wp\/v2\/media?parent=160"}],"wp:term":[{"taxonomy":"product_brand","embeddable":true,"href":"https:\/\/naturyoga.com\/en\/wp-json\/wp\/v2\/product_brand?post=160"},{"taxonomy":"product_cat","embeddable":true,"href":"https:\/\/naturyoga.com\/en\/wp-json\/wp\/v2\/product_cat?post=160"},{"taxonomy":"product_tag","embeddable":true,"href":"https:\/\/naturyoga.com\/en\/wp-json\/wp\/v2\/product_tag?post=160"}],"curies":[{"name":"wp","href":"https:\/\/api.w.org\/{rel}","templated":true}]}}