{"id":1341,"date":"2022-03-11T21:30:45","date_gmt":"2022-03-11T20:30:45","guid":{"rendered":"https:\/\/naturyoga.com\/?post_type=product&#038;p=1341"},"modified":"2025-02-11T12:05:50","modified_gmt":"2025-02-11T11:05:50","slug":"funda-para-esterilla","status":"publish","type":"product","link":"https:\/\/naturyoga.com\/en\/product\/funda-para-esterilla\/","title":{"rendered":"Mat bag"},"content":{"rendered":"<p class=\"translation-block\">A bag to take your mat <strong>anywhere in the world!<\/strong><\/p>\n<p class=\"translation-block\">Naturyoga\u2019s mat bag is designed to take mats of <strong>different weights and sizes<\/strong> to Yoga sessions wherever they may be.<\/p>\n<p class=\"translation-block\">It has a <strong>reinforced handle<\/strong> to make it more durable and to accompany you on many journeys.<\/p>\n<p class=\"translation-block\">Enjoy the bag\u2019s <strong>elongated design<\/strong> that can hold a Yoga belt or other items for your practice.<\/p>\n<p class=\"translation-block\">Our bag can fit <strong>all types of naturyoga mats<\/strong> (such as <a href=\"https:\/\/naturyoga.com\/en\/product\/esterilla-esmerindia\/\" target=\"_self\">EsmerIndia<\/a> or even <a href=\"https:\/\/naturyoga.com\/en\/product\/esterilla-green-africa\/\" target=\"_self\">Green Africa<\/a>), and you\u2019ll even <strong>have some space left<\/strong> over to store your personal belongings.<\/p>\n<hr \/>\n<p>Materiales:<\/p>\n<p>Funda &#8211; algod\u00f3n<\/p>\n<p>Asa &#8211; poli\u00e9ster<\/p>\n<p>Tama\u00f1o perfecto para todas nuestras esterillas con el espacio adicional.<\/p>\n<blockquote class=\"wp-embedded-content\" data-secret=\"nuYdeS8NoH\"><p><a href=\"https:\/\/naturyoga.com\/en\/politica-de-uso-y-limpieza-de-materiales\/\">Pol\u00edtica de uso y limpieza de materiales<\/a><\/p><\/blockquote>\n<p><iframe class=\"wp-embedded-content\" sandbox=\"allow-scripts\" security=\"restricted\" style=\"position: absolute; visibility: hidden;\" title=\"\u00abPol\u00edtica de uso y limpieza de materiales\u00bb \u2014 Naturyoga\" src=\"https:\/\/naturyoga.com\/politica-de-uso-y-limpieza-de-materiales\/embed\/#?secret=b4ejMMQ8jy#?secret=nuYdeS8NoH\" data-secret=\"nuYdeS8NoH\" width=\"600\" height=\"338\" frameborder=\"0\" marginwidth=\"0\" marginheight=\"0\" scrolling=\"no\"><\/iframe><\/p>","protected":false},"excerpt":{"rendered":"<p>Funda para llevar tu esterilla a cualquier parte del mundo! La funda para la esterilla de naturyoga est\u00e1 creada para llevar las esterillas de diferentes tama\u00f1o y peso en tus pr\u00e1cticas de Yoga en cualquier lugar. Tiene una asa reforzada\u00a0para durar y acompa\u00f1arte durante muchos viajes. Disfruta de dise\u00f1o de tama\u00f1o alargado de la funda [&hellip;]<\/p>\n","protected":false},"featured_media":1697,"template":"","meta":[],"product_brand":[],"product_cat":[36,119],"product_tag":[67],"class_list":{"0":"post-1341","1":"product","2":"type-product","3":"status-publish","4":"has-post-thumbnail","6":"product_cat-accesorios-yoga","7":"product_cat-producto-de-regalo","8":"product_tag-funda-para-esterilla","10":"first","11":"instock","12":"sale","13":"taxable","14":"shipping-taxable","15":"purchasable","16":"product-type-simple"},"yoast_head":"<!-- This site is optimized with the Yoast SEO plugin v27.3 - https:\/\/yoast.com\/product\/yoast-seo-wordpress\/ -->\n<title>Funda para esterilla - Naturyoga<\/title>\n<meta name=\"description\" content=\"La funda para la esterilla de naturyoga est\u00e1 creada para llevar las esterillas de diferentes tama\u00f1o y peso en tus pr\u00e1cticas de Yoga.\" \/>\n<meta name=\"robots\" content=\"index, follow, max-snippet:-1, max-image-preview:large, max-video-preview:-1\" \/>\n<link rel=\"canonical\" href=\"https:\/\/naturyoga.com\/en\/product\/funda-para-esterilla\/\" \/>\n<meta property=\"og:locale\" content=\"en_GB\" \/>\n<meta property=\"og:type\" content=\"article\" \/>\n<meta property=\"og:title\" content=\"Funda para esterilla - Naturyoga\" \/>\n<meta property=\"og:description\" content=\"La funda para la esterilla de naturyoga est\u00e1 creada para llevar las esterillas de diferentes tama\u00f1o y peso en tus pr\u00e1cticas de Yoga.\" \/>\n<meta property=\"og:url\" content=\"https:\/\/naturyoga.com\/en\/product\/funda-para-esterilla\/\" \/>\n<meta property=\"og:site_name\" content=\"Naturyoga\" \/>\n<meta property=\"article:modified_time\" content=\"2025-02-11T11:05:50+00:00\" \/>\n<meta property=\"og:image\" content=\"https:\/\/naturyoga.com\/wp-content\/uploads\/DSC_0704_Fotor-scaled.jpg\" \/>\n\t<meta property=\"og:image:width\" content=\"2560\" \/>\n\t<meta property=\"og:image:height\" content=\"2560\" \/>\n\t<meta property=\"og:image:type\" content=\"image\/jpeg\" \/>\n<meta name=\"twitter:card\" content=\"summary_large_image\" \/>\n<meta name=\"twitter:label1\" content=\"Estimated reading time\" \/>\n\t<meta name=\"twitter:data1\" content=\"1 minute\" \/>\n<script type=\"application\/ld+json\" class=\"yoast-schema-graph\">{\"@context\":\"https:\\\/\\\/schema.org\",\"@graph\":[{\"@type\":\"WebPage\",\"@id\":\"https:\\\/\\\/naturyoga.com\\\/producto\\\/funda-para-esterilla\\\/\",\"url\":\"https:\\\/\\\/naturyoga.com\\\/producto\\\/funda-para-esterilla\\\/\",\"name\":\"Funda para esterilla - Naturyoga\",\"isPartOf\":{\"@id\":\"https:\\\/\\\/naturyoga.com\\\/#website\"},\"primaryImageOfPage\":{\"@id\":\"https:\\\/\\\/naturyoga.com\\\/producto\\\/funda-para-esterilla\\\/#primaryimage\"},\"image\":{\"@id\":\"https:\\\/\\\/naturyoga.com\\\/producto\\\/funda-para-esterilla\\\/#primaryimage\"},\"thumbnailUrl\":\"https:\\\/\\\/naturyoga.com\\\/wp-content\\\/uploads\\\/DSC_0704_Fotor-scaled.jpg\",\"datePublished\":\"2022-03-11T20:30:45+00:00\",\"dateModified\":\"2025-02-11T11:05:50+00:00\",\"description\":\"La funda para la esterilla de naturyoga est\u00e1 creada para llevar las esterillas de diferentes tama\u00f1o y peso en tus pr\u00e1cticas de Yoga.\",\"breadcrumb\":{\"@id\":\"https:\\\/\\\/naturyoga.com\\\/producto\\\/funda-para-esterilla\\\/#breadcrumb\"},\"inLanguage\":\"en-GB\",\"potentialAction\":[{\"@type\":\"ReadAction\",\"target\":[\"https:\\\/\\\/naturyoga.com\\\/producto\\\/funda-para-esterilla\\\/\"]}]},{\"@type\":\"ImageObject\",\"inLanguage\":\"en-GB\",\"@id\":\"https:\\\/\\\/naturyoga.com\\\/producto\\\/funda-para-esterilla\\\/#primaryimage\",\"url\":\"https:\\\/\\\/naturyoga.com\\\/wp-content\\\/uploads\\\/DSC_0704_Fotor-scaled.jpg\",\"contentUrl\":\"https:\\\/\\\/naturyoga.com\\\/wp-content\\\/uploads\\\/DSC_0704_Fotor-scaled.jpg\",\"width\":2560,\"height\":2560,\"caption\":\"funda-esterilla-yoga\"},{\"@type\":\"BreadcrumbList\",\"@id\":\"https:\\\/\\\/naturyoga.com\\\/producto\\\/funda-para-esterilla\\\/#breadcrumb\",\"itemListElement\":[{\"@type\":\"ListItem\",\"position\":1,\"name\":\"Portada\",\"item\":\"https:\\\/\\\/naturyoga.com\\\/\"},{\"@type\":\"ListItem\",\"position\":2,\"name\":\"Tienda\",\"item\":\"https:\\\/\\\/naturyoga.com\\\/tienda\\\/\"},{\"@type\":\"ListItem\",\"position\":3,\"name\":\"Funda para esterilla\"}]},{\"@type\":\"WebSite\",\"@id\":\"https:\\\/\\\/naturyoga.com\\\/#website\",\"url\":\"https:\\\/\\\/naturyoga.com\\\/\",\"name\":\"Naturyoga\",\"description\":\"Productos de Yoga: esterillas, bloques, silla Iyengar, rueda de Yoga, mantas\",\"publisher\":{\"@id\":\"https:\\\/\\\/naturyoga.com\\\/#organization\"},\"potentialAction\":[{\"@type\":\"SearchAction\",\"target\":{\"@type\":\"EntryPoint\",\"urlTemplate\":\"https:\\\/\\\/naturyoga.com\\\/?s={search_term_string}\"},\"query-input\":{\"@type\":\"PropertyValueSpecification\",\"valueRequired\":true,\"valueName\":\"search_term_string\"}}],\"inLanguage\":\"en-GB\"},{\"@type\":\"Organization\",\"@id\":\"https:\\\/\\\/naturyoga.com\\\/#organization\",\"name\":\"naturyoga\",\"url\":\"https:\\\/\\\/naturyoga.com\\\/\",\"logo\":{\"@type\":\"ImageObject\",\"inLanguage\":\"en-GB\",\"@id\":\"https:\\\/\\\/naturyoga.com\\\/#\\\/schema\\\/logo\\\/image\\\/\",\"url\":\"https:\\\/\\\/naturyoga.com\\\/wp-content\\\/uploads\\\/Logo-small.png\",\"contentUrl\":\"https:\\\/\\\/naturyoga.com\\\/wp-content\\\/uploads\\\/Logo-small.png\",\"width\":128,\"height\":48,\"caption\":\"naturyoga\"},\"image\":{\"@id\":\"https:\\\/\\\/naturyoga.com\\\/#\\\/schema\\\/logo\\\/image\\\/\"}}]}<\/script>\n<!-- \/ Yoast SEO plugin. -->","yoast_head_json":{"title":"Funda para esterilla - Naturyoga","description":"La funda para la esterilla de naturyoga est\u00e1 creada para llevar las esterillas de diferentes tama\u00f1o y peso en tus pr\u00e1cticas de Yoga.","robots":{"index":"index","follow":"follow","max-snippet":"max-snippet:-1","max-image-preview":"max-image-preview:large","max-video-preview":"max-video-preview:-1"},"canonical":"https:\/\/naturyoga.com\/en\/product\/funda-para-esterilla\/","og_locale":"en_GB","og_type":"article","og_title":"Funda para esterilla - Naturyoga","og_description":"La funda para la esterilla de naturyoga est\u00e1 creada para llevar las esterillas de diferentes tama\u00f1o y peso en tus pr\u00e1cticas de Yoga.","og_url":"https:\/\/naturyoga.com\/en\/product\/funda-para-esterilla\/","og_site_name":"Naturyoga","article_modified_time":"2025-02-11T11:05:50+00:00","og_image":[{"width":2560,"height":2560,"url":"https:\/\/naturyoga.com\/wp-content\/uploads\/DSC_0704_Fotor-scaled.jpg","type":"image\/jpeg"}],"twitter_card":"summary_large_image","twitter_misc":{"Estimated reading time":"1 minute"},"schema":{"@context":"https:\/\/schema.org","@graph":[{"@type":"WebPage","@id":"https:\/\/naturyoga.com\/producto\/funda-para-esterilla\/","url":"https:\/\/naturyoga.com\/producto\/funda-para-esterilla\/","name":"Funda para esterilla - Naturyoga","isPartOf":{"@id":"https:\/\/naturyoga.com\/#website"},"primaryImageOfPage":{"@id":"https:\/\/naturyoga.com\/producto\/funda-para-esterilla\/#primaryimage"},"image":{"@id":"https:\/\/naturyoga.com\/producto\/funda-para-esterilla\/#primaryimage"},"thumbnailUrl":"https:\/\/naturyoga.com\/wp-content\/uploads\/DSC_0704_Fotor-scaled.jpg","datePublished":"2022-03-11T20:30:45+00:00","dateModified":"2025-02-11T11:05:50+00:00","description":"La funda para la esterilla de naturyoga est\u00e1 creada para llevar las esterillas de diferentes tama\u00f1o y peso en tus pr\u00e1cticas de Yoga.","breadcrumb":{"@id":"https:\/\/naturyoga.com\/producto\/funda-para-esterilla\/#breadcrumb"},"inLanguage":"en-GB","potentialAction":[{"@type":"ReadAction","target":["https:\/\/naturyoga.com\/producto\/funda-para-esterilla\/"]}]},{"@type":"ImageObject","inLanguage":"en-GB","@id":"https:\/\/naturyoga.com\/producto\/funda-para-esterilla\/#primaryimage","url":"https:\/\/naturyoga.com\/wp-content\/uploads\/DSC_0704_Fotor-scaled.jpg","contentUrl":"https:\/\/naturyoga.com\/wp-content\/uploads\/DSC_0704_Fotor-scaled.jpg","width":2560,"height":2560,"caption":"funda-esterilla-yoga"},{"@type":"BreadcrumbList","@id":"https:\/\/naturyoga.com\/producto\/funda-para-esterilla\/#breadcrumb","itemListElement":[{"@type":"ListItem","position":1,"name":"Portada","item":"https:\/\/naturyoga.com\/"},{"@type":"ListItem","position":2,"name":"Tienda","item":"https:\/\/naturyoga.com\/tienda\/"},{"@type":"ListItem","position":3,"name":"Funda para esterilla"}]},{"@type":"WebSite","@id":"https:\/\/naturyoga.com\/#website","url":"https:\/\/naturyoga.com\/","name":"Naturyoga","description":"Productos de Yoga: esterillas, bloques, silla Iyengar, rueda de Yoga, mantas","publisher":{"@id":"https:\/\/naturyoga.com\/#organization"},"potentialAction":[{"@type":"SearchAction","target":{"@type":"EntryPoint","urlTemplate":"https:\/\/naturyoga.com\/?s={search_term_string}"},"query-input":{"@type":"PropertyValueSpecification","valueRequired":true,"valueName":"search_term_string"}}],"inLanguage":"en-GB"},{"@type":"Organization","@id":"https:\/\/naturyoga.com\/#organization","name":"naturyoga","url":"https:\/\/naturyoga.com\/","logo":{"@type":"ImageObject","inLanguage":"en-GB","@id":"https:\/\/naturyoga.com\/#\/schema\/logo\/image\/","url":"https:\/\/naturyoga.com\/wp-content\/uploads\/Logo-small.png","contentUrl":"https:\/\/naturyoga.com\/wp-content\/uploads\/Logo-small.png","width":128,"height":48,"caption":"naturyoga"},"image":{"@id":"https:\/\/naturyoga.com\/#\/schema\/logo\/image\/"}}]}},"jetpack_sharing_enabled":true,"_links":{"self":[{"href":"https:\/\/naturyoga.com\/en\/wp-json\/wp\/v2\/product\/1341","targetHints":{"allow":["GET"]}}],"collection":[{"href":"https:\/\/naturyoga.com\/en\/wp-json\/wp\/v2\/product"}],"about":[{"href":"https:\/\/naturyoga.com\/en\/wp-json\/wp\/v2\/types\/product"}],"wp:featuredmedia":[{"embeddable":true,"href":"https:\/\/naturyoga.com\/en\/wp-json\/wp\/v2\/media\/1697"}],"wp:attachment":[{"href":"https:\/\/naturyoga.com\/en\/wp-json\/wp\/v2\/media?parent=1341"}],"wp:term":[{"taxonomy":"product_brand","embeddable":true,"href":"https:\/\/naturyoga.com\/en\/wp-json\/wp\/v2\/product_brand?post=1341"},{"taxonomy":"product_cat","embeddable":true,"href":"https:\/\/naturyoga.com\/en\/wp-json\/wp\/v2\/product_cat?post=1341"},{"taxonomy":"product_tag","embeddable":true,"href":"https:\/\/naturyoga.com\/en\/wp-json\/wp\/v2\/product_tag?post=1341"}],"curies":[{"name":"wp","href":"https:\/\/api.w.org\/{rel}","templated":true}]}}