{"id":1340,"date":"2022-03-11T21:22:08","date_gmt":"2022-03-11T20:22:08","guid":{"rendered":"https:\/\/naturyoga.com\/?post_type=product&#038;p=1340"},"modified":"2025-02-11T12:05:56","modified_gmt":"2025-02-11T11:05:56","slug":"bloque-greybrick","status":"publish","type":"product","link":"https:\/\/naturyoga.com\/en\/product\/bloque-greybrick\/","title":{"rendered":"\u00a8GreyBrick\u00a8 block"},"content":{"rendered":"<p>A simple, but not basic, Yoga block. It will be your soft support for your Yoga practice in both open and closed spaces.<\/p>\n<p>Thanks to its EVA material, it is pleasant to the touch and can be used to support the forehead or other parts of the body during restorative Yoga poses. It is a good way to support your joints in relaxing poses.<\/p>\n<p>What\u2019s more, the GreyBrick Block is very light. This means that it can be taken to all outdoor Yoga sessions\u2014 to the park, the mountains, or the beach.<\/p>\n<p class=\"translation-block\">Use it with the mat  <a href=\"https:\/\/naturyoga.com\/en\/product\/esterilla-green-africa\/\" target=\"_self\"><span style=\"color: #0000ff\">Green Africa<\/span><\/a>.<\/p>\n<blockquote class=\"wp-embedded-content\" data-secret=\"SjGjgiuDyH\"><p><a href=\"https:\/\/naturyoga.com\/en\/politica-de-uso-y-limpieza-de-materiales\/\">Pol\u00edtica de uso y limpieza de materiales<\/a><\/p><\/blockquote>\n<p><iframe class=\"wp-embedded-content\" sandbox=\"allow-scripts\" security=\"restricted\" style=\"position: absolute; visibility: hidden;\" title=\"\u00abPol\u00edtica de uso y limpieza de materiales\u00bb \u2014 Naturyoga\" src=\"https:\/\/naturyoga.com\/politica-de-uso-y-limpieza-de-materiales\/embed\/#?secret=qlENMkrx6k#?secret=SjGjgiuDyH\" data-secret=\"SjGjgiuDyH\" width=\"600\" height=\"338\" frameborder=\"0\" marginwidth=\"0\" marginheight=\"0\" scrolling=\"no\"><\/iframe><\/p>","protected":false},"excerpt":{"rendered":"<p>Bloque de Yoga sencillo, que no b\u00e1sico. Ser\u00e1 tu apoyo suave para tu pr\u00e1ctica de Yoga en espacios cerrados y abiertos. Gracias a su material de EVA es agradable al tacto que puede ser utilizado como apoyo para la frente o otras partes del cuerpo durante las posturas de Yoga restaurativo. Es buena soluci\u00f3n para [&hellip;]<\/p>\n","protected":false},"featured_media":1615,"template":"","meta":[],"product_brand":[],"product_cat":[36,122],"product_tag":[66,65],"class_list":{"0":"post-1340","1":"product","2":"type-product","3":"status-publish","4":"has-post-thumbnail","6":"product_cat-accesorios-yoga","7":"product_cat-bloques-de-yoga","8":"product_tag-accesorios","9":"product_tag-bloque-de-yoga","11":"first","12":"instock","13":"sale","14":"taxable","15":"shipping-taxable","16":"purchasable","17":"product-type-simple"},"yoast_head":"<!-- This site is optimized with the Yoast SEO plugin v27.3 - https:\/\/yoast.com\/product\/yoast-seo-wordpress\/ -->\n<title>Bloque de Yoga ligero<\/title>\n<meta name=\"description\" content=\"Bloque de Yoga sencillo, que no b\u00e1sico. Ser\u00e1 tu apoyo suave para tu pr\u00e1ctica de Yoga en espacios cerrados y abiertos.\" \/>\n<meta name=\"robots\" content=\"index, follow, max-snippet:-1, max-image-preview:large, max-video-preview:-1\" \/>\n<link rel=\"canonical\" href=\"https:\/\/naturyoga.com\/en\/product\/bloque-greybrick\/\" \/>\n<meta property=\"og:locale\" content=\"en_GB\" \/>\n<meta property=\"og:type\" content=\"article\" \/>\n<meta property=\"og:title\" content=\"Bloque de Yoga ligero\" \/>\n<meta property=\"og:description\" content=\"Bloque de Yoga sencillo, que no b\u00e1sico. Ser\u00e1 tu apoyo suave para tu pr\u00e1ctica de Yoga en espacios cerrados y abiertos.\" \/>\n<meta property=\"og:url\" content=\"https:\/\/naturyoga.com\/en\/product\/bloque-greybrick\/\" \/>\n<meta property=\"og:site_name\" content=\"Naturyoga\" \/>\n<meta property=\"article:modified_time\" content=\"2025-02-11T11:05:56+00:00\" \/>\n<meta property=\"og:image\" content=\"https:\/\/naturyoga.com\/wp-content\/uploads\/DSC_0029_Fotor-scaled.jpg\" \/>\n\t<meta property=\"og:image:width\" content=\"2560\" \/>\n\t<meta property=\"og:image:height\" content=\"1709\" \/>\n\t<meta property=\"og:image:type\" content=\"image\/jpeg\" \/>\n<meta name=\"twitter:card\" content=\"summary_large_image\" \/>\n<meta name=\"twitter:label1\" content=\"Estimated reading time\" \/>\n\t<meta name=\"twitter:data1\" content=\"1 minute\" \/>\n<script type=\"application\/ld+json\" class=\"yoast-schema-graph\">{\"@context\":\"https:\\\/\\\/schema.org\",\"@graph\":[{\"@type\":\"WebPage\",\"@id\":\"https:\\\/\\\/naturyoga.com\\\/producto\\\/bloque-greybrick\\\/\",\"url\":\"https:\\\/\\\/naturyoga.com\\\/producto\\\/bloque-greybrick\\\/\",\"name\":\"Bloque de Yoga ligero\",\"isPartOf\":{\"@id\":\"https:\\\/\\\/naturyoga.com\\\/#website\"},\"primaryImageOfPage\":{\"@id\":\"https:\\\/\\\/naturyoga.com\\\/producto\\\/bloque-greybrick\\\/#primaryimage\"},\"image\":{\"@id\":\"https:\\\/\\\/naturyoga.com\\\/producto\\\/bloque-greybrick\\\/#primaryimage\"},\"thumbnailUrl\":\"https:\\\/\\\/naturyoga.com\\\/wp-content\\\/uploads\\\/DSC_0029_Fotor-scaled.jpg\",\"datePublished\":\"2022-03-11T20:22:08+00:00\",\"dateModified\":\"2025-02-11T11:05:56+00:00\",\"description\":\"Bloque de Yoga sencillo, que no b\u00e1sico. Ser\u00e1 tu apoyo suave para tu pr\u00e1ctica de Yoga en espacios cerrados y abiertos.\",\"breadcrumb\":{\"@id\":\"https:\\\/\\\/naturyoga.com\\\/producto\\\/bloque-greybrick\\\/#breadcrumb\"},\"inLanguage\":\"en-GB\",\"potentialAction\":[{\"@type\":\"ReadAction\",\"target\":[\"https:\\\/\\\/naturyoga.com\\\/producto\\\/bloque-greybrick\\\/\"]}]},{\"@type\":\"ImageObject\",\"inLanguage\":\"en-GB\",\"@id\":\"https:\\\/\\\/naturyoga.com\\\/producto\\\/bloque-greybrick\\\/#primaryimage\",\"url\":\"https:\\\/\\\/naturyoga.com\\\/wp-content\\\/uploads\\\/DSC_0029_Fotor-scaled.jpg\",\"contentUrl\":\"https:\\\/\\\/naturyoga.com\\\/wp-content\\\/uploads\\\/DSC_0029_Fotor-scaled.jpg\",\"width\":2560,\"height\":1709,\"caption\":\"esterilla-yoga-bloque\"},{\"@type\":\"BreadcrumbList\",\"@id\":\"https:\\\/\\\/naturyoga.com\\\/producto\\\/bloque-greybrick\\\/#breadcrumb\",\"itemListElement\":[{\"@type\":\"ListItem\",\"position\":1,\"name\":\"Portada\",\"item\":\"https:\\\/\\\/naturyoga.com\\\/\"},{\"@type\":\"ListItem\",\"position\":2,\"name\":\"Tienda\",\"item\":\"https:\\\/\\\/naturyoga.com\\\/tienda\\\/\"},{\"@type\":\"ListItem\",\"position\":3,\"name\":\"Bloque GreyBrick\"}]},{\"@type\":\"WebSite\",\"@id\":\"https:\\\/\\\/naturyoga.com\\\/#website\",\"url\":\"https:\\\/\\\/naturyoga.com\\\/\",\"name\":\"Naturyoga\",\"description\":\"Productos de Yoga: esterillas, bloques, silla Iyengar, rueda de Yoga, mantas\",\"publisher\":{\"@id\":\"https:\\\/\\\/naturyoga.com\\\/#organization\"},\"potentialAction\":[{\"@type\":\"SearchAction\",\"target\":{\"@type\":\"EntryPoint\",\"urlTemplate\":\"https:\\\/\\\/naturyoga.com\\\/?s={search_term_string}\"},\"query-input\":{\"@type\":\"PropertyValueSpecification\",\"valueRequired\":true,\"valueName\":\"search_term_string\"}}],\"inLanguage\":\"en-GB\"},{\"@type\":\"Organization\",\"@id\":\"https:\\\/\\\/naturyoga.com\\\/#organization\",\"name\":\"naturyoga\",\"url\":\"https:\\\/\\\/naturyoga.com\\\/\",\"logo\":{\"@type\":\"ImageObject\",\"inLanguage\":\"en-GB\",\"@id\":\"https:\\\/\\\/naturyoga.com\\\/#\\\/schema\\\/logo\\\/image\\\/\",\"url\":\"https:\\\/\\\/naturyoga.com\\\/wp-content\\\/uploads\\\/Logo-small.png\",\"contentUrl\":\"https:\\\/\\\/naturyoga.com\\\/wp-content\\\/uploads\\\/Logo-small.png\",\"width\":128,\"height\":48,\"caption\":\"naturyoga\"},\"image\":{\"@id\":\"https:\\\/\\\/naturyoga.com\\\/#\\\/schema\\\/logo\\\/image\\\/\"}}]}<\/script>\n<!-- \/ Yoast SEO plugin. -->","yoast_head_json":{"title":"Bloque de Yoga ligero","description":"A simple, but not basic, Yoga block. It will be your soft support for your Yoga practice in both open and closed spaces.","robots":{"index":"index","follow":"follow","max-snippet":"max-snippet:-1","max-image-preview":"max-image-preview:large","max-video-preview":"max-video-preview:-1"},"canonical":"https:\/\/naturyoga.com\/en\/product\/bloque-greybrick\/","og_locale":"en_GB","og_type":"article","og_title":"Bloque de Yoga ligero","og_description":"Bloque de Yoga sencillo, que no b\u00e1sico. Ser\u00e1 tu apoyo suave para tu pr\u00e1ctica de Yoga en espacios cerrados y abiertos.","og_url":"https:\/\/naturyoga.com\/en\/product\/bloque-greybrick\/","og_site_name":"Naturyoga","article_modified_time":"2025-02-11T11:05:56+00:00","og_image":[{"width":2560,"height":1709,"url":"https:\/\/naturyoga.com\/wp-content\/uploads\/DSC_0029_Fotor-scaled.jpg","type":"image\/jpeg"}],"twitter_card":"summary_large_image","twitter_misc":{"Estimated reading time":"1 minute"},"schema":{"@context":"https:\/\/schema.org","@graph":[{"@type":"WebPage","@id":"https:\/\/naturyoga.com\/producto\/bloque-greybrick\/","url":"https:\/\/naturyoga.com\/producto\/bloque-greybrick\/","name":"Bloque de Yoga ligero","isPartOf":{"@id":"https:\/\/naturyoga.com\/#website"},"primaryImageOfPage":{"@id":"https:\/\/naturyoga.com\/producto\/bloque-greybrick\/#primaryimage"},"image":{"@id":"https:\/\/naturyoga.com\/producto\/bloque-greybrick\/#primaryimage"},"thumbnailUrl":"https:\/\/naturyoga.com\/wp-content\/uploads\/DSC_0029_Fotor-scaled.jpg","datePublished":"2022-03-11T20:22:08+00:00","dateModified":"2025-02-11T11:05:56+00:00","description":"A simple, but not basic, Yoga block. It will be your soft support for your Yoga practice in both open and closed spaces.","breadcrumb":{"@id":"https:\/\/naturyoga.com\/producto\/bloque-greybrick\/#breadcrumb"},"inLanguage":"en-GB","potentialAction":[{"@type":"ReadAction","target":["https:\/\/naturyoga.com\/producto\/bloque-greybrick\/"]}]},{"@type":"ImageObject","inLanguage":"en-GB","@id":"https:\/\/naturyoga.com\/producto\/bloque-greybrick\/#primaryimage","url":"https:\/\/naturyoga.com\/wp-content\/uploads\/DSC_0029_Fotor-scaled.jpg","contentUrl":"https:\/\/naturyoga.com\/wp-content\/uploads\/DSC_0029_Fotor-scaled.jpg","width":2560,"height":1709,"caption":"esterilla-yoga-bloque"},{"@type":"BreadcrumbList","@id":"https:\/\/naturyoga.com\/producto\/bloque-greybrick\/#breadcrumb","itemListElement":[{"@type":"ListItem","position":1,"name":"Portada","item":"https:\/\/naturyoga.com\/"},{"@type":"ListItem","position":2,"name":"Tienda","item":"https:\/\/naturyoga.com\/tienda\/"},{"@type":"ListItem","position":3,"name":"Bloque GreyBrick"}]},{"@type":"WebSite","@id":"https:\/\/naturyoga.com\/#website","url":"https:\/\/naturyoga.com\/","name":"Naturyoga","description":"Productos de Yoga: esterillas, bloques, silla Iyengar, rueda de Yoga, mantas","publisher":{"@id":"https:\/\/naturyoga.com\/#organization"},"potentialAction":[{"@type":"SearchAction","target":{"@type":"EntryPoint","urlTemplate":"https:\/\/naturyoga.com\/?s={search_term_string}"},"query-input":{"@type":"PropertyValueSpecification","valueRequired":true,"valueName":"search_term_string"}}],"inLanguage":"en-GB"},{"@type":"Organization","@id":"https:\/\/naturyoga.com\/#organization","name":"naturyoga","url":"https:\/\/naturyoga.com\/","logo":{"@type":"ImageObject","inLanguage":"en-GB","@id":"https:\/\/naturyoga.com\/#\/schema\/logo\/image\/","url":"https:\/\/naturyoga.com\/wp-content\/uploads\/Logo-small.png","contentUrl":"https:\/\/naturyoga.com\/wp-content\/uploads\/Logo-small.png","width":128,"height":48,"caption":"naturyoga"},"image":{"@id":"https:\/\/naturyoga.com\/#\/schema\/logo\/image\/"}}]}},"jetpack_sharing_enabled":true,"_links":{"self":[{"href":"https:\/\/naturyoga.com\/en\/wp-json\/wp\/v2\/product\/1340","targetHints":{"allow":["GET"]}}],"collection":[{"href":"https:\/\/naturyoga.com\/en\/wp-json\/wp\/v2\/product"}],"about":[{"href":"https:\/\/naturyoga.com\/en\/wp-json\/wp\/v2\/types\/product"}],"wp:featuredmedia":[{"embeddable":true,"href":"https:\/\/naturyoga.com\/en\/wp-json\/wp\/v2\/media\/1615"}],"wp:attachment":[{"href":"https:\/\/naturyoga.com\/en\/wp-json\/wp\/v2\/media?parent=1340"}],"wp:term":[{"taxonomy":"product_brand","embeddable":true,"href":"https:\/\/naturyoga.com\/en\/wp-json\/wp\/v2\/product_brand?post=1340"},{"taxonomy":"product_cat","embeddable":true,"href":"https:\/\/naturyoga.com\/en\/wp-json\/wp\/v2\/product_cat?post=1340"},{"taxonomy":"product_tag","embeddable":true,"href":"https:\/\/naturyoga.com\/en\/wp-json\/wp\/v2\/product_tag?post=1340"}],"curies":[{"name":"wp","href":"https:\/\/api.w.org\/{rel}","templated":true}]}}