{"id":1338,"date":"2022-03-11T21:05:24","date_gmt":"2022-03-11T20:05:24","guid":{"rendered":"https:\/\/naturyoga.com\/?post_type=product&#038;p=1338"},"modified":"2026-01-28T13:09:47","modified_gmt":"2026-01-28T12:09:47","slug":"esterilla-greenindia","status":"publish","type":"product","link":"https:\/\/naturyoga.com\/en\/product\/esterilla-greenindia\/","title":{"rendered":"Esterilla De Yoga GreenIndia"},"content":{"rendered":"<p data-start=\"1766\" data-end=\"2045\">La esterilla de <strong data-start=\"1782\" data-end=\"1821\">poliuretano de s\u00faper agarre de 2 mm<\/strong> es perfecta para quienes priorizan la <strong data-start=\"1860\" data-end=\"1891\">conexi\u00f3n total con el suelo<\/strong> sin renunciar a un agarre excepcional. Ultrafina, ligera y muy estable, es ideal para <strong data-start=\"1978\" data-end=\"2044\">yoga din\u00e1mico, viajes o pr\u00e1cticas donde el equilibrio es clave<\/strong>.<\/p>\n<p data-start=\"2047\" data-end=\"2219\">Su superficie antideslizante responde incluso con sudor, aportando seguridad en transiciones r\u00e1pidas y posturas exigentes. Una esterilla minimalista, t\u00e9cnica y muy precisa.<\/p>\n<p data-start=\"2221\" data-end=\"2253\"><strong data-start=\"2221\" data-end=\"2253\">Caracter\u00edsticas principales:<\/strong><\/p>\n<ul data-start=\"2254\" data-end=\"2425\">\n<li data-start=\"2254\" data-end=\"2282\">\n<p data-start=\"2256\" data-end=\"2282\">S\u00faper agarre profesional<\/p>\n<\/li>\n<li data-start=\"2283\" data-end=\"2335\">\n<p data-start=\"2285\" data-end=\"2335\">Grosor de 2 mm para m\u00e1xima conexi\u00f3n con el suelo<\/p>\n<\/li>\n<li data-start=\"2336\" data-end=\"2373\">\n<p data-start=\"2338\" data-end=\"2373\">Muy ligera y f\u00e1cil de transportar, se pliega en cuatro<\/p>\n<\/li>\n<li data-start=\"2374\" data-end=\"2425\">\n<p data-start=\"2376\" data-end=\"2425\">Ideal para yoguis avanzados o pr\u00e1cticas din\u00e1micas<\/p>\n<\/li>\n<\/ul>\n<p><strong data-start=\"95\" data-end=\"122\">Nota sobre el material:<\/strong>\u00a0esta esterilla est\u00e1 fabricada en\u00a0<strong data-start=\"156\" data-end=\"187\">poliuretano de poro abierto<\/strong>, un material t\u00e9cnico de alto rendimiento que ofrece un\u00a0<strong data-start=\"243\" data-end=\"262\" data-is-only-node=\"\">agarre superior<\/strong>\u00a0gracias a su capacidad de absorci\u00f3n. Como caracter\u00edstica propia de este tipo de material, puede mostrar marcas de uso, huellas o variaciones visuales con el tiempo o por almacenamiento. Estas se\u00f1ales son normales y\u00a0<strong data-start=\"496\" data-end=\"571\">no afectan a la funcionalidad, durabilidad ni al agarre de la esterilla<\/strong>.<\/p>\n<p>No guardar las esterillas en contacto directo entre s\u00ed.<\/p>\n<hr \/>\n<p>Dimensions: 183 cm x 61 cm x 0.2 cm<br \/>\nWeight: 1.8 kg<br \/>\nMaterial: Polyurethane and natural rubber on the bottom<\/p>\n<blockquote class=\"wp-embedded-content\" data-secret=\"DRLgvY0OjM\"><p><a href=\"https:\/\/naturyoga.com\/en\/politica-de-uso-y-limpieza-de-materiales\/\">Pol\u00edtica de uso y limpieza de materiales<\/a><\/p><\/blockquote>\n<p><iframe class=\"wp-embedded-content\" sandbox=\"allow-scripts\" security=\"restricted\" style=\"position: absolute; visibility: hidden;\" title=\"\u00abPol\u00edtica de uso y limpieza de materiales\u00bb \u2014 Naturyoga\" src=\"https:\/\/naturyoga.com\/politica-de-uso-y-limpieza-de-materiales\/embed\/#?secret=EyXhyWd07d#?secret=DRLgvY0OjM\" data-secret=\"DRLgvY0OjM\" width=\"600\" height=\"338\" frameborder=\"0\" marginwidth=\"0\" marginheight=\"0\" scrolling=\"no\"><\/iframe><\/p>","protected":false},"excerpt":{"rendered":"<p>La esterilla de poliuretano de s\u00faper agarre de 2 mm es perfecta para quienes priorizan la conexi\u00f3n total con el suelo sin renunciar a un agarre excepcional. Ultrafina, ligera y muy estable, es ideal para yoga din\u00e1mico, viajes o pr\u00e1cticas donde el equilibrio es clave. Su superficie antideslizante responde incluso con sudor, aportando seguridad en [&hellip;]<\/p>\n","protected":false},"featured_media":3645,"template":"","meta":[],"product_brand":[],"product_cat":[15,95],"product_tag":[29,26,64,63],"class_list":{"0":"post-1338","1":"product","2":"type-product","3":"status-publish","4":"has-post-thumbnail","6":"product_cat-esterilla-yoga","7":"product_cat-antideslizantes","8":"product_tag-antideslizante","9":"product_tag-esterilla","10":"product_tag-esterilla-antideslizante","11":"product_tag-ligera","13":"first","14":"instock","15":"sale","16":"taxable","17":"shipping-taxable","18":"purchasable","19":"product-type-simple"},"yoast_head":"<!-- This site is optimized with the Yoast SEO plugin v27.4 - https:\/\/yoast.com\/product\/yoast-seo-wordpress\/ -->\n<title>Esterilla De Yoga GreenIndia - Naturyoga<\/title>\n<meta name=\"description\" content=\"Sostenibilidad, versatilidad y fiel compa\u00f1era de viaje. Ligera y antideslizante. Una alineaci\u00f3n perfecta de tu cuerpo.\" \/>\n<meta name=\"robots\" content=\"index, follow, max-snippet:-1, max-image-preview:large, max-video-preview:-1\" \/>\n<link rel=\"canonical\" href=\"https:\/\/naturyoga.com\/en\/product\/esterilla-greenindia\/\" \/>\n<meta property=\"og:locale\" content=\"en_GB\" \/>\n<meta property=\"og:type\" content=\"article\" \/>\n<meta property=\"og:title\" content=\"Esterilla De Yoga GreenIndia - Naturyoga\" \/>\n<meta property=\"og:description\" content=\"Sostenibilidad, versatilidad y fiel compa\u00f1era de viaje. Ligera y antideslizante. Una alineaci\u00f3n perfecta de tu cuerpo.\" \/>\n<meta property=\"og:url\" content=\"https:\/\/naturyoga.com\/en\/product\/esterilla-greenindia\/\" \/>\n<meta property=\"og:site_name\" content=\"Naturyoga\" \/>\n<meta property=\"article:modified_time\" content=\"2026-01-28T12:09:47+00:00\" \/>\n<meta property=\"og:image\" content=\"https:\/\/naturyoga.com\/wp-content\/uploads\/3-8.png\" \/>\n\t<meta property=\"og:image:width\" content=\"1080\" \/>\n\t<meta property=\"og:image:height\" content=\"1080\" \/>\n\t<meta property=\"og:image:type\" content=\"image\/png\" \/>\n<meta name=\"twitter:card\" content=\"summary_large_image\" \/>\n<meta name=\"twitter:label1\" content=\"Estimated reading time\" \/>\n\t<meta name=\"twitter:data1\" content=\"2 minutes\" \/>\n<script type=\"application\/ld+json\" class=\"yoast-schema-graph\">{\"@context\":\"https:\\\/\\\/schema.org\",\"@graph\":[{\"@type\":\"WebPage\",\"@id\":\"https:\\\/\\\/naturyoga.com\\\/producto\\\/esterilla-greenindia\\\/\",\"url\":\"https:\\\/\\\/naturyoga.com\\\/producto\\\/esterilla-greenindia\\\/\",\"name\":\"Esterilla De Yoga GreenIndia - Naturyoga\",\"isPartOf\":{\"@id\":\"https:\\\/\\\/naturyoga.com\\\/#website\"},\"primaryImageOfPage\":{\"@id\":\"https:\\\/\\\/naturyoga.com\\\/producto\\\/esterilla-greenindia\\\/#primaryimage\"},\"image\":{\"@id\":\"https:\\\/\\\/naturyoga.com\\\/producto\\\/esterilla-greenindia\\\/#primaryimage\"},\"thumbnailUrl\":\"https:\\\/\\\/naturyoga.com\\\/wp-content\\\/uploads\\\/3-8.png\",\"datePublished\":\"2022-03-11T20:05:24+00:00\",\"dateModified\":\"2026-01-28T12:09:47+00:00\",\"description\":\"Sostenibilidad, versatilidad y fiel compa\u00f1era de viaje. Ligera y antideslizante. Una alineaci\u00f3n perfecta de tu cuerpo.\",\"breadcrumb\":{\"@id\":\"https:\\\/\\\/naturyoga.com\\\/producto\\\/esterilla-greenindia\\\/#breadcrumb\"},\"inLanguage\":\"en-GB\",\"potentialAction\":[{\"@type\":\"ReadAction\",\"target\":[\"https:\\\/\\\/naturyoga.com\\\/producto\\\/esterilla-greenindia\\\/\"]}]},{\"@type\":\"ImageObject\",\"inLanguage\":\"en-GB\",\"@id\":\"https:\\\/\\\/naturyoga.com\\\/producto\\\/esterilla-greenindia\\\/#primaryimage\",\"url\":\"https:\\\/\\\/naturyoga.com\\\/wp-content\\\/uploads\\\/3-8.png\",\"contentUrl\":\"https:\\\/\\\/naturyoga.com\\\/wp-content\\\/uploads\\\/3-8.png\",\"width\":1080,\"height\":1080,\"caption\":\"esterilla-yoga\"},{\"@type\":\"BreadcrumbList\",\"@id\":\"https:\\\/\\\/naturyoga.com\\\/producto\\\/esterilla-greenindia\\\/#breadcrumb\",\"itemListElement\":[{\"@type\":\"ListItem\",\"position\":1,\"name\":\"Portada\",\"item\":\"https:\\\/\\\/naturyoga.com\\\/\"},{\"@type\":\"ListItem\",\"position\":2,\"name\":\"Tienda\",\"item\":\"https:\\\/\\\/naturyoga.com\\\/tienda\\\/\"},{\"@type\":\"ListItem\",\"position\":3,\"name\":\"Esterilla De Yoga GreenIndia\"}]},{\"@type\":\"WebSite\",\"@id\":\"https:\\\/\\\/naturyoga.com\\\/#website\",\"url\":\"https:\\\/\\\/naturyoga.com\\\/\",\"name\":\"Naturyoga\",\"description\":\"Productos de Yoga: esterillas, bloques, silla Iyengar, rueda de Yoga, mantas\",\"publisher\":{\"@id\":\"https:\\\/\\\/naturyoga.com\\\/#organization\"},\"potentialAction\":[{\"@type\":\"SearchAction\",\"target\":{\"@type\":\"EntryPoint\",\"urlTemplate\":\"https:\\\/\\\/naturyoga.com\\\/?s={search_term_string}\"},\"query-input\":{\"@type\":\"PropertyValueSpecification\",\"valueRequired\":true,\"valueName\":\"search_term_string\"}}],\"inLanguage\":\"en-GB\"},{\"@type\":\"Organization\",\"@id\":\"https:\\\/\\\/naturyoga.com\\\/#organization\",\"name\":\"naturyoga\",\"url\":\"https:\\\/\\\/naturyoga.com\\\/\",\"logo\":{\"@type\":\"ImageObject\",\"inLanguage\":\"en-GB\",\"@id\":\"https:\\\/\\\/naturyoga.com\\\/#\\\/schema\\\/logo\\\/image\\\/\",\"url\":\"https:\\\/\\\/naturyoga.com\\\/wp-content\\\/uploads\\\/Logo-small.png\",\"contentUrl\":\"https:\\\/\\\/naturyoga.com\\\/wp-content\\\/uploads\\\/Logo-small.png\",\"width\":128,\"height\":48,\"caption\":\"naturyoga\"},\"image\":{\"@id\":\"https:\\\/\\\/naturyoga.com\\\/#\\\/schema\\\/logo\\\/image\\\/\"}}]}<\/script>\n<!-- \/ Yoast SEO plugin. -->","yoast_head_json":{"title":"Esterilla De Yoga GreenIndia - Naturyoga","description":"Sostenibilidad, versatilidad y fiel compa\u00f1era de viaje. Ligera y antideslizante. Una alineaci\u00f3n perfecta de tu cuerpo.","robots":{"index":"index","follow":"follow","max-snippet":"max-snippet:-1","max-image-preview":"max-image-preview:large","max-video-preview":"max-video-preview:-1"},"canonical":"https:\/\/naturyoga.com\/en\/product\/esterilla-greenindia\/","og_locale":"en_GB","og_type":"article","og_title":"Esterilla De Yoga GreenIndia - Naturyoga","og_description":"Sostenibilidad, versatilidad y fiel compa\u00f1era de viaje. Ligera y antideslizante. Una alineaci\u00f3n perfecta de tu cuerpo.","og_url":"https:\/\/naturyoga.com\/en\/product\/esterilla-greenindia\/","og_site_name":"Naturyoga","article_modified_time":"2026-01-28T12:09:47+00:00","og_image":[{"width":1080,"height":1080,"url":"https:\/\/naturyoga.com\/wp-content\/uploads\/3-8.png","type":"image\/png"}],"twitter_card":"summary_large_image","twitter_misc":{"Estimated reading time":"2 minutes"},"schema":{"@context":"https:\/\/schema.org","@graph":[{"@type":"WebPage","@id":"https:\/\/naturyoga.com\/producto\/esterilla-greenindia\/","url":"https:\/\/naturyoga.com\/producto\/esterilla-greenindia\/","name":"Esterilla De Yoga GreenIndia - Naturyoga","isPartOf":{"@id":"https:\/\/naturyoga.com\/#website"},"primaryImageOfPage":{"@id":"https:\/\/naturyoga.com\/producto\/esterilla-greenindia\/#primaryimage"},"image":{"@id":"https:\/\/naturyoga.com\/producto\/esterilla-greenindia\/#primaryimage"},"thumbnailUrl":"https:\/\/naturyoga.com\/wp-content\/uploads\/3-8.png","datePublished":"2022-03-11T20:05:24+00:00","dateModified":"2026-01-28T12:09:47+00:00","description":"Sostenibilidad, versatilidad y fiel compa\u00f1era de viaje. Ligera y antideslizante. Una alineaci\u00f3n perfecta de tu cuerpo.","breadcrumb":{"@id":"https:\/\/naturyoga.com\/producto\/esterilla-greenindia\/#breadcrumb"},"inLanguage":"en-GB","potentialAction":[{"@type":"ReadAction","target":["https:\/\/naturyoga.com\/producto\/esterilla-greenindia\/"]}]},{"@type":"ImageObject","inLanguage":"en-GB","@id":"https:\/\/naturyoga.com\/producto\/esterilla-greenindia\/#primaryimage","url":"https:\/\/naturyoga.com\/wp-content\/uploads\/3-8.png","contentUrl":"https:\/\/naturyoga.com\/wp-content\/uploads\/3-8.png","width":1080,"height":1080,"caption":"esterilla-yoga"},{"@type":"BreadcrumbList","@id":"https:\/\/naturyoga.com\/producto\/esterilla-greenindia\/#breadcrumb","itemListElement":[{"@type":"ListItem","position":1,"name":"Portada","item":"https:\/\/naturyoga.com\/"},{"@type":"ListItem","position":2,"name":"Tienda","item":"https:\/\/naturyoga.com\/tienda\/"},{"@type":"ListItem","position":3,"name":"Esterilla De Yoga GreenIndia"}]},{"@type":"WebSite","@id":"https:\/\/naturyoga.com\/#website","url":"https:\/\/naturyoga.com\/","name":"Naturyoga","description":"Productos de Yoga: esterillas, bloques, silla Iyengar, rueda de Yoga, mantas","publisher":{"@id":"https:\/\/naturyoga.com\/#organization"},"potentialAction":[{"@type":"SearchAction","target":{"@type":"EntryPoint","urlTemplate":"https:\/\/naturyoga.com\/?s={search_term_string}"},"query-input":{"@type":"PropertyValueSpecification","valueRequired":true,"valueName":"search_term_string"}}],"inLanguage":"en-GB"},{"@type":"Organization","@id":"https:\/\/naturyoga.com\/#organization","name":"naturyoga","url":"https:\/\/naturyoga.com\/","logo":{"@type":"ImageObject","inLanguage":"en-GB","@id":"https:\/\/naturyoga.com\/#\/schema\/logo\/image\/","url":"https:\/\/naturyoga.com\/wp-content\/uploads\/Logo-small.png","contentUrl":"https:\/\/naturyoga.com\/wp-content\/uploads\/Logo-small.png","width":128,"height":48,"caption":"naturyoga"},"image":{"@id":"https:\/\/naturyoga.com\/#\/schema\/logo\/image\/"}}]}},"jetpack_sharing_enabled":true,"_links":{"self":[{"href":"https:\/\/naturyoga.com\/en\/wp-json\/wp\/v2\/product\/1338","targetHints":{"allow":["GET"]}}],"collection":[{"href":"https:\/\/naturyoga.com\/en\/wp-json\/wp\/v2\/product"}],"about":[{"href":"https:\/\/naturyoga.com\/en\/wp-json\/wp\/v2\/types\/product"}],"wp:featuredmedia":[{"embeddable":true,"href":"https:\/\/naturyoga.com\/en\/wp-json\/wp\/v2\/media\/3645"}],"wp:attachment":[{"href":"https:\/\/naturyoga.com\/en\/wp-json\/wp\/v2\/media?parent=1338"}],"wp:term":[{"taxonomy":"product_brand","embeddable":true,"href":"https:\/\/naturyoga.com\/en\/wp-json\/wp\/v2\/product_brand?post=1338"},{"taxonomy":"product_cat","embeddable":true,"href":"https:\/\/naturyoga.com\/en\/wp-json\/wp\/v2\/product_cat?post=1338"},{"taxonomy":"product_tag","embeddable":true,"href":"https:\/\/naturyoga.com\/en\/wp-json\/wp\/v2\/product_tag?post=1338"}],"curies":[{"name":"wp","href":"https:\/\/api.w.org\/{rel}","templated":true}]}}