{"id":1337,"date":"2022-03-11T21:01:13","date_gmt":"2022-03-11T20:01:13","guid":{"rendered":"https:\/\/naturyoga.com\/?post_type=product&#038;p=1337"},"modified":"2026-03-16T11:55:37","modified_gmt":"2026-03-16T10:55:37","slug":"esterilla-green-africa","status":"publish","type":"product","link":"https:\/\/naturyoga.com\/en\/product\/esterilla-green-africa\/","title":{"rendered":"Esterilla De Yoga Green Africa"},"content":{"rendered":"<p data-start=\"4505\" data-end=\"4741\">Nuestra esterilla de <strong data-start=\"4526\" data-end=\"4533\">TPE<\/strong> es <strong data-start=\"4537\" data-end=\"4582\">muy ligera, flexible y agradable al tacto<\/strong>, perfecta si buscas una opci\u00f3n c\u00f3moda y f\u00e1cil de transportar. Es una de nuestras esterillas m\u00e1s econ\u00f3micas, sin renunciar a una buena experiencia de pr\u00e1ctica.<\/p>\n<p data-start=\"4743\" data-end=\"4834\">Ideal para principiantes, pr\u00e1cticas suaves o como esterilla secundaria para llevar contigo.<\/p>\n<p data-start=\"4836\" data-end=\"4868\"><strong data-start=\"4836\" data-end=\"4868\">Caracter\u00edsticas principales:<\/strong><\/p>\n<ul data-start=\"4869\" data-end=\"4991\">\n<li data-start=\"4869\" data-end=\"4903\">\n<p data-start=\"4871\" data-end=\"4903\">Material TPE ligero y blandito<\/p>\n<\/li>\n<li data-start=\"4904\" data-end=\"4928\">\n<p data-start=\"4906\" data-end=\"4928\">F\u00e1cil de transportar<\/p>\n<\/li>\n<li data-start=\"4929\" data-end=\"4960\">\n<p data-start=\"4931\" data-end=\"4960\">C\u00f3moda y agradable al tacto<\/p>\n<\/li>\n<li data-start=\"4961\" data-end=\"4991\">\n<p data-start=\"4963\" data-end=\"4991\">Opci\u00f3n econ\u00f3mica y funcional<\/p>\n<\/li>\n<\/ul>\n<p data-start=\"4993\" data-end=\"5068\">Una esterilla pr\u00e1ctica y accesible para empezar o complementar tu pr\u00e1ctica.<\/p>\n<hr \/>\n<p>Medidas: 183 cm x 61 cm x 0,5 cm<br \/>\nPeso: 2 kg<br \/>\nMaterial: TPE<\/p>\n<blockquote class=\"wp-embedded-content\" data-secret=\"vU3r6QPivE\"><p><a href=\"https:\/\/naturyoga.com\/en\/politica-de-uso-y-limpieza-de-materiales\/\">Pol\u00edtica de uso y limpieza de materiales<\/a><\/p><\/blockquote>\n<p><iframe class=\"wp-embedded-content\" sandbox=\"allow-scripts\" security=\"restricted\" style=\"position: absolute; visibility: hidden;\" title=\"\u00abPol\u00edtica de uso y limpieza de materiales\u00bb \u2014 Naturyoga\" src=\"https:\/\/naturyoga.com\/politica-de-uso-y-limpieza-de-materiales\/embed\/#?secret=SdVXCrHduk#?secret=vU3r6QPivE\" data-secret=\"vU3r6QPivE\" width=\"600\" height=\"338\" frameborder=\"0\" marginwidth=\"0\" marginheight=\"0\" scrolling=\"no\"><\/iframe><\/p>","protected":false},"excerpt":{"rendered":"<p>Nuestra esterilla de TPE es muy ligera, flexible y agradable al tacto, perfecta si buscas una opci\u00f3n c\u00f3moda y f\u00e1cil de transportar. Es una de nuestras esterillas m\u00e1s econ\u00f3micas, sin renunciar a una buena experiencia de pr\u00e1ctica. Ideal para principiantes, pr\u00e1cticas suaves o como esterilla secundaria para llevar contigo. Caracter\u00edsticas principales: Material TPE ligero y [&hellip;]<\/p>\n","protected":false},"featured_media":3368,"template":"","meta":[],"product_brand":[],"product_cat":[15],"product_tag":[26,63],"class_list":{"0":"post-1337","1":"product","2":"type-product","3":"status-publish","4":"has-post-thumbnail","6":"product_cat-esterilla-yoga","7":"product_tag-esterilla","8":"product_tag-ligera","10":"first","11":"instock","12":"sale","13":"taxable","14":"shipping-taxable","15":"purchasable","16":"product-type-simple"},"yoast_head":"<!-- This site is optimized with the Yoast SEO plugin v27.4 - https:\/\/yoast.com\/product\/yoast-seo-wordpress\/ -->\n<title>Esterilla de yoga ligera<\/title>\n<meta name=\"description\" content=\"Puedes transportarla de una forma c\u00f3moda gracias a su ergonom\u00eda y dise\u00f1o ligero. Te acompa\u00f1ar\u00e1 a la playa, a la monta\u00f1a o donde t\u00fa prefieras.\" \/>\n<meta name=\"robots\" content=\"index, follow, max-snippet:-1, max-image-preview:large, max-video-preview:-1\" \/>\n<link rel=\"canonical\" href=\"https:\/\/naturyoga.com\/en\/product\/esterilla-green-africa\/\" \/>\n<meta property=\"og:locale\" content=\"en_GB\" \/>\n<meta property=\"og:type\" content=\"article\" \/>\n<meta property=\"og:title\" content=\"Esterilla de yoga ligera\" \/>\n<meta property=\"og:description\" content=\"Puedes transportarla de una forma c\u00f3moda gracias a su ergonom\u00eda y dise\u00f1o ligero. Te acompa\u00f1ar\u00e1 a la playa, a la monta\u00f1a o donde t\u00fa prefieras.\" \/>\n<meta property=\"og:url\" content=\"https:\/\/naturyoga.com\/en\/product\/esterilla-green-africa\/\" \/>\n<meta property=\"og:site_name\" content=\"Naturyoga\" \/>\n<meta property=\"article:modified_time\" content=\"2026-03-16T10:55:37+00:00\" \/>\n<meta property=\"og:image\" content=\"https:\/\/naturyoga.com\/wp-content\/uploads\/1-scaled-e1711463489113.jpg\" \/>\n\t<meta property=\"og:image:width\" content=\"1920\" \/>\n\t<meta property=\"og:image:height\" content=\"1920\" \/>\n\t<meta property=\"og:image:type\" content=\"image\/jpeg\" \/>\n<meta name=\"twitter:card\" content=\"summary_large_image\" \/>\n<meta name=\"twitter:label1\" content=\"Estimated reading time\" \/>\n\t<meta name=\"twitter:data1\" content=\"1 minute\" \/>\n<script type=\"application\/ld+json\" class=\"yoast-schema-graph\">{\"@context\":\"https:\\\/\\\/schema.org\",\"@graph\":[{\"@type\":\"WebPage\",\"@id\":\"https:\\\/\\\/naturyoga.com\\\/producto\\\/esterilla-green-africa\\\/\",\"url\":\"https:\\\/\\\/naturyoga.com\\\/producto\\\/esterilla-green-africa\\\/\",\"name\":\"Esterilla de yoga ligera\",\"isPartOf\":{\"@id\":\"https:\\\/\\\/naturyoga.com\\\/#website\"},\"primaryImageOfPage\":{\"@id\":\"https:\\\/\\\/naturyoga.com\\\/producto\\\/esterilla-green-africa\\\/#primaryimage\"},\"image\":{\"@id\":\"https:\\\/\\\/naturyoga.com\\\/producto\\\/esterilla-green-africa\\\/#primaryimage\"},\"thumbnailUrl\":\"https:\\\/\\\/naturyoga.com\\\/wp-content\\\/uploads\\\/1-scaled-e1711463489113.jpg\",\"datePublished\":\"2022-03-11T20:01:13+00:00\",\"dateModified\":\"2026-03-16T10:55:37+00:00\",\"description\":\"Puedes transportarla de una forma c\u00f3moda gracias a su ergonom\u00eda y dise\u00f1o ligero. Te acompa\u00f1ar\u00e1 a la playa, a la monta\u00f1a o donde t\u00fa prefieras.\",\"breadcrumb\":{\"@id\":\"https:\\\/\\\/naturyoga.com\\\/producto\\\/esterilla-green-africa\\\/#breadcrumb\"},\"inLanguage\":\"en-GB\",\"potentialAction\":[{\"@type\":\"ReadAction\",\"target\":[\"https:\\\/\\\/naturyoga.com\\\/producto\\\/esterilla-green-africa\\\/\"]}]},{\"@type\":\"ImageObject\",\"inLanguage\":\"en-GB\",\"@id\":\"https:\\\/\\\/naturyoga.com\\\/producto\\\/esterilla-green-africa\\\/#primaryimage\",\"url\":\"https:\\\/\\\/naturyoga.com\\\/wp-content\\\/uploads\\\/1-scaled-e1711463489113.jpg\",\"contentUrl\":\"https:\\\/\\\/naturyoga.com\\\/wp-content\\\/uploads\\\/1-scaled-e1711463489113.jpg\",\"width\":1920,\"height\":1920,\"caption\":\"esterilla-yoga\"},{\"@type\":\"BreadcrumbList\",\"@id\":\"https:\\\/\\\/naturyoga.com\\\/producto\\\/esterilla-green-africa\\\/#breadcrumb\",\"itemListElement\":[{\"@type\":\"ListItem\",\"position\":1,\"name\":\"Portada\",\"item\":\"https:\\\/\\\/naturyoga.com\\\/\"},{\"@type\":\"ListItem\",\"position\":2,\"name\":\"Tienda\",\"item\":\"https:\\\/\\\/naturyoga.com\\\/tienda\\\/\"},{\"@type\":\"ListItem\",\"position\":3,\"name\":\"Esterilla De Yoga Green Africa\"}]},{\"@type\":\"WebSite\",\"@id\":\"https:\\\/\\\/naturyoga.com\\\/#website\",\"url\":\"https:\\\/\\\/naturyoga.com\\\/\",\"name\":\"Naturyoga\",\"description\":\"Productos de Yoga: esterillas, bloques, silla Iyengar, rueda de Yoga, mantas\",\"publisher\":{\"@id\":\"https:\\\/\\\/naturyoga.com\\\/#organization\"},\"potentialAction\":[{\"@type\":\"SearchAction\",\"target\":{\"@type\":\"EntryPoint\",\"urlTemplate\":\"https:\\\/\\\/naturyoga.com\\\/?s={search_term_string}\"},\"query-input\":{\"@type\":\"PropertyValueSpecification\",\"valueRequired\":true,\"valueName\":\"search_term_string\"}}],\"inLanguage\":\"en-GB\"},{\"@type\":\"Organization\",\"@id\":\"https:\\\/\\\/naturyoga.com\\\/#organization\",\"name\":\"naturyoga\",\"url\":\"https:\\\/\\\/naturyoga.com\\\/\",\"logo\":{\"@type\":\"ImageObject\",\"inLanguage\":\"en-GB\",\"@id\":\"https:\\\/\\\/naturyoga.com\\\/#\\\/schema\\\/logo\\\/image\\\/\",\"url\":\"https:\\\/\\\/naturyoga.com\\\/wp-content\\\/uploads\\\/Logo-small.png\",\"contentUrl\":\"https:\\\/\\\/naturyoga.com\\\/wp-content\\\/uploads\\\/Logo-small.png\",\"width\":128,\"height\":48,\"caption\":\"naturyoga\"},\"image\":{\"@id\":\"https:\\\/\\\/naturyoga.com\\\/#\\\/schema\\\/logo\\\/image\\\/\"}}]}<\/script>\n<!-- \/ Yoast SEO plugin. -->","yoast_head_json":{"title":"Esterilla de yoga ligera","description":"Puedes transportarla de una forma c\u00f3moda gracias a su ergonom\u00eda y dise\u00f1o ligero. Te acompa\u00f1ar\u00e1 a la playa, a la monta\u00f1a o donde t\u00fa prefieras.","robots":{"index":"index","follow":"follow","max-snippet":"max-snippet:-1","max-image-preview":"max-image-preview:large","max-video-preview":"max-video-preview:-1"},"canonical":"https:\/\/naturyoga.com\/en\/product\/esterilla-green-africa\/","og_locale":"en_GB","og_type":"article","og_title":"Esterilla de yoga ligera","og_description":"Puedes transportarla de una forma c\u00f3moda gracias a su ergonom\u00eda y dise\u00f1o ligero. Te acompa\u00f1ar\u00e1 a la playa, a la monta\u00f1a o donde t\u00fa prefieras.","og_url":"https:\/\/naturyoga.com\/en\/product\/esterilla-green-africa\/","og_site_name":"Naturyoga","article_modified_time":"2026-03-16T10:55:37+00:00","og_image":[{"width":1920,"height":1920,"url":"https:\/\/naturyoga.com\/wp-content\/uploads\/1-scaled-e1711463489113.jpg","type":"image\/jpeg"}],"twitter_card":"summary_large_image","twitter_misc":{"Estimated reading time":"1 minute"},"schema":{"@context":"https:\/\/schema.org","@graph":[{"@type":"WebPage","@id":"https:\/\/naturyoga.com\/producto\/esterilla-green-africa\/","url":"https:\/\/naturyoga.com\/producto\/esterilla-green-africa\/","name":"Esterilla de yoga ligera","isPartOf":{"@id":"https:\/\/naturyoga.com\/#website"},"primaryImageOfPage":{"@id":"https:\/\/naturyoga.com\/producto\/esterilla-green-africa\/#primaryimage"},"image":{"@id":"https:\/\/naturyoga.com\/producto\/esterilla-green-africa\/#primaryimage"},"thumbnailUrl":"https:\/\/naturyoga.com\/wp-content\/uploads\/1-scaled-e1711463489113.jpg","datePublished":"2022-03-11T20:01:13+00:00","dateModified":"2026-03-16T10:55:37+00:00","description":"Puedes transportarla de una forma c\u00f3moda gracias a su ergonom\u00eda y dise\u00f1o ligero. Te acompa\u00f1ar\u00e1 a la playa, a la monta\u00f1a o donde t\u00fa prefieras.","breadcrumb":{"@id":"https:\/\/naturyoga.com\/producto\/esterilla-green-africa\/#breadcrumb"},"inLanguage":"en-GB","potentialAction":[{"@type":"ReadAction","target":["https:\/\/naturyoga.com\/producto\/esterilla-green-africa\/"]}]},{"@type":"ImageObject","inLanguage":"en-GB","@id":"https:\/\/naturyoga.com\/producto\/esterilla-green-africa\/#primaryimage","url":"https:\/\/naturyoga.com\/wp-content\/uploads\/1-scaled-e1711463489113.jpg","contentUrl":"https:\/\/naturyoga.com\/wp-content\/uploads\/1-scaled-e1711463489113.jpg","width":1920,"height":1920,"caption":"esterilla-yoga"},{"@type":"BreadcrumbList","@id":"https:\/\/naturyoga.com\/producto\/esterilla-green-africa\/#breadcrumb","itemListElement":[{"@type":"ListItem","position":1,"name":"Portada","item":"https:\/\/naturyoga.com\/"},{"@type":"ListItem","position":2,"name":"Tienda","item":"https:\/\/naturyoga.com\/tienda\/"},{"@type":"ListItem","position":3,"name":"Esterilla De Yoga Green Africa"}]},{"@type":"WebSite","@id":"https:\/\/naturyoga.com\/#website","url":"https:\/\/naturyoga.com\/","name":"Naturyoga","description":"Productos de Yoga: esterillas, bloques, silla Iyengar, rueda de Yoga, mantas","publisher":{"@id":"https:\/\/naturyoga.com\/#organization"},"potentialAction":[{"@type":"SearchAction","target":{"@type":"EntryPoint","urlTemplate":"https:\/\/naturyoga.com\/?s={search_term_string}"},"query-input":{"@type":"PropertyValueSpecification","valueRequired":true,"valueName":"search_term_string"}}],"inLanguage":"en-GB"},{"@type":"Organization","@id":"https:\/\/naturyoga.com\/#organization","name":"naturyoga","url":"https:\/\/naturyoga.com\/","logo":{"@type":"ImageObject","inLanguage":"en-GB","@id":"https:\/\/naturyoga.com\/#\/schema\/logo\/image\/","url":"https:\/\/naturyoga.com\/wp-content\/uploads\/Logo-small.png","contentUrl":"https:\/\/naturyoga.com\/wp-content\/uploads\/Logo-small.png","width":128,"height":48,"caption":"naturyoga"},"image":{"@id":"https:\/\/naturyoga.com\/#\/schema\/logo\/image\/"}}]}},"jetpack_sharing_enabled":true,"_links":{"self":[{"href":"https:\/\/naturyoga.com\/en\/wp-json\/wp\/v2\/product\/1337","targetHints":{"allow":["GET"]}}],"collection":[{"href":"https:\/\/naturyoga.com\/en\/wp-json\/wp\/v2\/product"}],"about":[{"href":"https:\/\/naturyoga.com\/en\/wp-json\/wp\/v2\/types\/product"}],"wp:featuredmedia":[{"embeddable":true,"href":"https:\/\/naturyoga.com\/en\/wp-json\/wp\/v2\/media\/3368"}],"wp:attachment":[{"href":"https:\/\/naturyoga.com\/en\/wp-json\/wp\/v2\/media?parent=1337"}],"wp:term":[{"taxonomy":"product_brand","embeddable":true,"href":"https:\/\/naturyoga.com\/en\/wp-json\/wp\/v2\/product_brand?post=1337"},{"taxonomy":"product_cat","embeddable":true,"href":"https:\/\/naturyoga.com\/en\/wp-json\/wp\/v2\/product_cat?post=1337"},{"taxonomy":"product_tag","embeddable":true,"href":"https:\/\/naturyoga.com\/en\/wp-json\/wp\/v2\/product_tag?post=1337"}],"curies":[{"name":"wp","href":"https:\/\/api.w.org\/{rel}","templated":true}]}}