{"id":1293,"date":"2022-03-11T20:32:14","date_gmt":"2022-03-11T19:32:14","guid":{"rendered":"https:\/\/naturyoga.com\/?post_type=product&#038;p=1293"},"modified":"2026-03-26T12:23:30","modified_gmt":"2026-03-26T11:23:30","slug":"esterilla-bluindia","status":"publish","type":"product","link":"https:\/\/naturyoga.com\/en\/product\/esterilla-bluindia\/","title":{"rendered":"Esterilla De Yoga BluIndia"},"content":{"rendered":"<p>Our best efforts to care for the planet transformed into a yoga mat. Sustainability, versatility and a trusty travel partner. Light and slip-resistant.<\/p>\n<p><strong><strong>Also protects your joints and bones because of the 4mm thickness.<\/strong><\/strong><\/p>\n<h3>SURFACE<\/h3>\n<p data-start=\"411\" data-end=\"738\">Nuestra esterilla de <strong data-start=\"432\" data-end=\"471\">poliuretano de s\u00faper agarre de 4 mm<\/strong> est\u00e1 dise\u00f1ada para yoguis que buscan <strong data-start=\"509\" data-end=\"543\">m\u00e1xima estabilidad y confianza<\/strong> en cada postura. Su superficie antideslizante ofrece un agarre excepcional incluso con sudor, lo que la convierte en una opci\u00f3n ideal para <strong data-start=\"683\" data-end=\"737\">vinyasa, ashtanga, power yoga o pr\u00e1cticas intensas<\/strong>.<\/p>\n<p data-start=\"740\" data-end=\"970\">El grosor de <strong data-start=\"753\" data-end=\"761\">4 mm<\/strong> aporta un equilibrio perfecto entre <strong data-start=\"798\" data-end=\"839\">amortiguaci\u00f3n y conexi\u00f3n con el suelo<\/strong>, protegiendo las articulaciones sin perder sensaci\u00f3n de control. Es una esterilla pensada para una pr\u00e1ctica exigente y consciente.<\/p>\n<p data-start=\"972\" data-end=\"1004\"><strong data-start=\"972\" data-end=\"1004\">Caracter\u00edsticas principales:<\/strong><\/p>\n<ul data-start=\"1005\" data-end=\"1181\">\n<li data-start=\"1005\" data-end=\"1055\">\n<p data-start=\"1007\" data-end=\"1055\">Agarre extremo, incluso en pr\u00e1cticas sudorosas<\/p>\n<\/li>\n<li data-start=\"1056\" data-end=\"1093\">\n<p data-start=\"1058\" data-end=\"1093\">Excelente estabilidad y seguridad<\/p>\n<\/li>\n<li data-start=\"1094\" data-end=\"1142\">\n<p data-start=\"1096\" data-end=\"1142\">Grosor de 4 mm: comodidad sin perder firmeza<\/p>\n<\/li>\n<li data-start=\"1143\" data-end=\"1181\">\n<p data-start=\"1145\" data-end=\"1181\">Sensaci\u00f3n profesional y alta calidad<\/p>\n<\/li>\n<\/ul>\n<p><strong data-start=\"95\" data-end=\"122\">Nota sobre el material:<\/strong> esta esterilla est\u00e1 fabricada en <strong data-start=\"156\" data-end=\"187\">poliuretano de poro abierto<\/strong>, un material t\u00e9cnico de alto rendimiento que ofrece un <strong data-start=\"243\" data-end=\"262\" data-is-only-node=\"\">agarre superior<\/strong> gracias a su capacidad de absorci\u00f3n. Como caracter\u00edstica propia de este tipo de material, puede mostrar marcas de uso, huellas o variaciones visuales con el tiempo o por almacenamiento. Estas se\u00f1ales son normales y <strong data-start=\"496\" data-end=\"571\">no afectan a la funcionalidad, durabilidad ni al agarre de la esterilla<\/strong>.<\/p>\n<p>Debido a las propiedades del caucho, la esterilla puede presentar al principio un extremo ligeramente m\u00e1s enrollado, ya que el material se adapta a la forma en que se guarda. Con el uso regular se ir\u00e1 aplanando de manera natural, aunque si permanece mucho tiempo enrollada puede conservar algo de curvatura.<br data-start=\"358\" data-end=\"361\" \/>Para su correcto mantenimiento, no recomendamos aplastarla con objetos ni enrollarla al rev\u00e9s, ya que podr\u00eda da\u00f1arse la superficie de poliuretano.<\/p>\n<p>No guardar las esterillas en contacto directo entre s\u00ed.<\/p>\n<hr \/>\n<p>Medidas: 183 cm x 61 cm x 0,4 cm<\/p>\n<p>Peso: aprox. 2.3kg<br \/>\nMaterial: Polyurethane and natural rubber on the bottom<\/p>\n<p><span style=\"color: #ffffff;\">&lt;linkrel=\u00bbcanonical\u00bbhref=\u00bbhttps:\/\/naturyoga.com\/producto\/esterilla-esmerindia\/\u00bb\/&gt;<\/span><\/p>\n<blockquote class=\"wp-embedded-content\" data-secret=\"E0k87LMAed\"><p><a href=\"https:\/\/naturyoga.com\/en\/politica-de-uso-y-limpieza-de-materiales\/\">Pol\u00edtica de uso y limpieza de materiales<\/a><\/p><\/blockquote>\n<p><iframe class=\"wp-embedded-content\" sandbox=\"allow-scripts\" security=\"restricted\" style=\"position: absolute; visibility: hidden;\" title=\"\u00abPol\u00edtica de uso y limpieza de materiales\u00bb \u2014 Naturyoga\" src=\"https:\/\/naturyoga.com\/politica-de-uso-y-limpieza-de-materiales\/embed\/#?secret=Zs52ytfWV1#?secret=E0k87LMAed\" data-secret=\"E0k87LMAed\" width=\"600\" height=\"338\" frameborder=\"0\" marginwidth=\"0\" marginheight=\"0\" scrolling=\"no\"><\/iframe><\/p>","protected":false},"excerpt":{"rendered":"<p>Nuestro m\u00e1ximo esfuerzo por cuidar el medioambiente convertido en una esterilla de yoga. Sostenibilidad, versatilidad y fiel compa\u00f1era de tu pr\u00e1ctica diaria. Antideslizante y protege tus articulaciones. SUPERFICIE Nuestra esterilla de poliuretano de s\u00faper agarre de 4 mm est\u00e1 dise\u00f1ada para yoguis que buscan m\u00e1xima estabilidad y confianza en cada postura. Su superficie antideslizante ofrece [&hellip;]<\/p>\n","protected":false},"featured_media":3646,"template":"","meta":[],"product_brand":[],"product_cat":[15,95],"product_tag":[29,61,34],"class_list":{"0":"post-1293","1":"product","2":"type-product","3":"status-publish","4":"has-post-thumbnail","6":"product_cat-esterilla-yoga","7":"product_cat-antideslizantes","8":"product_tag-antideslizante","9":"product_tag-esterilla-de-yoga","10":"product_tag-sostenible","12":"first","13":"outofstock","14":"sale","15":"taxable","16":"shipping-taxable","17":"purchasable","18":"product-type-simple"},"yoast_head":"<!-- This site is optimized with the Yoast SEO plugin v27.4 - https:\/\/yoast.com\/product\/yoast-seo-wordpress\/ -->\n<title>Esterilla antideslizante<\/title>\n<meta name=\"description\" content=\"Nuestro m\u00e1ximo esfuerzo por cuidar el medioambiente convertido en una esterilla de yoga. Sostenibilidad, versatilidad.\" \/>\n<meta name=\"robots\" content=\"index, follow, max-snippet:-1, max-image-preview:large, max-video-preview:-1\" \/>\n<link rel=\"canonical\" href=\"https:\/\/naturyoga.com\/en\/product\/esterilla-bluindia\/\" \/>\n<meta property=\"og:locale\" content=\"en_GB\" \/>\n<meta property=\"og:type\" content=\"article\" \/>\n<meta property=\"og:title\" content=\"Esterilla antideslizante\" \/>\n<meta property=\"og:description\" content=\"Nuestro m\u00e1ximo esfuerzo por cuidar el medioambiente convertido en una esterilla de yoga. Sostenibilidad, versatilidad.\" \/>\n<meta property=\"og:url\" content=\"https:\/\/naturyoga.com\/en\/product\/esterilla-bluindia\/\" \/>\n<meta property=\"og:site_name\" content=\"Naturyoga\" \/>\n<meta property=\"article:modified_time\" content=\"2026-03-26T11:23:30+00:00\" \/>\n<meta property=\"og:image\" content=\"https:\/\/naturyoga.com\/wp-content\/uploads\/4-6.png\" \/>\n\t<meta property=\"og:image:width\" content=\"1080\" \/>\n\t<meta property=\"og:image:height\" content=\"1080\" \/>\n\t<meta property=\"og:image:type\" content=\"image\/png\" \/>\n<meta name=\"twitter:card\" content=\"summary_large_image\" \/>\n<meta name=\"twitter:label1\" content=\"Estimated reading time\" \/>\n\t<meta name=\"twitter:data1\" content=\"2 minutes\" \/>\n<script type=\"application\/ld+json\" class=\"yoast-schema-graph\">{\"@context\":\"https:\\\/\\\/schema.org\",\"@graph\":[{\"@type\":\"WebPage\",\"@id\":\"https:\\\/\\\/naturyoga.com\\\/producto\\\/esterilla-bluindia\\\/\",\"url\":\"https:\\\/\\\/naturyoga.com\\\/producto\\\/esterilla-bluindia\\\/\",\"name\":\"Esterilla antideslizante\",\"isPartOf\":{\"@id\":\"https:\\\/\\\/naturyoga.com\\\/#website\"},\"primaryImageOfPage\":{\"@id\":\"https:\\\/\\\/naturyoga.com\\\/producto\\\/esterilla-bluindia\\\/#primaryimage\"},\"image\":{\"@id\":\"https:\\\/\\\/naturyoga.com\\\/producto\\\/esterilla-bluindia\\\/#primaryimage\"},\"thumbnailUrl\":\"https:\\\/\\\/naturyoga.com\\\/wp-content\\\/uploads\\\/4-6.png\",\"datePublished\":\"2022-03-11T19:32:14+00:00\",\"dateModified\":\"2026-03-26T11:23:30+00:00\",\"description\":\"Nuestro m\u00e1ximo esfuerzo por cuidar el medioambiente convertido en una esterilla de yoga. Sostenibilidad, versatilidad.\",\"breadcrumb\":{\"@id\":\"https:\\\/\\\/naturyoga.com\\\/producto\\\/esterilla-bluindia\\\/#breadcrumb\"},\"inLanguage\":\"en-GB\",\"potentialAction\":[{\"@type\":\"ReadAction\",\"target\":[\"https:\\\/\\\/naturyoga.com\\\/producto\\\/esterilla-bluindia\\\/\"]}]},{\"@type\":\"ImageObject\",\"inLanguage\":\"en-GB\",\"@id\":\"https:\\\/\\\/naturyoga.com\\\/producto\\\/esterilla-bluindia\\\/#primaryimage\",\"url\":\"https:\\\/\\\/naturyoga.com\\\/wp-content\\\/uploads\\\/4-6.png\",\"contentUrl\":\"https:\\\/\\\/naturyoga.com\\\/wp-content\\\/uploads\\\/4-6.png\",\"width\":1080,\"height\":1080,\"caption\":\"esterilla-yoga\"},{\"@type\":\"BreadcrumbList\",\"@id\":\"https:\\\/\\\/naturyoga.com\\\/producto\\\/esterilla-bluindia\\\/#breadcrumb\",\"itemListElement\":[{\"@type\":\"ListItem\",\"position\":1,\"name\":\"Portada\",\"item\":\"https:\\\/\\\/naturyoga.com\\\/\"},{\"@type\":\"ListItem\",\"position\":2,\"name\":\"Tienda\",\"item\":\"https:\\\/\\\/naturyoga.com\\\/tienda\\\/\"},{\"@type\":\"ListItem\",\"position\":3,\"name\":\"Esterilla De Yoga BluIndia\"}]},{\"@type\":\"WebSite\",\"@id\":\"https:\\\/\\\/naturyoga.com\\\/#website\",\"url\":\"https:\\\/\\\/naturyoga.com\\\/\",\"name\":\"Naturyoga\",\"description\":\"Productos de Yoga: esterillas, bloques, silla Iyengar, rueda de Yoga, mantas\",\"publisher\":{\"@id\":\"https:\\\/\\\/naturyoga.com\\\/#organization\"},\"potentialAction\":[{\"@type\":\"SearchAction\",\"target\":{\"@type\":\"EntryPoint\",\"urlTemplate\":\"https:\\\/\\\/naturyoga.com\\\/?s={search_term_string}\"},\"query-input\":{\"@type\":\"PropertyValueSpecification\",\"valueRequired\":true,\"valueName\":\"search_term_string\"}}],\"inLanguage\":\"en-GB\"},{\"@type\":\"Organization\",\"@id\":\"https:\\\/\\\/naturyoga.com\\\/#organization\",\"name\":\"naturyoga\",\"url\":\"https:\\\/\\\/naturyoga.com\\\/\",\"logo\":{\"@type\":\"ImageObject\",\"inLanguage\":\"en-GB\",\"@id\":\"https:\\\/\\\/naturyoga.com\\\/#\\\/schema\\\/logo\\\/image\\\/\",\"url\":\"https:\\\/\\\/naturyoga.com\\\/wp-content\\\/uploads\\\/Logo-small.png\",\"contentUrl\":\"https:\\\/\\\/naturyoga.com\\\/wp-content\\\/uploads\\\/Logo-small.png\",\"width\":128,\"height\":48,\"caption\":\"naturyoga\"},\"image\":{\"@id\":\"https:\\\/\\\/naturyoga.com\\\/#\\\/schema\\\/logo\\\/image\\\/\"}}]}<\/script>\n<!-- \/ Yoast SEO plugin. -->","yoast_head_json":{"title":"Esterilla antideslizante","description":"Nuestro m\u00e1ximo esfuerzo por cuidar el medioambiente convertido en una esterilla de yoga. Sostenibilidad, versatilidad.","robots":{"index":"index","follow":"follow","max-snippet":"max-snippet:-1","max-image-preview":"max-image-preview:large","max-video-preview":"max-video-preview:-1"},"canonical":"https:\/\/naturyoga.com\/en\/product\/esterilla-bluindia\/","og_locale":"en_GB","og_type":"article","og_title":"Esterilla antideslizante","og_description":"Nuestro m\u00e1ximo esfuerzo por cuidar el medioambiente convertido en una esterilla de yoga. Sostenibilidad, versatilidad.","og_url":"https:\/\/naturyoga.com\/en\/product\/esterilla-bluindia\/","og_site_name":"Naturyoga","article_modified_time":"2026-03-26T11:23:30+00:00","og_image":[{"width":1080,"height":1080,"url":"https:\/\/naturyoga.com\/wp-content\/uploads\/4-6.png","type":"image\/png"}],"twitter_card":"summary_large_image","twitter_misc":{"Estimated reading time":"2 minutes"},"schema":{"@context":"https:\/\/schema.org","@graph":[{"@type":"WebPage","@id":"https:\/\/naturyoga.com\/producto\/esterilla-bluindia\/","url":"https:\/\/naturyoga.com\/producto\/esterilla-bluindia\/","name":"Esterilla antideslizante","isPartOf":{"@id":"https:\/\/naturyoga.com\/#website"},"primaryImageOfPage":{"@id":"https:\/\/naturyoga.com\/producto\/esterilla-bluindia\/#primaryimage"},"image":{"@id":"https:\/\/naturyoga.com\/producto\/esterilla-bluindia\/#primaryimage"},"thumbnailUrl":"https:\/\/naturyoga.com\/wp-content\/uploads\/4-6.png","datePublished":"2022-03-11T19:32:14+00:00","dateModified":"2026-03-26T11:23:30+00:00","description":"Nuestro m\u00e1ximo esfuerzo por cuidar el medioambiente convertido en una esterilla de yoga. Sostenibilidad, versatilidad.","breadcrumb":{"@id":"https:\/\/naturyoga.com\/producto\/esterilla-bluindia\/#breadcrumb"},"inLanguage":"en-GB","potentialAction":[{"@type":"ReadAction","target":["https:\/\/naturyoga.com\/producto\/esterilla-bluindia\/"]}]},{"@type":"ImageObject","inLanguage":"en-GB","@id":"https:\/\/naturyoga.com\/producto\/esterilla-bluindia\/#primaryimage","url":"https:\/\/naturyoga.com\/wp-content\/uploads\/4-6.png","contentUrl":"https:\/\/naturyoga.com\/wp-content\/uploads\/4-6.png","width":1080,"height":1080,"caption":"esterilla-yoga"},{"@type":"BreadcrumbList","@id":"https:\/\/naturyoga.com\/producto\/esterilla-bluindia\/#breadcrumb","itemListElement":[{"@type":"ListItem","position":1,"name":"Portada","item":"https:\/\/naturyoga.com\/"},{"@type":"ListItem","position":2,"name":"Tienda","item":"https:\/\/naturyoga.com\/tienda\/"},{"@type":"ListItem","position":3,"name":"Esterilla De Yoga BluIndia"}]},{"@type":"WebSite","@id":"https:\/\/naturyoga.com\/#website","url":"https:\/\/naturyoga.com\/","name":"Naturyoga","description":"Productos de Yoga: esterillas, bloques, silla Iyengar, rueda de Yoga, mantas","publisher":{"@id":"https:\/\/naturyoga.com\/#organization"},"potentialAction":[{"@type":"SearchAction","target":{"@type":"EntryPoint","urlTemplate":"https:\/\/naturyoga.com\/?s={search_term_string}"},"query-input":{"@type":"PropertyValueSpecification","valueRequired":true,"valueName":"search_term_string"}}],"inLanguage":"en-GB"},{"@type":"Organization","@id":"https:\/\/naturyoga.com\/#organization","name":"naturyoga","url":"https:\/\/naturyoga.com\/","logo":{"@type":"ImageObject","inLanguage":"en-GB","@id":"https:\/\/naturyoga.com\/#\/schema\/logo\/image\/","url":"https:\/\/naturyoga.com\/wp-content\/uploads\/Logo-small.png","contentUrl":"https:\/\/naturyoga.com\/wp-content\/uploads\/Logo-small.png","width":128,"height":48,"caption":"naturyoga"},"image":{"@id":"https:\/\/naturyoga.com\/#\/schema\/logo\/image\/"}}]}},"jetpack_sharing_enabled":true,"_links":{"self":[{"href":"https:\/\/naturyoga.com\/en\/wp-json\/wp\/v2\/product\/1293","targetHints":{"allow":["GET"]}}],"collection":[{"href":"https:\/\/naturyoga.com\/en\/wp-json\/wp\/v2\/product"}],"about":[{"href":"https:\/\/naturyoga.com\/en\/wp-json\/wp\/v2\/types\/product"}],"wp:featuredmedia":[{"embeddable":true,"href":"https:\/\/naturyoga.com\/en\/wp-json\/wp\/v2\/media\/3646"}],"wp:attachment":[{"href":"https:\/\/naturyoga.com\/en\/wp-json\/wp\/v2\/media?parent=1293"}],"wp:term":[{"taxonomy":"product_brand","embeddable":true,"href":"https:\/\/naturyoga.com\/en\/wp-json\/wp\/v2\/product_brand?post=1293"},{"taxonomy":"product_cat","embeddable":true,"href":"https:\/\/naturyoga.com\/en\/wp-json\/wp\/v2\/product_cat?post=1293"},{"taxonomy":"product_tag","embeddable":true,"href":"https:\/\/naturyoga.com\/en\/wp-json\/wp\/v2\/product_tag?post=1293"}],"curies":[{"name":"wp","href":"https:\/\/api.w.org\/{rel}","templated":true}]}}