{"id":1284,"date":"2022-03-11T18:29:59","date_gmt":"2022-03-11T17:29:59","guid":{"rendered":"https:\/\/naturyoga.com\/?post_type=product&#038;p=1284"},"modified":"2025-02-11T12:07:12","modified_gmt":"2025-02-11T11:07:12","slug":"bloque-de-bambu","status":"publish","type":"product","link":"https:\/\/naturyoga.com\/en\/product\/bloque-de-bambu\/","title":{"rendered":"bamboo blocks"},"content":{"rendered":"<p>Yoga block made of 100% natural bamboo. Ensure good balance in all poses.<\/p>\n<p class=\"translation-block\">Gain <strong>stability<\/strong> in your daily practice with our blocks made of 100% natural bamboo. Their density ensures perfect stability throughout your practice. This block is a great ally to improve your balance since it <strong>provides very firm support.<\/strong><\/p>\n<p><span style=\"color: #000000;\">We\u2019re improving one of the most popular yoga accessories: the bamboo block.<\/span><\/p>\n<p class=\"translation-block\">Thanks to the solidity of Bamboo, you\u2019ll feel safer and more comfortable in your practice. It can act as an extension of your hands in different poses if you\u2019re just starting out. Or, it can deepen your perception of the alignment of your head, back and hips if you\u2019re already a seasoned yogi.\n<br>\n<strong>Bamboo is also a natural, sustainable and environmentally friendly material.<\/strong><\/p>\n<p><span style=\"color: #000000;\">Highly recommended for restorative yoga, since it will help you maintain the correct form during passive stretches.<\/span><\/p>\n<p class=\"translation-block\"><span style=\"color: #000000\">Use it with <a style=\"color: #000000\" href=\"https:\/\/naturyoga.com\/en\/product\/manta-de-yoga\/\" target=\"_self\">yoga blanket<\/a> y <a style=\"color: #000000\" href=\"https:\/\/naturyoga.com\/en\/product\/silla-iyengar\/\" target=\"_self\">Yoga chair<\/a>.<\/span><\/p>\n<hr \/>\n<p>Size: 23 x 15 x 7,5 cm<\/p>\n<p>Weight: 850 gr aprox.<\/p>\n<blockquote class=\"wp-embedded-content\" data-secret=\"S5qk7afDwo\"><p><a href=\"https:\/\/naturyoga.com\/en\/politica-de-uso-y-limpieza-de-materiales\/\">Pol\u00edtica de uso y limpieza de materiales<\/a><\/p><\/blockquote>\n<p><iframe class=\"wp-embedded-content\" sandbox=\"allow-scripts\" security=\"restricted\" style=\"position: absolute; visibility: hidden;\" title=\"\u00abPol\u00edtica de uso y limpieza de materiales\u00bb \u2014 Naturyoga\" src=\"https:\/\/naturyoga.com\/politica-de-uso-y-limpieza-de-materiales\/embed\/#?secret=RKHNJWEfac#?secret=S5qk7afDwo\" data-secret=\"S5qk7afDwo\" width=\"600\" height=\"338\" frameborder=\"0\" marginwidth=\"0\" marginheight=\"0\" scrolling=\"no\"><\/iframe><\/p>","protected":false},"excerpt":{"rendered":"<p>Bloque de yoga de bamb\u00fa natural 100%. Asegura un buen equilibrio en todas las posturas. Gana estabilidad en tu pr\u00e1ctica diaria con nuestros bloques de yoga de bamb\u00fa 100%. Su densidad asegura una estabilidad perfecta durante toda la pr\u00e1ctica. Es un gran aliado para mejorar tu equilibrio ya que constituye un apoyo muy seguro. Mejoramos [&hellip;]<\/p>\n","protected":false},"featured_media":3654,"template":"","meta":[],"product_brand":[],"product_cat":[36,122],"product_tag":[33,60,40,34],"class_list":{"0":"post-1284","1":"product","2":"type-product","3":"status-publish","4":"has-post-thumbnail","6":"product_cat-accesorios-yoga","7":"product_cat-bloques-de-yoga","8":"product_tag-aire-libre","9":"product_tag-bambu","10":"product_tag-bloque","11":"product_tag-sostenible","13":"first","14":"instock","15":"sale","16":"taxable","17":"shipping-taxable","18":"purchasable","19":"product-type-simple"},"yoast_head":"<!-- This site is optimized with the Yoast SEO plugin v27.6 - https:\/\/yoast.com\/product\/yoast-seo-wordpress\/ -->\n<title>Bloque de Yoga de Bamb\u00fa<\/title>\n<meta name=\"description\" content=\"Bloque de yoga de bamb\u00fa. Estabilidad y firmeza durante las posturas de yoga. Sostenible y respetuoso con el medioambiente.\" \/>\n<meta name=\"robots\" content=\"index, follow, max-snippet:-1, max-image-preview:large, max-video-preview:-1\" \/>\n<link rel=\"canonical\" href=\"https:\/\/naturyoga.com\/en\/product\/bloque-de-bambu\/\" \/>\n<meta property=\"og:locale\" content=\"en_GB\" \/>\n<meta property=\"og:type\" content=\"article\" \/>\n<meta property=\"og:title\" content=\"Bloque de Yoga de Bamb\u00fa\" \/>\n<meta property=\"og:description\" content=\"Bloque de yoga de bamb\u00fa. Estabilidad y firmeza durante las posturas de yoga. Sostenible y respetuoso con el medioambiente.\" \/>\n<meta property=\"og:url\" content=\"https:\/\/naturyoga.com\/en\/product\/bloque-de-bambu\/\" \/>\n<meta property=\"og:site_name\" content=\"Naturyoga\" \/>\n<meta property=\"article:modified_time\" content=\"2025-02-11T11:07:12+00:00\" \/>\n<meta property=\"og:image\" content=\"https:\/\/naturyoga.com\/wp-content\/uploads\/web-fotos.png\" \/>\n\t<meta property=\"og:image:width\" content=\"1080\" \/>\n\t<meta property=\"og:image:height\" content=\"1080\" \/>\n\t<meta property=\"og:image:type\" content=\"image\/png\" \/>\n<meta name=\"twitter:card\" content=\"summary_large_image\" \/>\n<meta name=\"twitter:label1\" content=\"Estimated reading time\" \/>\n\t<meta name=\"twitter:data1\" content=\"1 minute\" \/>\n<script type=\"application\/ld+json\" class=\"yoast-schema-graph\">{\"@context\":\"https:\\\/\\\/schema.org\",\"@graph\":[{\"@type\":\"WebPage\",\"@id\":\"https:\\\/\\\/naturyoga.com\\\/producto\\\/bloque-de-bambu\\\/\",\"url\":\"https:\\\/\\\/naturyoga.com\\\/producto\\\/bloque-de-bambu\\\/\",\"name\":\"Bloque de Yoga de Bamb\u00fa\",\"isPartOf\":{\"@id\":\"https:\\\/\\\/naturyoga.com\\\/#website\"},\"primaryImageOfPage\":{\"@id\":\"https:\\\/\\\/naturyoga.com\\\/producto\\\/bloque-de-bambu\\\/#primaryimage\"},\"image\":{\"@id\":\"https:\\\/\\\/naturyoga.com\\\/producto\\\/bloque-de-bambu\\\/#primaryimage\"},\"thumbnailUrl\":\"https:\\\/\\\/naturyoga.com\\\/wp-content\\\/uploads\\\/web-fotos.png\",\"datePublished\":\"2022-03-11T17:29:59+00:00\",\"dateModified\":\"2025-02-11T11:07:12+00:00\",\"description\":\"Bloque de yoga de bamb\u00fa. Estabilidad y firmeza durante las posturas de yoga. Sostenible y respetuoso con el medioambiente.\",\"breadcrumb\":{\"@id\":\"https:\\\/\\\/naturyoga.com\\\/producto\\\/bloque-de-bambu\\\/#breadcrumb\"},\"inLanguage\":\"en-GB\",\"potentialAction\":[{\"@type\":\"ReadAction\",\"target\":[\"https:\\\/\\\/naturyoga.com\\\/producto\\\/bloque-de-bambu\\\/\"]}]},{\"@type\":\"ImageObject\",\"inLanguage\":\"en-GB\",\"@id\":\"https:\\\/\\\/naturyoga.com\\\/producto\\\/bloque-de-bambu\\\/#primaryimage\",\"url\":\"https:\\\/\\\/naturyoga.com\\\/wp-content\\\/uploads\\\/web-fotos.png\",\"contentUrl\":\"https:\\\/\\\/naturyoga.com\\\/wp-content\\\/uploads\\\/web-fotos.png\",\"width\":1080,\"height\":1080,\"caption\":\"bloque-yoga\"},{\"@type\":\"BreadcrumbList\",\"@id\":\"https:\\\/\\\/naturyoga.com\\\/producto\\\/bloque-de-bambu\\\/#breadcrumb\",\"itemListElement\":[{\"@type\":\"ListItem\",\"position\":1,\"name\":\"Portada\",\"item\":\"https:\\\/\\\/naturyoga.com\\\/\"},{\"@type\":\"ListItem\",\"position\":2,\"name\":\"Tienda\",\"item\":\"https:\\\/\\\/naturyoga.com\\\/tienda\\\/\"},{\"@type\":\"ListItem\",\"position\":3,\"name\":\"Bloque de bamb\u00fa\"}]},{\"@type\":\"WebSite\",\"@id\":\"https:\\\/\\\/naturyoga.com\\\/#website\",\"url\":\"https:\\\/\\\/naturyoga.com\\\/\",\"name\":\"Naturyoga\",\"description\":\"Productos de Yoga: esterillas, bloques, silla Iyengar, rueda de Yoga, mantas\",\"publisher\":{\"@id\":\"https:\\\/\\\/naturyoga.com\\\/#organization\"},\"potentialAction\":[{\"@type\":\"SearchAction\",\"target\":{\"@type\":\"EntryPoint\",\"urlTemplate\":\"https:\\\/\\\/naturyoga.com\\\/?s={search_term_string}\"},\"query-input\":{\"@type\":\"PropertyValueSpecification\",\"valueRequired\":true,\"valueName\":\"search_term_string\"}}],\"inLanguage\":\"en-GB\"},{\"@type\":\"Organization\",\"@id\":\"https:\\\/\\\/naturyoga.com\\\/#organization\",\"name\":\"naturyoga\",\"url\":\"https:\\\/\\\/naturyoga.com\\\/\",\"logo\":{\"@type\":\"ImageObject\",\"inLanguage\":\"en-GB\",\"@id\":\"https:\\\/\\\/naturyoga.com\\\/#\\\/schema\\\/logo\\\/image\\\/\",\"url\":\"https:\\\/\\\/naturyoga.com\\\/wp-content\\\/uploads\\\/Logo-small.png\",\"contentUrl\":\"https:\\\/\\\/naturyoga.com\\\/wp-content\\\/uploads\\\/Logo-small.png\",\"width\":128,\"height\":48,\"caption\":\"naturyoga\"},\"image\":{\"@id\":\"https:\\\/\\\/naturyoga.com\\\/#\\\/schema\\\/logo\\\/image\\\/\"}}]}<\/script>\n<!-- \/ Yoast SEO plugin. -->","yoast_head_json":{"title":"Bloque de Yoga de Bamb\u00fa","description":"Bloque de yoga de bamb\u00fa. Estabilidad y firmeza durante las posturas de yoga. Sostenible y respetuoso con el medioambiente.","robots":{"index":"index","follow":"follow","max-snippet":"max-snippet:-1","max-image-preview":"max-image-preview:large","max-video-preview":"max-video-preview:-1"},"canonical":"https:\/\/naturyoga.com\/en\/product\/bloque-de-bambu\/","og_locale":"en_GB","og_type":"article","og_title":"Bloque de Yoga de Bamb\u00fa","og_description":"Bloque de yoga de bamb\u00fa. Estabilidad y firmeza durante las posturas de yoga. Sostenible y respetuoso con el medioambiente.","og_url":"https:\/\/naturyoga.com\/en\/product\/bloque-de-bambu\/","og_site_name":"Naturyoga","article_modified_time":"2025-02-11T11:07:12+00:00","og_image":[{"width":1080,"height":1080,"url":"https:\/\/naturyoga.com\/wp-content\/uploads\/web-fotos.png","type":"image\/png"}],"twitter_card":"summary_large_image","twitter_misc":{"Estimated reading time":"1 minute"},"schema":{"@context":"https:\/\/schema.org","@graph":[{"@type":"WebPage","@id":"https:\/\/naturyoga.com\/producto\/bloque-de-bambu\/","url":"https:\/\/naturyoga.com\/producto\/bloque-de-bambu\/","name":"Bloque de Yoga de Bamb\u00fa","isPartOf":{"@id":"https:\/\/naturyoga.com\/#website"},"primaryImageOfPage":{"@id":"https:\/\/naturyoga.com\/producto\/bloque-de-bambu\/#primaryimage"},"image":{"@id":"https:\/\/naturyoga.com\/producto\/bloque-de-bambu\/#primaryimage"},"thumbnailUrl":"https:\/\/naturyoga.com\/wp-content\/uploads\/web-fotos.png","datePublished":"2022-03-11T17:29:59+00:00","dateModified":"2025-02-11T11:07:12+00:00","description":"Bloque de yoga de bamb\u00fa. Estabilidad y firmeza durante las posturas de yoga. Sostenible y respetuoso con el medioambiente.","breadcrumb":{"@id":"https:\/\/naturyoga.com\/producto\/bloque-de-bambu\/#breadcrumb"},"inLanguage":"en-GB","potentialAction":[{"@type":"ReadAction","target":["https:\/\/naturyoga.com\/producto\/bloque-de-bambu\/"]}]},{"@type":"ImageObject","inLanguage":"en-GB","@id":"https:\/\/naturyoga.com\/producto\/bloque-de-bambu\/#primaryimage","url":"https:\/\/naturyoga.com\/wp-content\/uploads\/web-fotos.png","contentUrl":"https:\/\/naturyoga.com\/wp-content\/uploads\/web-fotos.png","width":1080,"height":1080,"caption":"bloque-yoga"},{"@type":"BreadcrumbList","@id":"https:\/\/naturyoga.com\/producto\/bloque-de-bambu\/#breadcrumb","itemListElement":[{"@type":"ListItem","position":1,"name":"Portada","item":"https:\/\/naturyoga.com\/"},{"@type":"ListItem","position":2,"name":"Tienda","item":"https:\/\/naturyoga.com\/tienda\/"},{"@type":"ListItem","position":3,"name":"Bloque de bamb\u00fa"}]},{"@type":"WebSite","@id":"https:\/\/naturyoga.com\/#website","url":"https:\/\/naturyoga.com\/","name":"Naturyoga","description":"Productos de Yoga: esterillas, bloques, silla Iyengar, rueda de Yoga, mantas","publisher":{"@id":"https:\/\/naturyoga.com\/#organization"},"potentialAction":[{"@type":"SearchAction","target":{"@type":"EntryPoint","urlTemplate":"https:\/\/naturyoga.com\/?s={search_term_string}"},"query-input":{"@type":"PropertyValueSpecification","valueRequired":true,"valueName":"search_term_string"}}],"inLanguage":"en-GB"},{"@type":"Organization","@id":"https:\/\/naturyoga.com\/#organization","name":"naturyoga","url":"https:\/\/naturyoga.com\/","logo":{"@type":"ImageObject","inLanguage":"en-GB","@id":"https:\/\/naturyoga.com\/#\/schema\/logo\/image\/","url":"https:\/\/naturyoga.com\/wp-content\/uploads\/Logo-small.png","contentUrl":"https:\/\/naturyoga.com\/wp-content\/uploads\/Logo-small.png","width":128,"height":48,"caption":"naturyoga"},"image":{"@id":"https:\/\/naturyoga.com\/#\/schema\/logo\/image\/"}}]}},"jetpack_sharing_enabled":true,"_links":{"self":[{"href":"https:\/\/naturyoga.com\/en\/wp-json\/wp\/v2\/product\/1284","targetHints":{"allow":["GET"]}}],"collection":[{"href":"https:\/\/naturyoga.com\/en\/wp-json\/wp\/v2\/product"}],"about":[{"href":"https:\/\/naturyoga.com\/en\/wp-json\/wp\/v2\/types\/product"}],"wp:featuredmedia":[{"embeddable":true,"href":"https:\/\/naturyoga.com\/en\/wp-json\/wp\/v2\/media\/3654"}],"wp:attachment":[{"href":"https:\/\/naturyoga.com\/en\/wp-json\/wp\/v2\/media?parent=1284"}],"wp:term":[{"taxonomy":"product_brand","embeddable":true,"href":"https:\/\/naturyoga.com\/en\/wp-json\/wp\/v2\/product_brand?post=1284"},{"taxonomy":"product_cat","embeddable":true,"href":"https:\/\/naturyoga.com\/en\/wp-json\/wp\/v2\/product_cat?post=1284"},{"taxonomy":"product_tag","embeddable":true,"href":"https:\/\/naturyoga.com\/en\/wp-json\/wp\/v2\/product_tag?post=1284"}],"curies":[{"name":"wp","href":"https:\/\/api.w.org\/{rel}","templated":true}]}}