{"id":86,"date":"2021-12-22T18:47:07","date_gmt":"2021-12-22T17:47:07","guid":{"rendered":"http:\/\/naturyoga.com\/?page_id=86"},"modified":"2024-09-17T12:36:42","modified_gmt":"2024-09-17T11:36:42","slug":"blog","status":"publish","type":"page","link":"https:\/\/naturyoga.com\/en\/blog\/","title":{"rendered":"BLOG"},"content":{"rendered":"<div data-elementor-type=\"wp-page\" data-elementor-id=\"86\" class=\"elementor elementor-86\" data-elementor-post-type=\"page\">\n\t\t\t\t\t\t<section class=\"elementor-section elementor-top-section elementor-element elementor-element-a657116 elementor-section-boxed elementor-section-height-default elementor-section-height-default\" data-id=\"a657116\" data-element_type=\"section\" data-e-type=\"section\">\n\t\t\t\t\t\t<div class=\"elementor-container elementor-column-gap-default\">\n\t\t\t\t\t<div class=\"elementor-column elementor-col-100 elementor-top-column elementor-element elementor-element-26583be\" data-id=\"26583be\" data-element_type=\"column\" data-e-type=\"column\">\n\t\t\t<div class=\"elementor-widget-wrap elementor-element-populated\">\n\t\t\t\t\t\t<div class=\"elementor-element elementor-element-eae862d elementor-widget elementor-widget-spacer\" data-id=\"eae862d\" data-element_type=\"widget\" data-e-type=\"widget\" data-widget_type=\"spacer.default\">\n\t\t\t\t<div class=\"elementor-widget-container\">\n\t\t\t\t\t\t\t<div class=\"elementor-spacer\">\n\t\t\t<div class=\"elementor-spacer-inner\"><\/div>\n\t\t<\/div>\n\t\t\t\t\t\t<\/div>\n\t\t\t\t<\/div>\n\t\t\t\t<div class=\"elementor-element elementor-element-572bd93 elementor-widget elementor-widget-heading\" data-id=\"572bd93\" data-element_type=\"widget\" data-e-type=\"widget\" data-widget_type=\"heading.default\">\n\t\t\t\t<div class=\"elementor-widget-container\">\n\t\t\t\t\t<h1 class=\"elementor-heading-title elementor-size-default\">Blog de yoga<\/h1>\t\t\t\t<\/div>\n\t\t\t\t<\/div>\n\t\t\t\t<div class=\"elementor-element elementor-element-657835b elementor-widget elementor-widget-spacer\" data-id=\"657835b\" data-element_type=\"widget\" data-e-type=\"widget\" data-widget_type=\"spacer.default\">\n\t\t\t\t<div class=\"elementor-widget-container\">\n\t\t\t\t\t\t\t<div class=\"elementor-spacer\">\n\t\t\t<div class=\"elementor-spacer-inner\"><\/div>\n\t\t<\/div>\n\t\t\t\t\t\t<\/div>\n\t\t\t\t<\/div>\n\t\t\t\t\t<\/div>\n\t\t<\/div>\n\t\t\t\t\t<\/div>\n\t\t<\/section>\n\t\t\t\t<section class=\"elementor-section elementor-top-section elementor-element elementor-element-09eeddc elementor-section-boxed elementor-section-height-default elementor-section-height-default\" data-id=\"09eeddc\" data-element_type=\"section\" data-e-type=\"section\">\n\t\t\t\t\t\t<div class=\"elementor-container elementor-column-gap-default\">\n\t\t\t\t\t<div class=\"elementor-column elementor-col-100 elementor-top-column elementor-element elementor-element-def15d1\" data-id=\"def15d1\" data-element_type=\"column\" data-e-type=\"column\">\n\t\t\t<div class=\"elementor-widget-wrap elementor-element-populated\">\n\t\t\t\t\t\t<div class=\"elementor-element elementor-element-446dcc4 elementor-grid-eael-col-2 elementor-grid-tablet-eael-col-2 elementor-grid-mobile-eael-col-1 elementor-widget elementor-widget-eael-post-grid\" data-id=\"446dcc4\" data-element_type=\"widget\" data-e-type=\"widget\" data-settings=\"{&quot;eael_post_grid_columns&quot;:&quot;eael-col-2&quot;,&quot;eael_post_grid_columns_tablet&quot;:&quot;eael-col-2&quot;,&quot;eael_post_grid_columns_mobile&quot;:&quot;eael-col-1&quot;}\" data-widget_type=\"eael-post-grid.default\">\n\t\t\t\t<div class=\"elementor-widget-container\">\n\t\t\t\t\t<div id=\"eael-post-grid-446dcc4\" class=\"eael-post-grid-container\">\n            <div class=\"eael-post-grid eael-post-appender eael-post-appender-446dcc4 eael-post-grid-style-one\" data-layout-mode=\"masonry\"><article class=\"eael-grid-post  eael-post-grid-column eael-pg-post-5449 category-esterillas-de-yoga-sin-categoria-es\" data-id=\"5449\">\n        <div class=\"eael-grid-post-holder\">\n            <div class=\"eael-grid-post-holder-inner\"><div class=\"eael-entry-media\"><div class=\"eael-entry-overlay fade-in\"><i class=\"fas fa-long-arrow-alt-right\" aria-hidden=\"true\"><\/i><a href=\"https:\/\/naturyoga.com\/en\/por-que-usar-la-silla-para-las-posturas-invertidas\/\"><\/a><\/div><div class=\"eael-entry-thumbnail\">\n                <img fetchpriority=\"high\" decoding=\"async\" width=\"2560\" height=\"1280\" src=\"https:\/\/naturyoga.com\/wp-content\/uploads\/Banner-Naturyoga-2-scaled.png\" class=\"attachment-full size-full wp-image-5353\" alt=\"silla-invertidas-yoga\" srcset=\"https:\/\/naturyoga.com\/wp-content\/uploads\/Banner-Naturyoga-2-scaled.png 2560w, https:\/\/naturyoga.com\/wp-content\/uploads\/Banner-Naturyoga-2-300x150.png 300w, https:\/\/naturyoga.com\/wp-content\/uploads\/Banner-Naturyoga-2-1024x512.png 1024w, https:\/\/naturyoga.com\/wp-content\/uploads\/Banner-Naturyoga-2-768x384.png 768w, https:\/\/naturyoga.com\/wp-content\/uploads\/Banner-Naturyoga-2-1536x768.png 1536w, https:\/\/naturyoga.com\/wp-content\/uploads\/Banner-Naturyoga-2-2048x1024.png 2048w, https:\/\/naturyoga.com\/wp-content\/uploads\/Banner-Naturyoga-2-18x9.png 18w, https:\/\/naturyoga.com\/wp-content\/uploads\/Banner-Naturyoga-2-600x300.png 600w\" sizes=\"(max-width: 2560px) 100vw, 2560px\" \/>\n            <\/div>\n        <\/div><div class=\"eael-entry-wrapper\"><header class=\"eael-entry-header\"><h2 class=\"eael-entry-title\"><a class=\"eael-grid-post-link\" href=\"https:\/\/naturyoga.com\/en\/por-que-usar-la-silla-para-las-posturas-invertidas\/\" title=\"\u00bfPor qu\u00e9 usar la silla para las posturas invertidas?\u200b\">\u00bfPor qu\u00e9 usar la silla para las posturas invertidas?\u200b<\/a><\/h2><\/header><div class=\"eael-entry-content\">\n                        <div class=\"eael-grid-post-excerpt\"><p>La silla de yoga para invertidas es una herramienta poderosa, segura y accesible que transforma la forma en que exploramos el mundo al rev\u00e9s. En NaturYoga la usamos todos los d\u00edas porque nos permite profundizar en la pr\u00e1ctica con m\u00e1s calma, m\u00e1s presencia y menos tensi\u00f3n.<\/p><a href=\"https:\/\/naturyoga.com\/en\/por-que-usar-la-silla-para-las-posturas-invertidas\/\" class=\"eael-post-elements-readmore-btn\">Leer m\u00e1s<\/a><\/div>\n                    <\/div><\/div><\/div>\n        <\/div>\n    <\/article><article class=\"eael-grid-post  eael-post-grid-column eael-pg-post-5373 category-esterillas-de-yoga-sin-categoria-es\" data-id=\"5373\">\n        <div class=\"eael-grid-post-holder\">\n            <div class=\"eael-grid-post-holder-inner\"><div class=\"eael-entry-media\"><div class=\"eael-entry-overlay fade-in\"><i class=\"fas fa-long-arrow-alt-right\" aria-hidden=\"true\"><\/i><a href=\"https:\/\/naturyoga.com\/en\/esterilla-de-yoga-antideslizante-con-super-agarre\/\"><\/a><\/div><div class=\"eael-entry-thumbnail\">\n                <img decoding=\"async\" width=\"1080\" height=\"1080\" src=\"https:\/\/naturyoga.com\/wp-content\/uploads\/pu-4mm.png\" class=\"attachment-full size-full wp-image-5233\" alt=\"esterilla-yoga-viaje\" srcset=\"https:\/\/naturyoga.com\/wp-content\/uploads\/pu-4mm.png 1080w, https:\/\/naturyoga.com\/wp-content\/uploads\/pu-4mm-300x300.png 300w, https:\/\/naturyoga.com\/wp-content\/uploads\/pu-4mm-1024x1024.png 1024w, https:\/\/naturyoga.com\/wp-content\/uploads\/pu-4mm-150x150.png 150w, https:\/\/naturyoga.com\/wp-content\/uploads\/pu-4mm-768x768.png 768w, https:\/\/naturyoga.com\/wp-content\/uploads\/pu-4mm-12x12.png 12w, https:\/\/naturyoga.com\/wp-content\/uploads\/pu-4mm-600x600.png 600w, https:\/\/naturyoga.com\/wp-content\/uploads\/pu-4mm-100x100.png 100w\" sizes=\"(max-width: 1080px) 100vw, 1080px\" \/>\n            <\/div>\n        <\/div><div class=\"eael-entry-wrapper\"><header class=\"eael-entry-header\"><h2 class=\"eael-entry-title\"><a class=\"eael-grid-post-link\" href=\"https:\/\/naturyoga.com\/en\/esterilla-de-yoga-antideslizante-con-super-agarre\/\" title=\"Esterilla de Yoga Antideslizante con Super Agarre\">Esterilla de Yoga Antideslizante con Super Agarre<\/a><\/h2><\/header><div class=\"eael-entry-content\">\n                        <div class=\"eael-grid-post-excerpt\"><p>\u00bfBuscas una esterilla de yoga que no se resbale y te acompa\u00f1e en cada postura? Descubre por qu\u00e9 el material importa y c\u00f3mo nuestras esterillas de super agarre marcan la diferencia.<\/p><a href=\"https:\/\/naturyoga.com\/en\/esterilla-de-yoga-antideslizante-con-super-agarre\/\" class=\"eael-post-elements-readmore-btn\">Leer m\u00e1s<\/a><\/div>\n                    <\/div><\/div><\/div>\n        <\/div>\n    <\/article><article class=\"eael-grid-post  eael-post-grid-column eael-pg-post-3909 category-esterillas-de-yoga-sin-categoria-es\" data-id=\"3909\">\n        <div class=\"eael-grid-post-holder\">\n            <div class=\"eael-grid-post-holder-inner\"><div class=\"eael-entry-media\"><div class=\"eael-entry-overlay fade-in\"><i class=\"fas fa-long-arrow-alt-right\" aria-hidden=\"true\"><\/i><a href=\"https:\/\/naturyoga.com\/en\/yoga-en-verano-los-basicos-para-una-practica-refrescante-y-efectiva\/\"><\/a><\/div><div class=\"eael-entry-thumbnail\">\n                <img decoding=\"async\" width=\"1080\" height=\"1080\" src=\"https:\/\/naturyoga.com\/wp-content\/uploads\/1-12.png\" class=\"attachment-full size-full wp-image-3911\" alt=\"yoga-verano-esterilla\" srcset=\"https:\/\/naturyoga.com\/wp-content\/uploads\/1-12.png 1080w, https:\/\/naturyoga.com\/wp-content\/uploads\/1-12-300x300.png 300w, https:\/\/naturyoga.com\/wp-content\/uploads\/1-12-1024x1024.png 1024w, https:\/\/naturyoga.com\/wp-content\/uploads\/1-12-150x150.png 150w, https:\/\/naturyoga.com\/wp-content\/uploads\/1-12-768x768.png 768w, https:\/\/naturyoga.com\/wp-content\/uploads\/1-12-12x12.png 12w, https:\/\/naturyoga.com\/wp-content\/uploads\/1-12-600x600.png 600w, https:\/\/naturyoga.com\/wp-content\/uploads\/1-12-100x100.png 100w\" sizes=\"(max-width: 1080px) 100vw, 1080px\" \/>\n            <\/div>\n        <\/div><div class=\"eael-entry-wrapper\"><header class=\"eael-entry-header\"><h2 class=\"eael-entry-title\"><a class=\"eael-grid-post-link\" href=\"https:\/\/naturyoga.com\/en\/yoga-en-verano-los-basicos-para-una-practica-refrescante-y-efectiva\/\" title=\"Yoga en Verano: Los B\u00e1sicos para una Pr\u00e1ctica Refrescante y Efectiva\">Yoga en Verano: Los B\u00e1sicos para una Pr\u00e1ctica Refrescante y Efectiva<\/a><\/h2><\/header><div class=\"eael-entry-content\">\n                        <div class=\"eael-grid-post-excerpt\"><p>El verano puede ser una excelente oportunidad para disfrutar de la pr\u00e1ctica de yoga en diferentes ambientes y adaptar tu rutina a las condiciones clim\u00e1ticas. Con las esterillas adecuadas, pr\u00e1cticas suaves y posturas refrescantes, puedes mantener tu cuerpo y mente equilibrados y frescos durante toda la temporada.<\/p><a href=\"https:\/\/naturyoga.com\/en\/yoga-en-verano-los-basicos-para-una-practica-refrescante-y-efectiva\/\" class=\"eael-post-elements-readmore-btn\">Leer m\u00e1s<\/a><\/div>\n                    <\/div><\/div><\/div>\n        <\/div>\n    <\/article><article class=\"eael-grid-post  eael-post-grid-column eael-pg-post-3855 category-esterillas-de-yoga-sin-categoria-es\" data-id=\"3855\">\n        <div class=\"eael-grid-post-holder\">\n            <div class=\"eael-grid-post-holder-inner\"><div class=\"eael-entry-media\"><div class=\"eael-entry-overlay fade-in\"><i class=\"fas fa-long-arrow-alt-right\" aria-hidden=\"true\"><\/i><a href=\"https:\/\/naturyoga.com\/en\/las-esterillas-de-verano-tu-companera-perfecta-para-la-practica-de-yoga\/\"><\/a><\/div><div class=\"eael-entry-thumbnail\">\n                <img loading=\"lazy\" decoding=\"async\" width=\"1080\" height=\"1080\" src=\"https:\/\/naturyoga.com\/wp-content\/uploads\/Diseno-sin-titulo-40.png\" class=\"attachment-full size-full wp-image-3856\" alt=\"esterilla-yoga\" srcset=\"https:\/\/naturyoga.com\/wp-content\/uploads\/Diseno-sin-titulo-40.png 1080w, https:\/\/naturyoga.com\/wp-content\/uploads\/Diseno-sin-titulo-40-300x300.png 300w, https:\/\/naturyoga.com\/wp-content\/uploads\/Diseno-sin-titulo-40-1024x1024.png 1024w, https:\/\/naturyoga.com\/wp-content\/uploads\/Diseno-sin-titulo-40-150x150.png 150w, https:\/\/naturyoga.com\/wp-content\/uploads\/Diseno-sin-titulo-40-768x768.png 768w, https:\/\/naturyoga.com\/wp-content\/uploads\/Diseno-sin-titulo-40-12x12.png 12w, https:\/\/naturyoga.com\/wp-content\/uploads\/Diseno-sin-titulo-40-600x600.png 600w, https:\/\/naturyoga.com\/wp-content\/uploads\/Diseno-sin-titulo-40-100x100.png 100w\" sizes=\"(max-width: 1080px) 100vw, 1080px\" \/>\n            <\/div>\n        <\/div><div class=\"eael-entry-wrapper\"><header class=\"eael-entry-header\"><h2 class=\"eael-entry-title\"><a class=\"eael-grid-post-link\" href=\"https:\/\/naturyoga.com\/en\/las-esterillas-de-verano-tu-companera-perfecta-para-la-practica-de-yoga\/\" title=\"Las Esterillas de Verano: Tu Compa\u00f1era Perfecta para la Pr\u00e1ctica de Yoga\">Las Esterillas de Verano: Tu Compa\u00f1era Perfecta para la Pr\u00e1ctica de Yoga<\/a><\/h2><\/header><div class=\"eael-entry-content\">\n                        <div class=\"eael-grid-post-excerpt\"><p>Cuando llega el verano, los yoguis sabemos que es el momento perfecto para llevar nuestra pr\u00e1ctica al aire libre y disfrutar de la naturaleza. Te ense\u00f1amos las esterillas perfectas para el verano...<\/p><a href=\"https:\/\/naturyoga.com\/en\/las-esterillas-de-verano-tu-companera-perfecta-para-la-practica-de-yoga\/\" class=\"eael-post-elements-readmore-btn\">Leer m\u00e1s<\/a><\/div>\n                    <\/div><\/div><\/div>\n        <\/div>\n    <\/article><\/div>\n            <div class=\"clearfix\"><\/div>\n        <\/div>            <div class=\"eael-load-more-button-wrap\">\n                <button class=\"eael-load-more-button\" id=\"eael-load-more-btn-446dcc4\" data-widget-id=\"446dcc4\" data-widget=\"446dcc4\" data-page-id=\"86\" data-template=\"{&quot;dir&quot;:&quot;lite&quot;,&quot;file_name&quot;:&quot;one.php&quot;,&quot;name&quot;:&quot;Post-Grid&quot;}\" data-class=\"Essential_Addons_Elementor\\Elements\\Post_Grid\" data-layout=\"masonry\" data-page=\"1\" data-args=\"orderby=date&amp;order=desc&amp;ignore_sticky_posts=1&amp;post_status=publish&amp;posts_per_page=4&amp;offset=0&amp;post_type=post\" data-max-page=\"6\">\n                    <span class=\"eael-btn-loader button__loader\"><\/span>\n                    <span class=\"eael_load_more_text\">Cargar m\u00e1s<\/span>\n                <\/button>\n            <\/div>\n            \t\t\t\t<\/div>\n\t\t\t\t<\/div>\n\t\t\t\t\t<\/div>\n\t\t<\/div>\n\t\t\t\t\t<\/div>\n\t\t<\/section>\n\t\t\t\t<\/div>","protected":false},"excerpt":{"rendered":"<p>Blog de yoga Yoga en Verano: Los B\u00e1sicos para una Pr\u00e1ctica Refrescante y Efectiva El verano puede ser una excelente oportunidad para disfrutar de la pr\u00e1ctica de yoga en diferentes ambientes y adaptar tu rutina a las condiciones clim\u00e1ticas. Con las esterillas adecuadas, pr\u00e1cticas suaves y posturas refrescantes, puedes mantener tu cuerpo y mente equilibrados [&hellip;]<\/p>\n","protected":false},"author":1,"featured_media":0,"parent":0,"menu_order":0,"comment_status":"closed","ping_status":"closed","template":"","meta":{"footnotes":""},"class_list":["post-86","page","type-page","status-publish","hentry"],"yoast_head":"<!-- This site is optimized with the Yoast SEO plugin v27.4 - https:\/\/yoast.com\/product\/yoast-seo-wordpress\/ -->\n<title>Blog de Yoga | Consejos y Novedades de materiales | NaturYoga<\/title>\n<meta name=\"description\" content=\"Explora nuestro blog de yoga para consejos, novedades y art\u00edculos inspiradores. Ideal para yoguis de todos los niveles. NaturYoga\" \/>\n<meta name=\"robots\" content=\"index, follow, max-snippet:-1, max-image-preview:large, max-video-preview:-1\" \/>\n<link rel=\"canonical\" href=\"https:\/\/naturyoga.com\/en\/blog\/\" \/>\n<meta property=\"og:locale\" content=\"en_GB\" \/>\n<meta property=\"og:type\" content=\"article\" \/>\n<meta property=\"og:title\" content=\"Blog de Yoga | Consejos y Novedades de materiales | NaturYoga\" \/>\n<meta property=\"og:description\" content=\"Explora nuestro blog de yoga para consejos, novedades y art\u00edculos inspiradores. Ideal para yoguis de todos los niveles. NaturYoga\" \/>\n<meta property=\"og:url\" content=\"https:\/\/naturyoga.com\/en\/blog\/\" \/>\n<meta property=\"og:site_name\" content=\"Naturyoga\" \/>\n<meta property=\"article:modified_time\" content=\"2024-09-17T11:36:42+00:00\" \/>\n<meta property=\"og:image\" content=\"https:\/\/naturyoga.com\/wp-content\/uploads\/1-12.png\" \/>\n<meta name=\"twitter:card\" content=\"summary_large_image\" \/>\n<meta name=\"twitter:label1\" content=\"Estimated reading time\" \/>\n\t<meta name=\"twitter:data1\" content=\"2 minutes\" \/>\n<script type=\"application\/ld+json\" class=\"yoast-schema-graph\">{\"@context\":\"https:\\\/\\\/schema.org\",\"@graph\":[{\"@type\":\"WebPage\",\"@id\":\"https:\\\/\\\/naturyoga.com\\\/blog\\\/\",\"url\":\"https:\\\/\\\/naturyoga.com\\\/blog\\\/\",\"name\":\"Blog de Yoga | Consejos y Novedades de materiales | NaturYoga\",\"isPartOf\":{\"@id\":\"https:\\\/\\\/naturyoga.com\\\/#website\"},\"primaryImageOfPage\":{\"@id\":\"https:\\\/\\\/naturyoga.com\\\/blog\\\/#primaryimage\"},\"image\":{\"@id\":\"https:\\\/\\\/naturyoga.com\\\/blog\\\/#primaryimage\"},\"thumbnailUrl\":\"https:\\\/\\\/naturyoga.com\\\/wp-content\\\/uploads\\\/1-12.png\",\"datePublished\":\"2021-12-22T17:47:07+00:00\",\"dateModified\":\"2024-09-17T11:36:42+00:00\",\"description\":\"Explora nuestro blog de yoga para consejos, novedades y art\u00edculos inspiradores. Ideal para yoguis de todos los niveles. NaturYoga\",\"breadcrumb\":{\"@id\":\"https:\\\/\\\/naturyoga.com\\\/blog\\\/#breadcrumb\"},\"inLanguage\":\"en-GB\",\"potentialAction\":[{\"@type\":\"ReadAction\",\"target\":[\"https:\\\/\\\/naturyoga.com\\\/blog\\\/\"]}]},{\"@type\":\"ImageObject\",\"inLanguage\":\"en-GB\",\"@id\":\"https:\\\/\\\/naturyoga.com\\\/blog\\\/#primaryimage\",\"url\":\"https:\\\/\\\/naturyoga.com\\\/wp-content\\\/uploads\\\/1-12.png\",\"contentUrl\":\"https:\\\/\\\/naturyoga.com\\\/wp-content\\\/uploads\\\/1-12.png\"},{\"@type\":\"BreadcrumbList\",\"@id\":\"https:\\\/\\\/naturyoga.com\\\/blog\\\/#breadcrumb\",\"itemListElement\":[{\"@type\":\"ListItem\",\"position\":1,\"name\":\"Portada\",\"item\":\"https:\\\/\\\/naturyoga.com\\\/\"},{\"@type\":\"ListItem\",\"position\":2,\"name\":\"BLOG\"}]},{\"@type\":\"WebSite\",\"@id\":\"https:\\\/\\\/naturyoga.com\\\/#website\",\"url\":\"https:\\\/\\\/naturyoga.com\\\/\",\"name\":\"Naturyoga\",\"description\":\"Productos de Yoga: esterillas, bloques, silla Iyengar, rueda de Yoga, mantas\",\"publisher\":{\"@id\":\"https:\\\/\\\/naturyoga.com\\\/#organization\"},\"potentialAction\":[{\"@type\":\"SearchAction\",\"target\":{\"@type\":\"EntryPoint\",\"urlTemplate\":\"https:\\\/\\\/naturyoga.com\\\/?s={search_term_string}\"},\"query-input\":{\"@type\":\"PropertyValueSpecification\",\"valueRequired\":true,\"valueName\":\"search_term_string\"}}],\"inLanguage\":\"en-GB\"},{\"@type\":\"Organization\",\"@id\":\"https:\\\/\\\/naturyoga.com\\\/#organization\",\"name\":\"naturyoga\",\"url\":\"https:\\\/\\\/naturyoga.com\\\/\",\"logo\":{\"@type\":\"ImageObject\",\"inLanguage\":\"en-GB\",\"@id\":\"https:\\\/\\\/naturyoga.com\\\/#\\\/schema\\\/logo\\\/image\\\/\",\"url\":\"https:\\\/\\\/naturyoga.com\\\/wp-content\\\/uploads\\\/Logo-small.png\",\"contentUrl\":\"https:\\\/\\\/naturyoga.com\\\/wp-content\\\/uploads\\\/Logo-small.png\",\"width\":128,\"height\":48,\"caption\":\"naturyoga\"},\"image\":{\"@id\":\"https:\\\/\\\/naturyoga.com\\\/#\\\/schema\\\/logo\\\/image\\\/\"}}]}<\/script>\n<!-- \/ Yoast SEO plugin. -->","yoast_head_json":{"title":"Blog de Yoga | Consejos y Novedades de materiales | NaturYoga","description":"Explora nuestro blog de yoga para consejos, novedades y art\u00edculos inspiradores. Ideal para yoguis de todos los niveles. NaturYoga","robots":{"index":"index","follow":"follow","max-snippet":"max-snippet:-1","max-image-preview":"max-image-preview:large","max-video-preview":"max-video-preview:-1"},"canonical":"https:\/\/naturyoga.com\/en\/blog\/","og_locale":"en_GB","og_type":"article","og_title":"Blog de Yoga | Consejos y Novedades de materiales | NaturYoga","og_description":"Explora nuestro blog de yoga para consejos, novedades y art\u00edculos inspiradores. Ideal para yoguis de todos los niveles. NaturYoga","og_url":"https:\/\/naturyoga.com\/en\/blog\/","og_site_name":"Naturyoga","article_modified_time":"2024-09-17T11:36:42+00:00","og_image":[{"url":"https:\/\/naturyoga.com\/wp-content\/uploads\/1-12.png","type":"","width":"","height":""}],"twitter_card":"summary_large_image","twitter_misc":{"Estimated reading time":"2 minutes"},"schema":{"@context":"https:\/\/schema.org","@graph":[{"@type":"WebPage","@id":"https:\/\/naturyoga.com\/blog\/","url":"https:\/\/naturyoga.com\/blog\/","name":"Blog de Yoga | Consejos y Novedades de materiales | NaturYoga","isPartOf":{"@id":"https:\/\/naturyoga.com\/#website"},"primaryImageOfPage":{"@id":"https:\/\/naturyoga.com\/blog\/#primaryimage"},"image":{"@id":"https:\/\/naturyoga.com\/blog\/#primaryimage"},"thumbnailUrl":"https:\/\/naturyoga.com\/wp-content\/uploads\/1-12.png","datePublished":"2021-12-22T17:47:07+00:00","dateModified":"2024-09-17T11:36:42+00:00","description":"Explora nuestro blog de yoga para consejos, novedades y art\u00edculos inspiradores. Ideal para yoguis de todos los niveles. NaturYoga","breadcrumb":{"@id":"https:\/\/naturyoga.com\/blog\/#breadcrumb"},"inLanguage":"en-GB","potentialAction":[{"@type":"ReadAction","target":["https:\/\/naturyoga.com\/blog\/"]}]},{"@type":"ImageObject","inLanguage":"en-GB","@id":"https:\/\/naturyoga.com\/blog\/#primaryimage","url":"https:\/\/naturyoga.com\/wp-content\/uploads\/1-12.png","contentUrl":"https:\/\/naturyoga.com\/wp-content\/uploads\/1-12.png"},{"@type":"BreadcrumbList","@id":"https:\/\/naturyoga.com\/blog\/#breadcrumb","itemListElement":[{"@type":"ListItem","position":1,"name":"Portada","item":"https:\/\/naturyoga.com\/"},{"@type":"ListItem","position":2,"name":"BLOG"}]},{"@type":"WebSite","@id":"https:\/\/naturyoga.com\/#website","url":"https:\/\/naturyoga.com\/","name":"Naturyoga","description":"Productos de Yoga: esterillas, bloques, silla Iyengar, rueda de Yoga, mantas","publisher":{"@id":"https:\/\/naturyoga.com\/#organization"},"potentialAction":[{"@type":"SearchAction","target":{"@type":"EntryPoint","urlTemplate":"https:\/\/naturyoga.com\/?s={search_term_string}"},"query-input":{"@type":"PropertyValueSpecification","valueRequired":true,"valueName":"search_term_string"}}],"inLanguage":"en-GB"},{"@type":"Organization","@id":"https:\/\/naturyoga.com\/#organization","name":"naturyoga","url":"https:\/\/naturyoga.com\/","logo":{"@type":"ImageObject","inLanguage":"en-GB","@id":"https:\/\/naturyoga.com\/#\/schema\/logo\/image\/","url":"https:\/\/naturyoga.com\/wp-content\/uploads\/Logo-small.png","contentUrl":"https:\/\/naturyoga.com\/wp-content\/uploads\/Logo-small.png","width":128,"height":48,"caption":"naturyoga"},"image":{"@id":"https:\/\/naturyoga.com\/#\/schema\/logo\/image\/"}}]}},"jetpack_sharing_enabled":true,"_links":{"self":[{"href":"https:\/\/naturyoga.com\/en\/wp-json\/wp\/v2\/pages\/86","targetHints":{"allow":["GET"]}}],"collection":[{"href":"https:\/\/naturyoga.com\/en\/wp-json\/wp\/v2\/pages"}],"about":[{"href":"https:\/\/naturyoga.com\/en\/wp-json\/wp\/v2\/types\/page"}],"author":[{"embeddable":true,"href":"https:\/\/naturyoga.com\/en\/wp-json\/wp\/v2\/users\/1"}],"replies":[{"embeddable":true,"href":"https:\/\/naturyoga.com\/en\/wp-json\/wp\/v2\/comments?post=86"}],"version-history":[{"count":10,"href":"https:\/\/naturyoga.com\/en\/wp-json\/wp\/v2\/pages\/86\/revisions"}],"predecessor-version":[{"id":4124,"href":"https:\/\/naturyoga.com\/en\/wp-json\/wp\/v2\/pages\/86\/revisions\/4124"}],"wp:attachment":[{"href":"https:\/\/naturyoga.com\/en\/wp-json\/wp\/v2\/media?parent=86"}],"curies":[{"name":"wp","href":"https:\/\/api.w.org\/{rel}","templated":true}]}}