{"id":4060,"date":"2024-08-30T11:21:33","date_gmt":"2024-08-30T10:21:33","guid":{"rendered":"https:\/\/naturyoga.com\/?page_id=4060"},"modified":"2025-06-27T13:07:44","modified_gmt":"2025-06-27T12:07:44","slug":"ofertas-imperfectas","status":"publish","type":"page","link":"https:\/\/naturyoga.com\/en\/ofertas-imperfectas\/","title":{"rendered":"Ofertas Imperfectas"},"content":{"rendered":"<div data-elementor-type=\"wp-page\" data-elementor-id=\"4060\" class=\"elementor elementor-4060\" data-elementor-post-type=\"page\">\n\t\t\t\t\t\t<section class=\"elementor-section elementor-top-section elementor-element elementor-element-4666af5 elementor-section-boxed elementor-section-height-default elementor-section-height-default\" data-id=\"4666af5\" data-element_type=\"section\" data-e-type=\"section\">\n\t\t\t\t\t\t<div class=\"elementor-container elementor-column-gap-default\">\n\t\t\t\t\t<div class=\"elementor-column elementor-col-100 elementor-top-column elementor-element elementor-element-227a607\" data-id=\"227a607\" data-element_type=\"column\" data-e-type=\"column\">\n\t\t\t<div class=\"elementor-widget-wrap elementor-element-populated\">\n\t\t\t\t\t\t<div class=\"elementor-element elementor-element-545126f elementor-widget elementor-widget-heading\" data-id=\"545126f\" data-element_type=\"widget\" data-e-type=\"widget\" data-widget_type=\"heading.default\">\n\t\t\t\t<div class=\"elementor-widget-container\">\n\t\t\t\t\t<h1 class=\"elementor-heading-title elementor-size-default\">Bienvenidos a Ofertas imperfectas<\/h1>\t\t\t\t<\/div>\n\t\t\t\t<\/div>\n\t\t\t\t<div class=\"elementor-element elementor-element-cda7e0f elementor-widget elementor-widget-heading\" data-id=\"cda7e0f\" data-element_type=\"widget\" data-e-type=\"widget\" data-widget_type=\"heading.default\">\n\t\t\t\t<div class=\"elementor-widget-container\">\n\t\t\t\t\t<h2 class=\"elementor-heading-title elementor-size-default\">Outlet de Yoga - Ofertas Imperfectas<\/h2>\t\t\t\t<\/div>\n\t\t\t\t<\/div>\n\t\t\t\t<div class=\"elementor-element elementor-element-b50571a elementor-widget elementor-widget-text-editor\" data-id=\"b50571a\" data-element_type=\"widget\" data-e-type=\"widget\" data-widget_type=\"text-editor.default\">\n\t\t\t\t<div class=\"elementor-widget-container\">\n\t\t\t\t\t\t\t\t\t<p>Aqu\u00ed encontrar\u00e1s productos que, aunque tienen <b>peque\u00f1os defectos de f\u00e1brica<\/b>, siguen siendo de calidad y<\/p>\n<p>est\u00e1n listos para ser usados.<\/p>\n<p>Nos encanta darles una segunda oportunidad a estos art\u00edculos, y lo mejor de todo es que puedes<\/p>\n<p>llev\u00e1rtelos a precios <b>s\u00faper rebajados<\/b>.&nbsp;<\/p>\t\t\t\t\t\t\t\t<\/div>\n\t\t\t\t<\/div>\n\t\t\t\t\t<\/div>\n\t\t<\/div>\n\t\t\t\t\t<\/div>\n\t\t<\/section>\n\t\t\t\t<\/div>","protected":false},"excerpt":{"rendered":"<p>Bienvenidos a Ofertas imperfectas Outlet de Yoga &#8211; Ofertas Imperfectas Aqu\u00ed encontrar\u00e1s productos que, aunque tienen peque\u00f1os defectos de f\u00e1brica, siguen siendo de calidad y est\u00e1n listos para ser usados. Nos encanta darles una segunda oportunidad a estos art\u00edculos, y lo mejor de todo es que puedes llev\u00e1rtelos a precios s\u00faper rebajados.&nbsp;<\/p>","protected":false},"author":5,"featured_media":3648,"parent":0,"menu_order":0,"comment_status":"closed","ping_status":"closed","template":"","meta":{"footnotes":""},"class_list":["post-4060","page","type-page","status-publish","has-post-thumbnail","hentry"],"yoast_head":"<!-- This site is optimized with the Yoast SEO plugin v27.3 - https:\/\/yoast.com\/product\/yoast-seo-wordpress\/ -->\n<title>Outlet Yoga - Ofertas imperfectas de Mats de Yoga | NaturYoga<\/title>\n<meta name=\"description\" content=\"Aprovecha nuestras ofertas imperfectas y outlet de yoga. Esterillas, accesorios y kits con descuentos exclusivos. Compra online en NaturYoga\" \/>\n<meta name=\"robots\" content=\"index, follow, max-snippet:-1, max-image-preview:large, max-video-preview:-1\" \/>\n<link rel=\"canonical\" href=\"https:\/\/naturyoga.com\/en\/ofertas-imperfectas\/\" \/>\n<meta property=\"og:locale\" content=\"en_GB\" \/>\n<meta property=\"og:type\" content=\"article\" \/>\n<meta property=\"og:title\" content=\"Outlet Yoga - Ofertas imperfectas de Mats de Yoga | NaturYoga\" \/>\n<meta property=\"og:description\" content=\"Aprovecha nuestras ofertas imperfectas y outlet de yoga. Esterillas, accesorios y kits con descuentos exclusivos. Compra online en NaturYoga\" \/>\n<meta property=\"og:url\" content=\"https:\/\/naturyoga.com\/en\/ofertas-imperfectas\/\" \/>\n<meta property=\"og:site_name\" content=\"Naturyoga\" \/>\n<meta property=\"article:modified_time\" content=\"2025-06-27T12:07:44+00:00\" \/>\n<meta property=\"og:image\" content=\"https:\/\/naturyoga.com\/wp-content\/uploads\/6-3.png\" \/>\n\t<meta property=\"og:image:width\" content=\"1080\" \/>\n\t<meta property=\"og:image:height\" content=\"1080\" \/>\n\t<meta property=\"og:image:type\" content=\"image\/png\" \/>\n<meta name=\"twitter:card\" content=\"summary_large_image\" \/>\n<meta name=\"twitter:label1\" content=\"Estimated reading time\" \/>\n\t<meta name=\"twitter:data1\" content=\"1 minute\" \/>\n<script type=\"application\/ld+json\" class=\"yoast-schema-graph\">{\"@context\":\"https:\\\/\\\/schema.org\",\"@graph\":[{\"@type\":\"WebPage\",\"@id\":\"https:\\\/\\\/naturyoga.com\\\/ofertas-imperfectas\\\/\",\"url\":\"https:\\\/\\\/naturyoga.com\\\/ofertas-imperfectas\\\/\",\"name\":\"Outlet Yoga - Ofertas imperfectas de Mats de Yoga | NaturYoga\",\"isPartOf\":{\"@id\":\"https:\\\/\\\/naturyoga.com\\\/#website\"},\"primaryImageOfPage\":{\"@id\":\"https:\\\/\\\/naturyoga.com\\\/ofertas-imperfectas\\\/#primaryimage\"},\"image\":{\"@id\":\"https:\\\/\\\/naturyoga.com\\\/ofertas-imperfectas\\\/#primaryimage\"},\"thumbnailUrl\":\"https:\\\/\\\/naturyoga.com\\\/wp-content\\\/uploads\\\/6-3.png\",\"datePublished\":\"2024-08-30T10:21:33+00:00\",\"dateModified\":\"2025-06-27T12:07:44+00:00\",\"description\":\"Aprovecha nuestras ofertas imperfectas y outlet de yoga. Esterillas, accesorios y kits con descuentos exclusivos. Compra online en NaturYoga\",\"breadcrumb\":{\"@id\":\"https:\\\/\\\/naturyoga.com\\\/ofertas-imperfectas\\\/#breadcrumb\"},\"inLanguage\":\"en-GB\",\"potentialAction\":[{\"@type\":\"ReadAction\",\"target\":[\"https:\\\/\\\/naturyoga.com\\\/ofertas-imperfectas\\\/\"]}]},{\"@type\":\"ImageObject\",\"inLanguage\":\"en-GB\",\"@id\":\"https:\\\/\\\/naturyoga.com\\\/ofertas-imperfectas\\\/#primaryimage\",\"url\":\"https:\\\/\\\/naturyoga.com\\\/wp-content\\\/uploads\\\/6-3.png\",\"contentUrl\":\"https:\\\/\\\/naturyoga.com\\\/wp-content\\\/uploads\\\/6-3.png\",\"width\":1080,\"height\":1080},{\"@type\":\"BreadcrumbList\",\"@id\":\"https:\\\/\\\/naturyoga.com\\\/ofertas-imperfectas\\\/#breadcrumb\",\"itemListElement\":[{\"@type\":\"ListItem\",\"position\":1,\"name\":\"Portada\",\"item\":\"https:\\\/\\\/naturyoga.com\\\/\"},{\"@type\":\"ListItem\",\"position\":2,\"name\":\"Ofertas Imperfectas\"}]},{\"@type\":\"WebSite\",\"@id\":\"https:\\\/\\\/naturyoga.com\\\/#website\",\"url\":\"https:\\\/\\\/naturyoga.com\\\/\",\"name\":\"Naturyoga\",\"description\":\"Productos de Yoga: esterillas, bloques, silla Iyengar, rueda de Yoga, mantas\",\"publisher\":{\"@id\":\"https:\\\/\\\/naturyoga.com\\\/#organization\"},\"potentialAction\":[{\"@type\":\"SearchAction\",\"target\":{\"@type\":\"EntryPoint\",\"urlTemplate\":\"https:\\\/\\\/naturyoga.com\\\/?s={search_term_string}\"},\"query-input\":{\"@type\":\"PropertyValueSpecification\",\"valueRequired\":true,\"valueName\":\"search_term_string\"}}],\"inLanguage\":\"en-GB\"},{\"@type\":\"Organization\",\"@id\":\"https:\\\/\\\/naturyoga.com\\\/#organization\",\"name\":\"naturyoga\",\"url\":\"https:\\\/\\\/naturyoga.com\\\/\",\"logo\":{\"@type\":\"ImageObject\",\"inLanguage\":\"en-GB\",\"@id\":\"https:\\\/\\\/naturyoga.com\\\/#\\\/schema\\\/logo\\\/image\\\/\",\"url\":\"https:\\\/\\\/naturyoga.com\\\/wp-content\\\/uploads\\\/Logo-small.png\",\"contentUrl\":\"https:\\\/\\\/naturyoga.com\\\/wp-content\\\/uploads\\\/Logo-small.png\",\"width\":128,\"height\":48,\"caption\":\"naturyoga\"},\"image\":{\"@id\":\"https:\\\/\\\/naturyoga.com\\\/#\\\/schema\\\/logo\\\/image\\\/\"}}]}<\/script>\n<!-- \/ Yoast SEO plugin. -->","yoast_head_json":{"title":"Outlet Yoga - Ofertas imperfectas de Mats de Yoga | NaturYoga","description":"Aprovecha nuestras ofertas imperfectas y outlet de yoga. Esterillas, accesorios y kits con descuentos exclusivos. Compra online en NaturYoga","robots":{"index":"index","follow":"follow","max-snippet":"max-snippet:-1","max-image-preview":"max-image-preview:large","max-video-preview":"max-video-preview:-1"},"canonical":"https:\/\/naturyoga.com\/en\/ofertas-imperfectas\/","og_locale":"en_GB","og_type":"article","og_title":"Outlet Yoga - Ofertas imperfectas de Mats de Yoga | NaturYoga","og_description":"Aprovecha nuestras ofertas imperfectas y outlet de yoga. Esterillas, accesorios y kits con descuentos exclusivos. Compra online en NaturYoga","og_url":"https:\/\/naturyoga.com\/en\/ofertas-imperfectas\/","og_site_name":"Naturyoga","article_modified_time":"2025-06-27T12:07:44+00:00","og_image":[{"width":1080,"height":1080,"url":"https:\/\/naturyoga.com\/wp-content\/uploads\/6-3.png","type":"image\/png"}],"twitter_card":"summary_large_image","twitter_misc":{"Estimated reading time":"1 minute"},"schema":{"@context":"https:\/\/schema.org","@graph":[{"@type":"WebPage","@id":"https:\/\/naturyoga.com\/ofertas-imperfectas\/","url":"https:\/\/naturyoga.com\/ofertas-imperfectas\/","name":"Outlet Yoga - Ofertas imperfectas de Mats de Yoga | NaturYoga","isPartOf":{"@id":"https:\/\/naturyoga.com\/#website"},"primaryImageOfPage":{"@id":"https:\/\/naturyoga.com\/ofertas-imperfectas\/#primaryimage"},"image":{"@id":"https:\/\/naturyoga.com\/ofertas-imperfectas\/#primaryimage"},"thumbnailUrl":"https:\/\/naturyoga.com\/wp-content\/uploads\/6-3.png","datePublished":"2024-08-30T10:21:33+00:00","dateModified":"2025-06-27T12:07:44+00:00","description":"Aprovecha nuestras ofertas imperfectas y outlet de yoga. Esterillas, accesorios y kits con descuentos exclusivos. Compra online en NaturYoga","breadcrumb":{"@id":"https:\/\/naturyoga.com\/ofertas-imperfectas\/#breadcrumb"},"inLanguage":"en-GB","potentialAction":[{"@type":"ReadAction","target":["https:\/\/naturyoga.com\/ofertas-imperfectas\/"]}]},{"@type":"ImageObject","inLanguage":"en-GB","@id":"https:\/\/naturyoga.com\/ofertas-imperfectas\/#primaryimage","url":"https:\/\/naturyoga.com\/wp-content\/uploads\/6-3.png","contentUrl":"https:\/\/naturyoga.com\/wp-content\/uploads\/6-3.png","width":1080,"height":1080},{"@type":"BreadcrumbList","@id":"https:\/\/naturyoga.com\/ofertas-imperfectas\/#breadcrumb","itemListElement":[{"@type":"ListItem","position":1,"name":"Portada","item":"https:\/\/naturyoga.com\/"},{"@type":"ListItem","position":2,"name":"Ofertas Imperfectas"}]},{"@type":"WebSite","@id":"https:\/\/naturyoga.com\/#website","url":"https:\/\/naturyoga.com\/","name":"Naturyoga","description":"Productos de Yoga: esterillas, bloques, silla Iyengar, rueda de Yoga, mantas","publisher":{"@id":"https:\/\/naturyoga.com\/#organization"},"potentialAction":[{"@type":"SearchAction","target":{"@type":"EntryPoint","urlTemplate":"https:\/\/naturyoga.com\/?s={search_term_string}"},"query-input":{"@type":"PropertyValueSpecification","valueRequired":true,"valueName":"search_term_string"}}],"inLanguage":"en-GB"},{"@type":"Organization","@id":"https:\/\/naturyoga.com\/#organization","name":"naturyoga","url":"https:\/\/naturyoga.com\/","logo":{"@type":"ImageObject","inLanguage":"en-GB","@id":"https:\/\/naturyoga.com\/#\/schema\/logo\/image\/","url":"https:\/\/naturyoga.com\/wp-content\/uploads\/Logo-small.png","contentUrl":"https:\/\/naturyoga.com\/wp-content\/uploads\/Logo-small.png","width":128,"height":48,"caption":"naturyoga"},"image":{"@id":"https:\/\/naturyoga.com\/#\/schema\/logo\/image\/"}}]}},"jetpack_sharing_enabled":true,"_links":{"self":[{"href":"https:\/\/naturyoga.com\/en\/wp-json\/wp\/v2\/pages\/4060","targetHints":{"allow":["GET"]}}],"collection":[{"href":"https:\/\/naturyoga.com\/en\/wp-json\/wp\/v2\/pages"}],"about":[{"href":"https:\/\/naturyoga.com\/en\/wp-json\/wp\/v2\/types\/page"}],"author":[{"embeddable":true,"href":"https:\/\/naturyoga.com\/en\/wp-json\/wp\/v2\/users\/5"}],"replies":[{"embeddable":true,"href":"https:\/\/naturyoga.com\/en\/wp-json\/wp\/v2\/comments?post=4060"}],"version-history":[{"count":38,"href":"https:\/\/naturyoga.com\/en\/wp-json\/wp\/v2\/pages\/4060\/revisions"}],"predecessor-version":[{"id":5536,"href":"https:\/\/naturyoga.com\/en\/wp-json\/wp\/v2\/pages\/4060\/revisions\/5536"}],"wp:featuredmedia":[{"embeddable":true,"href":"https:\/\/naturyoga.com\/en\/wp-json\/wp\/v2\/media\/3648"}],"wp:attachment":[{"href":"https:\/\/naturyoga.com\/en\/wp-json\/wp\/v2\/media?parent=4060"}],"curies":[{"name":"wp","href":"https:\/\/api.w.org\/{rel}","templated":true}]}}