{"id":2465,"date":"2023-01-27T16:36:41","date_gmt":"2023-01-27T15:36:41","guid":{"rendered":"https:\/\/naturyoga.com\/?page_id=2465"},"modified":"2024-12-02T17:06:20","modified_gmt":"2024-12-02T16:06:20","slug":"categoria-producto-esterilla-yoga-diseno-minimalista","status":"publish","type":"page","link":"https:\/\/naturyoga.com\/en\/categoria-producto-esterilla-yoga-diseno-minimalista\/","title":{"rendered":"Esterillas de dise\u00f1o minimalista"},"content":{"rendered":"<div data-elementor-type=\"wp-page\" data-elementor-id=\"2465\" class=\"elementor elementor-2465\" data-elementor-post-type=\"page\">\n\t\t\t\t\t\t<section class=\"elementor-section elementor-top-section elementor-element elementor-element-4666af5 elementor-section-boxed elementor-section-height-default elementor-section-height-default\" data-id=\"4666af5\" data-element_type=\"section\" data-e-type=\"section\">\n\t\t\t\t\t\t<div class=\"elementor-container elementor-column-gap-default\">\n\t\t\t\t\t<div class=\"elementor-column elementor-col-100 elementor-top-column elementor-element elementor-element-227a607\" data-id=\"227a607\" data-element_type=\"column\" data-e-type=\"column\">\n\t\t\t<div class=\"elementor-widget-wrap elementor-element-populated\">\n\t\t\t\t\t\t<div class=\"elementor-element elementor-element-545126f elementor-widget elementor-widget-heading\" data-id=\"545126f\" data-element_type=\"widget\" data-e-type=\"widget\" data-widget_type=\"heading.default\">\n\t\t\t\t<div class=\"elementor-widget-container\">\n\t\t\t\t\t<h2 class=\"elementor-heading-title elementor-size-default\">Esterillas de dise\u00f1o minimalista<\/h2>\t\t\t\t<\/div>\n\t\t\t\t<\/div>\n\t\t\t\t<div class=\"elementor-element elementor-element-b50571a elementor-widget elementor-widget-text-editor\" data-id=\"b50571a\" data-element_type=\"widget\" data-e-type=\"widget\" data-widget_type=\"text-editor.default\">\n\t\t\t\t<div class=\"elementor-widget-container\">\n\t\t\t\t\t\t\t\t\t<p>Es la colecci\u00f3n de las<strong> esterillas sin dibujos <\/strong>de alineaci\u00f3n.<\/p><p>Cont\u00e1ctanos si tienes alguna duda en tu elecci\u00f3n.<\/p>\t\t\t\t\t\t\t\t<\/div>\n\t\t\t\t<\/div>\n\t\t\t\t<div class=\"elementor-element elementor-element-ecf6d4c elementor-product-loop-item--align-center elementor-grid-4 elementor-grid-tablet-3 elementor-grid-mobile-2 elementor-products-grid elementor-wc-products elementor-widget elementor-widget-woocommerce-products\" data-id=\"ecf6d4c\" data-element_type=\"widget\" data-e-type=\"widget\" data-widget_type=\"woocommerce-products.default\">\n\t\t\t\t<div class=\"elementor-widget-container\">\n\t\t\t\t\t<div class=\"woocommerce columns-4\"><ul class=\"products elementor-grid columns-4\">\n<li class=\"product type-product post-160 status-publish first instock product_cat-esterilla-yoga product_tag-aire-libre product_tag-antideslizante product_tag-esterilla product_tag-negro product_tag-pvc product_tag-viaje has-post-thumbnail sale taxable shipping-taxable purchasable product-type-simple woopt_\">\n\t<a href=\"https:\/\/naturyoga.com\/en\/product\/esterilla-black-panther\/\" class=\"woocommerce-LoopProduct-link woocommerce-loop-product__link\">\n\t<span class=\"onsale\">Sale!<\/span>\n\t<img fetchpriority=\"high\" decoding=\"async\" width=\"300\" height=\"300\" src=\"https:\/\/naturyoga.com\/wp-content\/uploads\/11-300x300.png\" class=\"attachment-woocommerce_thumbnail size-woocommerce_thumbnail\" alt=\"esterilla-yoga\" srcset=\"https:\/\/naturyoga.com\/wp-content\/uploads\/11-300x300.png 300w, https:\/\/naturyoga.com\/wp-content\/uploads\/11-1024x1024.png 1024w, https:\/\/naturyoga.com\/wp-content\/uploads\/11-150x150.png 150w, https:\/\/naturyoga.com\/wp-content\/uploads\/11-768x768.png 768w, https:\/\/naturyoga.com\/wp-content\/uploads\/11-12x12.png 12w, https:\/\/naturyoga.com\/wp-content\/uploads\/11-600x600.png 600w, https:\/\/naturyoga.com\/wp-content\/uploads\/11-100x100.png 100w, https:\/\/naturyoga.com\/wp-content\/uploads\/11.png 1080w\" sizes=\"(max-width: 300px) 100vw, 300px\" \/><h2 class=\"woocommerce-loop-product__title\">Esterilla De Yoga Black Panther<\/h2>\n\t<span class=\"price\"><del><span class=\"woocommerce-Price-amount amount\"><bdi>94,95&nbsp;<span class=\"woocommerce-Price-currencySymbol\">&euro;<\/span><\/bdi><\/span> <small class=\"woocommerce-price-suffix\">Including VAT<\/small><\/del>&nbsp;<ins><span class=\"woocommerce-Price-amount amount\"><bdi>39,95&nbsp;<span class=\"woocommerce-Price-currencySymbol\">&euro;<\/span><\/bdi><\/span><\/ins> <small class=\"woocommerce-price-suffix\">Including VAT<\/small><\/span>\n<\/a><div class=\"woocommerce-loop-product__buttons\"><a href=\"\/en\/wp-json\/wp\/v2\/pages\/2465?add-to-cart=160\" aria-describedby=\"woocommerce_loop_add_to_cart_link_describedby_160\" data-quantity=\"1\" class=\"button product_type_simple add_to_cart_button ajax_add_to_cart\" data-product_id=\"160\" data-product_sku=\"NT-SE002\" aria-label=\"Add to basket: \u201cEsterilla De Yoga Black Panther\u201d\" rel=\"nofollow\" data-success_message=\"\u201cEsterilla De Yoga Black Panther\u201d has been added to your basket\" role=\"button\" data-no-translation=\"\" data-trp-gettext=\"\" data-no-translation-aria-label=\"\" data-no-translation-data-success_message=\"\">Add to basket<\/a><\/div>\t<span id=\"woocommerce_loop_add_to_cart_link_describedby_160\" class=\"screen-reader-text\">\n\t\t\t<\/span>\n<span class=\"gtmkit_product_data\" style=\"display:none;visibility:hidden\" data-gtmkit_product_id=\"160\" data-gtmkit_product_data=\"{&quot;id&quot;:&quot;160&quot;,&quot;item_id&quot;:&quot;160&quot;,&quot;item_name&quot;:&quot;Esterilla De Yoga Black Panther&quot;,&quot;currency&quot;:&quot;EUR&quot;,&quot;price&quot;:50.95,&quot;item_category&quot;:&quot;Esterillas&quot;,&quot;item_list_name&quot;:&quot;General Product List&quot;,&quot;index&quot;:1}\"><\/span><\/li>\n<li class=\"product type-product post-186 status-publish instock product_cat-esterilla-yoga product_tag-antideslizante product_tag-esterilla product_tag-sostenible has-post-thumbnail sale taxable shipping-taxable purchasable product-type-simple woopt_\">\n\t<a href=\"https:\/\/naturyoga.com\/en\/product\/esterilla-lake-blue\/\" class=\"woocommerce-LoopProduct-link woocommerce-loop-product__link\">\n\t<span class=\"onsale\">Sale!<\/span>\n\t<img decoding=\"async\" width=\"300\" height=\"300\" src=\"https:\/\/naturyoga.com\/wp-content\/uploads\/8-4-300x300.png\" class=\"attachment-woocommerce_thumbnail size-woocommerce_thumbnail\" alt=\"esterilla-yoga\" srcset=\"https:\/\/naturyoga.com\/wp-content\/uploads\/8-4-300x300.png 300w, https:\/\/naturyoga.com\/wp-content\/uploads\/8-4-1024x1024.png 1024w, https:\/\/naturyoga.com\/wp-content\/uploads\/8-4-150x150.png 150w, https:\/\/naturyoga.com\/wp-content\/uploads\/8-4-768x768.png 768w, https:\/\/naturyoga.com\/wp-content\/uploads\/8-4-12x12.png 12w, https:\/\/naturyoga.com\/wp-content\/uploads\/8-4-600x600.png 600w, https:\/\/naturyoga.com\/wp-content\/uploads\/8-4-100x100.png 100w, https:\/\/naturyoga.com\/wp-content\/uploads\/8-4.png 1080w\" sizes=\"(max-width: 300px) 100vw, 300px\" \/><h2 class=\"woocommerce-loop-product__title\">Esterilla De Yoga Lake Blue<\/h2>\n\t<span class=\"price\"><del><span class=\"woocommerce-Price-amount amount\"><bdi>104,95&nbsp;<span class=\"woocommerce-Price-currencySymbol\">&euro;<\/span><\/bdi><\/span> <small class=\"woocommerce-price-suffix\">Including VAT<\/small><\/del>&nbsp;<ins><span class=\"woocommerce-Price-amount amount\"><bdi>39,95&nbsp;<span class=\"woocommerce-Price-currencySymbol\">&euro;<\/span><\/bdi><\/span><\/ins> <small class=\"woocommerce-price-suffix\">Including VAT<\/small><\/span>\n<\/a><div class=\"woocommerce-loop-product__buttons\"><a href=\"\/en\/wp-json\/wp\/v2\/pages\/2465?add-to-cart=186\" aria-describedby=\"woocommerce_loop_add_to_cart_link_describedby_186\" data-quantity=\"1\" class=\"button product_type_simple add_to_cart_button ajax_add_to_cart\" data-product_id=\"186\" data-product_sku=\"NT-SE006\" aria-label=\"Add to basket: \u201cEsterilla De Yoga Lake Blue\u201d\" rel=\"nofollow\" data-success_message=\"\u201cEsterilla De Yoga Lake Blue\u201d has been added to your basket\" role=\"button\" data-no-translation=\"\" data-trp-gettext=\"\" data-no-translation-aria-label=\"\" data-no-translation-data-success_message=\"\">Add to basket<\/a><\/div>\t<span id=\"woocommerce_loop_add_to_cart_link_describedby_186\" class=\"screen-reader-text\">\n\t\t\t<\/span>\n<span class=\"gtmkit_product_data\" style=\"display:none;visibility:hidden\" data-gtmkit_product_id=\"186\" data-gtmkit_product_data=\"{&quot;id&quot;:&quot;186&quot;,&quot;item_id&quot;:&quot;186&quot;,&quot;item_name&quot;:&quot;Esterilla De Yoga Lake Blue&quot;,&quot;currency&quot;:&quot;EUR&quot;,&quot;price&quot;:53.95,&quot;item_category&quot;:&quot;Esterillas&quot;,&quot;item_list_name&quot;:&quot;General Product List&quot;,&quot;index&quot;:2}\"><\/span><\/li>\n<li class=\"product type-product post-1337 status-publish instock product_cat-esterilla-yoga product_tag-esterilla product_tag-ligera has-post-thumbnail sale taxable shipping-taxable purchasable product-type-simple woopt_\">\n\t<a href=\"https:\/\/naturyoga.com\/en\/product\/esterilla-green-africa\/\" class=\"woocommerce-LoopProduct-link woocommerce-loop-product__link\">\n\t<span class=\"onsale\">Sale!<\/span>\n\t<img decoding=\"async\" width=\"300\" height=\"300\" src=\"https:\/\/naturyoga.com\/wp-content\/uploads\/1-scaled-e1711463489113-300x300.jpg\" class=\"attachment-woocommerce_thumbnail size-woocommerce_thumbnail\" alt=\"esterilla-yoga\" srcset=\"https:\/\/naturyoga.com\/wp-content\/uploads\/1-scaled-e1711463489113-300x300.jpg 300w, https:\/\/naturyoga.com\/wp-content\/uploads\/1-scaled-e1711463489113-1024x1024.jpg 1024w, https:\/\/naturyoga.com\/wp-content\/uploads\/1-scaled-e1711463489113-150x150.jpg 150w, https:\/\/naturyoga.com\/wp-content\/uploads\/1-scaled-e1711463489113-768x768.jpg 768w, https:\/\/naturyoga.com\/wp-content\/uploads\/1-scaled-e1711463489113-1536x1536.jpg 1536w, https:\/\/naturyoga.com\/wp-content\/uploads\/1-scaled-e1711463489113-12x12.jpg 12w, https:\/\/naturyoga.com\/wp-content\/uploads\/1-scaled-e1711463489113-600x600.jpg 600w, https:\/\/naturyoga.com\/wp-content\/uploads\/1-scaled-e1711463489113-100x100.jpg 100w, https:\/\/naturyoga.com\/wp-content\/uploads\/1-scaled-e1711463489113.jpg 1920w\" sizes=\"(max-width: 300px) 100vw, 300px\" \/><h2 class=\"woocommerce-loop-product__title\">Esterilla De Yoga Green Africa<\/h2>\n\t<span class=\"price\"><del><span class=\"woocommerce-Price-amount amount\"><bdi>58,95&nbsp;<span class=\"woocommerce-Price-currencySymbol\">&euro;<\/span><\/bdi><\/span> <small class=\"woocommerce-price-suffix\">Including VAT<\/small><\/del>&nbsp;<ins><span class=\"woocommerce-Price-amount amount\"><bdi>14,95&nbsp;<span class=\"woocommerce-Price-currencySymbol\">&euro;<\/span><\/bdi><\/span><\/ins> <small class=\"woocommerce-price-suffix\">Including VAT<\/small><\/span>\n<\/a><div class=\"woocommerce-loop-product__buttons\"><a href=\"\/en\/wp-json\/wp\/v2\/pages\/2465?add-to-cart=1337\" aria-describedby=\"woocommerce_loop_add_to_cart_link_describedby_1337\" data-quantity=\"1\" class=\"button product_type_simple add_to_cart_button ajax_add_to_cart\" data-product_id=\"1337\" data-product_sku=\"NT-SE007\" aria-label=\"Add to basket: \u201cEsterilla De Yoga Green Africa\u201d\" rel=\"nofollow\" data-success_message=\"\u201cEsterilla De Yoga Green Africa\u201d has been added to your basket\" role=\"button\" data-no-translation=\"\" data-trp-gettext=\"\" data-no-translation-aria-label=\"\" data-no-translation-data-success_message=\"\">Add to basket<\/a><\/div>\t<span id=\"woocommerce_loop_add_to_cart_link_describedby_1337\" class=\"screen-reader-text\">\n\t\t\t<\/span>\n<span class=\"gtmkit_product_data\" style=\"display:none;visibility:hidden\" data-gtmkit_product_id=\"1337\" data-gtmkit_product_data=\"{&quot;id&quot;:&quot;1337&quot;,&quot;item_id&quot;:&quot;1337&quot;,&quot;item_name&quot;:&quot;Esterilla De Yoga Green Africa&quot;,&quot;currency&quot;:&quot;EUR&quot;,&quot;price&quot;:24.95,&quot;item_category&quot;:&quot;Esterillas&quot;,&quot;item_list_name&quot;:&quot;General Product List&quot;,&quot;index&quot;:3}\"><\/span><\/li>\n<li class=\"product type-product post-152 status-publish last instock product_cat-esterilla-yoga product_tag-antideslizante product_tag-azul product_tag-esterilla product_tag-pvc product_tag-viaje has-post-thumbnail sale taxable shipping-taxable purchasable product-type-simple woopt_\">\n\t<a href=\"https:\/\/naturyoga.com\/en\/product\/esterilla-bluemotion\/\" class=\"woocommerce-LoopProduct-link woocommerce-loop-product__link\">\n\t<span class=\"onsale\">Sale!<\/span>\n\t<img loading=\"lazy\" decoding=\"async\" width=\"300\" height=\"300\" src=\"https:\/\/naturyoga.com\/wp-content\/uploads\/NT-SE001_5-300x300.jpg\" class=\"attachment-woocommerce_thumbnail size-woocommerce_thumbnail\" alt=\"esterilla-yoga\" srcset=\"https:\/\/naturyoga.com\/wp-content\/uploads\/NT-SE001_5-300x300.jpg 300w, https:\/\/naturyoga.com\/wp-content\/uploads\/NT-SE001_5-150x150.jpg 150w, https:\/\/naturyoga.com\/wp-content\/uploads\/NT-SE001_5-100x100.jpg 100w\" sizes=\"(max-width: 300px) 100vw, 300px\" \/><h2 class=\"woocommerce-loop-product__title\">Esterilla De Yoga Bluemotion<\/h2>\n\t<span class=\"price\"><del><span class=\"woocommerce-Price-amount amount\"><bdi>29,95&nbsp;<span class=\"woocommerce-Price-currencySymbol\">&euro;<\/span><\/bdi><\/span> <small class=\"woocommerce-price-suffix\">Including VAT<\/small><\/del>&nbsp;<ins><span class=\"woocommerce-Price-amount amount\"><bdi>9,95&nbsp;<span class=\"woocommerce-Price-currencySymbol\">&euro;<\/span><\/bdi><\/span><\/ins> <small class=\"woocommerce-price-suffix\">Including VAT<\/small><\/span>\n<\/a><div class=\"woocommerce-loop-product__buttons\"><a href=\"\/en\/wp-json\/wp\/v2\/pages\/2465?add-to-cart=152\" aria-describedby=\"woocommerce_loop_add_to_cart_link_describedby_152\" data-quantity=\"1\" class=\"button product_type_simple add_to_cart_button ajax_add_to_cart\" data-product_id=\"152\" data-product_sku=\"NT-SE001\" aria-label=\"Add to basket: \u201cEsterilla De Yoga Bluemotion\u201d\" rel=\"nofollow\" data-success_message=\"\u201cEsterilla De Yoga Bluemotion\u201d has been added to your basket\" role=\"button\" data-no-translation=\"\" data-trp-gettext=\"\" data-no-translation-aria-label=\"\" data-no-translation-data-success_message=\"\">Add to basket<\/a><\/div>\t<span id=\"woocommerce_loop_add_to_cart_link_describedby_152\" class=\"screen-reader-text\">\n\t\t\t<\/span>\n<span class=\"gtmkit_product_data\" style=\"display:none;visibility:hidden\" data-gtmkit_product_id=\"152\" data-gtmkit_product_data=\"{&quot;id&quot;:&quot;152&quot;,&quot;item_id&quot;:&quot;152&quot;,&quot;item_name&quot;:&quot;Esterilla De Yoga Bluemotion&quot;,&quot;currency&quot;:&quot;EUR&quot;,&quot;price&quot;:14.95,&quot;item_category&quot;:&quot;Esterillas&quot;,&quot;item_list_name&quot;:&quot;General Product List&quot;,&quot;index&quot;:4}\"><\/span><\/li>\n<\/ul>\n<\/div>\t\t\t\t<\/div>\n\t\t\t\t<\/div>\n\t\t\t\t\t<\/div>\n\t\t<\/div>\n\t\t\t\t\t<\/div>\n\t\t<\/section>\n\t\t\t\t<\/div>","protected":false},"excerpt":{"rendered":"<p>Esterillas de dise\u00f1o minimalista Es la colecci\u00f3n de las esterillas sin dibujos de alineaci\u00f3n. Cont\u00e1ctanos si tienes alguna duda en tu elecci\u00f3n.<\/p>","protected":false},"author":4,"featured_media":0,"parent":0,"menu_order":0,"comment_status":"closed","ping_status":"closed","template":"","meta":{"footnotes":""},"class_list":["post-2465","page","type-page","status-publish","hentry"],"yoast_head":"<!-- This site is optimized with the Yoast SEO plugin v27.5 - https:\/\/yoast.com\/product\/yoast-seo-wordpress\/ -->\n<title>Esterillas de Yoga de agarre fijo - totalmente antideslizantes<\/title>\n<meta name=\"description\" content=\"Encuentra tu esterilla totalmente antideslizante para tu pr\u00e1ctica de Yoga de d\u00eda a d\u00eda. Si te sudan mucho las manos - es tu soluci\u00f3n!\" \/>\n<meta name=\"robots\" content=\"index, follow, max-snippet:-1, max-image-preview:large, max-video-preview:-1\" \/>\n<link rel=\"canonical\" href=\"https:\/\/naturyoga.com\/en\/categoria-producto-esterilla-yoga-diseno-minimalista\/\" \/>\n<meta property=\"og:locale\" content=\"en_GB\" \/>\n<meta property=\"og:type\" content=\"article\" \/>\n<meta property=\"og:title\" content=\"Esterillas de Yoga de agarre fijo - totalmente antideslizantes\" \/>\n<meta property=\"og:description\" content=\"Encuentra tu esterilla totalmente antideslizante para tu pr\u00e1ctica de Yoga de d\u00eda a d\u00eda. Si te sudan mucho las manos - es tu soluci\u00f3n!\" \/>\n<meta property=\"og:url\" content=\"https:\/\/naturyoga.com\/en\/categoria-producto-esterilla-yoga-diseno-minimalista\/\" \/>\n<meta property=\"og:site_name\" content=\"Naturyoga\" \/>\n<meta property=\"article:modified_time\" content=\"2024-12-02T16:06:20+00:00\" \/>\n<meta name=\"twitter:card\" content=\"summary_large_image\" \/>\n<meta name=\"twitter:label1\" content=\"Estimated reading time\" \/>\n\t<meta name=\"twitter:data1\" content=\"2 minutes\" \/>\n<script type=\"application\/ld+json\" class=\"yoast-schema-graph\">{\"@context\":\"https:\\\/\\\/schema.org\",\"@graph\":[{\"@type\":\"WebPage\",\"@id\":\"https:\\\/\\\/naturyoga.com\\\/categoria-producto-esterilla-yoga-diseno-minimalista\\\/\",\"url\":\"https:\\\/\\\/naturyoga.com\\\/categoria-producto-esterilla-yoga-diseno-minimalista\\\/\",\"name\":\"Esterillas de Yoga de agarre fijo - totalmente antideslizantes\",\"isPartOf\":{\"@id\":\"https:\\\/\\\/naturyoga.com\\\/#website\"},\"datePublished\":\"2023-01-27T15:36:41+00:00\",\"dateModified\":\"2024-12-02T16:06:20+00:00\",\"description\":\"Encuentra tu esterilla totalmente antideslizante para tu pr\u00e1ctica de Yoga de d\u00eda a d\u00eda. Si te sudan mucho las manos - es tu soluci\u00f3n!\",\"breadcrumb\":{\"@id\":\"https:\\\/\\\/naturyoga.com\\\/categoria-producto-esterilla-yoga-diseno-minimalista\\\/#breadcrumb\"},\"inLanguage\":\"en-GB\",\"potentialAction\":[{\"@type\":\"ReadAction\",\"target\":[\"https:\\\/\\\/naturyoga.com\\\/categoria-producto-esterilla-yoga-diseno-minimalista\\\/\"]}]},{\"@type\":\"BreadcrumbList\",\"@id\":\"https:\\\/\\\/naturyoga.com\\\/categoria-producto-esterilla-yoga-diseno-minimalista\\\/#breadcrumb\",\"itemListElement\":[{\"@type\":\"ListItem\",\"position\":1,\"name\":\"Portada\",\"item\":\"https:\\\/\\\/naturyoga.com\\\/\"},{\"@type\":\"ListItem\",\"position\":2,\"name\":\"Esterillas de dise\u00f1o minimalista\"}]},{\"@type\":\"WebSite\",\"@id\":\"https:\\\/\\\/naturyoga.com\\\/#website\",\"url\":\"https:\\\/\\\/naturyoga.com\\\/\",\"name\":\"Naturyoga\",\"description\":\"Productos de Yoga: esterillas, bloques, silla Iyengar, rueda de Yoga, mantas\",\"publisher\":{\"@id\":\"https:\\\/\\\/naturyoga.com\\\/#organization\"},\"potentialAction\":[{\"@type\":\"SearchAction\",\"target\":{\"@type\":\"EntryPoint\",\"urlTemplate\":\"https:\\\/\\\/naturyoga.com\\\/?s={search_term_string}\"},\"query-input\":{\"@type\":\"PropertyValueSpecification\",\"valueRequired\":true,\"valueName\":\"search_term_string\"}}],\"inLanguage\":\"en-GB\"},{\"@type\":\"Organization\",\"@id\":\"https:\\\/\\\/naturyoga.com\\\/#organization\",\"name\":\"naturyoga\",\"url\":\"https:\\\/\\\/naturyoga.com\\\/\",\"logo\":{\"@type\":\"ImageObject\",\"inLanguage\":\"en-GB\",\"@id\":\"https:\\\/\\\/naturyoga.com\\\/#\\\/schema\\\/logo\\\/image\\\/\",\"url\":\"https:\\\/\\\/naturyoga.com\\\/wp-content\\\/uploads\\\/Logo-small.png\",\"contentUrl\":\"https:\\\/\\\/naturyoga.com\\\/wp-content\\\/uploads\\\/Logo-small.png\",\"width\":128,\"height\":48,\"caption\":\"naturyoga\"},\"image\":{\"@id\":\"https:\\\/\\\/naturyoga.com\\\/#\\\/schema\\\/logo\\\/image\\\/\"}}]}<\/script>\n<!-- \/ Yoast SEO plugin. -->","yoast_head_json":{"title":"Esterillas de Yoga de agarre fijo - totalmente antideslizantes","description":"Encuentra tu esterilla totalmente antideslizante para tu pr\u00e1ctica de Yoga de d\u00eda a d\u00eda. Si te sudan mucho las manos - es tu soluci\u00f3n!","robots":{"index":"index","follow":"follow","max-snippet":"max-snippet:-1","max-image-preview":"max-image-preview:large","max-video-preview":"max-video-preview:-1"},"canonical":"https:\/\/naturyoga.com\/en\/categoria-producto-esterilla-yoga-diseno-minimalista\/","og_locale":"en_GB","og_type":"article","og_title":"Esterillas de Yoga de agarre fijo - totalmente antideslizantes","og_description":"Encuentra tu esterilla totalmente antideslizante para tu pr\u00e1ctica de Yoga de d\u00eda a d\u00eda. Si te sudan mucho las manos - es tu soluci\u00f3n!","og_url":"https:\/\/naturyoga.com\/en\/categoria-producto-esterilla-yoga-diseno-minimalista\/","og_site_name":"Naturyoga","article_modified_time":"2024-12-02T16:06:20+00:00","twitter_card":"summary_large_image","twitter_misc":{"Estimated reading time":"2 minutes"},"schema":{"@context":"https:\/\/schema.org","@graph":[{"@type":"WebPage","@id":"https:\/\/naturyoga.com\/categoria-producto-esterilla-yoga-diseno-minimalista\/","url":"https:\/\/naturyoga.com\/categoria-producto-esterilla-yoga-diseno-minimalista\/","name":"Esterillas de Yoga de agarre fijo - totalmente antideslizantes","isPartOf":{"@id":"https:\/\/naturyoga.com\/#website"},"datePublished":"2023-01-27T15:36:41+00:00","dateModified":"2024-12-02T16:06:20+00:00","description":"Encuentra tu esterilla totalmente antideslizante para tu pr\u00e1ctica de Yoga de d\u00eda a d\u00eda. Si te sudan mucho las manos - es tu soluci\u00f3n!","breadcrumb":{"@id":"https:\/\/naturyoga.com\/categoria-producto-esterilla-yoga-diseno-minimalista\/#breadcrumb"},"inLanguage":"en-GB","potentialAction":[{"@type":"ReadAction","target":["https:\/\/naturyoga.com\/categoria-producto-esterilla-yoga-diseno-minimalista\/"]}]},{"@type":"BreadcrumbList","@id":"https:\/\/naturyoga.com\/categoria-producto-esterilla-yoga-diseno-minimalista\/#breadcrumb","itemListElement":[{"@type":"ListItem","position":1,"name":"Portada","item":"https:\/\/naturyoga.com\/"},{"@type":"ListItem","position":2,"name":"Esterillas de dise\u00f1o minimalista"}]},{"@type":"WebSite","@id":"https:\/\/naturyoga.com\/#website","url":"https:\/\/naturyoga.com\/","name":"Naturyoga","description":"Productos de Yoga: esterillas, bloques, silla Iyengar, rueda de Yoga, mantas","publisher":{"@id":"https:\/\/naturyoga.com\/#organization"},"potentialAction":[{"@type":"SearchAction","target":{"@type":"EntryPoint","urlTemplate":"https:\/\/naturyoga.com\/?s={search_term_string}"},"query-input":{"@type":"PropertyValueSpecification","valueRequired":true,"valueName":"search_term_string"}}],"inLanguage":"en-GB"},{"@type":"Organization","@id":"https:\/\/naturyoga.com\/#organization","name":"naturyoga","url":"https:\/\/naturyoga.com\/","logo":{"@type":"ImageObject","inLanguage":"en-GB","@id":"https:\/\/naturyoga.com\/#\/schema\/logo\/image\/","url":"https:\/\/naturyoga.com\/wp-content\/uploads\/Logo-small.png","contentUrl":"https:\/\/naturyoga.com\/wp-content\/uploads\/Logo-small.png","width":128,"height":48,"caption":"naturyoga"},"image":{"@id":"https:\/\/naturyoga.com\/#\/schema\/logo\/image\/"}}]}},"jetpack_sharing_enabled":true,"_links":{"self":[{"href":"https:\/\/naturyoga.com\/en\/wp-json\/wp\/v2\/pages\/2465","targetHints":{"allow":["GET"]}}],"collection":[{"href":"https:\/\/naturyoga.com\/en\/wp-json\/wp\/v2\/pages"}],"about":[{"href":"https:\/\/naturyoga.com\/en\/wp-json\/wp\/v2\/types\/page"}],"author":[{"embeddable":true,"href":"https:\/\/naturyoga.com\/en\/wp-json\/wp\/v2\/users\/4"}],"replies":[{"embeddable":true,"href":"https:\/\/naturyoga.com\/en\/wp-json\/wp\/v2\/comments?post=2465"}],"version-history":[{"count":16,"href":"https:\/\/naturyoga.com\/en\/wp-json\/wp\/v2\/pages\/2465\/revisions"}],"predecessor-version":[{"id":4729,"href":"https:\/\/naturyoga.com\/en\/wp-json\/wp\/v2\/pages\/2465\/revisions\/4729"}],"wp:attachment":[{"href":"https:\/\/naturyoga.com\/en\/wp-json\/wp\/v2\/media?parent=2465"}],"curies":[{"name":"wp","href":"https:\/\/api.w.org\/{rel}","templated":true}]}}