{"id":2461,"date":"2023-01-27T16:35:29","date_gmt":"2023-01-27T15:35:29","guid":{"rendered":"https:\/\/naturyoga.com\/?page_id=2461"},"modified":"2024-12-02T17:06:56","modified_gmt":"2024-12-02T16:06:56","slug":"categoria-producto-esterilla-yoga-corcho","status":"publish","type":"page","link":"https:\/\/naturyoga.com\/en\/categoria-producto-esterilla-yoga-corcho\/","title":{"rendered":"esterillas-corcho"},"content":{"rendered":"<div data-elementor-type=\"wp-page\" data-elementor-id=\"2461\" class=\"elementor elementor-2461\" data-elementor-post-type=\"page\">\n\t\t\t\t\t\t<section class=\"elementor-section elementor-top-section elementor-element elementor-element-4666af5 elementor-section-boxed elementor-section-height-default elementor-section-height-default\" data-id=\"4666af5\" data-element_type=\"section\" data-e-type=\"section\">\n\t\t\t\t\t\t<div class=\"elementor-container elementor-column-gap-default\">\n\t\t\t\t\t<div class=\"elementor-column elementor-col-100 elementor-top-column elementor-element elementor-element-227a607\" data-id=\"227a607\" data-element_type=\"column\" data-e-type=\"column\">\n\t\t\t<div class=\"elementor-widget-wrap elementor-element-populated\">\n\t\t\t\t\t\t<div class=\"elementor-element elementor-element-545126f elementor-widget elementor-widget-heading\" data-id=\"545126f\" data-element_type=\"widget\" data-e-type=\"widget\" data-widget_type=\"heading.default\">\n\t\t\t\t<div class=\"elementor-widget-container\">\n\t\t\t\t\t<h2 class=\"elementor-heading-title elementor-size-default\">Esterillas de corcho natural<\/h2>\t\t\t\t<\/div>\n\t\t\t\t<\/div>\n\t\t\t\t<div class=\"elementor-element elementor-element-b50571a elementor-widget elementor-widget-text-editor\" data-id=\"b50571a\" data-element_type=\"widget\" data-e-type=\"widget\" data-widget_type=\"text-editor.default\">\n\t\t\t\t<div class=\"elementor-widget-container\">\n\t\t\t\t\t\t\t\t\t<p>Es la colecci\u00f3n de las esterillas <b>de corcho natural<\/b> y con la parte inferior de caucho natural.<\/p><p>Un b<strong>uen agarre<\/strong> se crea con el m\u00ednimo sudor de la mano.<\/p><p>Son esterillas <strong>antibacterianas<\/strong> y <strong>aislantes<\/strong> de fr\u00edo y calor.<\/p>\t\t\t\t\t\t\t\t<\/div>\n\t\t\t\t<\/div>\n\t\t\t\t<div class=\"elementor-element elementor-element-ecf6d4c elementor-product-loop-item--align-center elementor-grid-4 elementor-grid-tablet-3 elementor-grid-mobile-2 elementor-products-grid elementor-wc-products elementor-widget elementor-widget-woocommerce-products\" data-id=\"ecf6d4c\" data-element_type=\"widget\" data-e-type=\"widget\" data-widget_type=\"woocommerce-products.default\">\n\t\t\t\t<div class=\"elementor-widget-container\">\n\t\t\t\t\t<div class=\"woocommerce columns-4\"><ul class=\"products elementor-grid columns-4\">\n<li class=\"product type-product post-179 status-publish first instock product_cat-esterilla-yoga product_tag-antideslizante product_tag-esterilla product_tag-sostenible has-post-thumbnail sale taxable shipping-taxable purchasable product-type-simple woopt_\">\n\t<a href=\"https:\/\/naturyoga.com\/en\/product\/esterilla-sand-karmandala\/\" class=\"woocommerce-LoopProduct-link woocommerce-loop-product__link\">\n\t<span class=\"onsale\">Sale!<\/span>\n\t<img fetchpriority=\"high\" decoding=\"async\" width=\"300\" height=\"300\" src=\"https:\/\/naturyoga.com\/wp-content\/uploads\/NT-SE005_6-300x300.jpg\" class=\"attachment-woocommerce_thumbnail size-woocommerce_thumbnail\" alt=\"esterilla-yoga-antideslizante-corcho\" srcset=\"https:\/\/naturyoga.com\/wp-content\/uploads\/NT-SE005_6-300x300.jpg 300w, https:\/\/naturyoga.com\/wp-content\/uploads\/NT-SE005_6-150x150.jpg 150w, https:\/\/naturyoga.com\/wp-content\/uploads\/NT-SE005_6-100x100.jpg 100w\" sizes=\"(max-width: 300px) 100vw, 300px\" \/><h2 class=\"woocommerce-loop-product__title\">Esterilla De Yoga Sand Karmandala<\/h2>\n\t<span class=\"price\"><del><span class=\"woocommerce-Price-amount amount\"><bdi>83,95&nbsp;<span class=\"woocommerce-Price-currencySymbol\">&euro;<\/span><\/bdi><\/span> <small class=\"woocommerce-price-suffix\">Including VAT<\/small><\/del>&nbsp;<ins><span class=\"woocommerce-Price-amount amount\"><bdi>39,95&nbsp;<span class=\"woocommerce-Price-currencySymbol\">&euro;<\/span><\/bdi><\/span><\/ins> <small class=\"woocommerce-price-suffix\">Including VAT<\/small><\/span>\n<\/a><div class=\"woocommerce-loop-product__buttons\"><a href=\"\/en\/wp-json\/wp\/v2\/pages\/2461?add-to-cart=179\" aria-describedby=\"woocommerce_loop_add_to_cart_link_describedby_179\" data-quantity=\"1\" class=\"button product_type_simple add_to_cart_button ajax_add_to_cart\" data-product_id=\"179\" data-product_sku=\"NT-SE005\" aria-label=\"Add to basket: \u201cEsterilla De Yoga Sand Karmandala\u201d\" rel=\"nofollow\" data-success_message=\"\u201cEsterilla De Yoga Sand Karmandala\u201d has been added to your basket\" role=\"button\" data-no-translation=\"\" data-trp-gettext=\"\" data-no-translation-aria-label=\"\" data-no-translation-data-success_message=\"\">Add to basket<\/a><\/div>\t<span id=\"woocommerce_loop_add_to_cart_link_describedby_179\" class=\"screen-reader-text\">\n\t\t\t<\/span>\n<span class=\"gtmkit_product_data\" style=\"display:none;visibility:hidden\" data-gtmkit_product_id=\"179\" data-gtmkit_product_data=\"{&quot;id&quot;:&quot;179&quot;,&quot;item_id&quot;:&quot;179&quot;,&quot;item_name&quot;:&quot;Esterilla De Yoga Sand Karmandala&quot;,&quot;currency&quot;:&quot;EUR&quot;,&quot;price&quot;:47.95,&quot;item_category&quot;:&quot;Esterillas&quot;,&quot;item_list_name&quot;:&quot;General Product List&quot;,&quot;index&quot;:1}\"><\/span><\/li>\n<li class=\"product type-product post-1059 status-publish outofstock product_cat-esterilla-yoga product_tag-antideslizante product_tag-esterilla product_tag-sostenible has-post-thumbnail sale taxable shipping-taxable purchasable product-type-simple woopt_\">\n\t<a href=\"https:\/\/naturyoga.com\/en\/product\/esterilla-line-karmandala\/\" class=\"woocommerce-LoopProduct-link woocommerce-loop-product__link\">\n\t<span class=\"onsale\">Sale!<\/span>\n\t<img decoding=\"async\" width=\"300\" height=\"300\" src=\"https:\/\/naturyoga.com\/wp-content\/uploads\/NT-SE014-300x300.jpg\" class=\"attachment-woocommerce_thumbnail size-woocommerce_thumbnail\" alt=\"esterilla-yoga-antideslizante\" srcset=\"https:\/\/naturyoga.com\/wp-content\/uploads\/NT-SE014-300x300.jpg 300w, https:\/\/naturyoga.com\/wp-content\/uploads\/NT-SE014-150x150.jpg 150w, https:\/\/naturyoga.com\/wp-content\/uploads\/NT-SE014-768x771.jpg 768w, https:\/\/naturyoga.com\/wp-content\/uploads\/NT-SE014-600x602.jpg 600w, https:\/\/naturyoga.com\/wp-content\/uploads\/NT-SE014-100x100.jpg 100w, https:\/\/naturyoga.com\/wp-content\/uploads\/NT-SE014.jpg 1000w\" sizes=\"(max-width: 300px) 100vw, 300px\" \/><h2 class=\"woocommerce-loop-product__title\">Esterilla De Yoga Line Karmandala<\/h2>\n\t<span class=\"price\"><del><span class=\"woocommerce-Price-amount amount\"><bdi>83,95&nbsp;<span class=\"woocommerce-Price-currencySymbol\">&euro;<\/span><\/bdi><\/span> <small class=\"woocommerce-price-suffix\">Including VAT<\/small><\/del>&nbsp;<ins><span class=\"woocommerce-Price-amount amount\"><bdi>39,95&nbsp;<span class=\"woocommerce-Price-currencySymbol\">&euro;<\/span><\/bdi><\/span><\/ins> <small class=\"woocommerce-price-suffix\">Including VAT<\/small><\/span>\n<\/a><div class=\"woocommerce-loop-product__buttons\"><a href=\"https:\/\/naturyoga.com\/en\/product\/esterilla-line-karmandala\/\" aria-describedby=\"woocommerce_loop_add_to_cart_link_describedby_1059\" data-quantity=\"1\" class=\"button product_type_simple\" data-product_id=\"1059\" data-product_sku=\"NT-SE014\" aria-label=\"Read more about \u201cEsterilla De Yoga Line Karmandala\u201d\" rel=\"nofollow\" data-success_message=\"\" data-no-translation=\"\" data-trp-gettext=\"\" data-no-translation-aria-label=\"\">Read more<\/a><\/div>\t<span id=\"woocommerce_loop_add_to_cart_link_describedby_1059\" class=\"screen-reader-text\">\n\t\t\t<\/span>\n<span class=\"gtmkit_product_data\" style=\"display:none;visibility:hidden\" data-gtmkit_product_id=\"1059\" data-gtmkit_product_data=\"{&quot;id&quot;:&quot;1059&quot;,&quot;item_id&quot;:&quot;1059&quot;,&quot;item_name&quot;:&quot;Esterilla De Yoga Line Karmandala&quot;,&quot;currency&quot;:&quot;EUR&quot;,&quot;price&quot;:47.95,&quot;item_category&quot;:&quot;Esterillas&quot;,&quot;item_list_name&quot;:&quot;General Product List&quot;,&quot;index&quot;:2}\"><\/span><\/li>\n<\/ul>\n<\/div>\t\t\t\t<\/div>\n\t\t\t\t<\/div>\n\t\t\t\t\t<\/div>\n\t\t<\/div>\n\t\t\t\t\t<\/div>\n\t\t<\/section>\n\t\t\t\t<\/div>","protected":false},"excerpt":{"rendered":"<p>Esterillas de corcho natural Es la colecci\u00f3n de las esterillas de corcho natural y con la parte inferior de caucho natural. Un buen agarre se crea con el m\u00ednimo sudor de la mano. Son esterillas antibacterianas y aislantes de fr\u00edo y calor.<\/p>","protected":false},"author":4,"featured_media":0,"parent":0,"menu_order":0,"comment_status":"closed","ping_status":"closed","template":"","meta":{"footnotes":""},"class_list":["post-2461","page","type-page","status-publish","hentry"],"yoast_head":"<!-- This site is optimized with the Yoast SEO plugin v27.6 - https:\/\/yoast.com\/product\/yoast-seo-wordpress\/ -->\n<title>Esterillas de Yoga de agarre fijo - totalmente antideslizantes<\/title>\n<meta name=\"description\" content=\"Encuentra tu esterilla de Yoga natural hecha de corcho 100% natural y caucho en la parte inferior. Disponemos en dos dise\u00f1os.\" \/>\n<meta name=\"robots\" content=\"index, follow, max-snippet:-1, max-image-preview:large, max-video-preview:-1\" \/>\n<link rel=\"canonical\" href=\"https:\/\/naturyoga.com\/en\/categoria-producto-esterilla-yoga-corcho\/\" \/>\n<meta property=\"og:locale\" content=\"en_GB\" \/>\n<meta property=\"og:type\" content=\"article\" \/>\n<meta property=\"og:title\" content=\"Esterillas de Yoga de agarre fijo - totalmente antideslizantes\" \/>\n<meta property=\"og:description\" content=\"Encuentra tu esterilla de Yoga natural hecha de corcho 100% natural y caucho en la parte inferior. Disponemos en dos dise\u00f1os.\" \/>\n<meta property=\"og:url\" content=\"https:\/\/naturyoga.com\/en\/categoria-producto-esterilla-yoga-corcho\/\" \/>\n<meta property=\"og:site_name\" content=\"Naturyoga\" \/>\n<meta property=\"article:modified_time\" content=\"2024-12-02T16:06:56+00:00\" \/>\n<meta name=\"twitter:card\" content=\"summary_large_image\" \/>\n<meta name=\"twitter:label1\" content=\"Estimated reading time\" \/>\n\t<meta name=\"twitter:data1\" content=\"1 minute\" \/>\n<script type=\"application\/ld+json\" class=\"yoast-schema-graph\">{\"@context\":\"https:\\\/\\\/schema.org\",\"@graph\":[{\"@type\":\"WebPage\",\"@id\":\"https:\\\/\\\/naturyoga.com\\\/categoria-producto-esterilla-yoga-corcho\\\/\",\"url\":\"https:\\\/\\\/naturyoga.com\\\/categoria-producto-esterilla-yoga-corcho\\\/\",\"name\":\"Esterillas de Yoga de agarre fijo - totalmente antideslizantes\",\"isPartOf\":{\"@id\":\"https:\\\/\\\/naturyoga.com\\\/#website\"},\"datePublished\":\"2023-01-27T15:35:29+00:00\",\"dateModified\":\"2024-12-02T16:06:56+00:00\",\"description\":\"Encuentra tu esterilla de Yoga natural hecha de corcho 100% natural y caucho en la parte inferior. Disponemos en dos dise\u00f1os.\",\"breadcrumb\":{\"@id\":\"https:\\\/\\\/naturyoga.com\\\/categoria-producto-esterilla-yoga-corcho\\\/#breadcrumb\"},\"inLanguage\":\"en-GB\",\"potentialAction\":[{\"@type\":\"ReadAction\",\"target\":[\"https:\\\/\\\/naturyoga.com\\\/categoria-producto-esterilla-yoga-corcho\\\/\"]}]},{\"@type\":\"BreadcrumbList\",\"@id\":\"https:\\\/\\\/naturyoga.com\\\/categoria-producto-esterilla-yoga-corcho\\\/#breadcrumb\",\"itemListElement\":[{\"@type\":\"ListItem\",\"position\":1,\"name\":\"Portada\",\"item\":\"https:\\\/\\\/naturyoga.com\\\/\"},{\"@type\":\"ListItem\",\"position\":2,\"name\":\"esterillas-corcho\"}]},{\"@type\":\"WebSite\",\"@id\":\"https:\\\/\\\/naturyoga.com\\\/#website\",\"url\":\"https:\\\/\\\/naturyoga.com\\\/\",\"name\":\"Naturyoga\",\"description\":\"Productos de Yoga: esterillas, bloques, silla Iyengar, rueda de Yoga, mantas\",\"publisher\":{\"@id\":\"https:\\\/\\\/naturyoga.com\\\/#organization\"},\"potentialAction\":[{\"@type\":\"SearchAction\",\"target\":{\"@type\":\"EntryPoint\",\"urlTemplate\":\"https:\\\/\\\/naturyoga.com\\\/?s={search_term_string}\"},\"query-input\":{\"@type\":\"PropertyValueSpecification\",\"valueRequired\":true,\"valueName\":\"search_term_string\"}}],\"inLanguage\":\"en-GB\"},{\"@type\":\"Organization\",\"@id\":\"https:\\\/\\\/naturyoga.com\\\/#organization\",\"name\":\"naturyoga\",\"url\":\"https:\\\/\\\/naturyoga.com\\\/\",\"logo\":{\"@type\":\"ImageObject\",\"inLanguage\":\"en-GB\",\"@id\":\"https:\\\/\\\/naturyoga.com\\\/#\\\/schema\\\/logo\\\/image\\\/\",\"url\":\"https:\\\/\\\/naturyoga.com\\\/wp-content\\\/uploads\\\/Logo-small.png\",\"contentUrl\":\"https:\\\/\\\/naturyoga.com\\\/wp-content\\\/uploads\\\/Logo-small.png\",\"width\":128,\"height\":48,\"caption\":\"naturyoga\"},\"image\":{\"@id\":\"https:\\\/\\\/naturyoga.com\\\/#\\\/schema\\\/logo\\\/image\\\/\"}}]}<\/script>\n<!-- \/ Yoast SEO plugin. -->","yoast_head_json":{"title":"Esterillas de Yoga de agarre fijo - totalmente antideslizantes","description":"Encuentra tu esterilla de Yoga natural hecha de corcho 100% natural y caucho en la parte inferior. Disponemos en dos dise\u00f1os.","robots":{"index":"index","follow":"follow","max-snippet":"max-snippet:-1","max-image-preview":"max-image-preview:large","max-video-preview":"max-video-preview:-1"},"canonical":"https:\/\/naturyoga.com\/en\/categoria-producto-esterilla-yoga-corcho\/","og_locale":"en_GB","og_type":"article","og_title":"Esterillas de Yoga de agarre fijo - totalmente antideslizantes","og_description":"Encuentra tu esterilla de Yoga natural hecha de corcho 100% natural y caucho en la parte inferior. Disponemos en dos dise\u00f1os.","og_url":"https:\/\/naturyoga.com\/en\/categoria-producto-esterilla-yoga-corcho\/","og_site_name":"Naturyoga","article_modified_time":"2024-12-02T16:06:56+00:00","twitter_card":"summary_large_image","twitter_misc":{"Estimated reading time":"1 minute"},"schema":{"@context":"https:\/\/schema.org","@graph":[{"@type":"WebPage","@id":"https:\/\/naturyoga.com\/categoria-producto-esterilla-yoga-corcho\/","url":"https:\/\/naturyoga.com\/categoria-producto-esterilla-yoga-corcho\/","name":"Esterillas de Yoga de agarre fijo - totalmente antideslizantes","isPartOf":{"@id":"https:\/\/naturyoga.com\/#website"},"datePublished":"2023-01-27T15:35:29+00:00","dateModified":"2024-12-02T16:06:56+00:00","description":"Encuentra tu esterilla de Yoga natural hecha de corcho 100% natural y caucho en la parte inferior. Disponemos en dos dise\u00f1os.","breadcrumb":{"@id":"https:\/\/naturyoga.com\/categoria-producto-esterilla-yoga-corcho\/#breadcrumb"},"inLanguage":"en-GB","potentialAction":[{"@type":"ReadAction","target":["https:\/\/naturyoga.com\/categoria-producto-esterilla-yoga-corcho\/"]}]},{"@type":"BreadcrumbList","@id":"https:\/\/naturyoga.com\/categoria-producto-esterilla-yoga-corcho\/#breadcrumb","itemListElement":[{"@type":"ListItem","position":1,"name":"Portada","item":"https:\/\/naturyoga.com\/"},{"@type":"ListItem","position":2,"name":"esterillas-corcho"}]},{"@type":"WebSite","@id":"https:\/\/naturyoga.com\/#website","url":"https:\/\/naturyoga.com\/","name":"Naturyoga","description":"Productos de Yoga: esterillas, bloques, silla Iyengar, rueda de Yoga, mantas","publisher":{"@id":"https:\/\/naturyoga.com\/#organization"},"potentialAction":[{"@type":"SearchAction","target":{"@type":"EntryPoint","urlTemplate":"https:\/\/naturyoga.com\/?s={search_term_string}"},"query-input":{"@type":"PropertyValueSpecification","valueRequired":true,"valueName":"search_term_string"}}],"inLanguage":"en-GB"},{"@type":"Organization","@id":"https:\/\/naturyoga.com\/#organization","name":"naturyoga","url":"https:\/\/naturyoga.com\/","logo":{"@type":"ImageObject","inLanguage":"en-GB","@id":"https:\/\/naturyoga.com\/#\/schema\/logo\/image\/","url":"https:\/\/naturyoga.com\/wp-content\/uploads\/Logo-small.png","contentUrl":"https:\/\/naturyoga.com\/wp-content\/uploads\/Logo-small.png","width":128,"height":48,"caption":"naturyoga"},"image":{"@id":"https:\/\/naturyoga.com\/#\/schema\/logo\/image\/"}}]}},"jetpack_sharing_enabled":true,"_links":{"self":[{"href":"https:\/\/naturyoga.com\/en\/wp-json\/wp\/v2\/pages\/2461","targetHints":{"allow":["GET"]}}],"collection":[{"href":"https:\/\/naturyoga.com\/en\/wp-json\/wp\/v2\/pages"}],"about":[{"href":"https:\/\/naturyoga.com\/en\/wp-json\/wp\/v2\/types\/page"}],"author":[{"embeddable":true,"href":"https:\/\/naturyoga.com\/en\/wp-json\/wp\/v2\/users\/4"}],"replies":[{"embeddable":true,"href":"https:\/\/naturyoga.com\/en\/wp-json\/wp\/v2\/comments?post=2461"}],"version-history":[{"count":15,"href":"https:\/\/naturyoga.com\/en\/wp-json\/wp\/v2\/pages\/2461\/revisions"}],"predecessor-version":[{"id":4732,"href":"https:\/\/naturyoga.com\/en\/wp-json\/wp\/v2\/pages\/2461\/revisions\/4732"}],"wp:attachment":[{"href":"https:\/\/naturyoga.com\/en\/wp-json\/wp\/v2\/media?parent=2461"}],"curies":[{"name":"wp","href":"https:\/\/api.w.org\/{rel}","templated":true}]}}