{"id":1957,"date":"2022-09-15T23:56:50","date_gmt":"2022-09-15T22:56:50","guid":{"rendered":"https:\/\/naturyoga.com\/?page_id=1957"},"modified":"2025-10-08T09:47:22","modified_gmt":"2025-10-08T08:47:22","slug":"materiales-de-yoga-para-centros","status":"publish","type":"page","link":"https:\/\/naturyoga.com\/en\/materiales-de-yoga-para-centros\/","title":{"rendered":"Para Centros"},"content":{"rendered":"<div data-elementor-type=\"wp-page\" data-elementor-id=\"1957\" class=\"elementor elementor-1957\" data-elementor-post-type=\"page\">\n\t\t\t\t\t\t<section class=\"elementor-section elementor-top-section elementor-element elementor-element-19a7655 elementor-section-boxed elementor-section-height-default elementor-section-height-default\" data-id=\"19a7655\" data-element_type=\"section\" data-e-type=\"section\">\n\t\t\t\t\t\t<div class=\"elementor-container elementor-column-gap-default\">\n\t\t\t\t\t<div class=\"elementor-column elementor-col-100 elementor-top-column elementor-element elementor-element-625e17f\" data-id=\"625e17f\" data-element_type=\"column\" data-e-type=\"column\">\n\t\t\t<div class=\"elementor-widget-wrap elementor-element-populated\">\n\t\t\t\t\t\t<div class=\"elementor-element elementor-element-1c24b89 elementor-widget elementor-widget-text-editor\" data-id=\"1c24b89\" data-element_type=\"widget\" data-e-type=\"widget\" data-widget_type=\"text-editor.default\">\n\t\t\t\t<div class=\"elementor-widget-container\">\n\t\t\t\t\t\t\t\t\t<h1>Material de yoga para centros y estudios<\/h1>\t\t\t\t\t\t\t\t<\/div>\n\t\t\t\t<\/div>\n\t\t\t\t\t<\/div>\n\t\t<\/div>\n\t\t\t\t\t<\/div>\n\t\t<\/section>\n\t\t\t\t<section class=\"elementor-section elementor-top-section elementor-element elementor-element-35cb26d elementor-section-boxed elementor-section-height-default elementor-section-height-default\" data-id=\"35cb26d\" data-element_type=\"section\" data-e-type=\"section\">\n\t\t\t\t\t\t<div class=\"elementor-container elementor-column-gap-default\">\n\t\t\t\t\t<div class=\"elementor-column elementor-col-100 elementor-top-column elementor-element elementor-element-00a9f31\" data-id=\"00a9f31\" data-element_type=\"column\" data-e-type=\"column\">\n\t\t\t<div class=\"elementor-widget-wrap elementor-element-populated\">\n\t\t\t\t\t\t<div class=\"elementor-element elementor-element-bfba6d5 elementor-widget elementor-widget-text-editor\" data-id=\"bfba6d5\" data-element_type=\"widget\" data-e-type=\"widget\" data-widget_type=\"text-editor.default\">\n\t\t\t\t<div class=\"elementor-widget-container\">\n\t\t\t\t\t\t\t\t\t<h4 style=\"text-align: center;\"><strong><span style=\"color: #008000;\">Bienvenidos al espacio\u00a0<\/span><\/strong><strong><span style=\"color: #008000;\">para\u00a0<\/span><\/strong><strong><span style=\"color: #008000;\">YOGA CENTERS AND STUDIOS<\/span><\/strong><\/h4><p data-start=\"307\" data-end=\"623\">En Naturyoga, apoyamos a los espacios de bienestar que buscan ofrecer la mejor experiencia a sus alumnos.<br data-start=\"427\" data-end=\"430\" \/>Si diriges un <strong data-start=\"444\" data-end=\"484\">centro de yoga, pilates o meditaci\u00f3n<\/strong>, puedes acceder a <strong data-start=\"503\" data-end=\"538\">precios especiales por cantidad<\/strong> en nuestros materiales profesionales: esterillas, bloques, cinturones, sillas y m\u00e1s.<\/p><p data-start=\"307\" data-end=\"623\">\u00a0<\/p><h3 style=\"text-align: center;\" data-start=\"625\" data-end=\"644\">\u00bfC\u00f3mo funciona?<\/h3><ol data-start=\"645\" data-end=\"970\"><li data-start=\"645\" data-end=\"737\"><p data-start=\"648\" data-end=\"737\"><strong data-start=\"648\" data-end=\"674\">Completa el formulario<\/strong> con los datos de tu centro y los productos que te interesan.<\/p><\/li><li data-start=\"738\" data-end=\"846\"><p data-start=\"741\" data-end=\"846\">Nuestro equipo revisar\u00e1 tu solicitud y te enviar\u00e1 una <strong data-start=\"795\" data-end=\"843\">propuesta personalizada en menos de 48 horas<\/strong>.<\/p><\/li><li data-start=\"847\" data-end=\"970\"><p data-start=\"850\" data-end=\"970\">Recibir\u00e1s <strong data-start=\"860\" data-end=\"885\">descuentos exclusivos<\/strong> seg\u00fan el volumen de compra y asesoramiento para elegir los materiales m\u00e1s adecuados.<\/p><\/li><\/ol><h3 style=\"text-align: center;\" data-start=\"972\" data-end=\"999\">Beneficios para centros<\/h3><ul data-start=\"1000\" data-end=\"1276\"><li data-start=\"1000\" data-end=\"1042\"><p data-start=\"1002\" data-end=\"1042\">Descuentos progresivos seg\u00fan cantidad.<\/p><\/li><li data-start=\"1043\" data-end=\"1123\"><p data-start=\"1045\" data-end=\"1123\">Asesor\u00eda directa con nuestro equipo especializado en equipamiento para yoga.<\/p><\/li><li data-start=\"1124\" data-end=\"1202\"><p data-start=\"1126\" data-end=\"1202\">Materiales ecol\u00f3gicos y de alta durabilidad, dise\u00f1ados para uso intensivo.<\/p><\/li><\/ul><h3 style=\"text-align: center;\" data-start=\"1278\" data-end=\"1320\">Transparencia y atenci\u00f3n personalizada<\/h3><p data-start=\"1321\" data-end=\"1526\">Puedes contactarnos directamente en <b>info@naturyoga.com o <\/b><strong>\u00a0678 887 638<\/strong> para resolver cualquier duda.<br data-start=\"1440\" data-end=\"1443\" \/>Creemos en relaciones honestas y duraderas con los centros que conf\u00edan en nosotros.<\/p>\t\t\t\t\t\t\t\t<\/div>\n\t\t\t\t<\/div>\n\t\t\t\t\t<\/div>\n\t\t<\/div>\n\t\t\t\t\t<\/div>\n\t\t<\/section>\n\t\t\t\t<section class=\"elementor-section elementor-top-section elementor-element elementor-element-d179700 elementor-section-boxed elementor-section-height-default elementor-section-height-default\" data-id=\"d179700\" data-element_type=\"section\" data-e-type=\"section\">\n\t\t\t\t\t\t<div class=\"elementor-container elementor-column-gap-default\">\n\t\t\t\t\t<div class=\"elementor-column elementor-col-100 elementor-top-column elementor-element elementor-element-50594a0\" data-id=\"50594a0\" data-element_type=\"column\" data-e-type=\"column\">\n\t\t\t<div class=\"elementor-widget-wrap\">\n\t\t\t\t\t\t\t<\/div>\n\t\t<\/div>\n\t\t\t\t\t<\/div>\n\t\t<\/section>\n\t\t\t\t<section class=\"elementor-section elementor-top-section elementor-element elementor-element-b38a48e elementor-section-boxed elementor-section-height-default elementor-section-height-default\" data-id=\"b38a48e\" data-element_type=\"section\" data-e-type=\"section\">\n\t\t\t\t\t\t<div class=\"elementor-container elementor-column-gap-default\">\n\t\t\t\t\t<div class=\"elementor-column elementor-col-50 elementor-top-column elementor-element elementor-element-1f6084f\" data-id=\"1f6084f\" data-element_type=\"column\" data-e-type=\"column\">\n\t\t\t<div class=\"elementor-widget-wrap elementor-element-populated\">\n\t\t\t\t\t\t<div class=\"elementor-element elementor-element-afa6c80 pp-contact-form-7-button-custom elementor-widget elementor-widget-pp-contact-form-7\" data-id=\"afa6c80\" data-element_type=\"widget\" data-e-type=\"widget\" data-widget_type=\"pp-contact-form-7.default\">\n\t\t\t\t<div class=\"elementor-widget-container\">\n\t\t\t\t\t\t\t\t\t<div class=\"pp-contact-form pp-contact-form-7 placeholder-show\">\n\t\t\t\t\t\t\t\t\t\t\n<div class=\"wpcf7 no-js\" id=\"wpcf7-f1977-p1957-o1\" lang=\"es-ES\" dir=\"ltr\" data-wpcf7-id=\"1977\">\n<div class=\"screen-reader-response\"><p role=\"status\" aria-live=\"polite\" aria-atomic=\"true\">Uno o m\u00e1s campos tienen un error. Por favor, rev\u00edsalos e int\u00e9ntalo de nuevo.<\/p> <ul><li id=\"wpcf7-f1977-p1957-o1-ve-your-email\">La direcci\u00f3n de correo electr\u00f3nico que has introducido no es v\u00e1lida.<\/li>\n<li id=\"wpcf7-f1977-p1957-o1-ve-your-phone\">El n\u00famero de tel\u00e9fono no es v\u00e1lido.<\/li><\/ul><\/div>\n<form action=\"\/en\/materiales-de-yoga-para-centros\/#wpcf7-f1977-p1957-o1\" method=\"post\" class=\"wpcf7-form invalid\" aria-label=\"Formulario de contacto\" novalidate=\"novalidate\" data-status=\"invalid\" data-no-translation-aria-label=\"\" data-trp-original-action=\"\/en\/materiales-de-yoga-para-centros\/#wpcf7-f1977-p1957-o1\">\n<fieldset class=\"hidden-fields-container\"><input type=\"hidden\" name=\"_wpcf7\" value=\"1977\" \/><input type=\"hidden\" name=\"_wpcf7_version\" value=\"6.1.5\" \/><input type=\"hidden\" name=\"_wpcf7_locale\" value=\"es_ES\" \/><input type=\"hidden\" name=\"_wpcf7_unit_tag\" value=\"wpcf7-f1977-p1957-o1\" \/><input type=\"hidden\" name=\"_wpcf7_container_post\" value=\"1957\" \/><input type=\"hidden\" name=\"_wpcf7_posted_data_hash\" value=\"\" \/><input type=\"hidden\" name=\"_wpcf7_recaptcha_response\" value=\"\" \/>\n<\/fieldset>\n<p><label> First Name<br \/>\n<span class=\"wpcf7-form-control-wrap\" data-name=\"your-name\"><input size=\"40\" maxlength=\"400\" class=\"wpcf7-form-control wpcf7-text wpcf7-validates-as-required\" aria-required=\"true\" aria-invalid=\"false\" value=\"kQwA\" type=\"text\" name=\"your-name\" \/><\/span> <\/label>\n<\/p>\n<p><label> E-mail<br \/>\n<span class=\"wpcf7-form-control-wrap\" data-name=\"your-email\"><input size=\"40\" maxlength=\"400\" class=\"wpcf7-form-control wpcf7-email wpcf7-validates-as-required wpcf7-text wpcf7-validates-as-email wpcf7-not-valid\" aria-required=\"true\" aria-invalid=\"true\" aria-describedby=\"wpcf7-f1977-p1957-o1-ve-your-email\" value=\"Nkrl\" type=\"email\" name=\"your-email\" \/><span class=\"wpcf7-not-valid-tip\" aria-hidden=\"true\">La direcci\u00f3n de correo electr\u00f3nico que has introducido no es v\u00e1lida.<\/span><\/span> <\/label>\n<\/p>\n<p><label> Phone number<br \/>\n<span class=\"wpcf7-form-control-wrap\" data-name=\"your-phone\"><input size=\"40\" maxlength=\"400\" class=\"wpcf7-form-control wpcf7-tel wpcf7-validates-as-required wpcf7-text wpcf7-validates-as-tel wpcf7-not-valid\" aria-required=\"true\" aria-invalid=\"true\" aria-describedby=\"wpcf7-f1977-p1957-o1-ve-your-phone\" value=\"UraL\" type=\"tel\" name=\"your-phone\" \/><span class=\"wpcf7-not-valid-tip\" aria-hidden=\"true\">El n\u00famero de tel\u00e9fono no es v\u00e1lido.<\/span><\/span> <\/label>\n<\/p>\n<p><label> Subject<br \/>\n<span class=\"wpcf7-form-control-wrap\" data-name=\"your-subject\"><input size=\"40\" maxlength=\"400\" class=\"wpcf7-form-control wpcf7-text wpcf7-validates-as-required\" aria-required=\"true\" aria-invalid=\"false\" value=\"AOaL\" type=\"text\" name=\"your-subject\" \/><\/span> <\/label>\n<\/p>\n<p><label> Your message<br \/>\n<span class=\"wpcf7-form-control-wrap\" data-name=\"your-message\"><textarea cols=\"40\" rows=\"10\" maxlength=\"2000\" class=\"wpcf7-form-control wpcf7-textarea\" aria-invalid=\"false\" name=\"your-message\">NTbA<\/textarea><\/span> <\/label>\n<\/p>\n<p><br \/>\n<span class=\"wpcf7-form-control-wrap\" data-name=\"acceptance-474\"><span class=\"wpcf7-form-control wpcf7-acceptance\"><span class=\"wpcf7-list-item\"><label><input type=\"checkbox\" name=\"acceptance-474\" value=\"1\" aria-invalid=\"false\" \/><span class=\"wpcf7-list-item-label\">I accept <a href=\"https:\/\/naturyoga.com\/en\/privacy-policy\/\" rel=\"nofollow\" target=\"_blank\"> privacy policy<\/a><\/span><\/label><\/span><\/span><\/span>\n<\/p>\n<p><input class=\"wpcf7-form-control wpcf7-submit has-spinner\" type=\"submit\" value=\"Send\" \/>\n<\/p><div class=\"wpcf7-response-output\" aria-hidden=\"true\">Uno o m\u00e1s campos tienen un error. Por favor, rev\u00edsalos e int\u00e9ntalo de nuevo.<\/div>\n<input type=\"hidden\" name=\"trp-form-language\" value=\"en\"\/><\/form>\n<\/div>\n\t\t\t\t<\/div>\n\t\t\t\t\t\t\t\t<\/div>\n\t\t\t\t<\/div>\n\t\t\t\t\t<\/div>\n\t\t<\/div>\n\t\t\t\t<div class=\"elementor-column elementor-col-50 elementor-top-column elementor-element elementor-element-7064649\" data-id=\"7064649\" data-element_type=\"column\" data-e-type=\"column\">\n\t\t\t<div class=\"elementor-widget-wrap elementor-element-populated\">\n\t\t\t\t\t\t<div class=\"elementor-element elementor-element-2f826ff elementor-widget elementor-widget-video\" data-id=\"2f826ff\" data-element_type=\"widget\" data-e-type=\"widget\" data-settings=\"{&quot;video_type&quot;:&quot;hosted&quot;,&quot;controls&quot;:&quot;yes&quot;}\" data-widget_type=\"video.default\">\n\t\t\t\t<div class=\"elementor-widget-container\">\n\t\t\t\t\t\t\t<div class=\"e-hosted-video elementor-wrapper elementor-open-inline\">\n\t\t\t\t\t<video class=\"elementor-video\" src=\"https:\/\/naturyoga.com\/wp-content\/uploads\/Diseno-sin-titulo-1.mp4\" controls=\"\" preload=\"metadata\" controlslist=\"nodownload\"><\/video>\n\t\t\t\t<\/div>\n\t\t\t\t\t\t<\/div>\n\t\t\t\t<\/div>\n\t\t\t\t\t<\/div>\n\t\t<\/div>\n\t\t\t\t\t<\/div>\n\t\t<\/section>\n\t\t\t\t<\/div>","protected":false},"excerpt":{"rendered":"<p>Materiales para centros y estudios de Yoga. Encuentra materiales por precios especiales para tu estudio de Yoga.<\/p>","protected":false},"author":4,"featured_media":1500,"parent":0,"menu_order":0,"comment_status":"closed","ping_status":"closed","template":"","meta":{"footnotes":""},"class_list":["post-1957","page","type-page","status-publish","has-post-thumbnail","hentry"],"yoast_head":"<!-- This site is optimized with the Yoast SEO plugin v27.3 - https:\/\/yoast.com\/product\/yoast-seo-wordpress\/ -->\n<title>Material para Centros de Yoga | NaturYoga<\/title>\n<meta name=\"description\" content=\"Equipamiento de yoga para centros y estudios con tarifa especial. Esterillas, accesorios y kits de alta calidad, ideales para profesionales del yoga. Cont\u00e1ctanos\" \/>\n<meta name=\"robots\" content=\"index, follow, max-snippet:-1, max-image-preview:large, max-video-preview:-1\" \/>\n<link rel=\"canonical\" href=\"https:\/\/naturyoga.com\/en\/materiales-de-yoga-para-centros\/\" \/>\n<meta property=\"og:locale\" content=\"en_GB\" \/>\n<meta property=\"og:type\" content=\"article\" \/>\n<meta property=\"og:title\" content=\"Material para Centros de Yoga | NaturYoga\" \/>\n<meta property=\"og:description\" content=\"Equipamiento de yoga para centros y estudios con tarifa especial. Esterillas, accesorios y kits de alta calidad, ideales para profesionales del yoga. Cont\u00e1ctanos\" \/>\n<meta property=\"og:url\" content=\"https:\/\/naturyoga.com\/en\/materiales-de-yoga-para-centros\/\" \/>\n<meta property=\"og:site_name\" content=\"Naturyoga\" \/>\n<meta property=\"article:modified_time\" content=\"2025-10-08T08:47:22+00:00\" \/>\n<meta property=\"og:image\" content=\"https:\/\/naturyoga.com\/wp-content\/uploads\/7704DA5B-8D9A-47D6-99A4-BCB0E002D00A.jpg\" \/>\n\t<meta property=\"og:image:width\" content=\"1272\" \/>\n\t<meta property=\"og:image:height\" content=\"1272\" \/>\n\t<meta property=\"og:image:type\" content=\"image\/jpeg\" \/>\n<meta name=\"twitter:card\" content=\"summary_large_image\" \/>\n<meta name=\"twitter:label1\" content=\"Estimated reading time\" \/>\n\t<meta name=\"twitter:data1\" content=\"1 minute\" \/>\n<script type=\"application\/ld+json\" class=\"yoast-schema-graph\">{\"@context\":\"https:\\\/\\\/schema.org\",\"@graph\":[{\"@type\":\"WebPage\",\"@id\":\"https:\\\/\\\/naturyoga.com\\\/materiales-de-yoga-para-centros\\\/\",\"url\":\"https:\\\/\\\/naturyoga.com\\\/materiales-de-yoga-para-centros\\\/\",\"name\":\"Material para Centros de Yoga | NaturYoga\",\"isPartOf\":{\"@id\":\"https:\\\/\\\/naturyoga.com\\\/#website\"},\"primaryImageOfPage\":{\"@id\":\"https:\\\/\\\/naturyoga.com\\\/materiales-de-yoga-para-centros\\\/#primaryimage\"},\"image\":{\"@id\":\"https:\\\/\\\/naturyoga.com\\\/materiales-de-yoga-para-centros\\\/#primaryimage\"},\"thumbnailUrl\":\"https:\\\/\\\/naturyoga.com\\\/wp-content\\\/uploads\\\/7704DA5B-8D9A-47D6-99A4-BCB0E002D00A.jpg\",\"datePublished\":\"2022-09-15T22:56:50+00:00\",\"dateModified\":\"2025-10-08T08:47:22+00:00\",\"description\":\"Equipamiento de yoga para centros y estudios con tarifa especial. Esterillas, accesorios y kits de alta calidad, ideales para profesionales del yoga. Cont\u00e1ctanos\",\"breadcrumb\":{\"@id\":\"https:\\\/\\\/naturyoga.com\\\/materiales-de-yoga-para-centros\\\/#breadcrumb\"},\"inLanguage\":\"en-GB\",\"potentialAction\":[{\"@type\":\"ReadAction\",\"target\":[\"https:\\\/\\\/naturyoga.com\\\/materiales-de-yoga-para-centros\\\/\"]}]},{\"@type\":\"ImageObject\",\"inLanguage\":\"en-GB\",\"@id\":\"https:\\\/\\\/naturyoga.com\\\/materiales-de-yoga-para-centros\\\/#primaryimage\",\"url\":\"https:\\\/\\\/naturyoga.com\\\/wp-content\\\/uploads\\\/7704DA5B-8D9A-47D6-99A4-BCB0E002D00A.jpg\",\"contentUrl\":\"https:\\\/\\\/naturyoga.com\\\/wp-content\\\/uploads\\\/7704DA5B-8D9A-47D6-99A4-BCB0E002D00A.jpg\",\"width\":1272,\"height\":1272,\"caption\":\"yoga-ustrasana-naturyoga\"},{\"@type\":\"BreadcrumbList\",\"@id\":\"https:\\\/\\\/naturyoga.com\\\/materiales-de-yoga-para-centros\\\/#breadcrumb\",\"itemListElement\":[{\"@type\":\"ListItem\",\"position\":1,\"name\":\"Portada\",\"item\":\"https:\\\/\\\/naturyoga.com\\\/\"},{\"@type\":\"ListItem\",\"position\":2,\"name\":\"Para Centros\"}]},{\"@type\":\"WebSite\",\"@id\":\"https:\\\/\\\/naturyoga.com\\\/#website\",\"url\":\"https:\\\/\\\/naturyoga.com\\\/\",\"name\":\"Naturyoga\",\"description\":\"Productos de Yoga: esterillas, bloques, silla Iyengar, rueda de Yoga, mantas\",\"publisher\":{\"@id\":\"https:\\\/\\\/naturyoga.com\\\/#organization\"},\"potentialAction\":[{\"@type\":\"SearchAction\",\"target\":{\"@type\":\"EntryPoint\",\"urlTemplate\":\"https:\\\/\\\/naturyoga.com\\\/?s={search_term_string}\"},\"query-input\":{\"@type\":\"PropertyValueSpecification\",\"valueRequired\":true,\"valueName\":\"search_term_string\"}}],\"inLanguage\":\"en-GB\"},{\"@type\":\"Organization\",\"@id\":\"https:\\\/\\\/naturyoga.com\\\/#organization\",\"name\":\"naturyoga\",\"url\":\"https:\\\/\\\/naturyoga.com\\\/\",\"logo\":{\"@type\":\"ImageObject\",\"inLanguage\":\"en-GB\",\"@id\":\"https:\\\/\\\/naturyoga.com\\\/#\\\/schema\\\/logo\\\/image\\\/\",\"url\":\"https:\\\/\\\/naturyoga.com\\\/wp-content\\\/uploads\\\/Logo-small.png\",\"contentUrl\":\"https:\\\/\\\/naturyoga.com\\\/wp-content\\\/uploads\\\/Logo-small.png\",\"width\":128,\"height\":48,\"caption\":\"naturyoga\"},\"image\":{\"@id\":\"https:\\\/\\\/naturyoga.com\\\/#\\\/schema\\\/logo\\\/image\\\/\"}}]}<\/script>\n<!-- \/ Yoast SEO plugin. -->","yoast_head_json":{"title":"Material para Centros de Yoga | NaturYoga","description":"Equipamiento de yoga para centros y estudios con tarifa especial. Esterillas, accesorios y kits de alta calidad, ideales para profesionales del yoga. Cont\u00e1ctanos","robots":{"index":"index","follow":"follow","max-snippet":"max-snippet:-1","max-image-preview":"max-image-preview:large","max-video-preview":"max-video-preview:-1"},"canonical":"https:\/\/naturyoga.com\/en\/materiales-de-yoga-para-centros\/","og_locale":"en_GB","og_type":"article","og_title":"Material para Centros de Yoga | NaturYoga","og_description":"Equipamiento de yoga para centros y estudios con tarifa especial. Esterillas, accesorios y kits de alta calidad, ideales para profesionales del yoga. Cont\u00e1ctanos","og_url":"https:\/\/naturyoga.com\/en\/materiales-de-yoga-para-centros\/","og_site_name":"Naturyoga","article_modified_time":"2025-10-08T08:47:22+00:00","og_image":[{"width":1272,"height":1272,"url":"https:\/\/naturyoga.com\/wp-content\/uploads\/7704DA5B-8D9A-47D6-99A4-BCB0E002D00A.jpg","type":"image\/jpeg"}],"twitter_card":"summary_large_image","twitter_misc":{"Estimated reading time":"1 minute"},"schema":{"@context":"https:\/\/schema.org","@graph":[{"@type":"WebPage","@id":"https:\/\/naturyoga.com\/materiales-de-yoga-para-centros\/","url":"https:\/\/naturyoga.com\/materiales-de-yoga-para-centros\/","name":"Material para Centros de Yoga | NaturYoga","isPartOf":{"@id":"https:\/\/naturyoga.com\/#website"},"primaryImageOfPage":{"@id":"https:\/\/naturyoga.com\/materiales-de-yoga-para-centros\/#primaryimage"},"image":{"@id":"https:\/\/naturyoga.com\/materiales-de-yoga-para-centros\/#primaryimage"},"thumbnailUrl":"https:\/\/naturyoga.com\/wp-content\/uploads\/7704DA5B-8D9A-47D6-99A4-BCB0E002D00A.jpg","datePublished":"2022-09-15T22:56:50+00:00","dateModified":"2025-10-08T08:47:22+00:00","description":"Equipamiento de yoga para centros y estudios con tarifa especial. Esterillas, accesorios y kits de alta calidad, ideales para profesionales del yoga. Cont\u00e1ctanos","breadcrumb":{"@id":"https:\/\/naturyoga.com\/materiales-de-yoga-para-centros\/#breadcrumb"},"inLanguage":"en-GB","potentialAction":[{"@type":"ReadAction","target":["https:\/\/naturyoga.com\/materiales-de-yoga-para-centros\/"]}]},{"@type":"ImageObject","inLanguage":"en-GB","@id":"https:\/\/naturyoga.com\/materiales-de-yoga-para-centros\/#primaryimage","url":"https:\/\/naturyoga.com\/wp-content\/uploads\/7704DA5B-8D9A-47D6-99A4-BCB0E002D00A.jpg","contentUrl":"https:\/\/naturyoga.com\/wp-content\/uploads\/7704DA5B-8D9A-47D6-99A4-BCB0E002D00A.jpg","width":1272,"height":1272,"caption":"yoga-ustrasana-naturyoga"},{"@type":"BreadcrumbList","@id":"https:\/\/naturyoga.com\/materiales-de-yoga-para-centros\/#breadcrumb","itemListElement":[{"@type":"ListItem","position":1,"name":"Portada","item":"https:\/\/naturyoga.com\/"},{"@type":"ListItem","position":2,"name":"Para Centros"}]},{"@type":"WebSite","@id":"https:\/\/naturyoga.com\/#website","url":"https:\/\/naturyoga.com\/","name":"Naturyoga","description":"Productos de Yoga: esterillas, bloques, silla Iyengar, rueda de Yoga, mantas","publisher":{"@id":"https:\/\/naturyoga.com\/#organization"},"potentialAction":[{"@type":"SearchAction","target":{"@type":"EntryPoint","urlTemplate":"https:\/\/naturyoga.com\/?s={search_term_string}"},"query-input":{"@type":"PropertyValueSpecification","valueRequired":true,"valueName":"search_term_string"}}],"inLanguage":"en-GB"},{"@type":"Organization","@id":"https:\/\/naturyoga.com\/#organization","name":"naturyoga","url":"https:\/\/naturyoga.com\/","logo":{"@type":"ImageObject","inLanguage":"en-GB","@id":"https:\/\/naturyoga.com\/#\/schema\/logo\/image\/","url":"https:\/\/naturyoga.com\/wp-content\/uploads\/Logo-small.png","contentUrl":"https:\/\/naturyoga.com\/wp-content\/uploads\/Logo-small.png","width":128,"height":48,"caption":"naturyoga"},"image":{"@id":"https:\/\/naturyoga.com\/#\/schema\/logo\/image\/"}}]}},"jetpack_sharing_enabled":true,"_links":{"self":[{"href":"https:\/\/naturyoga.com\/en\/wp-json\/wp\/v2\/pages\/1957","targetHints":{"allow":["GET"]}}],"collection":[{"href":"https:\/\/naturyoga.com\/en\/wp-json\/wp\/v2\/pages"}],"about":[{"href":"https:\/\/naturyoga.com\/en\/wp-json\/wp\/v2\/types\/page"}],"author":[{"embeddable":true,"href":"https:\/\/naturyoga.com\/en\/wp-json\/wp\/v2\/users\/4"}],"replies":[{"embeddable":true,"href":"https:\/\/naturyoga.com\/en\/wp-json\/wp\/v2\/comments?post=1957"}],"version-history":[{"count":32,"href":"https:\/\/naturyoga.com\/en\/wp-json\/wp\/v2\/pages\/1957\/revisions"}],"predecessor-version":[{"id":5778,"href":"https:\/\/naturyoga.com\/en\/wp-json\/wp\/v2\/pages\/1957\/revisions\/5778"}],"wp:featuredmedia":[{"embeddable":true,"href":"https:\/\/naturyoga.com\/en\/wp-json\/wp\/v2\/media\/1500"}],"wp:attachment":[{"href":"https:\/\/naturyoga.com\/en\/wp-json\/wp\/v2\/media?parent=1957"}],"curies":[{"name":"wp","href":"https:\/\/api.w.org\/{rel}","templated":true}]}}