{"id":12,"date":"2022-01-24T15:30:14","date_gmt":"2022-01-24T14:30:14","guid":{"rendered":"http:\/\/naturyoga.com\/?page_id=12"},"modified":"2022-01-25T16:51:18","modified_gmt":"2022-01-25T15:51:18","slug":"reembolso_devoluciones","status":"publish","type":"page","link":"https:\/\/naturyoga.com\/en\/reembolso_devoluciones\/","title":{"rendered":"Pol\u00edtica de devoluciones y reembolsos"},"content":{"rendered":"<div data-elementor-type=\"wp-page\" data-elementor-id=\"12\" class=\"elementor elementor-12\" data-elementor-post-type=\"page\">\n\t\t\t\t\t\t<section class=\"elementor-section elementor-top-section elementor-element elementor-element-54ff450 elementor-section-boxed elementor-section-height-default elementor-section-height-default\" data-id=\"54ff450\" data-element_type=\"section\" data-e-type=\"section\">\n\t\t\t\t\t\t<div class=\"elementor-container elementor-column-gap-default\">\n\t\t\t\t\t<div class=\"elementor-column elementor-col-100 elementor-top-column elementor-element elementor-element-7c86e6ac\" data-id=\"7c86e6ac\" data-element_type=\"column\" data-e-type=\"column\">\n\t\t\t<div class=\"elementor-widget-wrap elementor-element-populated\">\n\t\t\t\t\t\t<div class=\"elementor-element elementor-element-2cccc27 elementor-widget elementor-widget-spacer\" data-id=\"2cccc27\" data-element_type=\"widget\" data-e-type=\"widget\" data-widget_type=\"spacer.default\">\n\t\t\t\t<div class=\"elementor-widget-container\">\n\t\t\t\t\t\t\t<div class=\"elementor-spacer\">\n\t\t\t<div class=\"elementor-spacer-inner\"><\/div>\n\t\t<\/div>\n\t\t\t\t\t\t<\/div>\n\t\t\t\t<\/div>\n\t\t\t\t<div class=\"elementor-element elementor-element-6cbcf72 elementor-widget elementor-widget-heading\" data-id=\"6cbcf72\" data-element_type=\"widget\" data-e-type=\"widget\" data-widget_type=\"heading.default\">\n\t\t\t\t<div class=\"elementor-widget-container\">\n\t\t\t\t\t<h2 class=\"elementor-heading-title elementor-size-default\">Pol\u00edtica de devoluciones<\/h2>\t\t\t\t<\/div>\n\t\t\t\t<\/div>\n\t\t\t\t<div class=\"elementor-element elementor-element-c50c6d1 elementor-widget elementor-widget-spacer\" data-id=\"c50c6d1\" data-element_type=\"widget\" data-e-type=\"widget\" data-widget_type=\"spacer.default\">\n\t\t\t\t<div class=\"elementor-widget-container\">\n\t\t\t\t\t\t\t<div class=\"elementor-spacer\">\n\t\t\t<div class=\"elementor-spacer-inner\"><\/div>\n\t\t<\/div>\n\t\t\t\t\t\t<\/div>\n\t\t\t\t<\/div>\n\t\t\t\t<div class=\"elementor-element elementor-element-48bc0201 elementor-widget elementor-widget-text-editor\" data-id=\"48bc0201\" data-element_type=\"widget\" data-e-type=\"widget\" data-widget_type=\"text-editor.default\">\n\t\t\t\t<div class=\"elementor-widget-container\">\n\t\t\t\t\t\t\t\t\t\n<h2><strong>Devoluciones<\/strong><\/h2>\n<p>Si en el pedido recibido encuentra alg\u00fan producto defectuoso debe ponerse en contacto con nosotros mediante nuestra direcci\u00f3n de correo electr\u00f3nico: <a href=\"mailto:marketing@naturyoga.com\">marketing@naturyoga.com<\/a>, llam\u00e1ndonos al 678 887 638 o rellenando el formulario de atenci\u00f3n al cliente en nuestra p\u00e1gina de contacto. Podr\u00e1 efectuar la devoluci\u00f3n de dicho producto en un plazo m\u00e1ximo de 14 d\u00edas y los gastos que ocasione la devoluci\u00f3n correr\u00e1n a cuenta de naturyoga.<\/p>\n<p>En caso de que el producto no sea de su agrado o haya cometido un error en su pedido, podr\u00e1 devolvernos la mercanc\u00eda siempre que comunique su intenci\u00f3n en el plazo m\u00e1ximo de una semana despu\u00e9s de recibido el pedido y siempre que mantenga en \u00f3ptimo estado su embalaje. Para ello, nuevamente, debe ponerse en contacto con nosotros mediante nuestra direcci\u00f3n de correo electr\u00f3nico: <a href=\"mailto:marketing@naturyoga.com\">marketing@naturyoga.com<\/a>, llam\u00e1ndonos al 678 887 638 o rellenando el formulario de atenci\u00f3n al cliente en nuestra p\u00e1gina de contacto.<\/p>\n<p>Siempre que la devoluci\u00f3n responda a defectos del producto, en naturyoga asumimos los gastos de env\u00edo ocasionados por la devoluci\u00f3n, pero en el segundo supuesto en el que el producto no es de su agrado o ha cometido un error en el pedido, ser\u00e1 usted quien acarree con los costes ocasionados por la devoluci\u00f3n del pedido.<\/p>\n\t\t\t\t\t\t\t\t<\/div>\n\t\t\t\t<\/div>\n\t\t\t\t\t<\/div>\n\t\t<\/div>\n\t\t\t\t\t<\/div>\n\t\t<\/section>\n\t\t\t\t<\/div>","protected":false},"excerpt":{"rendered":"<p>Pol\u00edtica de devoluciones Devoluciones Si en el pedido recibido encuentra alg\u00fan producto defectuoso debe ponerse en contacto con nosotros mediante nuestra direcci\u00f3n de correo electr\u00f3nico: marketing@naturyoga.com, llam\u00e1ndonos al 678 887 638 o rellenando el formulario de atenci\u00f3n al cliente en nuestra p\u00e1gina de contacto. Podr\u00e1 efectuar la devoluci\u00f3n de dicho producto en un plazo m\u00e1ximo [&hellip;]<\/p>\n","protected":false},"author":1,"featured_media":0,"parent":0,"menu_order":0,"comment_status":"closed","ping_status":"closed","template":"","meta":{"footnotes":""},"class_list":["post-12","page","type-page","status-publish","hentry"],"yoast_head":"<!-- This site is optimized with the Yoast SEO plugin v27.4 - https:\/\/yoast.com\/product\/yoast-seo-wordpress\/ -->\n<title>Pol\u00edtica de devoluciones y reembolsos - Naturyoga<\/title>\n<meta name=\"robots\" content=\"index, follow, max-snippet:-1, max-image-preview:large, max-video-preview:-1\" \/>\n<link rel=\"canonical\" href=\"https:\/\/naturyoga.com\/en\/reembolso_devoluciones\/\" \/>\n<meta property=\"og:locale\" content=\"en_GB\" \/>\n<meta property=\"og:type\" content=\"article\" \/>\n<meta property=\"og:title\" content=\"Pol\u00edtica de devoluciones y reembolsos - Naturyoga\" \/>\n<meta property=\"og:description\" content=\"Pol\u00edtica de devoluciones Devoluciones Si en el pedido recibido encuentra alg\u00fan producto defectuoso debe ponerse en contacto con nosotros mediante nuestra direcci\u00f3n de correo electr\u00f3nico: marketing@naturyoga.com, llam\u00e1ndonos al 678 887 638 o rellenando el formulario de atenci\u00f3n al cliente en nuestra p\u00e1gina de contacto. Podr\u00e1 efectuar la devoluci\u00f3n de dicho producto en un plazo m\u00e1ximo [&hellip;]\" \/>\n<meta property=\"og:url\" content=\"https:\/\/naturyoga.com\/en\/reembolso_devoluciones\/\" \/>\n<meta property=\"og:site_name\" content=\"Naturyoga\" \/>\n<meta property=\"article:modified_time\" content=\"2022-01-25T15:51:18+00:00\" \/>\n<meta name=\"twitter:card\" content=\"summary_large_image\" \/>\n<meta name=\"twitter:label1\" content=\"Estimated reading time\" \/>\n\t<meta name=\"twitter:data1\" content=\"1 minute\" \/>\n<script type=\"application\/ld+json\" class=\"yoast-schema-graph\">{\"@context\":\"https:\\\/\\\/schema.org\",\"@graph\":[{\"@type\":\"WebPage\",\"@id\":\"https:\\\/\\\/naturyoga.com\\\/reembolso_devoluciones\\\/\",\"url\":\"https:\\\/\\\/naturyoga.com\\\/reembolso_devoluciones\\\/\",\"name\":\"Pol\u00edtica de devoluciones y reembolsos - Naturyoga\",\"isPartOf\":{\"@id\":\"https:\\\/\\\/naturyoga.com\\\/#website\"},\"datePublished\":\"2022-01-24T14:30:14+00:00\",\"dateModified\":\"2022-01-25T15:51:18+00:00\",\"breadcrumb\":{\"@id\":\"https:\\\/\\\/naturyoga.com\\\/reembolso_devoluciones\\\/#breadcrumb\"},\"inLanguage\":\"en-GB\",\"potentialAction\":[{\"@type\":\"ReadAction\",\"target\":[\"https:\\\/\\\/naturyoga.com\\\/reembolso_devoluciones\\\/\"]}]},{\"@type\":\"BreadcrumbList\",\"@id\":\"https:\\\/\\\/naturyoga.com\\\/reembolso_devoluciones\\\/#breadcrumb\",\"itemListElement\":[{\"@type\":\"ListItem\",\"position\":1,\"name\":\"Portada\",\"item\":\"https:\\\/\\\/naturyoga.com\\\/\"},{\"@type\":\"ListItem\",\"position\":2,\"name\":\"Pol\u00edtica de devoluciones y reembolsos\"}]},{\"@type\":\"WebSite\",\"@id\":\"https:\\\/\\\/naturyoga.com\\\/#website\",\"url\":\"https:\\\/\\\/naturyoga.com\\\/\",\"name\":\"Naturyoga\",\"description\":\"Productos de Yoga: esterillas, bloques, silla Iyengar, rueda de Yoga, mantas\",\"publisher\":{\"@id\":\"https:\\\/\\\/naturyoga.com\\\/#organization\"},\"potentialAction\":[{\"@type\":\"SearchAction\",\"target\":{\"@type\":\"EntryPoint\",\"urlTemplate\":\"https:\\\/\\\/naturyoga.com\\\/?s={search_term_string}\"},\"query-input\":{\"@type\":\"PropertyValueSpecification\",\"valueRequired\":true,\"valueName\":\"search_term_string\"}}],\"inLanguage\":\"en-GB\"},{\"@type\":\"Organization\",\"@id\":\"https:\\\/\\\/naturyoga.com\\\/#organization\",\"name\":\"naturyoga\",\"url\":\"https:\\\/\\\/naturyoga.com\\\/\",\"logo\":{\"@type\":\"ImageObject\",\"inLanguage\":\"en-GB\",\"@id\":\"https:\\\/\\\/naturyoga.com\\\/#\\\/schema\\\/logo\\\/image\\\/\",\"url\":\"https:\\\/\\\/naturyoga.com\\\/wp-content\\\/uploads\\\/Logo-small.png\",\"contentUrl\":\"https:\\\/\\\/naturyoga.com\\\/wp-content\\\/uploads\\\/Logo-small.png\",\"width\":128,\"height\":48,\"caption\":\"naturyoga\"},\"image\":{\"@id\":\"https:\\\/\\\/naturyoga.com\\\/#\\\/schema\\\/logo\\\/image\\\/\"}}]}<\/script>\n<!-- \/ Yoast SEO plugin. -->","yoast_head_json":{"title":"Pol\u00edtica de devoluciones y reembolsos - Naturyoga","robots":{"index":"index","follow":"follow","max-snippet":"max-snippet:-1","max-image-preview":"max-image-preview:large","max-video-preview":"max-video-preview:-1"},"canonical":"https:\/\/naturyoga.com\/en\/reembolso_devoluciones\/","og_locale":"en_GB","og_type":"article","og_title":"Pol\u00edtica de devoluciones y reembolsos - Naturyoga","og_description":"Pol\u00edtica de devoluciones Devoluciones Si en el pedido recibido encuentra alg\u00fan producto defectuoso debe ponerse en contacto con nosotros mediante nuestra direcci\u00f3n de correo electr\u00f3nico: marketing@naturyoga.com, llam\u00e1ndonos al 678 887 638 o rellenando el formulario de atenci\u00f3n al cliente en nuestra p\u00e1gina de contacto. Podr\u00e1 efectuar la devoluci\u00f3n de dicho producto en un plazo m\u00e1ximo [&hellip;]","og_url":"https:\/\/naturyoga.com\/en\/reembolso_devoluciones\/","og_site_name":"Naturyoga","article_modified_time":"2022-01-25T15:51:18+00:00","twitter_card":"summary_large_image","twitter_misc":{"Estimated reading time":"1 minute"},"schema":{"@context":"https:\/\/schema.org","@graph":[{"@type":"WebPage","@id":"https:\/\/naturyoga.com\/reembolso_devoluciones\/","url":"https:\/\/naturyoga.com\/reembolso_devoluciones\/","name":"Pol\u00edtica de devoluciones y reembolsos - Naturyoga","isPartOf":{"@id":"https:\/\/naturyoga.com\/#website"},"datePublished":"2022-01-24T14:30:14+00:00","dateModified":"2022-01-25T15:51:18+00:00","breadcrumb":{"@id":"https:\/\/naturyoga.com\/reembolso_devoluciones\/#breadcrumb"},"inLanguage":"en-GB","potentialAction":[{"@type":"ReadAction","target":["https:\/\/naturyoga.com\/reembolso_devoluciones\/"]}]},{"@type":"BreadcrumbList","@id":"https:\/\/naturyoga.com\/reembolso_devoluciones\/#breadcrumb","itemListElement":[{"@type":"ListItem","position":1,"name":"Portada","item":"https:\/\/naturyoga.com\/"},{"@type":"ListItem","position":2,"name":"Pol\u00edtica de devoluciones y reembolsos"}]},{"@type":"WebSite","@id":"https:\/\/naturyoga.com\/#website","url":"https:\/\/naturyoga.com\/","name":"Naturyoga","description":"Productos de Yoga: esterillas, bloques, silla Iyengar, rueda de Yoga, mantas","publisher":{"@id":"https:\/\/naturyoga.com\/#organization"},"potentialAction":[{"@type":"SearchAction","target":{"@type":"EntryPoint","urlTemplate":"https:\/\/naturyoga.com\/?s={search_term_string}"},"query-input":{"@type":"PropertyValueSpecification","valueRequired":true,"valueName":"search_term_string"}}],"inLanguage":"en-GB"},{"@type":"Organization","@id":"https:\/\/naturyoga.com\/#organization","name":"naturyoga","url":"https:\/\/naturyoga.com\/","logo":{"@type":"ImageObject","inLanguage":"en-GB","@id":"https:\/\/naturyoga.com\/#\/schema\/logo\/image\/","url":"https:\/\/naturyoga.com\/wp-content\/uploads\/Logo-small.png","contentUrl":"https:\/\/naturyoga.com\/wp-content\/uploads\/Logo-small.png","width":128,"height":48,"caption":"naturyoga"},"image":{"@id":"https:\/\/naturyoga.com\/#\/schema\/logo\/image\/"}}]}},"jetpack_sharing_enabled":true,"_links":{"self":[{"href":"https:\/\/naturyoga.com\/en\/wp-json\/wp\/v2\/pages\/12","targetHints":{"allow":["GET"]}}],"collection":[{"href":"https:\/\/naturyoga.com\/en\/wp-json\/wp\/v2\/pages"}],"about":[{"href":"https:\/\/naturyoga.com\/en\/wp-json\/wp\/v2\/types\/page"}],"author":[{"embeddable":true,"href":"https:\/\/naturyoga.com\/en\/wp-json\/wp\/v2\/users\/1"}],"replies":[{"embeddable":true,"href":"https:\/\/naturyoga.com\/en\/wp-json\/wp\/v2\/comments?post=12"}],"version-history":[{"count":0,"href":"https:\/\/naturyoga.com\/en\/wp-json\/wp\/v2\/pages\/12\/revisions"}],"wp:attachment":[{"href":"https:\/\/naturyoga.com\/en\/wp-json\/wp\/v2\/media?parent=12"}],"curies":[{"name":"wp","href":"https:\/\/api.w.org\/{rel}","templated":true}]}}